{"id":8012,"date":"2016-11-29T07:21:41","date_gmt":"2016-11-29T12:21:41","guid":{"rendered":"http:\/\/ojen.ca\/fr\/?page_id=8012"},"modified":"2017-11-10T20:19:32","modified_gmt":"2017-11-11T00:19:32","slug":"ateliers-de-perfectionnement-professionnel","status":"publish","type":"page","link":"https:\/\/ojen2024.turnbull.co\/fr\/formation\/pour-les-enseignants\/ateliers-de-perfectionnement-professionnel","title":{"rendered":"Ateliers de perfectionnement professionnel"},"content":{"rendered":"<p>Le ROEJ offre aux professionnels de l&rsquo;enseignement et de l&rsquo;\u00e9ducation, ainsi qu&rsquo;\u00e0 celles et ceux qui souhaitent le devenir, des ateliers qui pr\u00e9sentent nos ressources et permettent d&rsquo;apprendre \u00e0 convenablement les utiliser.<\/p>\n<p>Nous travaillons avec des associations de professionnels de l&rsquo;enseignement comme l&rsquo;Association des Enseignants de Sciences Sociales et d&rsquo;Histoire de l&rsquo;Ontario ou l&rsquo;Association Ontarienne des \u00c9tudes Familiales et de l&rsquo;\u00c9conomie Familiale.<\/p>\n<p>Nous travaillons avec des facult\u00e9s d&rsquo;\u00e9ducation pour aider \u00e0 la formation des enseignants en devenir.<\/p>\n<p>Nous travaillons avec des \u00e9tudiants en droit et intervenons au niveau des facult\u00e9s de droit, afin de former des formateurs capables de mener nos ateliers.<\/p>\n<p>Nous travaillons avec des conseils scolaires publics lors de journ\u00e9es p\u00e9dagogiques \u00e0 l&rsquo;\u00e9chelle de la Province, \u00e0 l&rsquo;occasion desquelles les enseignant.e.s de l&rsquo;Ontario ont acc\u00e8s aux ressources les plus r\u00e9centes ainsi qu&rsquo;aux formations de perfectionnement les plus innovantes.<\/p>\n<p>Faites-nous part de vos id\u00e9es et de vos besoins en mati\u00e8re d&rsquo;\u00e9ducation juridique! Nous serons ravi de discuter avec vous afin de mettre au point l&rsquo;atelier qui convient le mieux \u00e0 vos besoins.<\/p>\n<p><span style=\"color: #ff6600;\">Pour information, pri\u00e8re de contacter Thomas Gallezot, responsable des programmes francophones au (416) 761-9963 poste 230 ou tgallezot@ojen.ca<\/span><\/p>\n<p>&nbsp;<\/p>\n","protected":false},"excerpt":{"rendered":"<p>Le ROEJ offre aux professionnels de l&rsquo;enseignement et de l&rsquo;\u00e9ducation, ainsi qu&rsquo;\u00e0 celles et ceux qui souhaitent le devenir, des ateliers qui pr\u00e9sentent nos ressources et permettent d&rsquo;apprendre \u00e0 convenablement les utiliser. Nous travaillons avec des associations de professionnels de l&rsquo;enseignement comme l&rsquo;Association des Enseignants de Sciences Sociales et d&rsquo;Histoire de l&rsquo;Ontario ou l&rsquo;Association Ontarienne [&hellip;]<\/p>\n","protected":false},"author":4,"featured_media":0,"parent":8005,"menu_order":0,"comment_status":"closed","ping_status":"closed","template":"template-intro-textblocks.php","meta":{"_acf_changed":false,"_eb_attr":"","inline_featured_image":false,"ub_ctt_via":"","footnotes":""},"class_list":["post-8012","page","type-page","status-publish","hentry"],"acf":[],"featured_image_src":null,"yoast_head":"<!-- This site is optimized with the Yoast SEO plugin v25.3 - https:\/\/yoast.com\/wordpress\/plugins\/seo\/ -->\n<title>Ateliers de perfectionnement professionnel - OJEN<\/title>\n<meta name=\"robots\" content=\"noindex, follow, max-snippet:-1, max-image-preview:large, max-video-preview:-1\" \/>\n<meta property=\"og:locale\" content=\"fr_CA\" \/>\n<meta property=\"og:type\" content=\"article\" \/>\n<meta property=\"og:title\" content=\"Ateliers de perfectionnement professionnel - OJEN\" \/>\n<meta property=\"og:description\" content=\"Le ROEJ offre aux professionnels de l&rsquo;enseignement et de l&rsquo;\u00e9ducation, ainsi qu&rsquo;\u00e0 celles et ceux qui souhaitent le devenir, des ateliers qui pr\u00e9sentent nos ressources et permettent d&rsquo;apprendre \u00e0 convenablement les utiliser. Nous travaillons avec des associations de professionnels de l&rsquo;enseignement comme l&rsquo;Association des Enseignants de Sciences Sociales et d&rsquo;Histoire de l&rsquo;Ontario ou l&rsquo;Association Ontarienne [&hellip;]\" \/>\n<meta property=\"og:url\" content=\"https:\/\/ojen2024.turnbull.co\/fr\/formation\/pour-les-enseignants\/ateliers-de-perfectionnement-professionnel\" \/>\n<meta property=\"og:site_name\" content=\"OJEN\" \/>\n<meta property=\"article:publisher\" content=\"https:\/\/www.facebook.com\/pages\/OJEN\/252115501467864\" \/>\n<meta property=\"article:modified_time\" content=\"2017-11-11T00:19:32+00:00\" \/>\n<meta name=\"twitter:card\" content=\"summary_large_image\" \/>\n<meta name=\"twitter:site\" content=\"@OJEN_ROEJ\" \/>\n<meta name=\"twitter:label1\" content=\"Estimation du temps de lecture\" \/>\n\t<meta name=\"twitter:data1\" content=\"1 minute\" \/>\n<script type=\"application\/ld+json\" class=\"yoast-schema-graph\">{\"@context\":\"https:\/\/schema.org\",\"@graph\":[{\"@type\":\"WebPage\",\"@id\":\"https:\/\/ojen2024.turnbull.co\/fr\/formation\/pour-les-enseignants\/ateliers-de-perfectionnement-professionnel\",\"url\":\"https:\/\/ojen2024.turnbull.co\/fr\/formation\/pour-les-enseignants\/ateliers-de-perfectionnement-professionnel\",\"name\":\"Ateliers de perfectionnement professionnel - OJEN\",\"isPartOf\":{\"@id\":\"https:\/\/ojen2024.turnbull.co\/en\/#website\"},\"datePublished\":\"2016-11-29T12:21:41+00:00\",\"dateModified\":\"2017-11-11T00:19:32+00:00\",\"breadcrumb\":{\"@id\":\"https:\/\/ojen2024.turnbull.co\/fr\/formation\/pour-les-enseignants\/ateliers-de-perfectionnement-professionnel#breadcrumb\"},\"inLanguage\":\"fr-CA\",\"potentialAction\":[{\"@type\":\"ReadAction\",\"target\":[\"https:\/\/ojen2024.turnbull.co\/fr\/formation\/pour-les-enseignants\/ateliers-de-perfectionnement-professionnel\"]}]},{\"@type\":\"BreadcrumbList\",\"@id\":\"https:\/\/ojen2024.turnbull.co\/fr\/formation\/pour-les-enseignants\/ateliers-de-perfectionnement-professionnel#breadcrumb\",\"itemListElement\":[{\"@type\":\"ListItem\",\"position\":1,\"name\":\"Home\",\"item\":\"https:\/\/ojen2024.turnbull.co\/fr\"},{\"@type\":\"ListItem\",\"position\":2,\"name\":\"Formation\",\"item\":\"https:\/\/ojen2024.turnbull.co\/fr\/formation\"},{\"@type\":\"ListItem\",\"position\":3,\"name\":\"Formation pour enseignant\u00b7es\",\"item\":\"https:\/\/ojen2024.turnbull.co\/fr\/formation\/pour-les-enseignants\"},{\"@type\":\"ListItem\",\"position\":4,\"name\":\"Ateliers de perfectionnement professionnel\"}]},{\"@type\":\"WebSite\",\"@id\":\"https:\/\/ojen2024.turnbull.co\/en\/#website\",\"url\":\"https:\/\/ojen2024.turnbull.co\/en\/\",\"name\":\"OJEN\",\"description\":\"\",\"potentialAction\":[{\"@type\":\"SearchAction\",\"target\":{\"@type\":\"EntryPoint\",\"urlTemplate\":\"https:\/\/ojen2024.turnbull.co\/en\/?s={search_term_string}\"},\"query-input\":{\"@type\":\"PropertyValueSpecification\",\"valueRequired\":true,\"valueName\":\"search_term_string\"}}],\"inLanguage\":\"fr-CA\"}]}<\/script>\n<!-- \/ Yoast SEO plugin. -->","yoast_head_json":{"title":"Ateliers de perfectionnement professionnel - OJEN","robots":{"index":"noindex","follow":"follow","max-snippet":"max-snippet:-1","max-image-preview":"max-image-preview:large","max-video-preview":"max-video-preview:-1"},"og_locale":"fr_CA","og_type":"article","og_title":"Ateliers de perfectionnement professionnel - OJEN","og_description":"Le ROEJ offre aux professionnels de l&rsquo;enseignement et de l&rsquo;\u00e9ducation, ainsi qu&rsquo;\u00e0 celles et ceux qui souhaitent le devenir, des ateliers qui pr\u00e9sentent nos ressources et permettent d&rsquo;apprendre \u00e0 convenablement les utiliser. Nous travaillons avec des associations de professionnels de l&rsquo;enseignement comme l&rsquo;Association des Enseignants de Sciences Sociales et d&rsquo;Histoire de l&rsquo;Ontario ou l&rsquo;Association Ontarienne [&hellip;]","og_url":"https:\/\/ojen2024.turnbull.co\/fr\/formation\/pour-les-enseignants\/ateliers-de-perfectionnement-professionnel","og_site_name":"OJEN","article_publisher":"https:\/\/www.facebook.com\/pages\/OJEN\/252115501467864","article_modified_time":"2017-11-11T00:19:32+00:00","twitter_card":"summary_large_image","twitter_site":"@OJEN_ROEJ","twitter_misc":{"Estimation du temps de lecture":"1 minute"},"schema":{"@context":"https:\/\/schema.org","@graph":[{"@type":"WebPage","@id":"https:\/\/ojen2024.turnbull.co\/fr\/formation\/pour-les-enseignants\/ateliers-de-perfectionnement-professionnel","url":"https:\/\/ojen2024.turnbull.co\/fr\/formation\/pour-les-enseignants\/ateliers-de-perfectionnement-professionnel","name":"Ateliers de perfectionnement professionnel - OJEN","isPartOf":{"@id":"https:\/\/ojen2024.turnbull.co\/en\/#website"},"datePublished":"2016-11-29T12:21:41+00:00","dateModified":"2017-11-11T00:19:32+00:00","breadcrumb":{"@id":"https:\/\/ojen2024.turnbull.co\/fr\/formation\/pour-les-enseignants\/ateliers-de-perfectionnement-professionnel#breadcrumb"},"inLanguage":"fr-CA","potentialAction":[{"@type":"ReadAction","target":["https:\/\/ojen2024.turnbull.co\/fr\/formation\/pour-les-enseignants\/ateliers-de-perfectionnement-professionnel"]}]},{"@type":"BreadcrumbList","@id":"https:\/\/ojen2024.turnbull.co\/fr\/formation\/pour-les-enseignants\/ateliers-de-perfectionnement-professionnel#breadcrumb","itemListElement":[{"@type":"ListItem","position":1,"name":"Home","item":"https:\/\/ojen2024.turnbull.co\/fr"},{"@type":"ListItem","position":2,"name":"Formation","item":"https:\/\/ojen2024.turnbull.co\/fr\/formation"},{"@type":"ListItem","position":3,"name":"Formation pour enseignant\u00b7es","item":"https:\/\/ojen2024.turnbull.co\/fr\/formation\/pour-les-enseignants"},{"@type":"ListItem","position":4,"name":"Ateliers de perfectionnement professionnel"}]},{"@type":"WebSite","@id":"https:\/\/ojen2024.turnbull.co\/en\/#website","url":"https:\/\/ojen2024.turnbull.co\/en\/","name":"OJEN","description":"","potentialAction":[{"@type":"SearchAction","target":{"@type":"EntryPoint","urlTemplate":"https:\/\/ojen2024.turnbull.co\/en\/?s={search_term_string}"},"query-input":{"@type":"PropertyValueSpecification","valueRequired":true,"valueName":"search_term_string"}}],"inLanguage":"fr-CA"}]}},"_links":{"self":[{"href":"https:\/\/ojen2024.turnbull.co\/fr\/wp-json\/wp\/v2\/pages\/8012"}],"collection":[{"href":"https:\/\/ojen2024.turnbull.co\/fr\/wp-json\/wp\/v2\/pages"}],"about":[{"href":"https:\/\/ojen2024.turnbull.co\/fr\/wp-json\/wp\/v2\/types\/page"}],"author":[{"embeddable":true,"href":"https:\/\/ojen2024.turnbull.co\/fr\/wp-json\/wp\/v2\/users\/4"}],"replies":[{"embeddable":true,"href":"https:\/\/ojen2024.turnbull.co\/fr\/wp-json\/wp\/v2\/comments?post=8012"}],"version-history":[{"count":0,"href":"https:\/\/ojen2024.turnbull.co\/fr\/wp-json\/wp\/v2\/pages\/8012\/revisions"}],"up":[{"embeddable":true,"href":"https:\/\/ojen2024.turnbull.co\/fr\/wp-json\/wp\/v2\/pages\/8005"}],"wp:attachment":[{"href":"https:\/\/ojen2024.turnbull.co\/fr\/wp-json\/wp\/v2\/media?parent=8012"}],"curies":[{"name":"wp","href":"https:\/\/api.w.org\/{rel}","templated":true}]}}