{"id":8018,"date":"2016-11-29T07:32:26","date_gmt":"2016-11-29T12:32:26","guid":{"rendered":"http:\/\/ojen.ca\/fr\/?page_id=8018"},"modified":"2025-07-27T07:08:05","modified_gmt":"2025-07-27T11:08:05","slug":"formation-pour-les-benevoles-du-secteur-de-la-justice","status":"publish","type":"page","link":"https:\/\/ojen2024.turnbull.co\/fr\/formation\/formation-pour-les-benevoles-du-secteur-de-la-justice","title":{"rendered":"Formation pour les b\u00e9n\u00e9voles du secteur de la justice"},"content":{"rendered":"<p>Le ROEJ s\u2019appuie sur son r\u00e9seau de b\u00e9n\u00e9voles \u2014 avocats, juges, policiers, parajuristes \u2014 qui interviennent aupr\u00e8s des jeunes dans le cadre de la plupart des programmes. Leur formidable exp\u00e9rience professionnelle est une merveilleuse source d\u2019apprentissage. Toutefois, pour mettre ces b\u00e9n\u00e9voles dans les meilleures conditions pour partager leur exp\u00e9rience, nous leur offrons des formations qui leur permettent de perfectionner la mani\u00e8re dont ils communiquent avec les jeunes.<\/p>\n<p><a href=\"\/fr\/formation\/formation-en-animation\/\"><strong>Formation pour les animateurs et animatrices<\/strong><\/a><\/p>\n<p>Le ROEJ fournit un soutien aux b\u00e9n\u00e9voles du secteur de la justice et du milieu communautaire pour les aider \u00e0 offrir des programmes d\u2019\u00e9ducation juridique. Bien que nous vous encouragions \u00e0 communiquer directement avec le ROEJ si vous souhaitez pr\u00e9senter un programme \u00e0 un groupe de jeunes, nous avons produit une courte s\u00e9rie de vid\u00e9os sur l\u2019animation de certains programmes aupr\u00e8s de certains publics.<\/p>\n<p>Les nouvelles occasions de formation seront annonc\u00e9es sur <a href=\"https:\/\/twitter.com\/OJEN_ROEJ\" target=\"_blank\" rel=\"noopener\">X<\/a>, <a href=\"https:\/\/www.linkedin.com\/company\/ontario-justice-education-network\/posts\/?feedView=all\" target=\"_blank\" rel=\"noopener\">Linkedin<\/a>, <a href=\"https:\/\/www.facebook.com\/OJENROEJ\/\" target=\"_blank\" rel=\"noopener\">Facebook<\/a>, <a href=\"https:\/\/www.instagram.com\/ojen_roej\/\" target=\"_blank\" rel=\"noopener\">Instagram<\/a> et le <a href=\"\/fr\/a-propos\/blogue\/\">blogue du ROEJ<\/a>.<\/p>\n","protected":false},"excerpt":{"rendered":"<p>Le ROEJ s\u2019appuie sur son r\u00e9seau de b\u00e9n\u00e9voles \u2014 avocats, juges, policiers, parajuristes \u2014 qui interviennent aupr\u00e8s des jeunes dans le cadre de la plupart des programmes. Leur formidable exp\u00e9rience professionnelle est une merveilleuse source d\u2019apprentissage. Toutefois, pour mettre ces b\u00e9n\u00e9voles dans les meilleures conditions pour partager leur exp\u00e9rience, nous leur offrons des formations qui [&hellip;]<\/p>\n","protected":false},"author":4,"featured_media":0,"parent":8003,"menu_order":0,"comment_status":"closed","ping_status":"closed","template":"","meta":{"_acf_changed":false,"_eb_attr":"","inline_featured_image":false,"ub_ctt_via":"","footnotes":""},"class_list":["post-8018","page","type-page","status-publish","hentry"],"acf":[],"featured_image_src":null,"yoast_head":"<!-- This site is optimized with the Yoast SEO plugin v25.3 - https:\/\/yoast.com\/wordpress\/plugins\/seo\/ -->\n<title>Formation pour les b\u00e9n\u00e9voles du secteur de la justice - OJEN<\/title>\n<meta name=\"robots\" content=\"noindex, follow, max-snippet:-1, max-image-preview:large, max-video-preview:-1\" \/>\n<meta property=\"og:locale\" content=\"fr_CA\" \/>\n<meta property=\"og:type\" content=\"article\" \/>\n<meta property=\"og:title\" content=\"Formation pour les b\u00e9n\u00e9voles du secteur de la justice - OJEN\" \/>\n<meta property=\"og:description\" content=\"Le ROEJ s\u2019appuie sur son r\u00e9seau de b\u00e9n\u00e9voles \u2014 avocats, juges, policiers, parajuristes \u2014 qui interviennent aupr\u00e8s des jeunes dans le cadre de la plupart des programmes. Leur formidable exp\u00e9rience professionnelle est une merveilleuse source d\u2019apprentissage. Toutefois, pour mettre ces b\u00e9n\u00e9voles dans les meilleures conditions pour partager leur exp\u00e9rience, nous leur offrons des formations qui [&hellip;]\" \/>\n<meta property=\"og:url\" content=\"https:\/\/ojen2024.turnbull.co\/fr\/formation\/formation-pour-les-benevoles-du-secteur-de-la-justice\" \/>\n<meta property=\"og:site_name\" content=\"OJEN\" \/>\n<meta property=\"article:publisher\" content=\"https:\/\/www.facebook.com\/pages\/OJEN\/252115501467864\" \/>\n<meta property=\"article:modified_time\" content=\"2025-07-27T11:08:05+00:00\" \/>\n<meta name=\"twitter:card\" content=\"summary_large_image\" \/>\n<meta name=\"twitter:site\" content=\"@OJEN_ROEJ\" \/>\n<meta name=\"twitter:label1\" content=\"Estimation du temps de lecture\" \/>\n\t<meta name=\"twitter:data1\" content=\"1 minute\" \/>\n<script type=\"application\/ld+json\" class=\"yoast-schema-graph\">{\"@context\":\"https:\/\/schema.org\",\"@graph\":[{\"@type\":\"WebPage\",\"@id\":\"https:\/\/ojen2024.turnbull.co\/fr\/formation\/formation-pour-les-benevoles-du-secteur-de-la-justice\",\"url\":\"https:\/\/ojen2024.turnbull.co\/fr\/formation\/formation-pour-les-benevoles-du-secteur-de-la-justice\",\"name\":\"Formation pour les b\u00e9n\u00e9voles du secteur de la justice - OJEN\",\"isPartOf\":{\"@id\":\"https:\/\/ojen2024.turnbull.co\/en\/#website\"},\"datePublished\":\"2016-11-29T12:32:26+00:00\",\"dateModified\":\"2025-07-27T11:08:05+00:00\",\"breadcrumb\":{\"@id\":\"https:\/\/ojen2024.turnbull.co\/fr\/formation\/formation-pour-les-benevoles-du-secteur-de-la-justice#breadcrumb\"},\"inLanguage\":\"fr-CA\",\"potentialAction\":[{\"@type\":\"ReadAction\",\"target\":[\"https:\/\/ojen2024.turnbull.co\/fr\/formation\/formation-pour-les-benevoles-du-secteur-de-la-justice\"]}]},{\"@type\":\"BreadcrumbList\",\"@id\":\"https:\/\/ojen2024.turnbull.co\/fr\/formation\/formation-pour-les-benevoles-du-secteur-de-la-justice#breadcrumb\",\"itemListElement\":[{\"@type\":\"ListItem\",\"position\":1,\"name\":\"Home\",\"item\":\"https:\/\/ojen2024.turnbull.co\/fr\"},{\"@type\":\"ListItem\",\"position\":2,\"name\":\"Formation\",\"item\":\"https:\/\/ojen2024.turnbull.co\/fr\/formation\"},{\"@type\":\"ListItem\",\"position\":3,\"name\":\"Formation pour les b\u00e9n\u00e9voles du secteur de la justice\"}]},{\"@type\":\"WebSite\",\"@id\":\"https:\/\/ojen2024.turnbull.co\/en\/#website\",\"url\":\"https:\/\/ojen2024.turnbull.co\/en\/\",\"name\":\"OJEN\",\"description\":\"\",\"potentialAction\":[{\"@type\":\"SearchAction\",\"target\":{\"@type\":\"EntryPoint\",\"urlTemplate\":\"https:\/\/ojen2024.turnbull.co\/en\/?s={search_term_string}\"},\"query-input\":{\"@type\":\"PropertyValueSpecification\",\"valueRequired\":true,\"valueName\":\"search_term_string\"}}],\"inLanguage\":\"fr-CA\"}]}<\/script>\n<!-- \/ Yoast SEO plugin. -->","yoast_head_json":{"title":"Formation pour les b\u00e9n\u00e9voles du secteur de la justice - OJEN","robots":{"index":"noindex","follow":"follow","max-snippet":"max-snippet:-1","max-image-preview":"max-image-preview:large","max-video-preview":"max-video-preview:-1"},"og_locale":"fr_CA","og_type":"article","og_title":"Formation pour les b\u00e9n\u00e9voles du secteur de la justice - OJEN","og_description":"Le ROEJ s\u2019appuie sur son r\u00e9seau de b\u00e9n\u00e9voles \u2014 avocats, juges, policiers, parajuristes \u2014 qui interviennent aupr\u00e8s des jeunes dans le cadre de la plupart des programmes. Leur formidable exp\u00e9rience professionnelle est une merveilleuse source d\u2019apprentissage. Toutefois, pour mettre ces b\u00e9n\u00e9voles dans les meilleures conditions pour partager leur exp\u00e9rience, nous leur offrons des formations qui [&hellip;]","og_url":"https:\/\/ojen2024.turnbull.co\/fr\/formation\/formation-pour-les-benevoles-du-secteur-de-la-justice","og_site_name":"OJEN","article_publisher":"https:\/\/www.facebook.com\/pages\/OJEN\/252115501467864","article_modified_time":"2025-07-27T11:08:05+00:00","twitter_card":"summary_large_image","twitter_site":"@OJEN_ROEJ","twitter_misc":{"Estimation du temps de lecture":"1 minute"},"schema":{"@context":"https:\/\/schema.org","@graph":[{"@type":"WebPage","@id":"https:\/\/ojen2024.turnbull.co\/fr\/formation\/formation-pour-les-benevoles-du-secteur-de-la-justice","url":"https:\/\/ojen2024.turnbull.co\/fr\/formation\/formation-pour-les-benevoles-du-secteur-de-la-justice","name":"Formation pour les b\u00e9n\u00e9voles du secteur de la justice - OJEN","isPartOf":{"@id":"https:\/\/ojen2024.turnbull.co\/en\/#website"},"datePublished":"2016-11-29T12:32:26+00:00","dateModified":"2025-07-27T11:08:05+00:00","breadcrumb":{"@id":"https:\/\/ojen2024.turnbull.co\/fr\/formation\/formation-pour-les-benevoles-du-secteur-de-la-justice#breadcrumb"},"inLanguage":"fr-CA","potentialAction":[{"@type":"ReadAction","target":["https:\/\/ojen2024.turnbull.co\/fr\/formation\/formation-pour-les-benevoles-du-secteur-de-la-justice"]}]},{"@type":"BreadcrumbList","@id":"https:\/\/ojen2024.turnbull.co\/fr\/formation\/formation-pour-les-benevoles-du-secteur-de-la-justice#breadcrumb","itemListElement":[{"@type":"ListItem","position":1,"name":"Home","item":"https:\/\/ojen2024.turnbull.co\/fr"},{"@type":"ListItem","position":2,"name":"Formation","item":"https:\/\/ojen2024.turnbull.co\/fr\/formation"},{"@type":"ListItem","position":3,"name":"Formation pour les b\u00e9n\u00e9voles du secteur de la justice"}]},{"@type":"WebSite","@id":"https:\/\/ojen2024.turnbull.co\/en\/#website","url":"https:\/\/ojen2024.turnbull.co\/en\/","name":"OJEN","description":"","potentialAction":[{"@type":"SearchAction","target":{"@type":"EntryPoint","urlTemplate":"https:\/\/ojen2024.turnbull.co\/en\/?s={search_term_string}"},"query-input":{"@type":"PropertyValueSpecification","valueRequired":true,"valueName":"search_term_string"}}],"inLanguage":"fr-CA"}]}},"_links":{"self":[{"href":"https:\/\/ojen2024.turnbull.co\/fr\/wp-json\/wp\/v2\/pages\/8018"}],"collection":[{"href":"https:\/\/ojen2024.turnbull.co\/fr\/wp-json\/wp\/v2\/pages"}],"about":[{"href":"https:\/\/ojen2024.turnbull.co\/fr\/wp-json\/wp\/v2\/types\/page"}],"author":[{"embeddable":true,"href":"https:\/\/ojen2024.turnbull.co\/fr\/wp-json\/wp\/v2\/users\/4"}],"replies":[{"embeddable":true,"href":"https:\/\/ojen2024.turnbull.co\/fr\/wp-json\/wp\/v2\/comments?post=8018"}],"version-history":[{"count":0,"href":"https:\/\/ojen2024.turnbull.co\/fr\/wp-json\/wp\/v2\/pages\/8018\/revisions"}],"up":[{"embeddable":true,"href":"https:\/\/ojen2024.turnbull.co\/fr\/wp-json\/wp\/v2\/pages\/8003"}],"wp:attachment":[{"href":"https:\/\/ojen2024.turnbull.co\/fr\/wp-json\/wp\/v2\/media?parent=8018"}],"curies":[{"name":"wp","href":"https:\/\/api.w.org\/{rel}","templated":true}]}}