{"id":8022,"date":"2016-11-29T07:34:48","date_gmt":"2016-11-29T12:34:48","guid":{"rendered":"http:\/\/ojen.ca\/fr\/?page_id=8022"},"modified":"2016-11-29T07:34:48","modified_gmt":"2016-11-29T12:34:48","slug":"ressources-en-ligne","status":"publish","type":"page","link":"https:\/\/ojen2024.turnbull.co\/fr\/formation\/formation-pour-les-benevoles-du-secteur-de-la-justice\/ressources-en-ligne","title":{"rendered":"Ressources en ligne"},"content":{"rendered":"<p>Le ROEJ tient \u00e0 offrir les meilleures exp\u00e9riences d&rsquo;apprentissage possible aux jeunes et \u00e0 leurs alli\u00e9s. \u00c0 cette fin, nous offrons des formations et des occasions de formation professionnelle continue aux avocats, aux parajuristes, aux juges et aux juges de paix.<\/p>\n<p><strong><em>This is Where we Live<\/em><\/strong> est une vid\u00e9o o\u00f9 des jeunes des quartiers Regent Park et St.&nbsp;Jamestown \u00e0 Toronto discutent de leur collectivit\u00e9, des relations avec la police et de ce qu&rsquo;ils ont besoin du syst\u00e8me judiciaire.<\/p>\n<p>La <strong>trousse d&rsquo;\u00e9ducation juridique <em>Information juridique accessible \u00e0 tous<\/em> <\/strong>offre des conseils et des strat\u00e9gies pour pr\u00e9senter des ateliers d&rsquo;\u00e9ducation juridique de haut niveau.<\/p>\n<p><strong><em>The Person Beyond the File: Lessons from Youth People on Working with Youth in the Criminal Justice and Child Welfare Systems<\/em><\/strong> est une s\u00e9rie de modules vid\u00e9o produits en partenariat avec de jeunes adultes qui ont eu des d\u00e9m\u00eal\u00e9s avec la justice p\u00e9nale et des interactions avec des organismes de protection de la jeunesse. Les vid\u00e9os pr\u00e9sentent des histoires et des conseils pour travailler avec des jeunes \u00e0 divers moments de leur vie o\u00f9 ils sont vuln\u00e9rables.<\/p>\n<p>Les nouvelles ressources et les nouveaux modules d&rsquo;apprentissage seront annonc\u00e9s sur <strong>Facebook<\/strong>, <strong>Twitter<\/strong> et notre page <strong>Nouvelles<\/strong>.<\/p>\n","protected":false},"excerpt":{"rendered":"<p>Le ROEJ tient \u00e0 offrir les meilleures exp\u00e9riences d&rsquo;apprentissage possible aux jeunes et \u00e0 leurs alli\u00e9s. \u00c0 cette fin, nous offrons des formations et des occasions de formation professionnelle continue aux avocats, aux parajuristes, aux juges et aux juges de paix. This is Where we Live est une vid\u00e9o o\u00f9 des jeunes des quartiers Regent [&hellip;]<\/p>\n","protected":false},"author":4,"featured_media":0,"parent":8018,"menu_order":0,"comment_status":"closed","ping_status":"closed","template":"","meta":{"_acf_changed":false,"_eb_attr":"","inline_featured_image":false,"ub_ctt_via":"","footnotes":""},"class_list":["post-8022","page","type-page","status-publish","hentry"],"acf":[],"featured_image_src":null,"yoast_head":"<!-- This site is optimized with the Yoast SEO plugin v25.3 - https:\/\/yoast.com\/wordpress\/plugins\/seo\/ -->\n<title>Ressources en ligne - OJEN<\/title>\n<meta name=\"robots\" content=\"noindex, follow, max-snippet:-1, max-image-preview:large, max-video-preview:-1\" \/>\n<meta property=\"og:locale\" content=\"fr_CA\" \/>\n<meta property=\"og:type\" content=\"article\" \/>\n<meta property=\"og:title\" content=\"Ressources en ligne - OJEN\" \/>\n<meta property=\"og:description\" content=\"Le ROEJ tient \u00e0 offrir les meilleures exp\u00e9riences d&rsquo;apprentissage possible aux jeunes et \u00e0 leurs alli\u00e9s. \u00c0 cette fin, nous offrons des formations et des occasions de formation professionnelle continue aux avocats, aux parajuristes, aux juges et aux juges de paix. This is Where we Live est une vid\u00e9o o\u00f9 des jeunes des quartiers Regent [&hellip;]\" \/>\n<meta property=\"og:url\" content=\"https:\/\/ojen2024.turnbull.co\/fr\/formation\/formation-pour-les-benevoles-du-secteur-de-la-justice\/ressources-en-ligne\" \/>\n<meta property=\"og:site_name\" content=\"OJEN\" \/>\n<meta property=\"article:publisher\" content=\"https:\/\/www.facebook.com\/pages\/OJEN\/252115501467864\" \/>\n<meta name=\"twitter:card\" content=\"summary_large_image\" \/>\n<meta name=\"twitter:site\" content=\"@OJEN_ROEJ\" \/>\n<meta name=\"twitter:label1\" content=\"Estimation du temps de lecture\" \/>\n\t<meta name=\"twitter:data1\" content=\"1 minute\" \/>\n<script type=\"application\/ld+json\" class=\"yoast-schema-graph\">{\"@context\":\"https:\/\/schema.org\",\"@graph\":[{\"@type\":\"WebPage\",\"@id\":\"https:\/\/ojen2024.turnbull.co\/fr\/formation\/formation-pour-les-benevoles-du-secteur-de-la-justice\/ressources-en-ligne\",\"url\":\"https:\/\/ojen2024.turnbull.co\/fr\/formation\/formation-pour-les-benevoles-du-secteur-de-la-justice\/ressources-en-ligne\",\"name\":\"Ressources en ligne - OJEN\",\"isPartOf\":{\"@id\":\"https:\/\/ojen2024.turnbull.co\/en\/#website\"},\"datePublished\":\"2016-11-29T12:34:48+00:00\",\"breadcrumb\":{\"@id\":\"https:\/\/ojen2024.turnbull.co\/fr\/formation\/formation-pour-les-benevoles-du-secteur-de-la-justice\/ressources-en-ligne#breadcrumb\"},\"inLanguage\":\"fr-CA\",\"potentialAction\":[{\"@type\":\"ReadAction\",\"target\":[\"https:\/\/ojen2024.turnbull.co\/fr\/formation\/formation-pour-les-benevoles-du-secteur-de-la-justice\/ressources-en-ligne\"]}]},{\"@type\":\"BreadcrumbList\",\"@id\":\"https:\/\/ojen2024.turnbull.co\/fr\/formation\/formation-pour-les-benevoles-du-secteur-de-la-justice\/ressources-en-ligne#breadcrumb\",\"itemListElement\":[{\"@type\":\"ListItem\",\"position\":1,\"name\":\"Home\",\"item\":\"https:\/\/ojen2024.turnbull.co\/fr\"},{\"@type\":\"ListItem\",\"position\":2,\"name\":\"Formation\",\"item\":\"https:\/\/ojen2024.turnbull.co\/fr\/formation\"},{\"@type\":\"ListItem\",\"position\":3,\"name\":\"Formation pour les b\u00e9n\u00e9voles du secteur de la justice\",\"item\":\"https:\/\/ojen2024.turnbull.co\/fr\/formation\/formation-pour-les-benevoles-du-secteur-de-la-justice\"},{\"@type\":\"ListItem\",\"position\":4,\"name\":\"Ressources en ligne\"}]},{\"@type\":\"WebSite\",\"@id\":\"https:\/\/ojen2024.turnbull.co\/en\/#website\",\"url\":\"https:\/\/ojen2024.turnbull.co\/en\/\",\"name\":\"OJEN\",\"description\":\"\",\"potentialAction\":[{\"@type\":\"SearchAction\",\"target\":{\"@type\":\"EntryPoint\",\"urlTemplate\":\"https:\/\/ojen2024.turnbull.co\/en\/?s={search_term_string}\"},\"query-input\":{\"@type\":\"PropertyValueSpecification\",\"valueRequired\":true,\"valueName\":\"search_term_string\"}}],\"inLanguage\":\"fr-CA\"}]}<\/script>\n<!-- \/ Yoast SEO plugin. -->","yoast_head_json":{"title":"Ressources en ligne - OJEN","robots":{"index":"noindex","follow":"follow","max-snippet":"max-snippet:-1","max-image-preview":"max-image-preview:large","max-video-preview":"max-video-preview:-1"},"og_locale":"fr_CA","og_type":"article","og_title":"Ressources en ligne - OJEN","og_description":"Le ROEJ tient \u00e0 offrir les meilleures exp\u00e9riences d&rsquo;apprentissage possible aux jeunes et \u00e0 leurs alli\u00e9s. \u00c0 cette fin, nous offrons des formations et des occasions de formation professionnelle continue aux avocats, aux parajuristes, aux juges et aux juges de paix. This is Where we Live est une vid\u00e9o o\u00f9 des jeunes des quartiers Regent [&hellip;]","og_url":"https:\/\/ojen2024.turnbull.co\/fr\/formation\/formation-pour-les-benevoles-du-secteur-de-la-justice\/ressources-en-ligne","og_site_name":"OJEN","article_publisher":"https:\/\/www.facebook.com\/pages\/OJEN\/252115501467864","twitter_card":"summary_large_image","twitter_site":"@OJEN_ROEJ","twitter_misc":{"Estimation du temps de lecture":"1 minute"},"schema":{"@context":"https:\/\/schema.org","@graph":[{"@type":"WebPage","@id":"https:\/\/ojen2024.turnbull.co\/fr\/formation\/formation-pour-les-benevoles-du-secteur-de-la-justice\/ressources-en-ligne","url":"https:\/\/ojen2024.turnbull.co\/fr\/formation\/formation-pour-les-benevoles-du-secteur-de-la-justice\/ressources-en-ligne","name":"Ressources en ligne - OJEN","isPartOf":{"@id":"https:\/\/ojen2024.turnbull.co\/en\/#website"},"datePublished":"2016-11-29T12:34:48+00:00","breadcrumb":{"@id":"https:\/\/ojen2024.turnbull.co\/fr\/formation\/formation-pour-les-benevoles-du-secteur-de-la-justice\/ressources-en-ligne#breadcrumb"},"inLanguage":"fr-CA","potentialAction":[{"@type":"ReadAction","target":["https:\/\/ojen2024.turnbull.co\/fr\/formation\/formation-pour-les-benevoles-du-secteur-de-la-justice\/ressources-en-ligne"]}]},{"@type":"BreadcrumbList","@id":"https:\/\/ojen2024.turnbull.co\/fr\/formation\/formation-pour-les-benevoles-du-secteur-de-la-justice\/ressources-en-ligne#breadcrumb","itemListElement":[{"@type":"ListItem","position":1,"name":"Home","item":"https:\/\/ojen2024.turnbull.co\/fr"},{"@type":"ListItem","position":2,"name":"Formation","item":"https:\/\/ojen2024.turnbull.co\/fr\/formation"},{"@type":"ListItem","position":3,"name":"Formation pour les b\u00e9n\u00e9voles du secteur de la justice","item":"https:\/\/ojen2024.turnbull.co\/fr\/formation\/formation-pour-les-benevoles-du-secteur-de-la-justice"},{"@type":"ListItem","position":4,"name":"Ressources en ligne"}]},{"@type":"WebSite","@id":"https:\/\/ojen2024.turnbull.co\/en\/#website","url":"https:\/\/ojen2024.turnbull.co\/en\/","name":"OJEN","description":"","potentialAction":[{"@type":"SearchAction","target":{"@type":"EntryPoint","urlTemplate":"https:\/\/ojen2024.turnbull.co\/en\/?s={search_term_string}"},"query-input":{"@type":"PropertyValueSpecification","valueRequired":true,"valueName":"search_term_string"}}],"inLanguage":"fr-CA"}]}},"_links":{"self":[{"href":"https:\/\/ojen2024.turnbull.co\/fr\/wp-json\/wp\/v2\/pages\/8022"}],"collection":[{"href":"https:\/\/ojen2024.turnbull.co\/fr\/wp-json\/wp\/v2\/pages"}],"about":[{"href":"https:\/\/ojen2024.turnbull.co\/fr\/wp-json\/wp\/v2\/types\/page"}],"author":[{"embeddable":true,"href":"https:\/\/ojen2024.turnbull.co\/fr\/wp-json\/wp\/v2\/users\/4"}],"replies":[{"embeddable":true,"href":"https:\/\/ojen2024.turnbull.co\/fr\/wp-json\/wp\/v2\/comments?post=8022"}],"version-history":[{"count":0,"href":"https:\/\/ojen2024.turnbull.co\/fr\/wp-json\/wp\/v2\/pages\/8022\/revisions"}],"up":[{"embeddable":true,"href":"https:\/\/ojen2024.turnbull.co\/fr\/wp-json\/wp\/v2\/pages\/8018"}],"wp:attachment":[{"href":"https:\/\/ojen2024.turnbull.co\/fr\/wp-json\/wp\/v2\/media?parent=8022"}],"curies":[{"name":"wp","href":"https:\/\/api.w.org\/{rel}","templated":true}]}}