{"id":8024,"date":"2016-11-29T07:36:45","date_gmt":"2016-11-29T12:36:45","guid":{"rendered":"http:\/\/ojen.ca\/fr\/?page_id=8024"},"modified":"2025-07-27T07:05:12","modified_gmt":"2025-07-27T11:05:12","slug":"pour-les-travailleurs-communautaires","status":"publish","type":"page","link":"https:\/\/ojen2024.turnbull.co\/fr\/formation\/pour-les-travailleurs-communautaires","title":{"rendered":"Formation pour les intervenant\u00b7es communautaires"},"content":{"rendered":"<p>Le ROEJ tient \u00e0 offrir les meilleures exp\u00e9riences d\u2019apprentissage possible aux jeunes et \u00e0 leurs alli\u00e9\u00b7es. Pour ce faire, nous offrons des formations et des occasions de formation professionnelle aux travailleurs et travailleuses communautaires dans l\u2019ensemble de la province.<\/p>\n<p>Le ROEJ aide les jeunes et celles et ceux qui contribuent \u00e0 leur d\u00e9veloppement personnel \u00e0 renforcer leurs <a href=\"\/fr\/a-propos\/quest-ce-que-le-roej%E2%80%89\/la-capacite-juridique\">\u00ab\u2009capacit\u00e9s\u2009\u00bb juridiques<\/a>. C\u2019est pourquoi nous proposons aux travailleuses et travailleurs communautaires un programme innovant intitul\u00e9 Naviguer dans le syst\u00e8me de justice. Il s\u2019agit en substance d\u2019un atelier \u00e9ducatif dont le but est de former les travailleuses et travailleurs communautaires \u00e0 aider les jeunes \u00e0 mieux appr\u00e9hender notre syst\u00e8me de justice et \u00e0 leur donner des outils fiables et accessibles pour y naviguer en confiance. Cet atelier Naviguer dans le syst\u00e8me de justice a \u00e9t\u00e9 \u00e9labor\u00e9 et offert gratuitement pendant 4\u00a0ans, de 2008 \u00e0 2012, dans l\u2019ensemble de la province, gr\u00e2ce \u00e0 une subvention du minist\u00e8re de la Justice.<\/p>\n<p>Cet atelier est d\u00e9sormais propos\u00e9 \u00e0 prix co\u00fbtant aux organismes communautaires, aux \u00e9coles et aux autres organismes \u00e0 but non lucratif.<\/p>\n<p>Pour en savoir plus sur <em>Naviguer dans le syst\u00e8me de justice<\/em>, <a href=\"\/fr\/a-propos\/contact\/\">communiquez avec nous<\/a>.<\/p>\n<p>Il est important que les travailleurs et travailleuses de premi\u00e8re ligne aient acc\u00e8s \u00e0 des formations et \u00e0 des renseignements exacts et \u00e0 jour qui renforcent leurs connaissances, leurs capacit\u00e9s, leurs comp\u00e9tences et leur r\u00e9seau de fournisseurs de services afin qu\u2019ils puissent bien soutenir les jeunes avec qui ils travaillent. Si les travailleurs de premi\u00e8re ligne savent comment s\u2019y retrouver dans le syst\u00e8me de justice, comment d\u00e9fendre les droits et les int\u00e9r\u00eats, et comment fournir un soutien au moyen du syst\u00e8me de justice, ils peuvent aider les jeunes \u00e0 obtenir des r\u00e9sultats positifs et, lorsque les jeunes obtiennent des r\u00e9sultats positifs, nous en ressortons tous gagnants.<br \/>\n\u2013\u00a0Veronica, intervenante des services \u00e0 la jeunesse de premi\u00e8re ligne<\/p>\n","protected":false},"excerpt":{"rendered":"<p>Le ROEJ tient \u00e0 offrir les meilleures exp\u00e9riences d\u2019apprentissage possible aux jeunes et \u00e0 leurs alli\u00e9\u00b7es. Pour ce faire, nous offrons des formations et des occasions de formation professionnelle aux travailleurs et travailleuses communautaires dans l\u2019ensemble de la province. Le ROEJ aide les jeunes et celles et ceux qui contribuent \u00e0 leur d\u00e9veloppement personnel \u00e0 [&hellip;]<\/p>\n","protected":false},"author":4,"featured_media":0,"parent":8003,"menu_order":0,"comment_status":"closed","ping_status":"closed","template":"template-intro-textblocks.php","meta":{"_acf_changed":false,"_eb_attr":"","inline_featured_image":false,"ub_ctt_via":"","footnotes":""},"class_list":["post-8024","page","type-page","status-publish","hentry"],"acf":[],"featured_image_src":null,"yoast_head":"<!-- This site is optimized with the Yoast SEO plugin v25.3 - https:\/\/yoast.com\/wordpress\/plugins\/seo\/ -->\n<title>Formation pour les intervenant\u00b7es communautaires - OJEN<\/title>\n<meta name=\"robots\" content=\"noindex, follow, max-snippet:-1, max-image-preview:large, max-video-preview:-1\" \/>\n<meta property=\"og:locale\" content=\"fr_CA\" \/>\n<meta property=\"og:type\" content=\"article\" \/>\n<meta property=\"og:title\" content=\"Formation pour les intervenant\u00b7es communautaires - OJEN\" \/>\n<meta property=\"og:description\" content=\"Le ROEJ tient \u00e0 offrir les meilleures exp\u00e9riences d\u2019apprentissage possible aux jeunes et \u00e0 leurs alli\u00e9\u00b7es. Pour ce faire, nous offrons des formations et des occasions de formation professionnelle aux travailleurs et travailleuses communautaires dans l\u2019ensemble de la province. Le ROEJ aide les jeunes et celles et ceux qui contribuent \u00e0 leur d\u00e9veloppement personnel \u00e0 [&hellip;]\" \/>\n<meta property=\"og:url\" content=\"https:\/\/ojen2024.turnbull.co\/fr\/formation\/pour-les-travailleurs-communautaires\" \/>\n<meta property=\"og:site_name\" content=\"OJEN\" \/>\n<meta property=\"article:publisher\" content=\"https:\/\/www.facebook.com\/pages\/OJEN\/252115501467864\" \/>\n<meta property=\"article:modified_time\" content=\"2025-07-27T11:05:12+00:00\" \/>\n<meta name=\"twitter:card\" content=\"summary_large_image\" \/>\n<meta name=\"twitter:site\" content=\"@OJEN_ROEJ\" \/>\n<meta name=\"twitter:label1\" content=\"Estimation du temps de lecture\" \/>\n\t<meta name=\"twitter:data1\" content=\"2 minutes\" \/>\n<script type=\"application\/ld+json\" class=\"yoast-schema-graph\">{\"@context\":\"https:\/\/schema.org\",\"@graph\":[{\"@type\":\"WebPage\",\"@id\":\"https:\/\/ojen2024.turnbull.co\/fr\/formation\/pour-les-travailleurs-communautaires\",\"url\":\"https:\/\/ojen2024.turnbull.co\/fr\/formation\/pour-les-travailleurs-communautaires\",\"name\":\"Formation pour les intervenant\u00b7es communautaires - OJEN\",\"isPartOf\":{\"@id\":\"https:\/\/ojen2024.turnbull.co\/en\/#website\"},\"datePublished\":\"2016-11-29T12:36:45+00:00\",\"dateModified\":\"2025-07-27T11:05:12+00:00\",\"breadcrumb\":{\"@id\":\"https:\/\/ojen2024.turnbull.co\/fr\/formation\/pour-les-travailleurs-communautaires#breadcrumb\"},\"inLanguage\":\"fr-CA\",\"potentialAction\":[{\"@type\":\"ReadAction\",\"target\":[\"https:\/\/ojen2024.turnbull.co\/fr\/formation\/pour-les-travailleurs-communautaires\"]}]},{\"@type\":\"BreadcrumbList\",\"@id\":\"https:\/\/ojen2024.turnbull.co\/fr\/formation\/pour-les-travailleurs-communautaires#breadcrumb\",\"itemListElement\":[{\"@type\":\"ListItem\",\"position\":1,\"name\":\"Home\",\"item\":\"https:\/\/ojen2024.turnbull.co\/fr\"},{\"@type\":\"ListItem\",\"position\":2,\"name\":\"Formation\",\"item\":\"https:\/\/ojen2024.turnbull.co\/fr\/formation\"},{\"@type\":\"ListItem\",\"position\":3,\"name\":\"Formation pour les intervenant\u00b7es communautaires\"}]},{\"@type\":\"WebSite\",\"@id\":\"https:\/\/ojen2024.turnbull.co\/en\/#website\",\"url\":\"https:\/\/ojen2024.turnbull.co\/en\/\",\"name\":\"OJEN\",\"description\":\"\",\"potentialAction\":[{\"@type\":\"SearchAction\",\"target\":{\"@type\":\"EntryPoint\",\"urlTemplate\":\"https:\/\/ojen2024.turnbull.co\/en\/?s={search_term_string}\"},\"query-input\":{\"@type\":\"PropertyValueSpecification\",\"valueRequired\":true,\"valueName\":\"search_term_string\"}}],\"inLanguage\":\"fr-CA\"}]}<\/script>\n<!-- \/ Yoast SEO plugin. -->","yoast_head_json":{"title":"Formation pour les intervenant\u00b7es communautaires - OJEN","robots":{"index":"noindex","follow":"follow","max-snippet":"max-snippet:-1","max-image-preview":"max-image-preview:large","max-video-preview":"max-video-preview:-1"},"og_locale":"fr_CA","og_type":"article","og_title":"Formation pour les intervenant\u00b7es communautaires - OJEN","og_description":"Le ROEJ tient \u00e0 offrir les meilleures exp\u00e9riences d\u2019apprentissage possible aux jeunes et \u00e0 leurs alli\u00e9\u00b7es. Pour ce faire, nous offrons des formations et des occasions de formation professionnelle aux travailleurs et travailleuses communautaires dans l\u2019ensemble de la province. Le ROEJ aide les jeunes et celles et ceux qui contribuent \u00e0 leur d\u00e9veloppement personnel \u00e0 [&hellip;]","og_url":"https:\/\/ojen2024.turnbull.co\/fr\/formation\/pour-les-travailleurs-communautaires","og_site_name":"OJEN","article_publisher":"https:\/\/www.facebook.com\/pages\/OJEN\/252115501467864","article_modified_time":"2025-07-27T11:05:12+00:00","twitter_card":"summary_large_image","twitter_site":"@OJEN_ROEJ","twitter_misc":{"Estimation du temps de lecture":"2 minutes"},"schema":{"@context":"https:\/\/schema.org","@graph":[{"@type":"WebPage","@id":"https:\/\/ojen2024.turnbull.co\/fr\/formation\/pour-les-travailleurs-communautaires","url":"https:\/\/ojen2024.turnbull.co\/fr\/formation\/pour-les-travailleurs-communautaires","name":"Formation pour les intervenant\u00b7es communautaires - OJEN","isPartOf":{"@id":"https:\/\/ojen2024.turnbull.co\/en\/#website"},"datePublished":"2016-11-29T12:36:45+00:00","dateModified":"2025-07-27T11:05:12+00:00","breadcrumb":{"@id":"https:\/\/ojen2024.turnbull.co\/fr\/formation\/pour-les-travailleurs-communautaires#breadcrumb"},"inLanguage":"fr-CA","potentialAction":[{"@type":"ReadAction","target":["https:\/\/ojen2024.turnbull.co\/fr\/formation\/pour-les-travailleurs-communautaires"]}]},{"@type":"BreadcrumbList","@id":"https:\/\/ojen2024.turnbull.co\/fr\/formation\/pour-les-travailleurs-communautaires#breadcrumb","itemListElement":[{"@type":"ListItem","position":1,"name":"Home","item":"https:\/\/ojen2024.turnbull.co\/fr"},{"@type":"ListItem","position":2,"name":"Formation","item":"https:\/\/ojen2024.turnbull.co\/fr\/formation"},{"@type":"ListItem","position":3,"name":"Formation pour les intervenant\u00b7es communautaires"}]},{"@type":"WebSite","@id":"https:\/\/ojen2024.turnbull.co\/en\/#website","url":"https:\/\/ojen2024.turnbull.co\/en\/","name":"OJEN","description":"","potentialAction":[{"@type":"SearchAction","target":{"@type":"EntryPoint","urlTemplate":"https:\/\/ojen2024.turnbull.co\/en\/?s={search_term_string}"},"query-input":{"@type":"PropertyValueSpecification","valueRequired":true,"valueName":"search_term_string"}}],"inLanguage":"fr-CA"}]}},"_links":{"self":[{"href":"https:\/\/ojen2024.turnbull.co\/fr\/wp-json\/wp\/v2\/pages\/8024"}],"collection":[{"href":"https:\/\/ojen2024.turnbull.co\/fr\/wp-json\/wp\/v2\/pages"}],"about":[{"href":"https:\/\/ojen2024.turnbull.co\/fr\/wp-json\/wp\/v2\/types\/page"}],"author":[{"embeddable":true,"href":"https:\/\/ojen2024.turnbull.co\/fr\/wp-json\/wp\/v2\/users\/4"}],"replies":[{"embeddable":true,"href":"https:\/\/ojen2024.turnbull.co\/fr\/wp-json\/wp\/v2\/comments?post=8024"}],"version-history":[{"count":0,"href":"https:\/\/ojen2024.turnbull.co\/fr\/wp-json\/wp\/v2\/pages\/8024\/revisions"}],"up":[{"embeddable":true,"href":"https:\/\/ojen2024.turnbull.co\/fr\/wp-json\/wp\/v2\/pages\/8003"}],"wp:attachment":[{"href":"https:\/\/ojen2024.turnbull.co\/fr\/wp-json\/wp\/v2\/media?parent=8024"}],"curies":[{"name":"wp","href":"https:\/\/api.w.org\/{rel}","templated":true}]}}