{"id":8028,"date":"2016-11-29T07:39:29","date_gmt":"2016-11-29T12:39:29","guid":{"rendered":"http:\/\/ojen.ca\/fr\/?page_id=8028"},"modified":"2019-02-13T17:33:04","modified_gmt":"2019-02-13T22:33:04","slug":"formation-en-animation","status":"publish","type":"page","link":"https:\/\/ojen2024.turnbull.co\/fr\/formation\/formation-en-animation","title":{"rendered":"Formation d&rsquo;animatrices et animateurs"},"content":{"rendered":"<p>Le ROEJ s&rsquo;est donn\u00e9 pour mission de mettre en place des programmes qui peuvent fonctionner de mani\u00e8re autonome \u00e0 moyen ou long terme. C&rsquo;est particuli\u00e8rement important pour les r\u00e9gions de la Province ou il est difficile ou co\u00fbteux d&rsquo;acc\u00e9der. Pour que tout le monde puisse b\u00e9n\u00e9ficier de nos programmes, nous&nbsp; offrons des formations sp\u00e9cialis\u00e9es en animation aux b\u00e9n\u00e9voles qui seront en charge de les pr\u00e9senter.&nbsp;<\/p>\n<p><span style=\"color: #ff6600;\"><em>Pour information, pri\u00e8re de contacter Thomas&nbsp;Gallezot,&nbsp;responsable des programmes francophones au&nbsp;<\/em><\/span><em><span style=\"color: #ff6600;\">(416) 761-9963 poste 230 ou&nbsp;<\/span><a href=\"mailto:tgallezot@ojen.ca\">tgallezot@ojen.ca<\/a><\/em><\/p>\n<p>&nbsp;<\/p>\n","protected":false},"excerpt":{"rendered":"<p>Le ROEJ s&rsquo;est donn\u00e9 pour mission de mettre en place des programmes qui peuvent fonctionner de mani\u00e8re autonome \u00e0 moyen ou long terme. C&rsquo;est particuli\u00e8rement important pour les r\u00e9gions de la Province ou il est difficile ou co\u00fbteux d&rsquo;acc\u00e9der. Pour que tout le monde puisse b\u00e9n\u00e9ficier de nos programmes, nous&nbsp; offrons des formations sp\u00e9cialis\u00e9es en [&hellip;]<\/p>\n","protected":false},"author":4,"featured_media":0,"parent":8003,"menu_order":0,"comment_status":"closed","ping_status":"closed","template":"template-intro-textblocks.php","meta":{"_acf_changed":false,"_eb_attr":"","inline_featured_image":false,"ub_ctt_via":"","footnotes":""},"class_list":["post-8028","page","type-page","status-publish","hentry"],"acf":[],"featured_image_src":null,"yoast_head":"<!-- This site is optimized with the Yoast SEO plugin v25.3 - https:\/\/yoast.com\/wordpress\/plugins\/seo\/ -->\n<title>Formation d&#039;animatrices et animateurs - OJEN<\/title>\n<meta name=\"robots\" content=\"noindex, follow, max-snippet:-1, max-image-preview:large, max-video-preview:-1\" \/>\n<meta property=\"og:locale\" content=\"fr_CA\" \/>\n<meta property=\"og:type\" content=\"article\" \/>\n<meta property=\"og:title\" content=\"Formation d&#039;animatrices et animateurs - OJEN\" \/>\n<meta property=\"og:description\" content=\"Le ROEJ s&rsquo;est donn\u00e9 pour mission de mettre en place des programmes qui peuvent fonctionner de mani\u00e8re autonome \u00e0 moyen ou long terme. C&rsquo;est particuli\u00e8rement important pour les r\u00e9gions de la Province ou il est difficile ou co\u00fbteux d&rsquo;acc\u00e9der. Pour que tout le monde puisse b\u00e9n\u00e9ficier de nos programmes, nous&nbsp; offrons des formations sp\u00e9cialis\u00e9es en [&hellip;]\" \/>\n<meta property=\"og:url\" content=\"https:\/\/ojen2024.turnbull.co\/fr\/formation\/formation-en-animation\" \/>\n<meta property=\"og:site_name\" content=\"OJEN\" \/>\n<meta property=\"article:publisher\" content=\"https:\/\/www.facebook.com\/pages\/OJEN\/252115501467864\" \/>\n<meta property=\"article:modified_time\" content=\"2019-02-13T22:33:04+00:00\" \/>\n<meta name=\"twitter:card\" content=\"summary_large_image\" \/>\n<meta name=\"twitter:site\" content=\"@OJEN_ROEJ\" \/>\n<meta name=\"twitter:label1\" content=\"Estimation du temps de lecture\" \/>\n\t<meta name=\"twitter:data1\" content=\"1 minute\" \/>\n<script type=\"application\/ld+json\" class=\"yoast-schema-graph\">{\"@context\":\"https:\/\/schema.org\",\"@graph\":[{\"@type\":\"WebPage\",\"@id\":\"https:\/\/ojen2024.turnbull.co\/fr\/formation\/formation-en-animation\",\"url\":\"https:\/\/ojen2024.turnbull.co\/fr\/formation\/formation-en-animation\",\"name\":\"Formation d'animatrices et animateurs - OJEN\",\"isPartOf\":{\"@id\":\"https:\/\/ojen2024.turnbull.co\/en\/#website\"},\"datePublished\":\"2016-11-29T12:39:29+00:00\",\"dateModified\":\"2019-02-13T22:33:04+00:00\",\"breadcrumb\":{\"@id\":\"https:\/\/ojen2024.turnbull.co\/fr\/formation\/formation-en-animation#breadcrumb\"},\"inLanguage\":\"fr-CA\",\"potentialAction\":[{\"@type\":\"ReadAction\",\"target\":[\"https:\/\/ojen2024.turnbull.co\/fr\/formation\/formation-en-animation\"]}]},{\"@type\":\"BreadcrumbList\",\"@id\":\"https:\/\/ojen2024.turnbull.co\/fr\/formation\/formation-en-animation#breadcrumb\",\"itemListElement\":[{\"@type\":\"ListItem\",\"position\":1,\"name\":\"Home\",\"item\":\"https:\/\/ojen2024.turnbull.co\/fr\"},{\"@type\":\"ListItem\",\"position\":2,\"name\":\"Formation\",\"item\":\"https:\/\/ojen2024.turnbull.co\/fr\/formation\"},{\"@type\":\"ListItem\",\"position\":3,\"name\":\"Formation d&rsquo;animatrices et animateurs\"}]},{\"@type\":\"WebSite\",\"@id\":\"https:\/\/ojen2024.turnbull.co\/en\/#website\",\"url\":\"https:\/\/ojen2024.turnbull.co\/en\/\",\"name\":\"OJEN\",\"description\":\"\",\"potentialAction\":[{\"@type\":\"SearchAction\",\"target\":{\"@type\":\"EntryPoint\",\"urlTemplate\":\"https:\/\/ojen2024.turnbull.co\/en\/?s={search_term_string}\"},\"query-input\":{\"@type\":\"PropertyValueSpecification\",\"valueRequired\":true,\"valueName\":\"search_term_string\"}}],\"inLanguage\":\"fr-CA\"}]}<\/script>\n<!-- \/ Yoast SEO plugin. -->","yoast_head_json":{"title":"Formation d'animatrices et animateurs - OJEN","robots":{"index":"noindex","follow":"follow","max-snippet":"max-snippet:-1","max-image-preview":"max-image-preview:large","max-video-preview":"max-video-preview:-1"},"og_locale":"fr_CA","og_type":"article","og_title":"Formation d'animatrices et animateurs - OJEN","og_description":"Le ROEJ s&rsquo;est donn\u00e9 pour mission de mettre en place des programmes qui peuvent fonctionner de mani\u00e8re autonome \u00e0 moyen ou long terme. C&rsquo;est particuli\u00e8rement important pour les r\u00e9gions de la Province ou il est difficile ou co\u00fbteux d&rsquo;acc\u00e9der. Pour que tout le monde puisse b\u00e9n\u00e9ficier de nos programmes, nous&nbsp; offrons des formations sp\u00e9cialis\u00e9es en [&hellip;]","og_url":"https:\/\/ojen2024.turnbull.co\/fr\/formation\/formation-en-animation","og_site_name":"OJEN","article_publisher":"https:\/\/www.facebook.com\/pages\/OJEN\/252115501467864","article_modified_time":"2019-02-13T22:33:04+00:00","twitter_card":"summary_large_image","twitter_site":"@OJEN_ROEJ","twitter_misc":{"Estimation du temps de lecture":"1 minute"},"schema":{"@context":"https:\/\/schema.org","@graph":[{"@type":"WebPage","@id":"https:\/\/ojen2024.turnbull.co\/fr\/formation\/formation-en-animation","url":"https:\/\/ojen2024.turnbull.co\/fr\/formation\/formation-en-animation","name":"Formation d'animatrices et animateurs - OJEN","isPartOf":{"@id":"https:\/\/ojen2024.turnbull.co\/en\/#website"},"datePublished":"2016-11-29T12:39:29+00:00","dateModified":"2019-02-13T22:33:04+00:00","breadcrumb":{"@id":"https:\/\/ojen2024.turnbull.co\/fr\/formation\/formation-en-animation#breadcrumb"},"inLanguage":"fr-CA","potentialAction":[{"@type":"ReadAction","target":["https:\/\/ojen2024.turnbull.co\/fr\/formation\/formation-en-animation"]}]},{"@type":"BreadcrumbList","@id":"https:\/\/ojen2024.turnbull.co\/fr\/formation\/formation-en-animation#breadcrumb","itemListElement":[{"@type":"ListItem","position":1,"name":"Home","item":"https:\/\/ojen2024.turnbull.co\/fr"},{"@type":"ListItem","position":2,"name":"Formation","item":"https:\/\/ojen2024.turnbull.co\/fr\/formation"},{"@type":"ListItem","position":3,"name":"Formation d&rsquo;animatrices et animateurs"}]},{"@type":"WebSite","@id":"https:\/\/ojen2024.turnbull.co\/en\/#website","url":"https:\/\/ojen2024.turnbull.co\/en\/","name":"OJEN","description":"","potentialAction":[{"@type":"SearchAction","target":{"@type":"EntryPoint","urlTemplate":"https:\/\/ojen2024.turnbull.co\/en\/?s={search_term_string}"},"query-input":{"@type":"PropertyValueSpecification","valueRequired":true,"valueName":"search_term_string"}}],"inLanguage":"fr-CA"}]}},"_links":{"self":[{"href":"https:\/\/ojen2024.turnbull.co\/fr\/wp-json\/wp\/v2\/pages\/8028"}],"collection":[{"href":"https:\/\/ojen2024.turnbull.co\/fr\/wp-json\/wp\/v2\/pages"}],"about":[{"href":"https:\/\/ojen2024.turnbull.co\/fr\/wp-json\/wp\/v2\/types\/page"}],"author":[{"embeddable":true,"href":"https:\/\/ojen2024.turnbull.co\/fr\/wp-json\/wp\/v2\/users\/4"}],"replies":[{"embeddable":true,"href":"https:\/\/ojen2024.turnbull.co\/fr\/wp-json\/wp\/v2\/comments?post=8028"}],"version-history":[{"count":0,"href":"https:\/\/ojen2024.turnbull.co\/fr\/wp-json\/wp\/v2\/pages\/8028\/revisions"}],"up":[{"embeddable":true,"href":"https:\/\/ojen2024.turnbull.co\/fr\/wp-json\/wp\/v2\/pages\/8003"}],"wp:attachment":[{"href":"https:\/\/ojen2024.turnbull.co\/fr\/wp-json\/wp\/v2\/media?parent=8028"}],"curies":[{"name":"wp","href":"https:\/\/api.w.org\/{rel}","templated":true}]}}