{"id":8030,"date":"2016-11-29T07:41:40","date_gmt":"2016-11-29T12:41:40","guid":{"rendered":"http:\/\/ojen.ca\/fr\/?page_id=8030"},"modified":"2025-07-27T06:53:31","modified_gmt":"2025-07-27T10:53:31","slug":"contribuer-au-travail-du-roej","status":"publish","type":"page","link":"https:\/\/ojen2024.turnbull.co\/fr\/contribuer-au-travail-du-roej","title":{"rendered":"Comment s\u2019impliquer"},"content":{"rendered":"\n<section class=\"wp-block-tco2025-blocks-section-block has-white-bg\"><div class=\"layout__container\">\n<div class=\"wp-block-columns is-layout-flex wp-container-core-columns-is-layout-1 wp-block-columns-is-layout-flex\">\n<div class=\"wp-block-column is-layout-flow wp-block-column-is-layout-flow\"><\/div>\n\n\n\n<div class=\"wp-block-column is-layout-flow wp-block-column-is-layout-flow\" style=\"flex-basis:720px\">\n<h2 class=\"wp-block-heading has-text-align-center\"><strong>Comment s\u2019impliquer<\/strong><\/h2>\n\n\n\n<p class=\"has-text-align-center\">Chaque ann\u00e9e, des milliers de jeunes de l\u2019Ontario ont l\u2019occasion de se familiariser avec le syst\u00e8me de justice et d\u2019acqu\u00e9rir des comp\u00e9tences juridiques essentielles gr\u00e2ce \u00e0 la g\u00e9n\u00e9rosit\u00e9 de nombreux b\u00e9n\u00e9voles, donateurs et donatrices, partenaires et ami\u00b7es du ROEJ. Si cela vous int\u00e9resse, le ROEJ offre diverses fa\u00e7ons de faire une diff\u00e9rence v\u00e9ritable. D\u00e9couvrez comment vous pouvez devenir b\u00e9n\u00e9vole, soutenir le ROEJ, vous associer au ROEJ, ou encore faire partie de notre \u00e9quipe.<\/p>\n<\/div>\n\n\n\n<div class=\"wp-block-column is-layout-flow wp-block-column-is-layout-flow\"><\/div>\n<\/div>\n<\/div><\/section>\n\n\n\n<section class=\"wp-block-tco2025-blocks-section-block has-white-bg\"><div class=\"layout__container\">\n<figure class=\"wp-block-image size-large\"><img loading=\"lazy\" decoding=\"async\" width=\"1024\" height=\"363\" src=\"https:\/\/ojen2024.turnbull.co\/wp-content\/uploads\/2025\/06\/Volunteer-1024x363.jpg\" alt=\"\" class=\"wp-image-29781\" srcset=\"https:\/\/ojen2024.turnbull.co\/wp-content\/uploads\/2025\/06\/Volunteer-1024x363.jpg 1024w, https:\/\/ojen2024.turnbull.co\/wp-content\/uploads\/2025\/06\/Volunteer-300x106.jpg 300w, https:\/\/ojen2024.turnbull.co\/wp-content\/uploads\/2025\/06\/Volunteer-768x272.jpg 768w, https:\/\/ojen2024.turnbull.co\/wp-content\/uploads\/2025\/06\/Volunteer.jpg 1128w\" sizes=\"(max-width: 1024px) 100vw, 1024px\" \/><\/figure>\n\n\n\n<div class=\"wp-block-columns is-layout-flex wp-container-core-columns-is-layout-2 wp-block-columns-is-layout-flex\">\n<div class=\"wp-block-column is-layout-flow wp-block-column-is-layout-flow\"><\/div>\n\n\n\n<div class=\"wp-block-column is-layout-flow wp-block-column-is-layout-flow\" style=\"flex-basis:720px\">\n<h2 class=\"wp-block-heading has-text-align-center\"><strong>Devenir b\u00e9n\u00e9vole <\/strong><\/h2>\n\n\n\n<p class=\"has-text-align-center\">Mettez \u00e0 profit vos connaissances, vos comp\u00e9tences et votre exp\u00e9rience. Aidez les jeunes \u00e0 comprendre la loi, \u00e0 acqu\u00e9rir des comp\u00e9tences de vie essentielles en mati\u00e8re juridique, et \u00e0 apprendre \u00e0 naviguer dans le syst\u00e8me de justice. Parmi nos b\u00e9n\u00e9voles, nous comptons des enseignant\u00b7es, des avocat\u00b7es, des parajuristes, des juges, des juges de paix, des agent\u00b7es de police, des membres du personnel des tribunaux, des \u00e9tudiant\u00b7es, et bien d\u2019autres.<\/p>\n<\/div>\n\n\n\n<div class=\"wp-block-column is-layout-flow wp-block-column-is-layout-flow\"><\/div>\n<\/div>\n\n\n\n<div class=\"wp-block-columns is-layout-flex wp-container-core-columns-is-layout-3 wp-block-columns-is-layout-flex\">\n<div class=\"wp-block-column is-layout-flow wp-block-column-is-layout-flow\">\n<div class=\"wp-block-tco2025-blocks-button-list-block column-box__reference-list\"><a class=\"reference theme-primary\" href=\"\/fr\/contribuer-au-travail-du-roej\/creer-ou-se-joindre-a-un-comite-local-du-roej\/\"><div class=\"reference__icon-wrapper\"><img loading=\"lazy\" decoding=\"async\" src=\"https:\/\/ojen2024.turnbull.co\/wp-content\/uploads\/2025\/07\/icon-workers.svg\" alt=\"\" width=\"24\" height=\"24\"\/><\/div><span class=\"reference__text\">Se joindre \u00e0 un comit\u00e9 local<\/span><span><svg class=\"reference__arrow\" width=\"12\" height=\"12\" viewBox=\"0 0 12 12\" fill=\"none\" xmlns=\"http:\/\/www.w3.org\/2000\/svg\"><path class=\"reference__arrow-path\" d=\"M3.75 12L3 12L3 11.1429L7.5 6L3 0.857143L3 0L3.75 0L9 6L3.75 12Z\" fill=\"black\"><\/path><\/svg><\/span><\/a><a class=\"reference theme-primary\" href=\"\/fr\/contribuer-au-travail-du-roej\/devenez-benevole\/venir-parler-a-une-classe\"><div class=\"reference__icon-wrapper\"><img loading=\"lazy\" decoding=\"async\" src=\"https:\/\/ojen2024.turnbull.co\/wp-content\/uploads\/2025\/07\/icon-chalkboard.svg\" alt=\"\" width=\"24\" height=\"24\"\/><\/div><span class=\"reference__text\">Faire des pr\u00e9sentations au secondaire<\/span><span><svg class=\"reference__arrow\" width=\"12\" height=\"12\" viewBox=\"0 0 12 12\" fill=\"none\" xmlns=\"http:\/\/www.w3.org\/2000\/svg\"><path class=\"reference__arrow-path\" d=\"M3.75 12L3 12L3 11.1429L7.5 6L3 0.857143L3 0L3.75 0L9 6L3.75 12Z\" fill=\"black\"><\/path><\/svg><\/span><\/a><a class=\"reference theme-primary\" href=\"\/fr\/contribuer-au-travail-du-roej\/rediger-un-billet-de-blogue\/\"><div class=\"reference__icon-wrapper\"><img loading=\"lazy\" decoding=\"async\" src=\"https:\/\/ojen2024.turnbull.co\/wp-content\/uploads\/2025\/07\/icon-write.svg\" alt=\"\" width=\"24\" height=\"24\"\/><\/div><span class=\"reference__text\">R\u00e9diger un billet de blogue<\/span><span><svg class=\"reference__arrow\" width=\"12\" height=\"12\" viewBox=\"0 0 12 12\" fill=\"none\" xmlns=\"http:\/\/www.w3.org\/2000\/svg\"><path class=\"reference__arrow-path\" d=\"M3.75 12L3 12L3 11.1429L7.5 6L3 0.857143L3 0L3.75 0L9 6L3.75 12Z\" fill=\"black\"><\/path><\/svg><\/span><\/a><\/div>\n<\/div>\n\n\n\n<div class=\"wp-block-column is-layout-flow wp-block-column-is-layout-flow\">\n<div class=\"wp-block-tco2025-blocks-button-list-block column-box__reference-list\"><a class=\"reference theme-primary\" href=\"\/fr\/contribuer-au-travail-du-roej\/rediger-reviser-ou-traduire-une-ressource\/\"><div class=\"reference__icon-wrapper\"><img loading=\"lazy\" decoding=\"async\" src=\"https:\/\/ojen2024.turnbull.co\/wp-content\/uploads\/2025\/07\/icon-write.svg\" alt=\"\" width=\"24\" height=\"24\"\/><\/div><span class=\"reference__text\">R\u00e9diger ou r\u00e9viser une ressource<\/span><span><svg class=\"reference__arrow\" width=\"12\" height=\"12\" viewBox=\"0 0 12 12\" fill=\"none\" xmlns=\"http:\/\/www.w3.org\/2000\/svg\"><path class=\"reference__arrow-path\" d=\"M3.75 12L3 12L3 11.1429L7.5 6L3 0.857143L3 0L3.75 0L9 6L3.75 12Z\" fill=\"black\"><\/path><\/svg><\/span><\/a><a class=\"reference theme-primary\" href=\"\/fr\/contribuer-au-travail-du-roej\/se-porter-benevole-pour-un-projet-du-roej\/\"><div class=\"reference__icon-wrapper\"><img loading=\"lazy\" decoding=\"async\" src=\"https:\/\/ojen2024.turnbull.co\/wp-content\/uploads\/2025\/07\/icon-hands.svg\" alt=\"\" width=\"24\" height=\"24\"\/><\/div><span class=\"reference__text\">Devenir b\u00e9n\u00e9vole pour un projet local <\/span><span><svg class=\"reference__arrow\" width=\"12\" height=\"12\" viewBox=\"0 0 12 12\" fill=\"none\" xmlns=\"http:\/\/www.w3.org\/2000\/svg\"><path class=\"reference__arrow-path\" d=\"M3.75 12L3 12L3 11.1429L7.5 6L3 0.857143L3 0L3.75 0L9 6L3.75 12Z\" fill=\"black\"><\/path><\/svg><\/span><\/a><\/div>\n<\/div>\n<\/div>\n<\/div><\/section>\n\n\n\n<section class=\"wp-block-tco2025-blocks-section-block has-grey-bg\"><div class=\"layout__container\">\n<figure class=\"wp-block-image size-large\"><img loading=\"lazy\" decoding=\"async\" width=\"1024\" height=\"363\" src=\"https:\/\/ojen2024.turnbull.co\/wp-content\/uploads\/2025\/06\/Support-1024x363.jpg\" alt=\"\" class=\"wp-image-29784\" srcset=\"https:\/\/ojen2024.turnbull.co\/wp-content\/uploads\/2025\/06\/Support-1024x363.jpg 1024w, https:\/\/ojen2024.turnbull.co\/wp-content\/uploads\/2025\/06\/Support-300x106.jpg 300w, https:\/\/ojen2024.turnbull.co\/wp-content\/uploads\/2025\/06\/Support-768x272.jpg 768w, https:\/\/ojen2024.turnbull.co\/wp-content\/uploads\/2025\/06\/Support.jpg 1128w\" sizes=\"(max-width: 1024px) 100vw, 1024px\" \/><\/figure>\n\n\n\n<div class=\"wp-block-columns is-layout-flex wp-container-core-columns-is-layout-4 wp-block-columns-is-layout-flex\">\n<div class=\"wp-block-column is-layout-flow wp-block-column-is-layout-flow\"><\/div>\n\n\n\n<div class=\"wp-block-column is-layout-flow wp-block-column-is-layout-flow\" style=\"flex-basis:720px\">\n<h2 class=\"wp-block-heading has-text-align-center\"><strong>Soutenir le ROEJ<\/strong><\/h2>\n\n\n\n<p class=\"has-text-align-center\">Le ROEJ est un organisme de bienfaisance \u00e0 but non lucatif. Les dons, en argent et en nature, sont les bienvenus et sont d\u2019une importance vitale pour nous. Gr\u00e2ce \u00e0 vos dons, le ROEJ peut offrir davantage de programmes d\u2019\u00e9ducation juridique de haute qualit\u00e9 qui transforment des vies.<\/p>\n<\/div>\n\n\n\n<div class=\"wp-block-column is-layout-flow wp-block-column-is-layout-flow\"><\/div>\n<\/div>\n\n\n\n<div class=\"wp-block-columns is-layout-flex wp-container-core-columns-is-layout-5 wp-block-columns-is-layout-flex\">\n<div class=\"wp-block-column is-layout-flow wp-block-column-is-layout-flow\">\n<div class=\"wp-block-tco2025-blocks-button-list-block column-box__reference-list\"><a class=\"reference theme-primary\" href=\"\/fr\/faire-un-don\/\"><div class=\"reference__icon-wrapper\"><img loading=\"lazy\" decoding=\"async\" src=\"https:\/\/ojen2024.turnbull.co\/wp-content\/uploads\/2025\/07\/icon-heartbill.svg\" alt=\"\" width=\"24\" height=\"24\"\/><\/div><span class=\"reference__text\">Faire un don en argent<\/span><span><svg class=\"reference__arrow\" width=\"12\" height=\"12\" viewBox=\"0 0 12 12\" fill=\"none\" xmlns=\"http:\/\/www.w3.org\/2000\/svg\"><path class=\"reference__arrow-path\" d=\"M3.75 12L3 12L3 11.1429L7.5 6L3 0.857143L3 0L3.75 0L9 6L3.75 12Z\" fill=\"black\"><\/path><\/svg><\/span><\/a><a class=\"reference theme-primary\" href=\"\/fr\/contribuer-au-travail-du-roej\/nous-commanditer\/\"><div class=\"reference__icon-wrapper\"><img loading=\"lazy\" decoding=\"async\" src=\"https:\/\/ojen2024.turnbull.co\/wp-content\/uploads\/2025\/07\/icon-legal.svg\" alt=\"\" width=\"24\" height=\"24\"\/><\/div><span class=\"reference__text\">Commanditer un projet ou un \u00e9v\u00e9nement<\/span><span><svg class=\"reference__arrow\" width=\"12\" height=\"12\" viewBox=\"0 0 12 12\" fill=\"none\" xmlns=\"http:\/\/www.w3.org\/2000\/svg\"><path class=\"reference__arrow-path\" d=\"M3.75 12L3 12L3 11.1429L7.5 6L3 0.857143L3 0L3.75 0L9 6L3.75 12Z\" fill=\"black\"><\/path><\/svg><\/span><\/a><a class=\"reference theme-primary\" href=\"\/fr\/contribuer-au-travail-du-roej\/nominate-award\/\"><div class=\"reference__icon-wrapper\"><img loading=\"lazy\" decoding=\"async\" src=\"https:\/\/ojen2024.turnbull.co\/wp-content\/uploads\/2025\/07\/icon-award.svg\" alt=\"\" width=\"24\" height=\"24\"\/><\/div><span class=\"reference__text\">Proposer une personne pour un prix<\/span><span><svg class=\"reference__arrow\" width=\"12\" height=\"12\" viewBox=\"0 0 12 12\" fill=\"none\" xmlns=\"http:\/\/www.w3.org\/2000\/svg\"><path class=\"reference__arrow-path\" d=\"M3.75 12L3 12L3 11.1429L7.5 6L3 0.857143L3 0L3.75 0L9 6L3.75 12Z\" fill=\"black\"><\/path><\/svg><\/span><\/a><\/div>\n<\/div>\n\n\n\n<div class=\"wp-block-column is-layout-flow wp-block-column-is-layout-flow\">\n<div class=\"wp-block-tco2025-blocks-button-list-block column-box__reference-list\"><a class=\"reference theme-primary\" href=\"\/fr\/contribuer-au-travail-du-roej\/faire-don-de-vos-toges-ou-codes-criminels\/\"><div class=\"reference__icon-wrapper\"><img loading=\"lazy\" decoding=\"async\" src=\"https:\/\/ojen2024.turnbull.co\/wp-content\/uploads\/2025\/07\/icon-books.svg\" alt=\"\" width=\"24\" height=\"24\"\/><\/div><span class=\"reference__text\">Faire don de toges ou de codes criminels<\/span><span><svg class=\"reference__arrow\" width=\"12\" height=\"12\" viewBox=\"0 0 12 12\" fill=\"none\" xmlns=\"http:\/\/www.w3.org\/2000\/svg\"><path class=\"reference__arrow-path\" d=\"M3.75 12L3 12L3 11.1429L7.5 6L3 0.857143L3 0L3.75 0L9 6L3.75 12Z\" fill=\"black\"><\/path><\/svg><\/span><\/a><a class=\"reference theme-primary\" href=\"\/fr\/contribuer-au-travail-du-roej\/organiser-une-collecte-de-fonds\/\"><div class=\"reference__icon-wrapper\"><img loading=\"lazy\" decoding=\"async\" src=\"https:\/\/ojen2024.turnbull.co\/wp-content\/uploads\/2025\/07\/icon-fundraise.svg\" alt=\"\" width=\"24\" height=\"24\"\/><\/div><span class=\"reference__text\">Organiser une collecte de fonds<\/span><span><svg class=\"reference__arrow\" width=\"12\" height=\"12\" viewBox=\"0 0 12 12\" fill=\"none\" xmlns=\"http:\/\/www.w3.org\/2000\/svg\"><path class=\"reference__arrow-path\" d=\"M3.75 12L3 12L3 11.1429L7.5 6L3 0.857143L3 0L3.75 0L9 6L3.75 12Z\" fill=\"black\"><\/path><\/svg><\/span><\/a><\/div>\n<\/div>\n<\/div>\n<\/div><\/section>\n\n\n\n<section class=\"wp-block-tco2025-blocks-section-block has-white-bg\"><div class=\"layout__container\">\n<figure class=\"wp-block-image size-large\"><img loading=\"lazy\" decoding=\"async\" width=\"1024\" height=\"363\" src=\"https:\/\/ojen2024.turnbull.co\/wp-content\/uploads\/2025\/06\/Partner-1024x363.jpg\" alt=\"\" class=\"wp-image-29788\" srcset=\"https:\/\/ojen2024.turnbull.co\/wp-content\/uploads\/2025\/06\/Partner-1024x363.jpg 1024w, https:\/\/ojen2024.turnbull.co\/wp-content\/uploads\/2025\/06\/Partner-300x106.jpg 300w, https:\/\/ojen2024.turnbull.co\/wp-content\/uploads\/2025\/06\/Partner-768x272.jpg 768w, https:\/\/ojen2024.turnbull.co\/wp-content\/uploads\/2025\/06\/Partner.jpg 1128w\" sizes=\"(max-width: 1024px) 100vw, 1024px\" \/><\/figure>\n\n\n\n<div class=\"wp-block-columns is-layout-flex wp-container-core-columns-is-layout-6 wp-block-columns-is-layout-flex\">\n<div class=\"wp-block-column is-layout-flow wp-block-column-is-layout-flow\"><\/div>\n\n\n\n<div class=\"wp-block-column is-layout-flow wp-block-column-is-layout-flow\" style=\"flex-basis:720px\">\n<h2 class=\"wp-block-heading has-text-align-center\"><strong>S\u2019associer au ROEJ<\/strong><\/h2>\n\n\n\n<p class=\"has-text-align-center\">Le ROEJ offre des programmes d\u2019\u00e9ducation juridique pour les \u00e9l\u00e8ves et les jeunes, les enseignant\u00b7es et les personnes qui travaillent aupr\u00e8s des jeunes. D\u00e9couvrez comment vous pouvez proposer un projet du ROEJ dans votre \u00e9cole ou votre communaut\u00e9.<\/p>\n<\/div>\n\n\n\n<div class=\"wp-block-column is-layout-flow wp-block-column-is-layout-flow\"><\/div>\n<\/div>\n\n\n\n<div class=\"wp-block-columns is-layout-flex wp-container-core-columns-is-layout-7 wp-block-columns-is-layout-flex\">\n<div class=\"wp-block-column is-layout-flow wp-block-column-is-layout-flow\">\n<div class=\"wp-block-tco2025-blocks-button-list-block column-box__reference-list\"><a class=\"reference theme-primary\" href=\"\/fr\/contribuer-au-travail-du-roej\/organiser-une-formation-pour-enseignants\/\"><div class=\"reference__icon-wrapper\"><img loading=\"lazy\" decoding=\"async\" src=\"https:\/\/ojen2024.turnbull.co\/wp-content\/uploads\/2025\/07\/icon-programs.svg\" alt=\"\" width=\"24\" height=\"24\"\/><\/div><span class=\"reference__text\">Organiser une formation pour les enseignant\u00b7es<\/span><span><svg class=\"reference__arrow\" width=\"12\" height=\"12\" viewBox=\"0 0 12 12\" fill=\"none\" xmlns=\"http:\/\/www.w3.org\/2000\/svg\"><path class=\"reference__arrow-path\" d=\"M3.75 12L3 12L3 11.1429L7.5 6L3 0.857143L3 0L3.75 0L9 6L3.75 12Z\" fill=\"black\"><\/path><\/svg><\/span><\/a><\/div>\n<\/div>\n\n\n\n<div class=\"wp-block-column is-layout-flow wp-block-column-is-layout-flow\">\n<div class=\"wp-block-tco2025-blocks-button-list-block column-box__reference-list\"><a class=\"reference theme-primary\" href=\"\/fr\/contribuer-au-travail-du-roej\/demander-un-projet\/\"><div class=\"reference__icon-wrapper\"><img loading=\"lazy\" decoding=\"async\" src=\"https:\/\/ojen2024.turnbull.co\/wp-content\/uploads\/2025\/07\/icon-project.svg\" alt=\"\" width=\"24\" height=\"24\"\/><\/div><span class=\"reference__text\">Demander la tenue d\u2019un projet <\/span><span><svg class=\"reference__arrow\" width=\"12\" height=\"12\" viewBox=\"0 0 12 12\" fill=\"none\" xmlns=\"http:\/\/www.w3.org\/2000\/svg\"><path class=\"reference__arrow-path\" d=\"M3.75 12L3 12L3 11.1429L7.5 6L3 0.857143L3 0L3.75 0L9 6L3.75 12Z\" fill=\"black\"><\/path><\/svg><\/span><\/a><\/div>\n<\/div>\n<\/div>\n<\/div><\/section>\n\n\n\n<section class=\"wp-block-tco2025-blocks-section-block has-grey-bg\"><div class=\"layout__container\">\n<figure class=\"wp-block-image size-large\"><img loading=\"lazy\" decoding=\"async\" width=\"1024\" height=\"363\" src=\"https:\/\/ojen2024.turnbull.co\/wp-content\/uploads\/2025\/06\/Join-1024x363.jpg\" alt=\"\" class=\"wp-image-29793\" srcset=\"https:\/\/ojen2024.turnbull.co\/wp-content\/uploads\/2025\/06\/Join-1024x363.jpg 1024w, https:\/\/ojen2024.turnbull.co\/wp-content\/uploads\/2025\/06\/Join-300x106.jpg 300w, https:\/\/ojen2024.turnbull.co\/wp-content\/uploads\/2025\/06\/Join-768x272.jpg 768w, https:\/\/ojen2024.turnbull.co\/wp-content\/uploads\/2025\/06\/Join.jpg 1128w\" sizes=\"(max-width: 1024px) 100vw, 1024px\" \/><\/figure>\n\n\n\n<div class=\"wp-block-columns is-layout-flex wp-container-core-columns-is-layout-8 wp-block-columns-is-layout-flex\">\n<div class=\"wp-block-column is-layout-flow wp-block-column-is-layout-flow\"><\/div>\n\n\n\n<div class=\"wp-block-column is-layout-flow wp-block-column-is-layout-flow\" style=\"flex-basis:720px\">\n<h2 class=\"wp-block-heading has-text-align-center\"><strong>Rejoindre notre \u00e9quipe<\/strong><\/h2>\n\n\n\n<p class=\"has-text-align-center\">Les membres de l\u2019\u00e9quipe du ROEJ proviennent des secteurs de la justice, de l\u2019\u00e9ducation et du d\u00e9veloppement communautaire. Le ROEJ, c\u2019est une \u00e9quipe dynamique qui se passionne pour l\u2019acc\u00e8s \u00e0 la justice et les jeunes. Pour apprendre \u00e0 nous conna\u00eetre, explorez les profils des membres de notre \u00e9quipe.<\/p>\n<\/div>\n\n\n\n<div class=\"wp-block-column is-layout-flow wp-block-column-is-layout-flow\"><\/div>\n<\/div>\n\n\n\n<div class=\"wp-block-columns is-layout-flex wp-container-core-columns-is-layout-9 wp-block-columns-is-layout-flex\">\n<div class=\"wp-block-column is-layout-flow wp-block-column-is-layout-flow\">\n<div class=\"wp-block-tco2025-blocks-button-list-block column-box__reference-list\"><a class=\"reference theme-primary\" href=\"\/fr\/contribuer-au-travail-du-roej\/se-joindre-a-notre-equipe\/\"><div class=\"reference__icon-wrapper\"><img loading=\"lazy\" decoding=\"async\" src=\"https:\/\/ojen2024.turnbull.co\/wp-content\/uploads\/2025\/07\/icon-handshake.svg\" alt=\"\" width=\"24\" height=\"24\"\/><\/div><span class=\"reference__text\">Rejoindre notre \u00e9quipe<\/span><span><svg class=\"reference__arrow\" width=\"12\" height=\"12\" viewBox=\"0 0 12 12\" fill=\"none\" xmlns=\"http:\/\/www.w3.org\/2000\/svg\"><path class=\"reference__arrow-path\" d=\"M3.75 12L3 12L3 11.1429L7.5 6L3 0.857143L3 0L3.75 0L9 6L3.75 12Z\" fill=\"black\"><\/path><\/svg><\/span><\/a><\/div>\n<\/div>\n\n\n\n<div class=\"wp-block-column is-layout-flow wp-block-column-is-layout-flow\"><\/div>\n<\/div>\n<\/div><\/section>\n","protected":false},"excerpt":{"rendered":"","protected":false},"author":4,"featured_media":29778,"parent":0,"menu_order":-94,"comment_status":"closed","ping_status":"closed","template":"template-blocks.php","meta":{"_acf_changed":false,"_eb_attr":"","inline_featured_image":false,"ub_ctt_via":"","footnotes":""},"class_list":["post-8030","page","type-page","status-publish","has-post-thumbnail","hentry"],"acf":[],"featured_image_src":"https:\/\/ojen2024.turnbull.co\/wp-content\/uploads\/2025\/06\/Get-Involved-Hero-scaled.jpg","yoast_head":"<!-- This site is optimized with the Yoast SEO plugin v25.3 - https:\/\/yoast.com\/wordpress\/plugins\/seo\/ -->\n<title>Comment s\u2019impliquer - OJEN<\/title>\n<meta name=\"robots\" content=\"noindex, follow, max-snippet:-1, max-image-preview:large, max-video-preview:-1\" \/>\n<meta property=\"og:locale\" content=\"fr_CA\" \/>\n<meta property=\"og:type\" content=\"article\" \/>\n<meta property=\"og:title\" content=\"Comment s\u2019impliquer - OJEN\" \/>\n<meta property=\"og:url\" content=\"https:\/\/ojen2024.turnbull.co\/fr\/contribuer-au-travail-du-roej\" \/>\n<meta property=\"og:site_name\" content=\"OJEN\" \/>\n<meta property=\"article:publisher\" content=\"https:\/\/www.facebook.com\/pages\/OJEN\/252115501467864\" \/>\n<meta property=\"article:modified_time\" content=\"2025-07-27T10:53:31+00:00\" \/>\n<meta property=\"og:image\" content=\"https:\/\/ojen2024.turnbull.co\/wp-content\/uploads\/2025\/06\/Get-Involved-Hero-scaled.jpg\" \/>\n\t<meta property=\"og:image:width\" content=\"2560\" \/>\n\t<meta property=\"og:image:height\" content=\"711\" \/>\n\t<meta property=\"og:image:type\" content=\"image\/jpeg\" \/>\n<meta name=\"twitter:card\" content=\"summary_large_image\" \/>\n<meta name=\"twitter:site\" content=\"@OJEN_ROEJ\" \/>\n<meta name=\"twitter:label1\" content=\"Estimation du temps de lecture\" \/>\n\t<meta name=\"twitter:data1\" content=\"6 minutes\" \/>\n<script type=\"application\/ld+json\" class=\"yoast-schema-graph\">{\"@context\":\"https:\/\/schema.org\",\"@graph\":[{\"@type\":\"WebPage\",\"@id\":\"https:\/\/ojen2024.turnbull.co\/fr\/contribuer-au-travail-du-roej\",\"url\":\"https:\/\/ojen2024.turnbull.co\/fr\/contribuer-au-travail-du-roej\",\"name\":\"Comment s\u2019impliquer - OJEN\",\"isPartOf\":{\"@id\":\"https:\/\/ojen2024.turnbull.co\/en\/#website\"},\"primaryImageOfPage\":{\"@id\":\"https:\/\/ojen2024.turnbull.co\/fr\/contribuer-au-travail-du-roej#primaryimage\"},\"image\":{\"@id\":\"https:\/\/ojen2024.turnbull.co\/fr\/contribuer-au-travail-du-roej#primaryimage\"},\"thumbnailUrl\":\"https:\/\/ojen2024.turnbull.co\/wp-content\/uploads\/2025\/06\/Get-Involved-Hero-scaled.jpg\",\"datePublished\":\"2016-11-29T12:41:40+00:00\",\"dateModified\":\"2025-07-27T10:53:31+00:00\",\"breadcrumb\":{\"@id\":\"https:\/\/ojen2024.turnbull.co\/fr\/contribuer-au-travail-du-roej#breadcrumb\"},\"inLanguage\":\"fr-CA\",\"potentialAction\":[{\"@type\":\"ReadAction\",\"target\":[\"https:\/\/ojen2024.turnbull.co\/fr\/contribuer-au-travail-du-roej\"]}]},{\"@type\":\"ImageObject\",\"inLanguage\":\"fr-CA\",\"@id\":\"https:\/\/ojen2024.turnbull.co\/fr\/contribuer-au-travail-du-roej#primaryimage\",\"url\":\"https:\/\/ojen2024.turnbull.co\/wp-content\/uploads\/2025\/06\/Get-Involved-Hero-scaled.jpg\",\"contentUrl\":\"https:\/\/ojen2024.turnbull.co\/wp-content\/uploads\/2025\/06\/Get-Involved-Hero-scaled.jpg\",\"width\":2560,\"height\":711},{\"@type\":\"BreadcrumbList\",\"@id\":\"https:\/\/ojen2024.turnbull.co\/fr\/contribuer-au-travail-du-roej#breadcrumb\",\"itemListElement\":[{\"@type\":\"ListItem\",\"position\":1,\"name\":\"Home\",\"item\":\"https:\/\/ojen2024.turnbull.co\/fr\"},{\"@type\":\"ListItem\",\"position\":2,\"name\":\"Comment s\u2019impliquer\"}]},{\"@type\":\"WebSite\",\"@id\":\"https:\/\/ojen2024.turnbull.co\/en\/#website\",\"url\":\"https:\/\/ojen2024.turnbull.co\/en\/\",\"name\":\"OJEN\",\"description\":\"\",\"potentialAction\":[{\"@type\":\"SearchAction\",\"target\":{\"@type\":\"EntryPoint\",\"urlTemplate\":\"https:\/\/ojen2024.turnbull.co\/en\/?s={search_term_string}\"},\"query-input\":{\"@type\":\"PropertyValueSpecification\",\"valueRequired\":true,\"valueName\":\"search_term_string\"}}],\"inLanguage\":\"fr-CA\"}]}<\/script>\n<!-- \/ Yoast SEO plugin. -->","yoast_head_json":{"title":"Comment s\u2019impliquer - OJEN","robots":{"index":"noindex","follow":"follow","max-snippet":"max-snippet:-1","max-image-preview":"max-image-preview:large","max-video-preview":"max-video-preview:-1"},"og_locale":"fr_CA","og_type":"article","og_title":"Comment s\u2019impliquer - OJEN","og_url":"https:\/\/ojen2024.turnbull.co\/fr\/contribuer-au-travail-du-roej","og_site_name":"OJEN","article_publisher":"https:\/\/www.facebook.com\/pages\/OJEN\/252115501467864","article_modified_time":"2025-07-27T10:53:31+00:00","og_image":[{"width":2560,"height":711,"url":"https:\/\/ojen2024.turnbull.co\/wp-content\/uploads\/2025\/06\/Get-Involved-Hero-scaled.jpg","type":"image\/jpeg"}],"twitter_card":"summary_large_image","twitter_site":"@OJEN_ROEJ","twitter_misc":{"Estimation du temps de lecture":"6 minutes"},"schema":{"@context":"https:\/\/schema.org","@graph":[{"@type":"WebPage","@id":"https:\/\/ojen2024.turnbull.co\/fr\/contribuer-au-travail-du-roej","url":"https:\/\/ojen2024.turnbull.co\/fr\/contribuer-au-travail-du-roej","name":"Comment s\u2019impliquer - OJEN","isPartOf":{"@id":"https:\/\/ojen2024.turnbull.co\/en\/#website"},"primaryImageOfPage":{"@id":"https:\/\/ojen2024.turnbull.co\/fr\/contribuer-au-travail-du-roej#primaryimage"},"image":{"@id":"https:\/\/ojen2024.turnbull.co\/fr\/contribuer-au-travail-du-roej#primaryimage"},"thumbnailUrl":"https:\/\/ojen2024.turnbull.co\/wp-content\/uploads\/2025\/06\/Get-Involved-Hero-scaled.jpg","datePublished":"2016-11-29T12:41:40+00:00","dateModified":"2025-07-27T10:53:31+00:00","breadcrumb":{"@id":"https:\/\/ojen2024.turnbull.co\/fr\/contribuer-au-travail-du-roej#breadcrumb"},"inLanguage":"fr-CA","potentialAction":[{"@type":"ReadAction","target":["https:\/\/ojen2024.turnbull.co\/fr\/contribuer-au-travail-du-roej"]}]},{"@type":"ImageObject","inLanguage":"fr-CA","@id":"https:\/\/ojen2024.turnbull.co\/fr\/contribuer-au-travail-du-roej#primaryimage","url":"https:\/\/ojen2024.turnbull.co\/wp-content\/uploads\/2025\/06\/Get-Involved-Hero-scaled.jpg","contentUrl":"https:\/\/ojen2024.turnbull.co\/wp-content\/uploads\/2025\/06\/Get-Involved-Hero-scaled.jpg","width":2560,"height":711},{"@type":"BreadcrumbList","@id":"https:\/\/ojen2024.turnbull.co\/fr\/contribuer-au-travail-du-roej#breadcrumb","itemListElement":[{"@type":"ListItem","position":1,"name":"Home","item":"https:\/\/ojen2024.turnbull.co\/fr"},{"@type":"ListItem","position":2,"name":"Comment s\u2019impliquer"}]},{"@type":"WebSite","@id":"https:\/\/ojen2024.turnbull.co\/en\/#website","url":"https:\/\/ojen2024.turnbull.co\/en\/","name":"OJEN","description":"","potentialAction":[{"@type":"SearchAction","target":{"@type":"EntryPoint","urlTemplate":"https:\/\/ojen2024.turnbull.co\/en\/?s={search_term_string}"},"query-input":{"@type":"PropertyValueSpecification","valueRequired":true,"valueName":"search_term_string"}}],"inLanguage":"fr-CA"}]}},"_links":{"self":[{"href":"https:\/\/ojen2024.turnbull.co\/fr\/wp-json\/wp\/v2\/pages\/8030"}],"collection":[{"href":"https:\/\/ojen2024.turnbull.co\/fr\/wp-json\/wp\/v2\/pages"}],"about":[{"href":"https:\/\/ojen2024.turnbull.co\/fr\/wp-json\/wp\/v2\/types\/page"}],"author":[{"embeddable":true,"href":"https:\/\/ojen2024.turnbull.co\/fr\/wp-json\/wp\/v2\/users\/4"}],"replies":[{"embeddable":true,"href":"https:\/\/ojen2024.turnbull.co\/fr\/wp-json\/wp\/v2\/comments?post=8030"}],"version-history":[{"count":0,"href":"https:\/\/ojen2024.turnbull.co\/fr\/wp-json\/wp\/v2\/pages\/8030\/revisions"}],"wp:featuredmedia":[{"embeddable":true,"href":"https:\/\/ojen2024.turnbull.co\/fr\/wp-json\/wp\/v2\/media\/29778"}],"wp:attachment":[{"href":"https:\/\/ojen2024.turnbull.co\/fr\/wp-json\/wp\/v2\/media?parent=8030"}],"curies":[{"name":"wp","href":"https:\/\/api.w.org\/{rel}","templated":true}]}}