{"id":8033,"date":"2016-11-29T07:45:36","date_gmt":"2016-11-29T12:45:36","guid":{"rendered":"http:\/\/ojen.ca\/fr\/?page_id=8033"},"modified":"2025-07-12T04:36:56","modified_gmt":"2025-07-12T08:36:56","slug":"devenez-benevole","status":"publish","type":"page","link":"https:\/\/ojen2024.turnbull.co\/fr\/contribuer-au-travail-du-roej\/devenez-benevole","title":{"rendered":"Devenez b\u00e9n\u00e9vole"},"content":{"rendered":"\n<section class=\"wp-block-tco2025-blocks-section-block has-white-bg\"><div class=\"layout__container\">\n<p>Le ROEJ est reconnaissant aux milliers de b\u00e9n\u00e9voles d\u00e9vou\u00e9s qui nous donnent de leur temps et de leur expertise chaque ann\u00e9e. En raison de notre petite \u00e9quipe et de notre mandat de fournir de l\u2019\u00e9ducation juridique aux jeunes d\u2019un bout \u00e0 l\u2019autre de l\u2019Ontario, les b\u00e9n\u00e9voles sont une partie essentielle de notre \u00e9quipe. Notre r\u00e9ussite ne pourrait \u00eatre possible sans l\u2019apport des professionnel\u00b7les de l\u2019\u00e9ducation et du droit, des intervenant\u00b7es communautaires et de bien d\u2019autres personnes.<\/p>\n\n\n\n<p>Les b\u00e9n\u00e9voles dont nous avons besoin varient d\u2019un projet \u00e0 l\u2019autre. Nos programmes communautaires portent g\u00e9n\u00e9ralement sur les besoins d\u00e9cel\u00e9s dans certaines communaut\u00e9s ou populations en particulier. Pour r\u00e9pondre \u00e0 ces questions, nous devons parfois recourir \u00e0 des professionnels du droit dans des r\u00e9gions donn\u00e9es de la province ou dans certains domaines de pratique.<\/p>\n\n\n\n<p>Si vous aimeriez faire du b\u00e9n\u00e9volat aupr\u00e8s du ROEJ, il y a de nombreuses fa\u00e7ons de vous impliquer. Consultez les options ci-dessous pour trouver celle qui vous interpelle le plus. Aidez les jeunes \u00e0 comprendre la loi, \u00e0 acqu\u00e9rir des comp\u00e9tences juridiques essentielles et \u00e0 apprendre comment naviguer dans le syst\u00e8me de justice.<\/p>\n\n\n\n<p>Nous demandons \u00e0 tous les b\u00e9n\u00e9voles du ROEJ de prendre connaissance de notre <a href=\"https:\/\/ojen.ca\/en\/volunteer-code-of-conduct\/\">Code de conduite<\/a> avant de s\u2019engager dans une initiative du ROEJ.<\/p>\n<\/div><\/section>\n\n\n\n<section class=\"wp-block-tco2025-blocks-section-block has-grey-bg\"><div class=\"layout__container\">\n<div class=\"wp-block-tco2025-blocks-two-column-preview-block about-us\"><div class=\"preview-list has-two-columns\"><article class=\"preview about-us\"><a class=\"preview__inner\" href=\"\/fr\/contribuer-au-travail-du-roej\/creer-ou-se-joindre-a-un-comite-local-du-roej\/\"><div><h4 class=\"preview__heading\">Se joindre \u00e0 un comit\u00e9 local<\/h4><p class=\"preview__text\"><\/p><div class=\"icon-link\"><span>En savoir plus <\/span><span><svg width=\"24\" height=\"8\" viewBox=\"0 0 24 8\" fill=\"none\" xmlns=\"http:\/\/www.w3.org\/2000\/svg\"><path fill-rule=\"evenodd\" clip-rule=\"evenodd\" d=\"M20.7395 0.159095L23.8565 3.61591C24.0478 3.82804 24.0478 4.17196 23.8565 4.38409L20.7395 7.8409C20.5482 8.05303 20.2381 8.05303 20.0468 7.8409C19.8555 7.62878 19.8555 7.28485 20.0468 7.07272L22.3277 4.54319H0V3.45681H22.3277L20.0468 0.927276C19.8555 0.715149 19.8555 0.371223 20.0468 0.159095C20.2381 -0.0530318 20.5482 -0.0530318 20.7395 0.159095Z\" fill=\"#3573B9\"><\/path><\/svg><\/span><\/div><\/div><\/a><\/article><article class=\"preview about-us\"><a class=\"preview__inner\" href=\"\/fr\/contribuer-au-travail-du-roej\/se-porter-benevole-pour-un-projet-du-roej\/venir-parler-a-une-classe\"><div><h4 class=\"preview__heading\">Faire des pr\u00e9sentations au secondaire<\/h4><p class=\"preview__text\"><\/p><div class=\"icon-link\"><span>En savoir plus <\/span><span><svg width=\"24\" height=\"8\" viewBox=\"0 0 24 8\" fill=\"none\" xmlns=\"http:\/\/www.w3.org\/2000\/svg\"><path fill-rule=\"evenodd\" clip-rule=\"evenodd\" d=\"M20.7395 0.159095L23.8565 3.61591C24.0478 3.82804 24.0478 4.17196 23.8565 4.38409L20.7395 7.8409C20.5482 8.05303 20.2381 8.05303 20.0468 7.8409C19.8555 7.62878 19.8555 7.28485 20.0468 7.07272L22.3277 4.54319H0V3.45681H22.3277L20.0468 0.927276C19.8555 0.715149 19.8555 0.371223 20.0468 0.159095C20.2381 -0.0530318 20.5482 -0.0530318 20.7395 0.159095Z\" fill=\"#3573B9\"><\/path><\/svg><\/span><\/div><\/div><\/a><\/article><article class=\"preview about-us\"><a class=\"preview__inner\" href=\"\/fr\/contribuer-au-travail-du-roej\/rediger-un-billet-de-blogue\/\"><div><h4 class=\"preview__heading\">R\u00e9diger un billet de blogue<\/h4><p class=\"preview__text\"><\/p><div class=\"icon-link\"><span>En savoir plus <\/span><span><svg width=\"24\" height=\"8\" viewBox=\"0 0 24 8\" fill=\"none\" xmlns=\"http:\/\/www.w3.org\/2000\/svg\"><path fill-rule=\"evenodd\" clip-rule=\"evenodd\" d=\"M20.7395 0.159095L23.8565 3.61591C24.0478 3.82804 24.0478 4.17196 23.8565 4.38409L20.7395 7.8409C20.5482 8.05303 20.2381 8.05303 20.0468 7.8409C19.8555 7.62878 19.8555 7.28485 20.0468 7.07272L22.3277 4.54319H0V3.45681H22.3277L20.0468 0.927276C19.8555 0.715149 19.8555 0.371223 20.0468 0.159095C20.2381 -0.0530318 20.5482 -0.0530318 20.7395 0.159095Z\" fill=\"#3573B9\"><\/path><\/svg><\/span><\/div><\/div><\/a><\/article><\/div><div class=\"preview-list has-two-columns\"><article class=\"preview about-us\"><a class=\"preview__inner\" href=\"\/fr\/contribuer-au-travail-du-roej\/rediger-reviser-ou-traduire-une-ressource\/\"><div><h4 class=\"preview__heading\">R\u00e9diger ou r\u00e9viser une ressource<\/h4><p class=\"preview__text\"><\/p><div class=\"icon-link\"><span>En savoir plus <\/span><span><svg width=\"24\" height=\"8\" viewBox=\"0 0 24 8\" fill=\"none\" xmlns=\"http:\/\/www.w3.org\/2000\/svg\"><path fill-rule=\"evenodd\" clip-rule=\"evenodd\" d=\"M20.7395 0.159095L23.8565 3.61591C24.0478 3.82804 24.0478 4.17196 23.8565 4.38409L20.7395 7.8409C20.5482 8.05303 20.2381 8.05303 20.0468 7.8409C19.8555 7.62878 19.8555 7.28485 20.0468 7.07272L22.3277 4.54319H0V3.45681H22.3277L20.0468 0.927276C19.8555 0.715149 19.8555 0.371223 20.0468 0.159095C20.2381 -0.0530318 20.5482 -0.0530318 20.7395 0.159095Z\" fill=\"#3573B9\"><\/path><\/svg><\/span><\/div><\/div><\/a><\/article><article class=\"preview about-us\"><a class=\"preview__inner\" href=\"\/fr\/contribuer-au-travail-du-roej\/se-porter-benevole-pour-un-projet-du-roej\/\"><div><h4 class=\"preview__heading\">Devenir b\u00e9n\u00e9vole pour un projet local <\/h4><p class=\"preview__text\"><\/p><div class=\"icon-link\"><span>En savoir plus <\/span><span><svg width=\"24\" height=\"8\" viewBox=\"0 0 24 8\" fill=\"none\" xmlns=\"http:\/\/www.w3.org\/2000\/svg\"><path fill-rule=\"evenodd\" clip-rule=\"evenodd\" d=\"M20.7395 0.159095L23.8565 3.61591C24.0478 3.82804 24.0478 4.17196 23.8565 4.38409L20.7395 7.8409C20.5482 8.05303 20.2381 8.05303 20.0468 7.8409C19.8555 7.62878 19.8555 7.28485 20.0468 7.07272L22.3277 4.54319H0V3.45681H22.3277L20.0468 0.927276C19.8555 0.715149 19.8555 0.371223 20.0468 0.159095C20.2381 -0.0530318 20.5482 -0.0530318 20.7395 0.159095Z\" fill=\"#3573B9\"><\/path><\/svg><\/span><\/div><\/div><\/a><\/article><\/div><\/div>\n<\/div><\/section>\n","protected":false},"excerpt":{"rendered":"","protected":false},"author":4,"featured_media":0,"parent":8030,"menu_order":0,"comment_status":"closed","ping_status":"closed","template":"","meta":{"_acf_changed":false,"_eb_attr":"","inline_featured_image":false,"ub_ctt_via":"","footnotes":""},"class_list":["post-8033","page","type-page","status-publish","hentry"],"acf":[],"featured_image_src":null,"yoast_head":"<!-- This site is optimized with the Yoast SEO plugin v25.3 - https:\/\/yoast.com\/wordpress\/plugins\/seo\/ -->\n<title>Devenez b\u00e9n\u00e9vole - OJEN<\/title>\n<meta name=\"robots\" content=\"noindex, follow, max-snippet:-1, max-image-preview:large, max-video-preview:-1\" \/>\n<meta property=\"og:locale\" content=\"fr_CA\" \/>\n<meta property=\"og:type\" content=\"article\" \/>\n<meta property=\"og:title\" content=\"Devenez b\u00e9n\u00e9vole - OJEN\" \/>\n<meta property=\"og:url\" content=\"https:\/\/ojen2024.turnbull.co\/fr\/contribuer-au-travail-du-roej\/devenez-benevole\" \/>\n<meta property=\"og:site_name\" content=\"OJEN\" \/>\n<meta property=\"article:publisher\" content=\"https:\/\/www.facebook.com\/pages\/OJEN\/252115501467864\" \/>\n<meta property=\"article:modified_time\" content=\"2025-07-12T08:36:56+00:00\" \/>\n<meta name=\"twitter:card\" content=\"summary_large_image\" \/>\n<meta name=\"twitter:site\" content=\"@OJEN_ROEJ\" \/>\n<meta name=\"twitter:label1\" content=\"Estimation du temps de lecture\" \/>\n\t<meta name=\"twitter:data1\" content=\"2 minutes\" \/>\n<script type=\"application\/ld+json\" class=\"yoast-schema-graph\">{\"@context\":\"https:\/\/schema.org\",\"@graph\":[{\"@type\":\"WebPage\",\"@id\":\"https:\/\/ojen2024.turnbull.co\/fr\/contribuer-au-travail-du-roej\/devenez-benevole\",\"url\":\"https:\/\/ojen2024.turnbull.co\/fr\/contribuer-au-travail-du-roej\/devenez-benevole\",\"name\":\"Devenez b\u00e9n\u00e9vole - OJEN\",\"isPartOf\":{\"@id\":\"https:\/\/ojen2024.turnbull.co\/en\/#website\"},\"datePublished\":\"2016-11-29T12:45:36+00:00\",\"dateModified\":\"2025-07-12T08:36:56+00:00\",\"breadcrumb\":{\"@id\":\"https:\/\/ojen2024.turnbull.co\/fr\/contribuer-au-travail-du-roej\/devenez-benevole#breadcrumb\"},\"inLanguage\":\"fr-CA\",\"potentialAction\":[{\"@type\":\"ReadAction\",\"target\":[\"https:\/\/ojen2024.turnbull.co\/fr\/contribuer-au-travail-du-roej\/devenez-benevole\"]}]},{\"@type\":\"BreadcrumbList\",\"@id\":\"https:\/\/ojen2024.turnbull.co\/fr\/contribuer-au-travail-du-roej\/devenez-benevole#breadcrumb\",\"itemListElement\":[{\"@type\":\"ListItem\",\"position\":1,\"name\":\"Home\",\"item\":\"https:\/\/ojen2024.turnbull.co\/fr\"},{\"@type\":\"ListItem\",\"position\":2,\"name\":\"Comment s\u2019impliquer\",\"item\":\"https:\/\/ojen2024.turnbull.co\/fr\/contribuer-au-travail-du-roej\"},{\"@type\":\"ListItem\",\"position\":3,\"name\":\"Devenez b\u00e9n\u00e9vole\"}]},{\"@type\":\"WebSite\",\"@id\":\"https:\/\/ojen2024.turnbull.co\/en\/#website\",\"url\":\"https:\/\/ojen2024.turnbull.co\/en\/\",\"name\":\"OJEN\",\"description\":\"\",\"potentialAction\":[{\"@type\":\"SearchAction\",\"target\":{\"@type\":\"EntryPoint\",\"urlTemplate\":\"https:\/\/ojen2024.turnbull.co\/en\/?s={search_term_string}\"},\"query-input\":{\"@type\":\"PropertyValueSpecification\",\"valueRequired\":true,\"valueName\":\"search_term_string\"}}],\"inLanguage\":\"fr-CA\"}]}<\/script>\n<!-- \/ Yoast SEO plugin. -->","yoast_head_json":{"title":"Devenez b\u00e9n\u00e9vole - OJEN","robots":{"index":"noindex","follow":"follow","max-snippet":"max-snippet:-1","max-image-preview":"max-image-preview:large","max-video-preview":"max-video-preview:-1"},"og_locale":"fr_CA","og_type":"article","og_title":"Devenez b\u00e9n\u00e9vole - OJEN","og_url":"https:\/\/ojen2024.turnbull.co\/fr\/contribuer-au-travail-du-roej\/devenez-benevole","og_site_name":"OJEN","article_publisher":"https:\/\/www.facebook.com\/pages\/OJEN\/252115501467864","article_modified_time":"2025-07-12T08:36:56+00:00","twitter_card":"summary_large_image","twitter_site":"@OJEN_ROEJ","twitter_misc":{"Estimation du temps de lecture":"2 minutes"},"schema":{"@context":"https:\/\/schema.org","@graph":[{"@type":"WebPage","@id":"https:\/\/ojen2024.turnbull.co\/fr\/contribuer-au-travail-du-roej\/devenez-benevole","url":"https:\/\/ojen2024.turnbull.co\/fr\/contribuer-au-travail-du-roej\/devenez-benevole","name":"Devenez b\u00e9n\u00e9vole - OJEN","isPartOf":{"@id":"https:\/\/ojen2024.turnbull.co\/en\/#website"},"datePublished":"2016-11-29T12:45:36+00:00","dateModified":"2025-07-12T08:36:56+00:00","breadcrumb":{"@id":"https:\/\/ojen2024.turnbull.co\/fr\/contribuer-au-travail-du-roej\/devenez-benevole#breadcrumb"},"inLanguage":"fr-CA","potentialAction":[{"@type":"ReadAction","target":["https:\/\/ojen2024.turnbull.co\/fr\/contribuer-au-travail-du-roej\/devenez-benevole"]}]},{"@type":"BreadcrumbList","@id":"https:\/\/ojen2024.turnbull.co\/fr\/contribuer-au-travail-du-roej\/devenez-benevole#breadcrumb","itemListElement":[{"@type":"ListItem","position":1,"name":"Home","item":"https:\/\/ojen2024.turnbull.co\/fr"},{"@type":"ListItem","position":2,"name":"Comment s\u2019impliquer","item":"https:\/\/ojen2024.turnbull.co\/fr\/contribuer-au-travail-du-roej"},{"@type":"ListItem","position":3,"name":"Devenez b\u00e9n\u00e9vole"}]},{"@type":"WebSite","@id":"https:\/\/ojen2024.turnbull.co\/en\/#website","url":"https:\/\/ojen2024.turnbull.co\/en\/","name":"OJEN","description":"","potentialAction":[{"@type":"SearchAction","target":{"@type":"EntryPoint","urlTemplate":"https:\/\/ojen2024.turnbull.co\/en\/?s={search_term_string}"},"query-input":{"@type":"PropertyValueSpecification","valueRequired":true,"valueName":"search_term_string"}}],"inLanguage":"fr-CA"}]}},"_links":{"self":[{"href":"https:\/\/ojen2024.turnbull.co\/fr\/wp-json\/wp\/v2\/pages\/8033"}],"collection":[{"href":"https:\/\/ojen2024.turnbull.co\/fr\/wp-json\/wp\/v2\/pages"}],"about":[{"href":"https:\/\/ojen2024.turnbull.co\/fr\/wp-json\/wp\/v2\/types\/page"}],"author":[{"embeddable":true,"href":"https:\/\/ojen2024.turnbull.co\/fr\/wp-json\/wp\/v2\/users\/4"}],"replies":[{"embeddable":true,"href":"https:\/\/ojen2024.turnbull.co\/fr\/wp-json\/wp\/v2\/comments?post=8033"}],"version-history":[{"count":0,"href":"https:\/\/ojen2024.turnbull.co\/fr\/wp-json\/wp\/v2\/pages\/8033\/revisions"}],"up":[{"embeddable":true,"href":"https:\/\/ojen2024.turnbull.co\/fr\/wp-json\/wp\/v2\/pages\/8030"}],"wp:attachment":[{"href":"https:\/\/ojen2024.turnbull.co\/fr\/wp-json\/wp\/v2\/media?parent=8033"}],"curies":[{"name":"wp","href":"https:\/\/api.w.org\/{rel}","templated":true}]}}