{"id":8043,"date":"2016-11-29T08:01:55","date_gmt":"2016-11-29T13:01:55","guid":{"rendered":"http:\/\/ojen.ca\/fr\/?page_id=8043"},"modified":"2025-07-12T04:35:48","modified_gmt":"2025-07-12T08:35:48","slug":"sieger-au-conseil-dadministration","status":"publish","type":"page","link":"https:\/\/ojen2024.turnbull.co\/fr\/contribuer-au-travail-du-roej\/se-joindre-a-notre-equipe\/sieger-au-conseil-dadministration","title":{"rendered":"Si\u00e9ger au conseil d&rsquo;administration"},"content":{"rendered":"<p>La plupart des membres du conseil d&rsquo;administration du ROEJ sont nomm\u00e9es par nos principaux organismes partenaires du secteur de la justice et de l&rsquo;\u00e9ducation. Cependant, nous avons cinq&nbsp;autres postes qui sont r\u00e9serv\u00e9s \u00e0 des enseignants, \u00e0 des \u00e9tudiants et \u00e0 des personnes du d\u00e9veloppement communautaire.<\/p>\n<p>Nous ne recrutons pas des administrateurs pour le conseil d&rsquo;administration du ROEJ \u00e0 l&rsquo;heure actuelle. Des appels aux candidatures seront affich\u00e9s sur cette page au fur et \u00e0 mesure que des postes d\u2019administrateurs deviendront vacants. &nbsp;<\/p>\n","protected":false},"excerpt":{"rendered":"<p>La plupart des membres du conseil d&rsquo;administration du ROEJ sont nomm\u00e9es par nos principaux organismes partenaires du secteur de la justice et de l&rsquo;\u00e9ducation. Cependant, nous avons cinq&nbsp;autres postes qui sont r\u00e9serv\u00e9s \u00e0 des enseignants, \u00e0 des \u00e9tudiants et \u00e0 des personnes du d\u00e9veloppement communautaire. Nous ne recrutons pas des administrateurs pour le conseil d&rsquo;administration [&hellip;]<\/p>\n","protected":false},"author":4,"featured_media":0,"parent":8037,"menu_order":0,"comment_status":"closed","ping_status":"closed","template":"","meta":{"_acf_changed":false,"_eb_attr":"","inline_featured_image":false,"ub_ctt_via":"","footnotes":""},"class_list":["post-8043","page","type-page","status-publish","hentry"],"acf":[],"featured_image_src":null,"yoast_head":"<!-- This site is optimized with the Yoast SEO plugin v25.3 - https:\/\/yoast.com\/wordpress\/plugins\/seo\/ -->\n<title>Si\u00e9ger au conseil d&#039;administration - OJEN<\/title>\n<meta name=\"robots\" content=\"noindex, follow, max-snippet:-1, max-image-preview:large, max-video-preview:-1\" \/>\n<meta property=\"og:locale\" content=\"fr_CA\" \/>\n<meta property=\"og:type\" content=\"article\" \/>\n<meta property=\"og:title\" content=\"Si\u00e9ger au conseil d&#039;administration - OJEN\" \/>\n<meta property=\"og:description\" content=\"La plupart des membres du conseil d&rsquo;administration du ROEJ sont nomm\u00e9es par nos principaux organismes partenaires du secteur de la justice et de l&rsquo;\u00e9ducation. Cependant, nous avons cinq&nbsp;autres postes qui sont r\u00e9serv\u00e9s \u00e0 des enseignants, \u00e0 des \u00e9tudiants et \u00e0 des personnes du d\u00e9veloppement communautaire. Nous ne recrutons pas des administrateurs pour le conseil d&rsquo;administration [&hellip;]\" \/>\n<meta property=\"og:url\" content=\"https:\/\/ojen2024.turnbull.co\/fr\/contribuer-au-travail-du-roej\/se-joindre-a-notre-equipe\/sieger-au-conseil-dadministration\" \/>\n<meta property=\"og:site_name\" content=\"OJEN\" \/>\n<meta property=\"article:publisher\" content=\"https:\/\/www.facebook.com\/pages\/OJEN\/252115501467864\" \/>\n<meta property=\"article:modified_time\" content=\"2025-07-12T08:35:48+00:00\" \/>\n<meta name=\"twitter:card\" content=\"summary_large_image\" \/>\n<meta name=\"twitter:site\" content=\"@OJEN_ROEJ\" \/>\n<meta name=\"twitter:label1\" content=\"Estimation du temps de lecture\" \/>\n\t<meta name=\"twitter:data1\" content=\"1 minute\" \/>\n<script type=\"application\/ld+json\" class=\"yoast-schema-graph\">{\"@context\":\"https:\/\/schema.org\",\"@graph\":[{\"@type\":\"WebPage\",\"@id\":\"https:\/\/ojen2024.turnbull.co\/fr\/contribuer-au-travail-du-roej\/se-joindre-a-notre-equipe\/sieger-au-conseil-dadministration\",\"url\":\"https:\/\/ojen2024.turnbull.co\/fr\/contribuer-au-travail-du-roej\/se-joindre-a-notre-equipe\/sieger-au-conseil-dadministration\",\"name\":\"Si\u00e9ger au conseil d'administration - OJEN\",\"isPartOf\":{\"@id\":\"https:\/\/ojen2024.turnbull.co\/en\/#website\"},\"datePublished\":\"2016-11-29T13:01:55+00:00\",\"dateModified\":\"2025-07-12T08:35:48+00:00\",\"breadcrumb\":{\"@id\":\"https:\/\/ojen2024.turnbull.co\/fr\/contribuer-au-travail-du-roej\/se-joindre-a-notre-equipe\/sieger-au-conseil-dadministration#breadcrumb\"},\"inLanguage\":\"fr-CA\",\"potentialAction\":[{\"@type\":\"ReadAction\",\"target\":[\"https:\/\/ojen2024.turnbull.co\/fr\/contribuer-au-travail-du-roej\/se-joindre-a-notre-equipe\/sieger-au-conseil-dadministration\"]}]},{\"@type\":\"BreadcrumbList\",\"@id\":\"https:\/\/ojen2024.turnbull.co\/fr\/contribuer-au-travail-du-roej\/se-joindre-a-notre-equipe\/sieger-au-conseil-dadministration#breadcrumb\",\"itemListElement\":[{\"@type\":\"ListItem\",\"position\":1,\"name\":\"Home\",\"item\":\"https:\/\/ojen2024.turnbull.co\/fr\"},{\"@type\":\"ListItem\",\"position\":2,\"name\":\"Comment s\u2019impliquer\",\"item\":\"https:\/\/ojen2024.turnbull.co\/fr\/contribuer-au-travail-du-roej\"},{\"@type\":\"ListItem\",\"position\":3,\"name\":\"Se joindre \u00e0 notre \u00e9quipe\",\"item\":\"https:\/\/ojen2024.turnbull.co\/fr\/contribuer-au-travail-du-roej\/se-joindre-a-notre-equipe\"},{\"@type\":\"ListItem\",\"position\":4,\"name\":\"Si\u00e9ger au conseil d&#8217;administration\"}]},{\"@type\":\"WebSite\",\"@id\":\"https:\/\/ojen2024.turnbull.co\/en\/#website\",\"url\":\"https:\/\/ojen2024.turnbull.co\/en\/\",\"name\":\"OJEN\",\"description\":\"\",\"potentialAction\":[{\"@type\":\"SearchAction\",\"target\":{\"@type\":\"EntryPoint\",\"urlTemplate\":\"https:\/\/ojen2024.turnbull.co\/en\/?s={search_term_string}\"},\"query-input\":{\"@type\":\"PropertyValueSpecification\",\"valueRequired\":true,\"valueName\":\"search_term_string\"}}],\"inLanguage\":\"fr-CA\"}]}<\/script>\n<!-- \/ Yoast SEO plugin. -->","yoast_head_json":{"title":"Si\u00e9ger au conseil d'administration - OJEN","robots":{"index":"noindex","follow":"follow","max-snippet":"max-snippet:-1","max-image-preview":"max-image-preview:large","max-video-preview":"max-video-preview:-1"},"og_locale":"fr_CA","og_type":"article","og_title":"Si\u00e9ger au conseil d'administration - OJEN","og_description":"La plupart des membres du conseil d&rsquo;administration du ROEJ sont nomm\u00e9es par nos principaux organismes partenaires du secteur de la justice et de l&rsquo;\u00e9ducation. Cependant, nous avons cinq&nbsp;autres postes qui sont r\u00e9serv\u00e9s \u00e0 des enseignants, \u00e0 des \u00e9tudiants et \u00e0 des personnes du d\u00e9veloppement communautaire. Nous ne recrutons pas des administrateurs pour le conseil d&rsquo;administration [&hellip;]","og_url":"https:\/\/ojen2024.turnbull.co\/fr\/contribuer-au-travail-du-roej\/se-joindre-a-notre-equipe\/sieger-au-conseil-dadministration","og_site_name":"OJEN","article_publisher":"https:\/\/www.facebook.com\/pages\/OJEN\/252115501467864","article_modified_time":"2025-07-12T08:35:48+00:00","twitter_card":"summary_large_image","twitter_site":"@OJEN_ROEJ","twitter_misc":{"Estimation du temps de lecture":"1 minute"},"schema":{"@context":"https:\/\/schema.org","@graph":[{"@type":"WebPage","@id":"https:\/\/ojen2024.turnbull.co\/fr\/contribuer-au-travail-du-roej\/se-joindre-a-notre-equipe\/sieger-au-conseil-dadministration","url":"https:\/\/ojen2024.turnbull.co\/fr\/contribuer-au-travail-du-roej\/se-joindre-a-notre-equipe\/sieger-au-conseil-dadministration","name":"Si\u00e9ger au conseil d'administration - OJEN","isPartOf":{"@id":"https:\/\/ojen2024.turnbull.co\/en\/#website"},"datePublished":"2016-11-29T13:01:55+00:00","dateModified":"2025-07-12T08:35:48+00:00","breadcrumb":{"@id":"https:\/\/ojen2024.turnbull.co\/fr\/contribuer-au-travail-du-roej\/se-joindre-a-notre-equipe\/sieger-au-conseil-dadministration#breadcrumb"},"inLanguage":"fr-CA","potentialAction":[{"@type":"ReadAction","target":["https:\/\/ojen2024.turnbull.co\/fr\/contribuer-au-travail-du-roej\/se-joindre-a-notre-equipe\/sieger-au-conseil-dadministration"]}]},{"@type":"BreadcrumbList","@id":"https:\/\/ojen2024.turnbull.co\/fr\/contribuer-au-travail-du-roej\/se-joindre-a-notre-equipe\/sieger-au-conseil-dadministration#breadcrumb","itemListElement":[{"@type":"ListItem","position":1,"name":"Home","item":"https:\/\/ojen2024.turnbull.co\/fr"},{"@type":"ListItem","position":2,"name":"Comment s\u2019impliquer","item":"https:\/\/ojen2024.turnbull.co\/fr\/contribuer-au-travail-du-roej"},{"@type":"ListItem","position":3,"name":"Se joindre \u00e0 notre \u00e9quipe","item":"https:\/\/ojen2024.turnbull.co\/fr\/contribuer-au-travail-du-roej\/se-joindre-a-notre-equipe"},{"@type":"ListItem","position":4,"name":"Si\u00e9ger au conseil d&#8217;administration"}]},{"@type":"WebSite","@id":"https:\/\/ojen2024.turnbull.co\/en\/#website","url":"https:\/\/ojen2024.turnbull.co\/en\/","name":"OJEN","description":"","potentialAction":[{"@type":"SearchAction","target":{"@type":"EntryPoint","urlTemplate":"https:\/\/ojen2024.turnbull.co\/en\/?s={search_term_string}"},"query-input":{"@type":"PropertyValueSpecification","valueRequired":true,"valueName":"search_term_string"}}],"inLanguage":"fr-CA"}]}},"_links":{"self":[{"href":"https:\/\/ojen2024.turnbull.co\/fr\/wp-json\/wp\/v2\/pages\/8043"}],"collection":[{"href":"https:\/\/ojen2024.turnbull.co\/fr\/wp-json\/wp\/v2\/pages"}],"about":[{"href":"https:\/\/ojen2024.turnbull.co\/fr\/wp-json\/wp\/v2\/types\/page"}],"author":[{"embeddable":true,"href":"https:\/\/ojen2024.turnbull.co\/fr\/wp-json\/wp\/v2\/users\/4"}],"replies":[{"embeddable":true,"href":"https:\/\/ojen2024.turnbull.co\/fr\/wp-json\/wp\/v2\/comments?post=8043"}],"version-history":[{"count":0,"href":"https:\/\/ojen2024.turnbull.co\/fr\/wp-json\/wp\/v2\/pages\/8043\/revisions"}],"up":[{"embeddable":true,"href":"https:\/\/ojen2024.turnbull.co\/fr\/wp-json\/wp\/v2\/pages\/8037"}],"wp:attachment":[{"href":"https:\/\/ojen2024.turnbull.co\/fr\/wp-json\/wp\/v2\/media?parent=8043"}],"curies":[{"name":"wp","href":"https:\/\/api.w.org\/{rel}","templated":true}]}}