{"id":8045,"date":"2016-11-29T08:08:43","date_gmt":"2016-11-29T13:08:43","guid":{"rendered":"http:\/\/ojen.ca\/fr\/?page_id=8045"},"modified":"2025-07-12T04:46:03","modified_gmt":"2025-07-12T08:46:03","slug":"nous-commanditer","status":"publish","type":"page","link":"https:\/\/ojen2024.turnbull.co\/fr\/contribuer-au-travail-du-roej\/soutenez-nous\/nous-commanditer","title":{"rendered":"Commanditer un \u00e9v\u00e8nement, stage ou d\u00e9tachement"},"content":{"rendered":"<p>Le ROEJ est un petit organisme de bienfaisance sans but lucratif qui dispose d&rsquo;un budget tr\u00e8s limit\u00e9. Nous offrons nos programmes et nos services gratuitement ou au prix co\u00fbtant. Les cabinets d&rsquo;avocats et autres organismes peuvent r\u00e9ellement faire une diff\u00e9rence en commanditant un \u00e9v\u00e9nement du ROEJ, un stage ou le d\u00e9tachement d&rsquo;un(e) enseignant(e). Voyez comment certains de nos commanditaires nous ont permis d\u2019\u00e9tirer notre budget et d\u2019am\u00e9liorer nos programmes et services! Si vous trouvez ces histoires inspirantes, communiquez avec notre directrice g\u00e9n\u00e9rale, Jess Reekie, \u00e0 <a href=\"mailto:jreekie@ojen.ca\">jreekie@ojen.ca<\/a>, pour discuter des occasions de commandite.<\/p>\n<p><strong>Portrait d\u2019un commanditaire&nbsp;: Gluckstein Personal Injury Lawyers<\/strong><\/p>\n<p>Dans le cadre d&rsquo;une approche innovatrice visant \u00e0 appuyer l&rsquo;\u00e9ducation juridique, le cabinet Gluckstein Personal Injury Lawyers a parrain\u00e9 le salaire d&rsquo;une enseignante du secondaire qui a \u00e9t\u00e9 d\u00e9tach\u00e9e aupr\u00e8s du ROEJ pendant cinq mois en 2015.<\/p>\n<p>Vivian Garofalo, une enseignante du York Region District School Board, a apport\u00e9 une profusion de connaissances sur l\u2019enseignement en salle de classe \u00e0 l&rsquo;Unit\u00e9 de soutien aux \u00e9ducateurs du ROEJ. \u00c0 titre d&rsquo;enseignante chevronn\u00e9e du cours de droit au secondaire, Vivian a elle-m\u00eame utilis\u00e9 les ressources p\u00e9dagogiques du ROEJ pendant de nombreuses ann\u00e9es et a particip\u00e9 \u00e0 nos ateliers de perfectionnement professionnel.<\/p>\n<p>Son d\u00e9tachement aupr\u00e8s du ROEJ lui a permis d&rsquo;explorer sa passion pour le droit de l&rsquo;immigration et des r\u00e9fugi\u00e9s en dirigeant l&rsquo;\u00e9laboration d&rsquo;une ressource p\u00e9dagogique compos\u00e9e de plusieurs modules qui explorent les facteurs sociaux, \u00e9conomiques et culturels qui ont influenc\u00e9 les politiques et les lois du Canada relativement \u00e0 l&rsquo;immigration et aux r\u00e9fugi\u00e9s.<\/p>\n<p>Vivian a \u00e9galement con\u00e7u et \u00e9labor\u00e9 du contenu pour une s\u00e9rie de webinaires en format balado qui seront utilis\u00e9s pour former les enseignants. Chaque balado met l&rsquo;accent sur un aspect diff\u00e9rent du droit substantiel, notamment le droit civil, le droit criminel, le droit administratif et le droit international.<\/p>\n","protected":false},"excerpt":{"rendered":"<p>Le ROEJ est un petit organisme de bienfaisance sans but lucratif qui dispose d&rsquo;un budget tr\u00e8s limit\u00e9. Nous offrons nos programmes et nos services gratuitement ou au prix co\u00fbtant. Les cabinets d&rsquo;avocats et autres organismes peuvent r\u00e9ellement faire une diff\u00e9rence en commanditant un \u00e9v\u00e9nement du ROEJ, un stage ou le d\u00e9tachement d&rsquo;un(e) enseignant(e). Voyez comment [&hellip;]<\/p>\n","protected":false},"author":4,"featured_media":0,"parent":30171,"menu_order":0,"comment_status":"closed","ping_status":"closed","template":"","meta":{"_acf_changed":false,"_eb_attr":"","inline_featured_image":false,"ub_ctt_via":"","footnotes":""},"class_list":["post-8045","page","type-page","status-publish","hentry"],"acf":[],"featured_image_src":null,"yoast_head":"<!-- This site is optimized with the Yoast SEO plugin v25.3 - https:\/\/yoast.com\/wordpress\/plugins\/seo\/ -->\n<title>Commanditer un \u00e9v\u00e8nement, stage ou d\u00e9tachement - OJEN<\/title>\n<meta name=\"robots\" content=\"noindex, follow, max-snippet:-1, max-image-preview:large, max-video-preview:-1\" \/>\n<meta property=\"og:locale\" content=\"fr_CA\" \/>\n<meta property=\"og:type\" content=\"article\" \/>\n<meta property=\"og:title\" content=\"Commanditer un \u00e9v\u00e8nement, stage ou d\u00e9tachement - OJEN\" \/>\n<meta property=\"og:description\" content=\"Le ROEJ est un petit organisme de bienfaisance sans but lucratif qui dispose d&rsquo;un budget tr\u00e8s limit\u00e9. Nous offrons nos programmes et nos services gratuitement ou au prix co\u00fbtant. Les cabinets d&rsquo;avocats et autres organismes peuvent r\u00e9ellement faire une diff\u00e9rence en commanditant un \u00e9v\u00e9nement du ROEJ, un stage ou le d\u00e9tachement d&rsquo;un(e) enseignant(e). Voyez comment [&hellip;]\" \/>\n<meta property=\"og:url\" content=\"https:\/\/ojen2024.turnbull.co\/fr\/contribuer-au-travail-du-roej\/soutenez-nous\/nous-commanditer\" \/>\n<meta property=\"og:site_name\" content=\"OJEN\" \/>\n<meta property=\"article:publisher\" content=\"https:\/\/www.facebook.com\/pages\/OJEN\/252115501467864\" \/>\n<meta property=\"article:modified_time\" content=\"2025-07-12T08:46:03+00:00\" \/>\n<meta name=\"twitter:card\" content=\"summary_large_image\" \/>\n<meta name=\"twitter:site\" content=\"@OJEN_ROEJ\" \/>\n<meta name=\"twitter:label1\" content=\"Estimation du temps de lecture\" \/>\n\t<meta name=\"twitter:data1\" content=\"2 minutes\" \/>\n<script type=\"application\/ld+json\" class=\"yoast-schema-graph\">{\"@context\":\"https:\/\/schema.org\",\"@graph\":[{\"@type\":\"WebPage\",\"@id\":\"https:\/\/ojen2024.turnbull.co\/fr\/contribuer-au-travail-du-roej\/soutenez-nous\/nous-commanditer\",\"url\":\"https:\/\/ojen2024.turnbull.co\/fr\/contribuer-au-travail-du-roej\/soutenez-nous\/nous-commanditer\",\"name\":\"Commanditer un \u00e9v\u00e8nement, stage ou d\u00e9tachement - OJEN\",\"isPartOf\":{\"@id\":\"https:\/\/ojen2024.turnbull.co\/en\/#website\"},\"datePublished\":\"2016-11-29T13:08:43+00:00\",\"dateModified\":\"2025-07-12T08:46:03+00:00\",\"breadcrumb\":{\"@id\":\"https:\/\/ojen2024.turnbull.co\/fr\/contribuer-au-travail-du-roej\/soutenez-nous\/nous-commanditer#breadcrumb\"},\"inLanguage\":\"fr-CA\",\"potentialAction\":[{\"@type\":\"ReadAction\",\"target\":[\"https:\/\/ojen2024.turnbull.co\/fr\/contribuer-au-travail-du-roej\/soutenez-nous\/nous-commanditer\"]}]},{\"@type\":\"BreadcrumbList\",\"@id\":\"https:\/\/ojen2024.turnbull.co\/fr\/contribuer-au-travail-du-roej\/soutenez-nous\/nous-commanditer#breadcrumb\",\"itemListElement\":[{\"@type\":\"ListItem\",\"position\":1,\"name\":\"Home\",\"item\":\"https:\/\/ojen2024.turnbull.co\/fr\"},{\"@type\":\"ListItem\",\"position\":2,\"name\":\"Comment s\u2019impliquer\",\"item\":\"https:\/\/ojen2024.turnbull.co\/fr\/contribuer-au-travail-du-roej\"},{\"@type\":\"ListItem\",\"position\":3,\"name\":\"Soutenez-nous\",\"item\":\"https:\/\/ojen2024.turnbull.co\/fr\/contribuer-au-travail-du-roej\/soutenez-nous\"},{\"@type\":\"ListItem\",\"position\":4,\"name\":\"Commanditer un \u00e9v\u00e8nement, stage ou d\u00e9tachement\"}]},{\"@type\":\"WebSite\",\"@id\":\"https:\/\/ojen2024.turnbull.co\/en\/#website\",\"url\":\"https:\/\/ojen2024.turnbull.co\/en\/\",\"name\":\"OJEN\",\"description\":\"\",\"potentialAction\":[{\"@type\":\"SearchAction\",\"target\":{\"@type\":\"EntryPoint\",\"urlTemplate\":\"https:\/\/ojen2024.turnbull.co\/en\/?s={search_term_string}\"},\"query-input\":{\"@type\":\"PropertyValueSpecification\",\"valueRequired\":true,\"valueName\":\"search_term_string\"}}],\"inLanguage\":\"fr-CA\"}]}<\/script>\n<!-- \/ Yoast SEO plugin. -->","yoast_head_json":{"title":"Commanditer un \u00e9v\u00e8nement, stage ou d\u00e9tachement - OJEN","robots":{"index":"noindex","follow":"follow","max-snippet":"max-snippet:-1","max-image-preview":"max-image-preview:large","max-video-preview":"max-video-preview:-1"},"og_locale":"fr_CA","og_type":"article","og_title":"Commanditer un \u00e9v\u00e8nement, stage ou d\u00e9tachement - OJEN","og_description":"Le ROEJ est un petit organisme de bienfaisance sans but lucratif qui dispose d&rsquo;un budget tr\u00e8s limit\u00e9. Nous offrons nos programmes et nos services gratuitement ou au prix co\u00fbtant. Les cabinets d&rsquo;avocats et autres organismes peuvent r\u00e9ellement faire une diff\u00e9rence en commanditant un \u00e9v\u00e9nement du ROEJ, un stage ou le d\u00e9tachement d&rsquo;un(e) enseignant(e). Voyez comment [&hellip;]","og_url":"https:\/\/ojen2024.turnbull.co\/fr\/contribuer-au-travail-du-roej\/soutenez-nous\/nous-commanditer","og_site_name":"OJEN","article_publisher":"https:\/\/www.facebook.com\/pages\/OJEN\/252115501467864","article_modified_time":"2025-07-12T08:46:03+00:00","twitter_card":"summary_large_image","twitter_site":"@OJEN_ROEJ","twitter_misc":{"Estimation du temps de lecture":"2 minutes"},"schema":{"@context":"https:\/\/schema.org","@graph":[{"@type":"WebPage","@id":"https:\/\/ojen2024.turnbull.co\/fr\/contribuer-au-travail-du-roej\/soutenez-nous\/nous-commanditer","url":"https:\/\/ojen2024.turnbull.co\/fr\/contribuer-au-travail-du-roej\/soutenez-nous\/nous-commanditer","name":"Commanditer un \u00e9v\u00e8nement, stage ou d\u00e9tachement - OJEN","isPartOf":{"@id":"https:\/\/ojen2024.turnbull.co\/en\/#website"},"datePublished":"2016-11-29T13:08:43+00:00","dateModified":"2025-07-12T08:46:03+00:00","breadcrumb":{"@id":"https:\/\/ojen2024.turnbull.co\/fr\/contribuer-au-travail-du-roej\/soutenez-nous\/nous-commanditer#breadcrumb"},"inLanguage":"fr-CA","potentialAction":[{"@type":"ReadAction","target":["https:\/\/ojen2024.turnbull.co\/fr\/contribuer-au-travail-du-roej\/soutenez-nous\/nous-commanditer"]}]},{"@type":"BreadcrumbList","@id":"https:\/\/ojen2024.turnbull.co\/fr\/contribuer-au-travail-du-roej\/soutenez-nous\/nous-commanditer#breadcrumb","itemListElement":[{"@type":"ListItem","position":1,"name":"Home","item":"https:\/\/ojen2024.turnbull.co\/fr"},{"@type":"ListItem","position":2,"name":"Comment s\u2019impliquer","item":"https:\/\/ojen2024.turnbull.co\/fr\/contribuer-au-travail-du-roej"},{"@type":"ListItem","position":3,"name":"Soutenez-nous","item":"https:\/\/ojen2024.turnbull.co\/fr\/contribuer-au-travail-du-roej\/soutenez-nous"},{"@type":"ListItem","position":4,"name":"Commanditer un \u00e9v\u00e8nement, stage ou d\u00e9tachement"}]},{"@type":"WebSite","@id":"https:\/\/ojen2024.turnbull.co\/en\/#website","url":"https:\/\/ojen2024.turnbull.co\/en\/","name":"OJEN","description":"","potentialAction":[{"@type":"SearchAction","target":{"@type":"EntryPoint","urlTemplate":"https:\/\/ojen2024.turnbull.co\/en\/?s={search_term_string}"},"query-input":{"@type":"PropertyValueSpecification","valueRequired":true,"valueName":"search_term_string"}}],"inLanguage":"fr-CA"}]}},"_links":{"self":[{"href":"https:\/\/ojen2024.turnbull.co\/fr\/wp-json\/wp\/v2\/pages\/8045"}],"collection":[{"href":"https:\/\/ojen2024.turnbull.co\/fr\/wp-json\/wp\/v2\/pages"}],"about":[{"href":"https:\/\/ojen2024.turnbull.co\/fr\/wp-json\/wp\/v2\/types\/page"}],"author":[{"embeddable":true,"href":"https:\/\/ojen2024.turnbull.co\/fr\/wp-json\/wp\/v2\/users\/4"}],"replies":[{"embeddable":true,"href":"https:\/\/ojen2024.turnbull.co\/fr\/wp-json\/wp\/v2\/comments?post=8045"}],"version-history":[{"count":0,"href":"https:\/\/ojen2024.turnbull.co\/fr\/wp-json\/wp\/v2\/pages\/8045\/revisions"}],"up":[{"embeddable":true,"href":"https:\/\/ojen2024.turnbull.co\/fr\/wp-json\/wp\/v2\/pages\/30171"}],"wp:attachment":[{"href":"https:\/\/ojen2024.turnbull.co\/fr\/wp-json\/wp\/v2\/media?parent=8045"}],"curies":[{"name":"wp","href":"https:\/\/api.w.org\/{rel}","templated":true}]}}