{"id":8047,"date":"2016-11-29T08:09:41","date_gmt":"2016-11-29T13:09:41","guid":{"rendered":"http:\/\/ojen.ca\/fr\/?page_id=8047"},"modified":"2021-05-03T15:25:47","modified_gmt":"2021-05-03T19:25:47","slug":"organiser-une-formation-pour-enseignants","status":"publish","type":"page","link":"https:\/\/ojen2024.turnbull.co\/fr\/contribuer-au-travail-du-roej\/organiser-une-formation-pour-enseignants","title":{"rendered":"Organiser une formation pour enseignants"},"content":{"rendered":"<p>Le ROEJ s&rsquo;associe avec des organismes formidables pour offrir des occasions de perfectionnement professionnel et des formations efficaces et de haute qualit\u00e9 aux enseignants de l&rsquo;Ontario. Notre approche en mati\u00e8re de perfectionnement professionnel est diff\u00e9rente&nbsp;: nos formations sont abordables et nous n&rsquo;oublions jamais que notre r\u00f4le n\u2019est pas de montrer aux enseignants comment enseigner. Nous nous concentrons plut\u00f4t sur l&rsquo;approfondissement des connaissances sur le droit et nous dirigeons les enseignants vers des ressources p\u00e9dagogiques fiables. Nous les aidons \u00e0 d\u00e9velopper leur capacit\u00e9 d&rsquo;enseigner les notions juridiques et \u00e0 d\u00e9velopper les capacit\u00e9s juridiques des jeunes.<\/p>\n<p>Si vous souhaitez organiser une s\u00e9ance de formation sans but lucratif pour les enseignants, nous serions heureux d&rsquo;en discuter avec vous. Communiquez avec Nat \u00e0 <a href=\"mailto:npaul@ojen.ca\">npaul@ojen.ca<\/a>.&nbsp;<\/p>\n<h3 class=\"r\">&nbsp;<\/h3>\n","protected":false},"excerpt":{"rendered":"<p>Le ROEJ s&rsquo;associe avec des organismes formidables pour offrir des occasions de perfectionnement professionnel et des formations efficaces et de haute qualit\u00e9 aux enseignants de l&rsquo;Ontario. Notre approche en mati\u00e8re de perfectionnement professionnel est diff\u00e9rente&nbsp;: nos formations sont abordables et nous n&rsquo;oublions jamais que notre r\u00f4le n\u2019est pas de montrer aux enseignants comment enseigner. Nous [&hellip;]<\/p>\n","protected":false},"author":4,"featured_media":0,"parent":8030,"menu_order":0,"comment_status":"closed","ping_status":"closed","template":"","meta":{"_acf_changed":false,"_eb_attr":"","inline_featured_image":false,"ub_ctt_via":"","footnotes":""},"class_list":["post-8047","page","type-page","status-publish","hentry"],"acf":[],"featured_image_src":null,"yoast_head":"<!-- This site is optimized with the Yoast SEO plugin v25.3 - https:\/\/yoast.com\/wordpress\/plugins\/seo\/ -->\n<title>Organiser une formation pour enseignants - OJEN<\/title>\n<meta name=\"robots\" content=\"noindex, follow, max-snippet:-1, max-image-preview:large, max-video-preview:-1\" \/>\n<meta property=\"og:locale\" content=\"fr_CA\" \/>\n<meta property=\"og:type\" content=\"article\" \/>\n<meta property=\"og:title\" content=\"Organiser une formation pour enseignants - OJEN\" \/>\n<meta property=\"og:description\" content=\"Le ROEJ s&rsquo;associe avec des organismes formidables pour offrir des occasions de perfectionnement professionnel et des formations efficaces et de haute qualit\u00e9 aux enseignants de l&rsquo;Ontario. Notre approche en mati\u00e8re de perfectionnement professionnel est diff\u00e9rente&nbsp;: nos formations sont abordables et nous n&rsquo;oublions jamais que notre r\u00f4le n\u2019est pas de montrer aux enseignants comment enseigner. Nous [&hellip;]\" \/>\n<meta property=\"og:url\" content=\"https:\/\/ojen2024.turnbull.co\/fr\/contribuer-au-travail-du-roej\/organiser-une-formation-pour-enseignants\" \/>\n<meta property=\"og:site_name\" content=\"OJEN\" \/>\n<meta property=\"article:publisher\" content=\"https:\/\/www.facebook.com\/pages\/OJEN\/252115501467864\" \/>\n<meta property=\"article:modified_time\" content=\"2021-05-03T19:25:47+00:00\" \/>\n<meta name=\"twitter:card\" content=\"summary_large_image\" \/>\n<meta name=\"twitter:site\" content=\"@OJEN_ROEJ\" \/>\n<meta name=\"twitter:label1\" content=\"Estimation du temps de lecture\" \/>\n\t<meta name=\"twitter:data1\" content=\"1 minute\" \/>\n<script type=\"application\/ld+json\" class=\"yoast-schema-graph\">{\"@context\":\"https:\/\/schema.org\",\"@graph\":[{\"@type\":\"WebPage\",\"@id\":\"https:\/\/ojen2024.turnbull.co\/fr\/contribuer-au-travail-du-roej\/organiser-une-formation-pour-enseignants\",\"url\":\"https:\/\/ojen2024.turnbull.co\/fr\/contribuer-au-travail-du-roej\/organiser-une-formation-pour-enseignants\",\"name\":\"Organiser une formation pour enseignants - OJEN\",\"isPartOf\":{\"@id\":\"https:\/\/ojen2024.turnbull.co\/en\/#website\"},\"datePublished\":\"2016-11-29T13:09:41+00:00\",\"dateModified\":\"2021-05-03T19:25:47+00:00\",\"breadcrumb\":{\"@id\":\"https:\/\/ojen2024.turnbull.co\/fr\/contribuer-au-travail-du-roej\/organiser-une-formation-pour-enseignants#breadcrumb\"},\"inLanguage\":\"fr-CA\",\"potentialAction\":[{\"@type\":\"ReadAction\",\"target\":[\"https:\/\/ojen2024.turnbull.co\/fr\/contribuer-au-travail-du-roej\/organiser-une-formation-pour-enseignants\"]}]},{\"@type\":\"BreadcrumbList\",\"@id\":\"https:\/\/ojen2024.turnbull.co\/fr\/contribuer-au-travail-du-roej\/organiser-une-formation-pour-enseignants#breadcrumb\",\"itemListElement\":[{\"@type\":\"ListItem\",\"position\":1,\"name\":\"Home\",\"item\":\"https:\/\/ojen2024.turnbull.co\/fr\"},{\"@type\":\"ListItem\",\"position\":2,\"name\":\"Comment s\u2019impliquer\",\"item\":\"https:\/\/ojen2024.turnbull.co\/fr\/contribuer-au-travail-du-roej\"},{\"@type\":\"ListItem\",\"position\":3,\"name\":\"Organiser une formation pour enseignants\"}]},{\"@type\":\"WebSite\",\"@id\":\"https:\/\/ojen2024.turnbull.co\/en\/#website\",\"url\":\"https:\/\/ojen2024.turnbull.co\/en\/\",\"name\":\"OJEN\",\"description\":\"\",\"potentialAction\":[{\"@type\":\"SearchAction\",\"target\":{\"@type\":\"EntryPoint\",\"urlTemplate\":\"https:\/\/ojen2024.turnbull.co\/en\/?s={search_term_string}\"},\"query-input\":{\"@type\":\"PropertyValueSpecification\",\"valueRequired\":true,\"valueName\":\"search_term_string\"}}],\"inLanguage\":\"fr-CA\"}]}<\/script>\n<!-- \/ Yoast SEO plugin. -->","yoast_head_json":{"title":"Organiser une formation pour enseignants - OJEN","robots":{"index":"noindex","follow":"follow","max-snippet":"max-snippet:-1","max-image-preview":"max-image-preview:large","max-video-preview":"max-video-preview:-1"},"og_locale":"fr_CA","og_type":"article","og_title":"Organiser une formation pour enseignants - OJEN","og_description":"Le ROEJ s&rsquo;associe avec des organismes formidables pour offrir des occasions de perfectionnement professionnel et des formations efficaces et de haute qualit\u00e9 aux enseignants de l&rsquo;Ontario. Notre approche en mati\u00e8re de perfectionnement professionnel est diff\u00e9rente&nbsp;: nos formations sont abordables et nous n&rsquo;oublions jamais que notre r\u00f4le n\u2019est pas de montrer aux enseignants comment enseigner. Nous [&hellip;]","og_url":"https:\/\/ojen2024.turnbull.co\/fr\/contribuer-au-travail-du-roej\/organiser-une-formation-pour-enseignants","og_site_name":"OJEN","article_publisher":"https:\/\/www.facebook.com\/pages\/OJEN\/252115501467864","article_modified_time":"2021-05-03T19:25:47+00:00","twitter_card":"summary_large_image","twitter_site":"@OJEN_ROEJ","twitter_misc":{"Estimation du temps de lecture":"1 minute"},"schema":{"@context":"https:\/\/schema.org","@graph":[{"@type":"WebPage","@id":"https:\/\/ojen2024.turnbull.co\/fr\/contribuer-au-travail-du-roej\/organiser-une-formation-pour-enseignants","url":"https:\/\/ojen2024.turnbull.co\/fr\/contribuer-au-travail-du-roej\/organiser-une-formation-pour-enseignants","name":"Organiser une formation pour enseignants - OJEN","isPartOf":{"@id":"https:\/\/ojen2024.turnbull.co\/en\/#website"},"datePublished":"2016-11-29T13:09:41+00:00","dateModified":"2021-05-03T19:25:47+00:00","breadcrumb":{"@id":"https:\/\/ojen2024.turnbull.co\/fr\/contribuer-au-travail-du-roej\/organiser-une-formation-pour-enseignants#breadcrumb"},"inLanguage":"fr-CA","potentialAction":[{"@type":"ReadAction","target":["https:\/\/ojen2024.turnbull.co\/fr\/contribuer-au-travail-du-roej\/organiser-une-formation-pour-enseignants"]}]},{"@type":"BreadcrumbList","@id":"https:\/\/ojen2024.turnbull.co\/fr\/contribuer-au-travail-du-roej\/organiser-une-formation-pour-enseignants#breadcrumb","itemListElement":[{"@type":"ListItem","position":1,"name":"Home","item":"https:\/\/ojen2024.turnbull.co\/fr"},{"@type":"ListItem","position":2,"name":"Comment s\u2019impliquer","item":"https:\/\/ojen2024.turnbull.co\/fr\/contribuer-au-travail-du-roej"},{"@type":"ListItem","position":3,"name":"Organiser une formation pour enseignants"}]},{"@type":"WebSite","@id":"https:\/\/ojen2024.turnbull.co\/en\/#website","url":"https:\/\/ojen2024.turnbull.co\/en\/","name":"OJEN","description":"","potentialAction":[{"@type":"SearchAction","target":{"@type":"EntryPoint","urlTemplate":"https:\/\/ojen2024.turnbull.co\/en\/?s={search_term_string}"},"query-input":{"@type":"PropertyValueSpecification","valueRequired":true,"valueName":"search_term_string"}}],"inLanguage":"fr-CA"}]}},"_links":{"self":[{"href":"https:\/\/ojen2024.turnbull.co\/fr\/wp-json\/wp\/v2\/pages\/8047"}],"collection":[{"href":"https:\/\/ojen2024.turnbull.co\/fr\/wp-json\/wp\/v2\/pages"}],"about":[{"href":"https:\/\/ojen2024.turnbull.co\/fr\/wp-json\/wp\/v2\/types\/page"}],"author":[{"embeddable":true,"href":"https:\/\/ojen2024.turnbull.co\/fr\/wp-json\/wp\/v2\/users\/4"}],"replies":[{"embeddable":true,"href":"https:\/\/ojen2024.turnbull.co\/fr\/wp-json\/wp\/v2\/comments?post=8047"}],"version-history":[{"count":0,"href":"https:\/\/ojen2024.turnbull.co\/fr\/wp-json\/wp\/v2\/pages\/8047\/revisions"}],"up":[{"embeddable":true,"href":"https:\/\/ojen2024.turnbull.co\/fr\/wp-json\/wp\/v2\/pages\/8030"}],"wp:attachment":[{"href":"https:\/\/ojen2024.turnbull.co\/fr\/wp-json\/wp\/v2\/media?parent=8047"}],"curies":[{"name":"wp","href":"https:\/\/api.w.org\/{rel}","templated":true}]}}