{"id":8049,"date":"2016-11-29T08:13:17","date_gmt":"2016-11-29T13:13:17","guid":{"rendered":"http:\/\/ojen.ca\/fr\/?page_id=8049"},"modified":"2025-07-12T04:38:28","modified_gmt":"2025-07-12T08:38:28","slug":"creer-ou-se-joindre-a-un-comite-local-du-roej","status":"publish","type":"page","link":"https:\/\/ojen2024.turnbull.co\/fr\/contribuer-au-travail-du-roej\/devenez-benevole\/creer-ou-se-joindre-a-un-comite-local-du-roej","title":{"rendered":"Devenir membre d&rsquo;un comit\u00e9 local"},"content":{"rendered":"<p>D&rsquo;un bout \u00e0 l&rsquo;autre de l&rsquo;Ontario, des personnes qui travaillent dans les secteurs de la justice et de l&rsquo;\u00e9ducation mettent sur pied des comit\u00e9s pour coordonner des projets d&rsquo;\u00e9ducation juridique avec l\u2019aide du ROEJ. Ils soutiennent notre travail en&nbsp;:<\/p>\n<ul>\n<li>organisant des visites de palais de justice pour les \u00e9coles;<\/li>\n<li>aidant \u00e0 organiser des comp\u00e9titions de proc\u00e8s simul\u00e9s ou des proc\u00e8s simul\u00e9s exp\u00e9rientiels;<\/li>\n<li>\u00e9laborant des ressources et des programmes adapt\u00e9s \u00e0 divers groupes d&rsquo;\u00e2ge et au curriculum;<\/li>\n<li>visitant des \u00e9coles pour les faire profiter de leur expertise;<\/li>\n<li>jouant le r\u00f4le de juges lors des proc\u00e8s simul\u00e9s ou des tournois juridiques;<\/li>\n<li>coordonnant les formations pour enseignants;<\/li>\n<li>jouant le r\u00f4le de liaison avec les partenaires locaux en vue d\u2019offrir des programmes;<\/li>\n<li>coordonnant les activit\u00e9s de sensibilisation aupr\u00e8s des communaut\u00e9s prioritaires dans leur r\u00e9gion.<\/li>\n<\/ul>\n<p><span style=\"color: #000000;\">Si vous etes avocat.e, juge, enseignant.e, parajuriste, officier de police ou \u00e9tudiant.e en droit et vous souhaitez vous joindre \u00e0 un comit\u00e9 local du ROEJ ou en mettre un sur pied dans votre r\u00e9gion, communiquez avec nous \u00e0 <a href=\"mailto:regions@ojen.ca\">regions@ojen.ca<\/a>. <\/span><\/p>\n","protected":false},"excerpt":{"rendered":"<p>D&rsquo;un bout \u00e0 l&rsquo;autre de l&rsquo;Ontario, des personnes qui travaillent dans les secteurs de la justice et de l&rsquo;\u00e9ducation mettent sur pied des comit\u00e9s pour coordonner des projets d&rsquo;\u00e9ducation juridique avec l\u2019aide du ROEJ. Ils soutiennent notre travail en&nbsp;: organisant des visites de palais de justice pour les \u00e9coles; aidant \u00e0 organiser des comp\u00e9titions de [&hellip;]<\/p>\n","protected":false},"author":4,"featured_media":0,"parent":8033,"menu_order":0,"comment_status":"closed","ping_status":"closed","template":"","meta":{"_acf_changed":false,"_eb_attr":"","inline_featured_image":false,"ub_ctt_via":"","footnotes":""},"class_list":["post-8049","page","type-page","status-publish","hentry"],"acf":[],"featured_image_src":null,"yoast_head":"<!-- This site is optimized with the Yoast SEO plugin v25.3 - https:\/\/yoast.com\/wordpress\/plugins\/seo\/ -->\n<title>Devenir membre d&#039;un comit\u00e9 local - OJEN<\/title>\n<meta name=\"robots\" content=\"noindex, follow, max-snippet:-1, max-image-preview:large, max-video-preview:-1\" \/>\n<meta property=\"og:locale\" content=\"fr_CA\" \/>\n<meta property=\"og:type\" content=\"article\" \/>\n<meta property=\"og:title\" content=\"Devenir membre d&#039;un comit\u00e9 local - OJEN\" \/>\n<meta property=\"og:description\" content=\"D&rsquo;un bout \u00e0 l&rsquo;autre de l&rsquo;Ontario, des personnes qui travaillent dans les secteurs de la justice et de l&rsquo;\u00e9ducation mettent sur pied des comit\u00e9s pour coordonner des projets d&rsquo;\u00e9ducation juridique avec l\u2019aide du ROEJ. Ils soutiennent notre travail en&nbsp;: organisant des visites de palais de justice pour les \u00e9coles; aidant \u00e0 organiser des comp\u00e9titions de [&hellip;]\" \/>\n<meta property=\"og:url\" content=\"https:\/\/ojen2024.turnbull.co\/fr\/contribuer-au-travail-du-roej\/devenez-benevole\/creer-ou-se-joindre-a-un-comite-local-du-roej\" \/>\n<meta property=\"og:site_name\" content=\"OJEN\" \/>\n<meta property=\"article:publisher\" content=\"https:\/\/www.facebook.com\/pages\/OJEN\/252115501467864\" \/>\n<meta property=\"article:modified_time\" content=\"2025-07-12T08:38:28+00:00\" \/>\n<meta name=\"twitter:card\" content=\"summary_large_image\" \/>\n<meta name=\"twitter:site\" content=\"@OJEN_ROEJ\" \/>\n<meta name=\"twitter:label1\" content=\"Estimation du temps de lecture\" \/>\n\t<meta name=\"twitter:data1\" content=\"1 minute\" \/>\n<script type=\"application\/ld+json\" class=\"yoast-schema-graph\">{\"@context\":\"https:\/\/schema.org\",\"@graph\":[{\"@type\":\"WebPage\",\"@id\":\"https:\/\/ojen2024.turnbull.co\/fr\/contribuer-au-travail-du-roej\/devenez-benevole\/creer-ou-se-joindre-a-un-comite-local-du-roej\",\"url\":\"https:\/\/ojen2024.turnbull.co\/fr\/contribuer-au-travail-du-roej\/devenez-benevole\/creer-ou-se-joindre-a-un-comite-local-du-roej\",\"name\":\"Devenir membre d'un comit\u00e9 local - OJEN\",\"isPartOf\":{\"@id\":\"https:\/\/ojen2024.turnbull.co\/en\/#website\"},\"datePublished\":\"2016-11-29T13:13:17+00:00\",\"dateModified\":\"2025-07-12T08:38:28+00:00\",\"breadcrumb\":{\"@id\":\"https:\/\/ojen2024.turnbull.co\/fr\/contribuer-au-travail-du-roej\/devenez-benevole\/creer-ou-se-joindre-a-un-comite-local-du-roej#breadcrumb\"},\"inLanguage\":\"fr-CA\",\"potentialAction\":[{\"@type\":\"ReadAction\",\"target\":[\"https:\/\/ojen2024.turnbull.co\/fr\/contribuer-au-travail-du-roej\/devenez-benevole\/creer-ou-se-joindre-a-un-comite-local-du-roej\"]}]},{\"@type\":\"BreadcrumbList\",\"@id\":\"https:\/\/ojen2024.turnbull.co\/fr\/contribuer-au-travail-du-roej\/devenez-benevole\/creer-ou-se-joindre-a-un-comite-local-du-roej#breadcrumb\",\"itemListElement\":[{\"@type\":\"ListItem\",\"position\":1,\"name\":\"Home\",\"item\":\"https:\/\/ojen2024.turnbull.co\/fr\"},{\"@type\":\"ListItem\",\"position\":2,\"name\":\"Comment s\u2019impliquer\",\"item\":\"https:\/\/ojen2024.turnbull.co\/fr\/contribuer-au-travail-du-roej\"},{\"@type\":\"ListItem\",\"position\":3,\"name\":\"Devenez b\u00e9n\u00e9vole\",\"item\":\"https:\/\/ojen2024.turnbull.co\/fr\/contribuer-au-travail-du-roej\/devenez-benevole\"},{\"@type\":\"ListItem\",\"position\":4,\"name\":\"Devenir membre d&#8217;un comit\u00e9 local\"}]},{\"@type\":\"WebSite\",\"@id\":\"https:\/\/ojen2024.turnbull.co\/en\/#website\",\"url\":\"https:\/\/ojen2024.turnbull.co\/en\/\",\"name\":\"OJEN\",\"description\":\"\",\"potentialAction\":[{\"@type\":\"SearchAction\",\"target\":{\"@type\":\"EntryPoint\",\"urlTemplate\":\"https:\/\/ojen2024.turnbull.co\/en\/?s={search_term_string}\"},\"query-input\":{\"@type\":\"PropertyValueSpecification\",\"valueRequired\":true,\"valueName\":\"search_term_string\"}}],\"inLanguage\":\"fr-CA\"}]}<\/script>\n<!-- \/ Yoast SEO plugin. -->","yoast_head_json":{"title":"Devenir membre d'un comit\u00e9 local - OJEN","robots":{"index":"noindex","follow":"follow","max-snippet":"max-snippet:-1","max-image-preview":"max-image-preview:large","max-video-preview":"max-video-preview:-1"},"og_locale":"fr_CA","og_type":"article","og_title":"Devenir membre d'un comit\u00e9 local - OJEN","og_description":"D&rsquo;un bout \u00e0 l&rsquo;autre de l&rsquo;Ontario, des personnes qui travaillent dans les secteurs de la justice et de l&rsquo;\u00e9ducation mettent sur pied des comit\u00e9s pour coordonner des projets d&rsquo;\u00e9ducation juridique avec l\u2019aide du ROEJ. Ils soutiennent notre travail en&nbsp;: organisant des visites de palais de justice pour les \u00e9coles; aidant \u00e0 organiser des comp\u00e9titions de [&hellip;]","og_url":"https:\/\/ojen2024.turnbull.co\/fr\/contribuer-au-travail-du-roej\/devenez-benevole\/creer-ou-se-joindre-a-un-comite-local-du-roej","og_site_name":"OJEN","article_publisher":"https:\/\/www.facebook.com\/pages\/OJEN\/252115501467864","article_modified_time":"2025-07-12T08:38:28+00:00","twitter_card":"summary_large_image","twitter_site":"@OJEN_ROEJ","twitter_misc":{"Estimation du temps de lecture":"1 minute"},"schema":{"@context":"https:\/\/schema.org","@graph":[{"@type":"WebPage","@id":"https:\/\/ojen2024.turnbull.co\/fr\/contribuer-au-travail-du-roej\/devenez-benevole\/creer-ou-se-joindre-a-un-comite-local-du-roej","url":"https:\/\/ojen2024.turnbull.co\/fr\/contribuer-au-travail-du-roej\/devenez-benevole\/creer-ou-se-joindre-a-un-comite-local-du-roej","name":"Devenir membre d'un comit\u00e9 local - OJEN","isPartOf":{"@id":"https:\/\/ojen2024.turnbull.co\/en\/#website"},"datePublished":"2016-11-29T13:13:17+00:00","dateModified":"2025-07-12T08:38:28+00:00","breadcrumb":{"@id":"https:\/\/ojen2024.turnbull.co\/fr\/contribuer-au-travail-du-roej\/devenez-benevole\/creer-ou-se-joindre-a-un-comite-local-du-roej#breadcrumb"},"inLanguage":"fr-CA","potentialAction":[{"@type":"ReadAction","target":["https:\/\/ojen2024.turnbull.co\/fr\/contribuer-au-travail-du-roej\/devenez-benevole\/creer-ou-se-joindre-a-un-comite-local-du-roej"]}]},{"@type":"BreadcrumbList","@id":"https:\/\/ojen2024.turnbull.co\/fr\/contribuer-au-travail-du-roej\/devenez-benevole\/creer-ou-se-joindre-a-un-comite-local-du-roej#breadcrumb","itemListElement":[{"@type":"ListItem","position":1,"name":"Home","item":"https:\/\/ojen2024.turnbull.co\/fr"},{"@type":"ListItem","position":2,"name":"Comment s\u2019impliquer","item":"https:\/\/ojen2024.turnbull.co\/fr\/contribuer-au-travail-du-roej"},{"@type":"ListItem","position":3,"name":"Devenez b\u00e9n\u00e9vole","item":"https:\/\/ojen2024.turnbull.co\/fr\/contribuer-au-travail-du-roej\/devenez-benevole"},{"@type":"ListItem","position":4,"name":"Devenir membre d&#8217;un comit\u00e9 local"}]},{"@type":"WebSite","@id":"https:\/\/ojen2024.turnbull.co\/en\/#website","url":"https:\/\/ojen2024.turnbull.co\/en\/","name":"OJEN","description":"","potentialAction":[{"@type":"SearchAction","target":{"@type":"EntryPoint","urlTemplate":"https:\/\/ojen2024.turnbull.co\/en\/?s={search_term_string}"},"query-input":{"@type":"PropertyValueSpecification","valueRequired":true,"valueName":"search_term_string"}}],"inLanguage":"fr-CA"}]}},"_links":{"self":[{"href":"https:\/\/ojen2024.turnbull.co\/fr\/wp-json\/wp\/v2\/pages\/8049"}],"collection":[{"href":"https:\/\/ojen2024.turnbull.co\/fr\/wp-json\/wp\/v2\/pages"}],"about":[{"href":"https:\/\/ojen2024.turnbull.co\/fr\/wp-json\/wp\/v2\/types\/page"}],"author":[{"embeddable":true,"href":"https:\/\/ojen2024.turnbull.co\/fr\/wp-json\/wp\/v2\/users\/4"}],"replies":[{"embeddable":true,"href":"https:\/\/ojen2024.turnbull.co\/fr\/wp-json\/wp\/v2\/comments?post=8049"}],"version-history":[{"count":0,"href":"https:\/\/ojen2024.turnbull.co\/fr\/wp-json\/wp\/v2\/pages\/8049\/revisions"}],"up":[{"embeddable":true,"href":"https:\/\/ojen2024.turnbull.co\/fr\/wp-json\/wp\/v2\/pages\/8033"}],"wp:attachment":[{"href":"https:\/\/ojen2024.turnbull.co\/fr\/wp-json\/wp\/v2\/media?parent=8049"}],"curies":[{"name":"wp","href":"https:\/\/api.w.org\/{rel}","templated":true}]}}