{"id":8051,"date":"2016-11-29T08:14:14","date_gmt":"2016-11-29T13:14:14","guid":{"rendered":"http:\/\/ojen.ca\/fr\/?page_id=8051"},"modified":"2021-05-03T15:32:41","modified_gmt":"2021-05-03T19:32:41","slug":"faire-don-de-vos-toges-ou-codes-criminels","status":"publish","type":"page","link":"https:\/\/ojen2024.turnbull.co\/fr\/contribuer-au-travail-du-roej\/faire-don-de-vos-toges-ou-codes-criminels","title":{"rendered":"Faire don de vos toges ou codes criminels"},"content":{"rendered":"<p>Attention&nbsp;: Appel \u00e0 tous les juges et avocats!<\/p>\n<p>Chaque ann\u00e9e, des centaines d&rsquo;\u00e9l\u00e8ves qui participent aux proc\u00e8s simul\u00e9s du ROEJ ont l\u2019occasion de pr\u00e9senter des arguments juridiques dans une vraie salle d&rsquo;audience. Si vous \u00eates avocat(e) ou juge, vous pouvez enrichir l\u2019exp\u00e9rience des \u00e9l\u00e8ves en faisant don de vos vieilles toges! Vous \u00eates pass\u00e9s du barreau \u00e0 la magistrature et n&rsquo;en avez plus besoin? Vous avez finalement remplac\u00e9 les vieilles toges que vous aviez achet\u00e9es apr\u00e8s vos \u00e9tudes en droit? Vous vous sentez soudainement et inexplicablement quelque peu \u00e0 l&rsquo;\u00e9troit dans vos vieilles toges? Elles sont parfaites pour nous!<\/p>\n<p>Les codes criminels peuvent \u00e9galement passer de mode. Vous en avez qui accumulent de la poussi\u00e8re dans votre bureau? Communiquez avec nous. Ils iront \u00e0 une bonne famille. Vous savez, les enseignants ne jettent rien&#8230;<\/p>\n<p>Communiquez avec nous \u00e0 <a href=\"mailto:info@ojen.ca\">info@ojen.ca<\/a> si vous avez des toges ou des codes criminels dont vous pourriez faire don.<\/p>\n","protected":false},"excerpt":{"rendered":"<p>Attention&nbsp;: Appel \u00e0 tous les juges et avocats! Chaque ann\u00e9e, des centaines d&rsquo;\u00e9l\u00e8ves qui participent aux proc\u00e8s simul\u00e9s du ROEJ ont l\u2019occasion de pr\u00e9senter des arguments juridiques dans une vraie salle d&rsquo;audience. Si vous \u00eates avocat(e) ou juge, vous pouvez enrichir l\u2019exp\u00e9rience des \u00e9l\u00e8ves en faisant don de vos vieilles toges! Vous \u00eates pass\u00e9s du [&hellip;]<\/p>\n","protected":false},"author":4,"featured_media":0,"parent":8030,"menu_order":0,"comment_status":"closed","ping_status":"closed","template":"","meta":{"_acf_changed":false,"_eb_attr":"","inline_featured_image":false,"ub_ctt_via":"","footnotes":""},"class_list":["post-8051","page","type-page","status-publish","hentry"],"acf":[],"featured_image_src":null,"yoast_head":"<!-- This site is optimized with the Yoast SEO plugin v25.3 - https:\/\/yoast.com\/wordpress\/plugins\/seo\/ -->\n<title>Faire don de vos toges ou codes criminels - OJEN<\/title>\n<meta name=\"robots\" content=\"noindex, follow, max-snippet:-1, max-image-preview:large, max-video-preview:-1\" \/>\n<meta property=\"og:locale\" content=\"fr_CA\" \/>\n<meta property=\"og:type\" content=\"article\" \/>\n<meta property=\"og:title\" content=\"Faire don de vos toges ou codes criminels - OJEN\" \/>\n<meta property=\"og:description\" content=\"Attention&nbsp;: Appel \u00e0 tous les juges et avocats! Chaque ann\u00e9e, des centaines d&rsquo;\u00e9l\u00e8ves qui participent aux proc\u00e8s simul\u00e9s du ROEJ ont l\u2019occasion de pr\u00e9senter des arguments juridiques dans une vraie salle d&rsquo;audience. Si vous \u00eates avocat(e) ou juge, vous pouvez enrichir l\u2019exp\u00e9rience des \u00e9l\u00e8ves en faisant don de vos vieilles toges! Vous \u00eates pass\u00e9s du [&hellip;]\" \/>\n<meta property=\"og:url\" content=\"https:\/\/ojen2024.turnbull.co\/fr\/contribuer-au-travail-du-roej\/faire-don-de-vos-toges-ou-codes-criminels\" \/>\n<meta property=\"og:site_name\" content=\"OJEN\" \/>\n<meta property=\"article:publisher\" content=\"https:\/\/www.facebook.com\/pages\/OJEN\/252115501467864\" \/>\n<meta property=\"article:modified_time\" content=\"2021-05-03T19:32:41+00:00\" \/>\n<meta name=\"twitter:card\" content=\"summary_large_image\" \/>\n<meta name=\"twitter:site\" content=\"@OJEN_ROEJ\" \/>\n<meta name=\"twitter:label1\" content=\"Estimation du temps de lecture\" \/>\n\t<meta name=\"twitter:data1\" content=\"1 minute\" \/>\n<script type=\"application\/ld+json\" class=\"yoast-schema-graph\">{\"@context\":\"https:\/\/schema.org\",\"@graph\":[{\"@type\":\"WebPage\",\"@id\":\"https:\/\/ojen2024.turnbull.co\/fr\/contribuer-au-travail-du-roej\/faire-don-de-vos-toges-ou-codes-criminels\",\"url\":\"https:\/\/ojen2024.turnbull.co\/fr\/contribuer-au-travail-du-roej\/faire-don-de-vos-toges-ou-codes-criminels\",\"name\":\"Faire don de vos toges ou codes criminels - OJEN\",\"isPartOf\":{\"@id\":\"https:\/\/ojen2024.turnbull.co\/en\/#website\"},\"datePublished\":\"2016-11-29T13:14:14+00:00\",\"dateModified\":\"2021-05-03T19:32:41+00:00\",\"breadcrumb\":{\"@id\":\"https:\/\/ojen2024.turnbull.co\/fr\/contribuer-au-travail-du-roej\/faire-don-de-vos-toges-ou-codes-criminels#breadcrumb\"},\"inLanguage\":\"fr-CA\",\"potentialAction\":[{\"@type\":\"ReadAction\",\"target\":[\"https:\/\/ojen2024.turnbull.co\/fr\/contribuer-au-travail-du-roej\/faire-don-de-vos-toges-ou-codes-criminels\"]}]},{\"@type\":\"BreadcrumbList\",\"@id\":\"https:\/\/ojen2024.turnbull.co\/fr\/contribuer-au-travail-du-roej\/faire-don-de-vos-toges-ou-codes-criminels#breadcrumb\",\"itemListElement\":[{\"@type\":\"ListItem\",\"position\":1,\"name\":\"Home\",\"item\":\"https:\/\/ojen2024.turnbull.co\/fr\"},{\"@type\":\"ListItem\",\"position\":2,\"name\":\"Comment s\u2019impliquer\",\"item\":\"https:\/\/ojen2024.turnbull.co\/fr\/contribuer-au-travail-du-roej\"},{\"@type\":\"ListItem\",\"position\":3,\"name\":\"Faire don de vos toges ou codes criminels\"}]},{\"@type\":\"WebSite\",\"@id\":\"https:\/\/ojen2024.turnbull.co\/en\/#website\",\"url\":\"https:\/\/ojen2024.turnbull.co\/en\/\",\"name\":\"OJEN\",\"description\":\"\",\"potentialAction\":[{\"@type\":\"SearchAction\",\"target\":{\"@type\":\"EntryPoint\",\"urlTemplate\":\"https:\/\/ojen2024.turnbull.co\/en\/?s={search_term_string}\"},\"query-input\":{\"@type\":\"PropertyValueSpecification\",\"valueRequired\":true,\"valueName\":\"search_term_string\"}}],\"inLanguage\":\"fr-CA\"}]}<\/script>\n<!-- \/ Yoast SEO plugin. -->","yoast_head_json":{"title":"Faire don de vos toges ou codes criminels - OJEN","robots":{"index":"noindex","follow":"follow","max-snippet":"max-snippet:-1","max-image-preview":"max-image-preview:large","max-video-preview":"max-video-preview:-1"},"og_locale":"fr_CA","og_type":"article","og_title":"Faire don de vos toges ou codes criminels - OJEN","og_description":"Attention&nbsp;: Appel \u00e0 tous les juges et avocats! Chaque ann\u00e9e, des centaines d&rsquo;\u00e9l\u00e8ves qui participent aux proc\u00e8s simul\u00e9s du ROEJ ont l\u2019occasion de pr\u00e9senter des arguments juridiques dans une vraie salle d&rsquo;audience. Si vous \u00eates avocat(e) ou juge, vous pouvez enrichir l\u2019exp\u00e9rience des \u00e9l\u00e8ves en faisant don de vos vieilles toges! Vous \u00eates pass\u00e9s du [&hellip;]","og_url":"https:\/\/ojen2024.turnbull.co\/fr\/contribuer-au-travail-du-roej\/faire-don-de-vos-toges-ou-codes-criminels","og_site_name":"OJEN","article_publisher":"https:\/\/www.facebook.com\/pages\/OJEN\/252115501467864","article_modified_time":"2021-05-03T19:32:41+00:00","twitter_card":"summary_large_image","twitter_site":"@OJEN_ROEJ","twitter_misc":{"Estimation du temps de lecture":"1 minute"},"schema":{"@context":"https:\/\/schema.org","@graph":[{"@type":"WebPage","@id":"https:\/\/ojen2024.turnbull.co\/fr\/contribuer-au-travail-du-roej\/faire-don-de-vos-toges-ou-codes-criminels","url":"https:\/\/ojen2024.turnbull.co\/fr\/contribuer-au-travail-du-roej\/faire-don-de-vos-toges-ou-codes-criminels","name":"Faire don de vos toges ou codes criminels - OJEN","isPartOf":{"@id":"https:\/\/ojen2024.turnbull.co\/en\/#website"},"datePublished":"2016-11-29T13:14:14+00:00","dateModified":"2021-05-03T19:32:41+00:00","breadcrumb":{"@id":"https:\/\/ojen2024.turnbull.co\/fr\/contribuer-au-travail-du-roej\/faire-don-de-vos-toges-ou-codes-criminels#breadcrumb"},"inLanguage":"fr-CA","potentialAction":[{"@type":"ReadAction","target":["https:\/\/ojen2024.turnbull.co\/fr\/contribuer-au-travail-du-roej\/faire-don-de-vos-toges-ou-codes-criminels"]}]},{"@type":"BreadcrumbList","@id":"https:\/\/ojen2024.turnbull.co\/fr\/contribuer-au-travail-du-roej\/faire-don-de-vos-toges-ou-codes-criminels#breadcrumb","itemListElement":[{"@type":"ListItem","position":1,"name":"Home","item":"https:\/\/ojen2024.turnbull.co\/fr"},{"@type":"ListItem","position":2,"name":"Comment s\u2019impliquer","item":"https:\/\/ojen2024.turnbull.co\/fr\/contribuer-au-travail-du-roej"},{"@type":"ListItem","position":3,"name":"Faire don de vos toges ou codes criminels"}]},{"@type":"WebSite","@id":"https:\/\/ojen2024.turnbull.co\/en\/#website","url":"https:\/\/ojen2024.turnbull.co\/en\/","name":"OJEN","description":"","potentialAction":[{"@type":"SearchAction","target":{"@type":"EntryPoint","urlTemplate":"https:\/\/ojen2024.turnbull.co\/en\/?s={search_term_string}"},"query-input":{"@type":"PropertyValueSpecification","valueRequired":true,"valueName":"search_term_string"}}],"inLanguage":"fr-CA"}]}},"_links":{"self":[{"href":"https:\/\/ojen2024.turnbull.co\/fr\/wp-json\/wp\/v2\/pages\/8051"}],"collection":[{"href":"https:\/\/ojen2024.turnbull.co\/fr\/wp-json\/wp\/v2\/pages"}],"about":[{"href":"https:\/\/ojen2024.turnbull.co\/fr\/wp-json\/wp\/v2\/types\/page"}],"author":[{"embeddable":true,"href":"https:\/\/ojen2024.turnbull.co\/fr\/wp-json\/wp\/v2\/users\/4"}],"replies":[{"embeddable":true,"href":"https:\/\/ojen2024.turnbull.co\/fr\/wp-json\/wp\/v2\/comments?post=8051"}],"version-history":[{"count":0,"href":"https:\/\/ojen2024.turnbull.co\/fr\/wp-json\/wp\/v2\/pages\/8051\/revisions"}],"up":[{"embeddable":true,"href":"https:\/\/ojen2024.turnbull.co\/fr\/wp-json\/wp\/v2\/pages\/8030"}],"wp:attachment":[{"href":"https:\/\/ojen2024.turnbull.co\/fr\/wp-json\/wp\/v2\/media?parent=8051"}],"curies":[{"name":"wp","href":"https:\/\/api.w.org\/{rel}","templated":true}]}}