{"id":8055,"date":"2016-11-29T08:16:43","date_gmt":"2016-11-29T13:16:43","guid":{"rendered":"http:\/\/ojen.ca\/fr\/?page_id=8055"},"modified":"2025-07-12T04:46:41","modified_gmt":"2025-07-12T08:46:41","slug":"faire-un-don","status":"publish","type":"page","link":"https:\/\/ojen2024.turnbull.co\/fr\/contribuer-au-travail-du-roej\/soutenez-nous\/faire-un-don","title":{"rendered":"Faire un don"},"content":{"rendered":"<p>Le ROEJ est un petit organisme de bienfaisance sans but lucratif qui dispose d&rsquo;un budget tr\u00e8s limit\u00e9. Nous travaillons fort pour nous assurer que nos ressources sont toujours offertes gratuitement, en fran\u00e7ais et en anglais, aux enseignants d\u2019un bout \u00e0 l\u2019autre de l\u2019Ontario. Nos programmes jeunesse sont toujours gratuits et nos formations destin\u00e9es aux adultes qui travaillent avec les jeunes sont offertes gratuitement ou au prix co\u00fbtant, ou sont lourdement subventionn\u00e9es.<\/p>\n<p>Les dons font une grande diff\u00e9rence pour nous!<\/p>\n<p>Envisagez de faire un don comm\u00e9moratif en l&rsquo;honneur d&rsquo;un \u00eatre cher ou pour souligner une occasion sp\u00e9ciale, comme une f\u00eate, un anniversaire ou un d\u00e9part \u00e0 la retraite.<\/p>\n<p>On vous a invit\u00e9 \u00e0 donner une conf\u00e9rence? Faites don de vos honoraires de conf\u00e9rencier ou conf\u00e9renci\u00e8re au ROEJ.<\/p>\n<p>Vous pouvez \u00e9galement facilement faire un don en ligne au moyen de votre carte de d\u00e9bit ou de cr\u00e9dit, ou en envoyant un ch\u00e8que. Des re\u00e7us fiscaux pour activit\u00e9s de bienfaisance sont remis pour tout don de plus de 10&nbsp;$ par un particulier.<\/p>\n<p>Pour faire un don, cliquez sur le bouton <a href=\"\/fr\/faire-un-don\">DONNER<\/a> sur la barre de menu au haut de la page ou&nbsp;<span style=\"color: #000000;\">contactez <a href=\"mailto:ndemoe@ojen.ca\">ndemoe@ojen.ca<\/a>.<\/span><\/p>\n","protected":false},"excerpt":{"rendered":"<p>Le ROEJ est un petit organisme de bienfaisance sans but lucratif qui dispose d&rsquo;un budget tr\u00e8s limit\u00e9. Nous travaillons fort pour nous assurer que nos ressources sont toujours offertes gratuitement, en fran\u00e7ais et en anglais, aux enseignants d\u2019un bout \u00e0 l\u2019autre de l\u2019Ontario. Nos programmes jeunesse sont toujours gratuits et nos formations destin\u00e9es aux adultes [&hellip;]<\/p>\n","protected":false},"author":4,"featured_media":0,"parent":30171,"menu_order":0,"comment_status":"closed","ping_status":"closed","template":"","meta":{"_acf_changed":false,"_eb_attr":"","inline_featured_image":false,"ub_ctt_via":"","footnotes":""},"class_list":["post-8055","page","type-page","status-publish","hentry"],"acf":[],"featured_image_src":null,"yoast_head":"<!-- This site is optimized with the Yoast SEO plugin v25.3 - https:\/\/yoast.com\/wordpress\/plugins\/seo\/ -->\n<title>Faire un don - OJEN<\/title>\n<meta name=\"robots\" content=\"noindex, follow, max-snippet:-1, max-image-preview:large, max-video-preview:-1\" \/>\n<meta property=\"og:locale\" content=\"fr_CA\" \/>\n<meta property=\"og:type\" content=\"article\" \/>\n<meta property=\"og:title\" content=\"Faire un don - OJEN\" \/>\n<meta property=\"og:description\" content=\"Le ROEJ est un petit organisme de bienfaisance sans but lucratif qui dispose d&rsquo;un budget tr\u00e8s limit\u00e9. Nous travaillons fort pour nous assurer que nos ressources sont toujours offertes gratuitement, en fran\u00e7ais et en anglais, aux enseignants d\u2019un bout \u00e0 l\u2019autre de l\u2019Ontario. Nos programmes jeunesse sont toujours gratuits et nos formations destin\u00e9es aux adultes [&hellip;]\" \/>\n<meta property=\"og:url\" content=\"https:\/\/ojen2024.turnbull.co\/fr\/contribuer-au-travail-du-roej\/soutenez-nous\/faire-un-don\" \/>\n<meta property=\"og:site_name\" content=\"OJEN\" \/>\n<meta property=\"article:publisher\" content=\"https:\/\/www.facebook.com\/pages\/OJEN\/252115501467864\" \/>\n<meta property=\"article:modified_time\" content=\"2025-07-12T08:46:41+00:00\" \/>\n<meta name=\"twitter:card\" content=\"summary_large_image\" \/>\n<meta name=\"twitter:site\" content=\"@OJEN_ROEJ\" \/>\n<meta name=\"twitter:label1\" content=\"Estimation du temps de lecture\" \/>\n\t<meta name=\"twitter:data1\" content=\"1 minute\" \/>\n<script type=\"application\/ld+json\" class=\"yoast-schema-graph\">{\"@context\":\"https:\/\/schema.org\",\"@graph\":[{\"@type\":\"WebPage\",\"@id\":\"https:\/\/ojen2024.turnbull.co\/fr\/contribuer-au-travail-du-roej\/soutenez-nous\/faire-un-don\",\"url\":\"https:\/\/ojen2024.turnbull.co\/fr\/contribuer-au-travail-du-roej\/soutenez-nous\/faire-un-don\",\"name\":\"Faire un don - OJEN\",\"isPartOf\":{\"@id\":\"https:\/\/ojen2024.turnbull.co\/en\/#website\"},\"datePublished\":\"2016-11-29T13:16:43+00:00\",\"dateModified\":\"2025-07-12T08:46:41+00:00\",\"breadcrumb\":{\"@id\":\"https:\/\/ojen2024.turnbull.co\/fr\/contribuer-au-travail-du-roej\/soutenez-nous\/faire-un-don#breadcrumb\"},\"inLanguage\":\"fr-CA\",\"potentialAction\":[{\"@type\":\"ReadAction\",\"target\":[\"https:\/\/ojen2024.turnbull.co\/fr\/contribuer-au-travail-du-roej\/soutenez-nous\/faire-un-don\"]}]},{\"@type\":\"BreadcrumbList\",\"@id\":\"https:\/\/ojen2024.turnbull.co\/fr\/contribuer-au-travail-du-roej\/soutenez-nous\/faire-un-don#breadcrumb\",\"itemListElement\":[{\"@type\":\"ListItem\",\"position\":1,\"name\":\"Home\",\"item\":\"https:\/\/ojen2024.turnbull.co\/fr\"},{\"@type\":\"ListItem\",\"position\":2,\"name\":\"Comment s\u2019impliquer\",\"item\":\"https:\/\/ojen2024.turnbull.co\/fr\/contribuer-au-travail-du-roej\"},{\"@type\":\"ListItem\",\"position\":3,\"name\":\"Soutenez-nous\",\"item\":\"https:\/\/ojen2024.turnbull.co\/fr\/contribuer-au-travail-du-roej\/soutenez-nous\"},{\"@type\":\"ListItem\",\"position\":4,\"name\":\"Faire un don\"}]},{\"@type\":\"WebSite\",\"@id\":\"https:\/\/ojen2024.turnbull.co\/en\/#website\",\"url\":\"https:\/\/ojen2024.turnbull.co\/en\/\",\"name\":\"OJEN\",\"description\":\"\",\"potentialAction\":[{\"@type\":\"SearchAction\",\"target\":{\"@type\":\"EntryPoint\",\"urlTemplate\":\"https:\/\/ojen2024.turnbull.co\/en\/?s={search_term_string}\"},\"query-input\":{\"@type\":\"PropertyValueSpecification\",\"valueRequired\":true,\"valueName\":\"search_term_string\"}}],\"inLanguage\":\"fr-CA\"}]}<\/script>\n<!-- \/ Yoast SEO plugin. -->","yoast_head_json":{"title":"Faire un don - OJEN","robots":{"index":"noindex","follow":"follow","max-snippet":"max-snippet:-1","max-image-preview":"max-image-preview:large","max-video-preview":"max-video-preview:-1"},"og_locale":"fr_CA","og_type":"article","og_title":"Faire un don - OJEN","og_description":"Le ROEJ est un petit organisme de bienfaisance sans but lucratif qui dispose d&rsquo;un budget tr\u00e8s limit\u00e9. Nous travaillons fort pour nous assurer que nos ressources sont toujours offertes gratuitement, en fran\u00e7ais et en anglais, aux enseignants d\u2019un bout \u00e0 l\u2019autre de l\u2019Ontario. Nos programmes jeunesse sont toujours gratuits et nos formations destin\u00e9es aux adultes [&hellip;]","og_url":"https:\/\/ojen2024.turnbull.co\/fr\/contribuer-au-travail-du-roej\/soutenez-nous\/faire-un-don","og_site_name":"OJEN","article_publisher":"https:\/\/www.facebook.com\/pages\/OJEN\/252115501467864","article_modified_time":"2025-07-12T08:46:41+00:00","twitter_card":"summary_large_image","twitter_site":"@OJEN_ROEJ","twitter_misc":{"Estimation du temps de lecture":"1 minute"},"schema":{"@context":"https:\/\/schema.org","@graph":[{"@type":"WebPage","@id":"https:\/\/ojen2024.turnbull.co\/fr\/contribuer-au-travail-du-roej\/soutenez-nous\/faire-un-don","url":"https:\/\/ojen2024.turnbull.co\/fr\/contribuer-au-travail-du-roej\/soutenez-nous\/faire-un-don","name":"Faire un don - OJEN","isPartOf":{"@id":"https:\/\/ojen2024.turnbull.co\/en\/#website"},"datePublished":"2016-11-29T13:16:43+00:00","dateModified":"2025-07-12T08:46:41+00:00","breadcrumb":{"@id":"https:\/\/ojen2024.turnbull.co\/fr\/contribuer-au-travail-du-roej\/soutenez-nous\/faire-un-don#breadcrumb"},"inLanguage":"fr-CA","potentialAction":[{"@type":"ReadAction","target":["https:\/\/ojen2024.turnbull.co\/fr\/contribuer-au-travail-du-roej\/soutenez-nous\/faire-un-don"]}]},{"@type":"BreadcrumbList","@id":"https:\/\/ojen2024.turnbull.co\/fr\/contribuer-au-travail-du-roej\/soutenez-nous\/faire-un-don#breadcrumb","itemListElement":[{"@type":"ListItem","position":1,"name":"Home","item":"https:\/\/ojen2024.turnbull.co\/fr"},{"@type":"ListItem","position":2,"name":"Comment s\u2019impliquer","item":"https:\/\/ojen2024.turnbull.co\/fr\/contribuer-au-travail-du-roej"},{"@type":"ListItem","position":3,"name":"Soutenez-nous","item":"https:\/\/ojen2024.turnbull.co\/fr\/contribuer-au-travail-du-roej\/soutenez-nous"},{"@type":"ListItem","position":4,"name":"Faire un don"}]},{"@type":"WebSite","@id":"https:\/\/ojen2024.turnbull.co\/en\/#website","url":"https:\/\/ojen2024.turnbull.co\/en\/","name":"OJEN","description":"","potentialAction":[{"@type":"SearchAction","target":{"@type":"EntryPoint","urlTemplate":"https:\/\/ojen2024.turnbull.co\/en\/?s={search_term_string}"},"query-input":{"@type":"PropertyValueSpecification","valueRequired":true,"valueName":"search_term_string"}}],"inLanguage":"fr-CA"}]}},"_links":{"self":[{"href":"https:\/\/ojen2024.turnbull.co\/fr\/wp-json\/wp\/v2\/pages\/8055"}],"collection":[{"href":"https:\/\/ojen2024.turnbull.co\/fr\/wp-json\/wp\/v2\/pages"}],"about":[{"href":"https:\/\/ojen2024.turnbull.co\/fr\/wp-json\/wp\/v2\/types\/page"}],"author":[{"embeddable":true,"href":"https:\/\/ojen2024.turnbull.co\/fr\/wp-json\/wp\/v2\/users\/4"}],"replies":[{"embeddable":true,"href":"https:\/\/ojen2024.turnbull.co\/fr\/wp-json\/wp\/v2\/comments?post=8055"}],"version-history":[{"count":0,"href":"https:\/\/ojen2024.turnbull.co\/fr\/wp-json\/wp\/v2\/pages\/8055\/revisions"}],"up":[{"embeddable":true,"href":"https:\/\/ojen2024.turnbull.co\/fr\/wp-json\/wp\/v2\/pages\/30171"}],"wp:attachment":[{"href":"https:\/\/ojen2024.turnbull.co\/fr\/wp-json\/wp\/v2\/media?parent=8055"}],"curies":[{"name":"wp","href":"https:\/\/api.w.org\/{rel}","templated":true}]}}