{"id":8057,"date":"2016-11-29T08:18:04","date_gmt":"2016-11-29T13:18:04","guid":{"rendered":"http:\/\/ojen.ca\/fr\/?page_id=8057"},"modified":"2025-07-12T04:45:29","modified_gmt":"2025-07-12T08:45:29","slug":"organiser-une-collecte-de-fonds","status":"publish","type":"page","link":"https:\/\/ojen2024.turnbull.co\/fr\/contribuer-au-travail-du-roej\/soutenez-nous\/organiser-une-collecte-de-fonds","title":{"rendered":"Organiser une collecte de fonds"},"content":{"rendered":"<p>Le ROEJ est un petit organisme de bienfaisance sans but lucratif qui dispose d&rsquo;un budget tr\u00e8s limit\u00e9. Toute aide est appr\u00e9ci\u00e9e pour nous permettre de continuer \u00e0 offrir nos programmes jeunesse et nos ressources p\u00e9dagogiques gratuitement.<\/p>\n<p>Vous voulez passer au prochain niveau? Organisez un \u00e9v\u00e9nement de collecte de fonds pour le ROEJ et inspirez d&rsquo;autres personnes \u00e0 faire des dons!<\/p>\n<p>Votre \u00e9v\u00e9nement de collecte de fonds peut prendre la forme d&rsquo;une soir\u00e9e avec vente de billets, d&rsquo;un simple souper entre amis ou d&rsquo;une vente scolaire de plats-maison. Vous organisez un congr\u00e8s ou une assembl\u00e9e pl\u00e9ni\u00e8re? Au lieu d&rsquo;offrir des honoraires de conf\u00e9rencier, faites un don au ROEJ pour soutenir nos programmes d&rsquo;\u00e9ducation juridique. Le ROEJ peut fournir des cartes de remerciement qui d\u00e9crivent les activit\u00e9s que les dons permettront de financer.<\/p>\n<p>Communiquez avec Nadine \u00e0 <a href=\"mailto:ndemoe@ojen.ca\">ndemoe@ojen.ca<\/a> si vous aimeriez en savoir plus sur les fa\u00e7ons dont vous pouvez soutenir le ROEJ en recueillant des fonds et d\u00e9terminer comment nous pouvons vous aider avec votre \u00e9v\u00e9nement.<\/p>\n<p><strong>Portrait d\u2019une collecte de fonds&nbsp;: Tate&rsquo;s Tableau et le Fonds comm\u00e9moratif Tate Herbert<\/strong><\/p>\n<p>Tate Herbert \u00e9tait dans sa premi\u00e8re ann\u00e9e d&rsquo;\u00e9tudes du programme <em>Law and Society<\/em> \u00e0 l&rsquo;Universit\u00e9 Wilfred Laurier lorsqu&rsquo;il est d\u00e9c\u00e9d\u00e9 d\u2019un cancer en 2013. En octobre chaque ann\u00e9e, la famille Herbert organise Tate&rsquo;s Tableau, une collecte de fonds et un spectacle pour comm\u00e9morer l&rsquo;amour de Tate pour l\u2019improvisation, la musique et le droit. Les fonds recueillis pendant l&rsquo;\u00e9v\u00e9nement sont remis au ROEJ pour financer nos programmes d&rsquo;\u00e9ducation juridique destin\u00e9s aux jeunes.<\/p>\n<p>&nbsp;<\/p>\n","protected":false},"excerpt":{"rendered":"<p>Le ROEJ est un petit organisme de bienfaisance sans but lucratif qui dispose d&rsquo;un budget tr\u00e8s limit\u00e9. Toute aide est appr\u00e9ci\u00e9e pour nous permettre de continuer \u00e0 offrir nos programmes jeunesse et nos ressources p\u00e9dagogiques gratuitement. Vous voulez passer au prochain niveau? Organisez un \u00e9v\u00e9nement de collecte de fonds pour le ROEJ et inspirez d&rsquo;autres [&hellip;]<\/p>\n","protected":false},"author":4,"featured_media":0,"parent":30171,"menu_order":0,"comment_status":"closed","ping_status":"closed","template":"","meta":{"_acf_changed":false,"_eb_attr":"","inline_featured_image":false,"ub_ctt_via":"","footnotes":""},"class_list":["post-8057","page","type-page","status-publish","hentry"],"acf":[],"featured_image_src":null,"yoast_head":"<!-- This site is optimized with the Yoast SEO plugin v25.3 - https:\/\/yoast.com\/wordpress\/plugins\/seo\/ -->\n<title>Organiser une collecte de fonds - OJEN<\/title>\n<meta name=\"robots\" content=\"noindex, follow, max-snippet:-1, max-image-preview:large, max-video-preview:-1\" \/>\n<meta property=\"og:locale\" content=\"fr_CA\" \/>\n<meta property=\"og:type\" content=\"article\" \/>\n<meta property=\"og:title\" content=\"Organiser une collecte de fonds - OJEN\" \/>\n<meta property=\"og:description\" content=\"Le ROEJ est un petit organisme de bienfaisance sans but lucratif qui dispose d&rsquo;un budget tr\u00e8s limit\u00e9. Toute aide est appr\u00e9ci\u00e9e pour nous permettre de continuer \u00e0 offrir nos programmes jeunesse et nos ressources p\u00e9dagogiques gratuitement. Vous voulez passer au prochain niveau? Organisez un \u00e9v\u00e9nement de collecte de fonds pour le ROEJ et inspirez d&rsquo;autres [&hellip;]\" \/>\n<meta property=\"og:url\" content=\"https:\/\/ojen2024.turnbull.co\/fr\/contribuer-au-travail-du-roej\/soutenez-nous\/organiser-une-collecte-de-fonds\" \/>\n<meta property=\"og:site_name\" content=\"OJEN\" \/>\n<meta property=\"article:publisher\" content=\"https:\/\/www.facebook.com\/pages\/OJEN\/252115501467864\" \/>\n<meta property=\"article:modified_time\" content=\"2025-07-12T08:45:29+00:00\" \/>\n<meta name=\"twitter:card\" content=\"summary_large_image\" \/>\n<meta name=\"twitter:site\" content=\"@OJEN_ROEJ\" \/>\n<meta name=\"twitter:label1\" content=\"Estimation du temps de lecture\" \/>\n\t<meta name=\"twitter:data1\" content=\"2 minutes\" \/>\n<script type=\"application\/ld+json\" class=\"yoast-schema-graph\">{\"@context\":\"https:\/\/schema.org\",\"@graph\":[{\"@type\":\"WebPage\",\"@id\":\"https:\/\/ojen2024.turnbull.co\/fr\/contribuer-au-travail-du-roej\/soutenez-nous\/organiser-une-collecte-de-fonds\",\"url\":\"https:\/\/ojen2024.turnbull.co\/fr\/contribuer-au-travail-du-roej\/soutenez-nous\/organiser-une-collecte-de-fonds\",\"name\":\"Organiser une collecte de fonds - OJEN\",\"isPartOf\":{\"@id\":\"https:\/\/ojen2024.turnbull.co\/en\/#website\"},\"datePublished\":\"2016-11-29T13:18:04+00:00\",\"dateModified\":\"2025-07-12T08:45:29+00:00\",\"breadcrumb\":{\"@id\":\"https:\/\/ojen2024.turnbull.co\/fr\/contribuer-au-travail-du-roej\/soutenez-nous\/organiser-une-collecte-de-fonds#breadcrumb\"},\"inLanguage\":\"fr-CA\",\"potentialAction\":[{\"@type\":\"ReadAction\",\"target\":[\"https:\/\/ojen2024.turnbull.co\/fr\/contribuer-au-travail-du-roej\/soutenez-nous\/organiser-une-collecte-de-fonds\"]}]},{\"@type\":\"BreadcrumbList\",\"@id\":\"https:\/\/ojen2024.turnbull.co\/fr\/contribuer-au-travail-du-roej\/soutenez-nous\/organiser-une-collecte-de-fonds#breadcrumb\",\"itemListElement\":[{\"@type\":\"ListItem\",\"position\":1,\"name\":\"Home\",\"item\":\"https:\/\/ojen2024.turnbull.co\/fr\"},{\"@type\":\"ListItem\",\"position\":2,\"name\":\"Comment s\u2019impliquer\",\"item\":\"https:\/\/ojen2024.turnbull.co\/fr\/contribuer-au-travail-du-roej\"},{\"@type\":\"ListItem\",\"position\":3,\"name\":\"Soutenez-nous\",\"item\":\"https:\/\/ojen2024.turnbull.co\/fr\/contribuer-au-travail-du-roej\/soutenez-nous\"},{\"@type\":\"ListItem\",\"position\":4,\"name\":\"Organiser une collecte de fonds\"}]},{\"@type\":\"WebSite\",\"@id\":\"https:\/\/ojen2024.turnbull.co\/en\/#website\",\"url\":\"https:\/\/ojen2024.turnbull.co\/en\/\",\"name\":\"OJEN\",\"description\":\"\",\"potentialAction\":[{\"@type\":\"SearchAction\",\"target\":{\"@type\":\"EntryPoint\",\"urlTemplate\":\"https:\/\/ojen2024.turnbull.co\/en\/?s={search_term_string}\"},\"query-input\":{\"@type\":\"PropertyValueSpecification\",\"valueRequired\":true,\"valueName\":\"search_term_string\"}}],\"inLanguage\":\"fr-CA\"}]}<\/script>\n<!-- \/ Yoast SEO plugin. -->","yoast_head_json":{"title":"Organiser une collecte de fonds - OJEN","robots":{"index":"noindex","follow":"follow","max-snippet":"max-snippet:-1","max-image-preview":"max-image-preview:large","max-video-preview":"max-video-preview:-1"},"og_locale":"fr_CA","og_type":"article","og_title":"Organiser une collecte de fonds - OJEN","og_description":"Le ROEJ est un petit organisme de bienfaisance sans but lucratif qui dispose d&rsquo;un budget tr\u00e8s limit\u00e9. Toute aide est appr\u00e9ci\u00e9e pour nous permettre de continuer \u00e0 offrir nos programmes jeunesse et nos ressources p\u00e9dagogiques gratuitement. Vous voulez passer au prochain niveau? Organisez un \u00e9v\u00e9nement de collecte de fonds pour le ROEJ et inspirez d&rsquo;autres [&hellip;]","og_url":"https:\/\/ojen2024.turnbull.co\/fr\/contribuer-au-travail-du-roej\/soutenez-nous\/organiser-une-collecte-de-fonds","og_site_name":"OJEN","article_publisher":"https:\/\/www.facebook.com\/pages\/OJEN\/252115501467864","article_modified_time":"2025-07-12T08:45:29+00:00","twitter_card":"summary_large_image","twitter_site":"@OJEN_ROEJ","twitter_misc":{"Estimation du temps de lecture":"2 minutes"},"schema":{"@context":"https:\/\/schema.org","@graph":[{"@type":"WebPage","@id":"https:\/\/ojen2024.turnbull.co\/fr\/contribuer-au-travail-du-roej\/soutenez-nous\/organiser-une-collecte-de-fonds","url":"https:\/\/ojen2024.turnbull.co\/fr\/contribuer-au-travail-du-roej\/soutenez-nous\/organiser-une-collecte-de-fonds","name":"Organiser une collecte de fonds - OJEN","isPartOf":{"@id":"https:\/\/ojen2024.turnbull.co\/en\/#website"},"datePublished":"2016-11-29T13:18:04+00:00","dateModified":"2025-07-12T08:45:29+00:00","breadcrumb":{"@id":"https:\/\/ojen2024.turnbull.co\/fr\/contribuer-au-travail-du-roej\/soutenez-nous\/organiser-une-collecte-de-fonds#breadcrumb"},"inLanguage":"fr-CA","potentialAction":[{"@type":"ReadAction","target":["https:\/\/ojen2024.turnbull.co\/fr\/contribuer-au-travail-du-roej\/soutenez-nous\/organiser-une-collecte-de-fonds"]}]},{"@type":"BreadcrumbList","@id":"https:\/\/ojen2024.turnbull.co\/fr\/contribuer-au-travail-du-roej\/soutenez-nous\/organiser-une-collecte-de-fonds#breadcrumb","itemListElement":[{"@type":"ListItem","position":1,"name":"Home","item":"https:\/\/ojen2024.turnbull.co\/fr"},{"@type":"ListItem","position":2,"name":"Comment s\u2019impliquer","item":"https:\/\/ojen2024.turnbull.co\/fr\/contribuer-au-travail-du-roej"},{"@type":"ListItem","position":3,"name":"Soutenez-nous","item":"https:\/\/ojen2024.turnbull.co\/fr\/contribuer-au-travail-du-roej\/soutenez-nous"},{"@type":"ListItem","position":4,"name":"Organiser une collecte de fonds"}]},{"@type":"WebSite","@id":"https:\/\/ojen2024.turnbull.co\/en\/#website","url":"https:\/\/ojen2024.turnbull.co\/en\/","name":"OJEN","description":"","potentialAction":[{"@type":"SearchAction","target":{"@type":"EntryPoint","urlTemplate":"https:\/\/ojen2024.turnbull.co\/en\/?s={search_term_string}"},"query-input":{"@type":"PropertyValueSpecification","valueRequired":true,"valueName":"search_term_string"}}],"inLanguage":"fr-CA"}]}},"_links":{"self":[{"href":"https:\/\/ojen2024.turnbull.co\/fr\/wp-json\/wp\/v2\/pages\/8057"}],"collection":[{"href":"https:\/\/ojen2024.turnbull.co\/fr\/wp-json\/wp\/v2\/pages"}],"about":[{"href":"https:\/\/ojen2024.turnbull.co\/fr\/wp-json\/wp\/v2\/types\/page"}],"author":[{"embeddable":true,"href":"https:\/\/ojen2024.turnbull.co\/fr\/wp-json\/wp\/v2\/users\/4"}],"replies":[{"embeddable":true,"href":"https:\/\/ojen2024.turnbull.co\/fr\/wp-json\/wp\/v2\/comments?post=8057"}],"version-history":[{"count":0,"href":"https:\/\/ojen2024.turnbull.co\/fr\/wp-json\/wp\/v2\/pages\/8057\/revisions"}],"up":[{"embeddable":true,"href":"https:\/\/ojen2024.turnbull.co\/fr\/wp-json\/wp\/v2\/pages\/30171"}],"wp:attachment":[{"href":"https:\/\/ojen2024.turnbull.co\/fr\/wp-json\/wp\/v2\/media?parent=8057"}],"curies":[{"name":"wp","href":"https:\/\/api.w.org\/{rel}","templated":true}]}}