{"id":8059,"date":"2016-11-29T08:19:39","date_gmt":"2016-11-29T13:19:39","guid":{"rendered":"http:\/\/ojen.ca\/fr\/?page_id=8059"},"modified":"2025-07-25T10:06:26","modified_gmt":"2025-07-25T14:06:26","slug":"demander-un-projet","status":"publish","type":"page","link":"https:\/\/ojen2024.turnbull.co\/fr\/contribuer-au-travail-du-roej\/demander-un-projet","title":{"rendered":"Cr\u00e9er votre projet d&rsquo;\u00e9ducation juridique"},"content":{"rendered":"<p>Le ROEJ travaille avec les groupes communautaires et les enseignants de la province qui adh\u00e8rent \u00e0 la philosophie de l&rsquo;\u00e9ducation nouvelle pour offrir des programmes d&rsquo;\u00e9ducation juridique adapt\u00e9s aux besoins des jeunes qui sont vuln\u00e9rables ou marginalis\u00e9s. Il peut s&rsquo;agir de jeunes issues des communaut\u00e9s immigrantes et\/ou racialis\u00e9es, celles et ceux qui vivent dans les quartiers prioritaires \u00e0 Toronto, qui sont incarc\u00e9r\u00e9.e.s, qui prennent l\u2019avion pour aller \u00e0 l\u2019\u00e9cole secondaire \u00e0 Thunder Bay, qui ont des difficult\u00e9s d&rsquo;apprentissage, et bien d&rsquo;autres encore.<\/p>\n<p>Nos\u00a0\u00a0<a href=\"https:\/\/ojen2024.turnbull.co\/fr\/notre-travail\"><strong>programmes<\/strong><\/a>\u00a0sont offerts \u00e0 travers l&rsquo;Ontario gr\u00e2ce \u00e0 l&rsquo;appui de notre r\u00e9seau de 1200 intervenants hautement qualifi\u00e9s du secteur de la justice que nous mettons \u00e0 votre service.<\/p>\n<ul>\n<li>des juges\u2009;<\/li>\n<li>des juges de paix\u2009;<\/li>\n<li>des avocats\u2009;<\/li>\n<li>des parajuristes\u2009;<\/li>\n<li>des agents de police\u2009;<\/li>\n<li>des \u00e9tudiants en droit\u2009;<\/li>\n<li>des membres du personnel des tribunaux et d&rsquo;autres professionnels du secteur de la justice.<\/li>\n<\/ul>\n<p>Si vous travaillez avec des jeunes vuln\u00e9rables et marginalis\u00e9s et souhaitez pr\u00e9senter un projet du ROEJ \u00e0 votre groupe, n&rsquo;h\u00e9sitez pas \u00e0 nous contacter (<a href=\"mailto:info@ojen.ca\"><strong>info@ojen.ca<\/strong><\/a>)<strong>.<\/strong> En g\u00e9n\u00e9ral, nous avons besoin de cinq \u00e0 six semaines pour planifier un projet. Veuillez donc garder cela \u00e0 l&rsquo;esprit lorsque vous proposez des dates pour le programme.<\/p>\n<p>L&rsquo;\u00e9ducation juridique fonctionne mieux lorsqu&rsquo;on pr\u00e9voit un temps suffisant. Bien que le ROEJ offre des ateliers comportant une s\u00e9ance seulement, les programmes qui ont le plus de succ\u00e8s sont ceux qui sont offerts sur trois \u00e0 six s\u00e9ances puisqu&rsquo;ils donnent aux jeunes l&rsquo;occasion d&rsquo;apprendre et de s&rsquo;am\u00e9liorer avec le temps.\u00a0 Nous travaillerons avec vous pour nous assurer que le projet est appropri\u00e9 pour votre public.<\/p>\n","protected":false},"excerpt":{"rendered":"<p>Le ROEJ travaille avec les groupes communautaires et les enseignants de la province qui adh\u00e8rent \u00e0 la philosophie de l&rsquo;\u00e9ducation nouvelle pour offrir des programmes d&rsquo;\u00e9ducation juridique adapt\u00e9s aux besoins des jeunes qui sont vuln\u00e9rables ou marginalis\u00e9s. Il peut s&rsquo;agir de jeunes issues des communaut\u00e9s immigrantes et\/ou racialis\u00e9es, celles et ceux qui vivent dans les [&hellip;]<\/p>\n","protected":false},"author":4,"featured_media":0,"parent":8030,"menu_order":0,"comment_status":"closed","ping_status":"closed","template":"","meta":{"_acf_changed":false,"_eb_attr":"","inline_featured_image":false,"ub_ctt_via":"","footnotes":""},"class_list":["post-8059","page","type-page","status-publish","hentry"],"acf":[],"featured_image_src":null,"yoast_head":"<!-- This site is optimized with the Yoast SEO plugin v25.3 - https:\/\/yoast.com\/wordpress\/plugins\/seo\/ -->\n<title>Cr\u00e9er votre projet d&#039;\u00e9ducation juridique - OJEN<\/title>\n<meta name=\"robots\" content=\"noindex, follow, max-snippet:-1, max-image-preview:large, max-video-preview:-1\" \/>\n<meta property=\"og:locale\" content=\"fr_CA\" \/>\n<meta property=\"og:type\" content=\"article\" \/>\n<meta property=\"og:title\" content=\"Cr\u00e9er votre projet d&#039;\u00e9ducation juridique - OJEN\" \/>\n<meta property=\"og:description\" content=\"Le ROEJ travaille avec les groupes communautaires et les enseignants de la province qui adh\u00e8rent \u00e0 la philosophie de l&rsquo;\u00e9ducation nouvelle pour offrir des programmes d&rsquo;\u00e9ducation juridique adapt\u00e9s aux besoins des jeunes qui sont vuln\u00e9rables ou marginalis\u00e9s. Il peut s&rsquo;agir de jeunes issues des communaut\u00e9s immigrantes et\/ou racialis\u00e9es, celles et ceux qui vivent dans les [&hellip;]\" \/>\n<meta property=\"og:url\" content=\"https:\/\/ojen2024.turnbull.co\/fr\/contribuer-au-travail-du-roej\/demander-un-projet\" \/>\n<meta property=\"og:site_name\" content=\"OJEN\" \/>\n<meta property=\"article:publisher\" content=\"https:\/\/www.facebook.com\/pages\/OJEN\/252115501467864\" \/>\n<meta property=\"article:modified_time\" content=\"2025-07-25T14:06:26+00:00\" \/>\n<meta name=\"twitter:card\" content=\"summary_large_image\" \/>\n<meta name=\"twitter:site\" content=\"@OJEN_ROEJ\" \/>\n<meta name=\"twitter:label1\" content=\"Estimation du temps de lecture\" \/>\n\t<meta name=\"twitter:data1\" content=\"2 minutes\" \/>\n<script type=\"application\/ld+json\" class=\"yoast-schema-graph\">{\"@context\":\"https:\/\/schema.org\",\"@graph\":[{\"@type\":\"WebPage\",\"@id\":\"https:\/\/ojen2024.turnbull.co\/fr\/contribuer-au-travail-du-roej\/demander-un-projet\",\"url\":\"https:\/\/ojen2024.turnbull.co\/fr\/contribuer-au-travail-du-roej\/demander-un-projet\",\"name\":\"Cr\u00e9er votre projet d'\u00e9ducation juridique - OJEN\",\"isPartOf\":{\"@id\":\"https:\/\/ojen2024.turnbull.co\/en\/#website\"},\"datePublished\":\"2016-11-29T13:19:39+00:00\",\"dateModified\":\"2025-07-25T14:06:26+00:00\",\"breadcrumb\":{\"@id\":\"https:\/\/ojen2024.turnbull.co\/fr\/contribuer-au-travail-du-roej\/demander-un-projet#breadcrumb\"},\"inLanguage\":\"fr-CA\",\"potentialAction\":[{\"@type\":\"ReadAction\",\"target\":[\"https:\/\/ojen2024.turnbull.co\/fr\/contribuer-au-travail-du-roej\/demander-un-projet\"]}]},{\"@type\":\"BreadcrumbList\",\"@id\":\"https:\/\/ojen2024.turnbull.co\/fr\/contribuer-au-travail-du-roej\/demander-un-projet#breadcrumb\",\"itemListElement\":[{\"@type\":\"ListItem\",\"position\":1,\"name\":\"Home\",\"item\":\"https:\/\/ojen2024.turnbull.co\/fr\"},{\"@type\":\"ListItem\",\"position\":2,\"name\":\"Comment s\u2019impliquer\",\"item\":\"https:\/\/ojen2024.turnbull.co\/fr\/contribuer-au-travail-du-roej\"},{\"@type\":\"ListItem\",\"position\":3,\"name\":\"Cr\u00e9er votre projet d&#8217;\u00e9ducation juridique\"}]},{\"@type\":\"WebSite\",\"@id\":\"https:\/\/ojen2024.turnbull.co\/en\/#website\",\"url\":\"https:\/\/ojen2024.turnbull.co\/en\/\",\"name\":\"OJEN\",\"description\":\"\",\"potentialAction\":[{\"@type\":\"SearchAction\",\"target\":{\"@type\":\"EntryPoint\",\"urlTemplate\":\"https:\/\/ojen2024.turnbull.co\/en\/?s={search_term_string}\"},\"query-input\":{\"@type\":\"PropertyValueSpecification\",\"valueRequired\":true,\"valueName\":\"search_term_string\"}}],\"inLanguage\":\"fr-CA\"}]}<\/script>\n<!-- \/ Yoast SEO plugin. -->","yoast_head_json":{"title":"Cr\u00e9er votre projet d'\u00e9ducation juridique - OJEN","robots":{"index":"noindex","follow":"follow","max-snippet":"max-snippet:-1","max-image-preview":"max-image-preview:large","max-video-preview":"max-video-preview:-1"},"og_locale":"fr_CA","og_type":"article","og_title":"Cr\u00e9er votre projet d'\u00e9ducation juridique - OJEN","og_description":"Le ROEJ travaille avec les groupes communautaires et les enseignants de la province qui adh\u00e8rent \u00e0 la philosophie de l&rsquo;\u00e9ducation nouvelle pour offrir des programmes d&rsquo;\u00e9ducation juridique adapt\u00e9s aux besoins des jeunes qui sont vuln\u00e9rables ou marginalis\u00e9s. Il peut s&rsquo;agir de jeunes issues des communaut\u00e9s immigrantes et\/ou racialis\u00e9es, celles et ceux qui vivent dans les [&hellip;]","og_url":"https:\/\/ojen2024.turnbull.co\/fr\/contribuer-au-travail-du-roej\/demander-un-projet","og_site_name":"OJEN","article_publisher":"https:\/\/www.facebook.com\/pages\/OJEN\/252115501467864","article_modified_time":"2025-07-25T14:06:26+00:00","twitter_card":"summary_large_image","twitter_site":"@OJEN_ROEJ","twitter_misc":{"Estimation du temps de lecture":"2 minutes"},"schema":{"@context":"https:\/\/schema.org","@graph":[{"@type":"WebPage","@id":"https:\/\/ojen2024.turnbull.co\/fr\/contribuer-au-travail-du-roej\/demander-un-projet","url":"https:\/\/ojen2024.turnbull.co\/fr\/contribuer-au-travail-du-roej\/demander-un-projet","name":"Cr\u00e9er votre projet d'\u00e9ducation juridique - OJEN","isPartOf":{"@id":"https:\/\/ojen2024.turnbull.co\/en\/#website"},"datePublished":"2016-11-29T13:19:39+00:00","dateModified":"2025-07-25T14:06:26+00:00","breadcrumb":{"@id":"https:\/\/ojen2024.turnbull.co\/fr\/contribuer-au-travail-du-roej\/demander-un-projet#breadcrumb"},"inLanguage":"fr-CA","potentialAction":[{"@type":"ReadAction","target":["https:\/\/ojen2024.turnbull.co\/fr\/contribuer-au-travail-du-roej\/demander-un-projet"]}]},{"@type":"BreadcrumbList","@id":"https:\/\/ojen2024.turnbull.co\/fr\/contribuer-au-travail-du-roej\/demander-un-projet#breadcrumb","itemListElement":[{"@type":"ListItem","position":1,"name":"Home","item":"https:\/\/ojen2024.turnbull.co\/fr"},{"@type":"ListItem","position":2,"name":"Comment s\u2019impliquer","item":"https:\/\/ojen2024.turnbull.co\/fr\/contribuer-au-travail-du-roej"},{"@type":"ListItem","position":3,"name":"Cr\u00e9er votre projet d&#8217;\u00e9ducation juridique"}]},{"@type":"WebSite","@id":"https:\/\/ojen2024.turnbull.co\/en\/#website","url":"https:\/\/ojen2024.turnbull.co\/en\/","name":"OJEN","description":"","potentialAction":[{"@type":"SearchAction","target":{"@type":"EntryPoint","urlTemplate":"https:\/\/ojen2024.turnbull.co\/en\/?s={search_term_string}"},"query-input":{"@type":"PropertyValueSpecification","valueRequired":true,"valueName":"search_term_string"}}],"inLanguage":"fr-CA"}]}},"_links":{"self":[{"href":"https:\/\/ojen2024.turnbull.co\/fr\/wp-json\/wp\/v2\/pages\/8059"}],"collection":[{"href":"https:\/\/ojen2024.turnbull.co\/fr\/wp-json\/wp\/v2\/pages"}],"about":[{"href":"https:\/\/ojen2024.turnbull.co\/fr\/wp-json\/wp\/v2\/types\/page"}],"author":[{"embeddable":true,"href":"https:\/\/ojen2024.turnbull.co\/fr\/wp-json\/wp\/v2\/users\/4"}],"replies":[{"embeddable":true,"href":"https:\/\/ojen2024.turnbull.co\/fr\/wp-json\/wp\/v2\/comments?post=8059"}],"version-history":[{"count":0,"href":"https:\/\/ojen2024.turnbull.co\/fr\/wp-json\/wp\/v2\/pages\/8059\/revisions"}],"up":[{"embeddable":true,"href":"https:\/\/ojen2024.turnbull.co\/fr\/wp-json\/wp\/v2\/pages\/8030"}],"wp:attachment":[{"href":"https:\/\/ojen2024.turnbull.co\/fr\/wp-json\/wp\/v2\/media?parent=8059"}],"curies":[{"name":"wp","href":"https:\/\/api.w.org\/{rel}","templated":true}]}}