{"id":8175,"date":"2016-10-05T15:25:47","date_gmt":"2016-10-05T15:25:47","guid":{"rendered":"http:\/\/ojen.ca\/fr\/a-propos\/prix-du-roej\/prix-des-educateurs-juridiques-exemplaires-hux-kiteley\/2011-pat-noble"},"modified":"2016-12-23T15:13:22","modified_gmt":"2016-12-23T20:13:22","slug":"2011-pat-noble","status":"publish","type":"page","link":"https:\/\/ojen2024.turnbull.co\/fr\/a-propos\/prix-du-roej\/prix-des-educateurs-juridiques-exemplaires-hux-kiteley\/2011-pat-noble","title":{"rendered":"2011 Pat Noble"},"content":{"rendered":"<p><a href=\"\/wp-content\/uploads\/2016\/10\/HK-2011-Justice-Fran-Kiteley-Pat-Noble-Allan-Hux.jpg\"><img decoding=\"async\" class=\"lft\" src=\"\/wp-content\/uploads\/2016\/10\/HK-2011-Justice-Fran-Kiteley-Pat-Noble-Allan-Hux-300x225.jpg\" alt=\"hk-2011-justice-fran-kiteley-pat-noble-allan-hux\"><\/a>&nbsp;Pat Noble, \u00e9ducatrice au Peel District School Board, a re\u00e7u le premier Prix des \u00e9ducateurs juridiques exemplaires Hux-Kiteley du ROEJ. M<sup>me<\/sup>&nbsp;Noble s\u2019est illustr\u00e9e comme pionni\u00e8re de la promotion de l\u2019\u00e9ducation juridique dans la r\u00e9gion de Peel en forgeant des liens solides entre les communaut\u00e9s scolaires et juridiques pour soutenir la r\u00e9ussite des \u00e9l\u00e8ves.<\/p>\n<p>Pat Noble a \u00e9t\u00e9 enseignante \u00e0 l\u2019\u00e9l\u00e9mentaire et au secondaire avant de devenir directrice adjointe en 1998 et directrice en 2002. Elle a r\u00e9cemment assum\u00e9 les fonctions de surintendante de l\u2019\u00e9ducation au Peel District School Board. \u00c0 titre de membre du comit\u00e9 du ROEJ de cette r\u00e9gion depuis 2002, Pat a organis\u00e9 le premier tournoi de proc\u00e8s simul\u00e9s au palais de justice de Brampton pour les \u00e9l\u00e8ves du secondaire de la r\u00e9gion, un \u00e9v\u00e8nement tr\u00e8s populaire aujourd\u2019hui.&nbsp;&nbsp;<\/p>\n<p>En tant que directrice de l\u2019\u00e9cole secondaire Harold M.&nbsp;Brathwaite \u00e0 Brampton, Pat a jou\u00e9 un r\u00f4le important dans l\u2019\u00e9tablissement d\u2019une majeure haute sp\u00e9cialisation en justice, afin d\u2019offrir des programmes sp\u00e9cialis\u00e9s sur le syst\u00e8me judiciaire canadien aux \u00e9tudiants qui d\u00e9sirent poursuivre une carri\u00e8re en justice.<\/p>\n","protected":false},"excerpt":{"rendered":"<p>&nbsp;Pat Noble, \u00e9ducatrice au Peel District School Board, a re\u00e7u le premier Prix des \u00e9ducateurs juridiques exemplaires Hux-Kiteley du ROEJ. Mme&nbsp;Noble s\u2019est illustr\u00e9e comme pionni\u00e8re de la promotion de l\u2019\u00e9ducation juridique dans la r\u00e9gion de Peel en forgeant des liens solides entre les communaut\u00e9s scolaires et juridiques pour soutenir la r\u00e9ussite des \u00e9l\u00e8ves. Pat Noble [&hellip;]<\/p>\n","protected":false},"author":4,"featured_media":0,"parent":7992,"menu_order":0,"comment_status":"closed","ping_status":"closed","template":"","meta":{"_acf_changed":false,"_eb_attr":"","inline_featured_image":false,"ub_ctt_via":"","footnotes":""},"class_list":["post-8175","page","type-page","status-publish","hentry"],"acf":[],"featured_image_src":null,"yoast_head":"<!-- This site is optimized with the Yoast SEO plugin v25.3 - https:\/\/yoast.com\/wordpress\/plugins\/seo\/ -->\n<title>2011 Pat Noble - OJEN<\/title>\n<meta name=\"robots\" content=\"noindex, follow, max-snippet:-1, max-image-preview:large, max-video-preview:-1\" \/>\n<meta property=\"og:locale\" content=\"fr_CA\" \/>\n<meta property=\"og:type\" content=\"article\" \/>\n<meta property=\"og:title\" content=\"2011 Pat Noble - OJEN\" \/>\n<meta property=\"og:description\" content=\"&nbsp;Pat Noble, \u00e9ducatrice au Peel District School Board, a re\u00e7u le premier Prix des \u00e9ducateurs juridiques exemplaires Hux-Kiteley du ROEJ. Mme&nbsp;Noble s\u2019est illustr\u00e9e comme pionni\u00e8re de la promotion de l\u2019\u00e9ducation juridique dans la r\u00e9gion de Peel en forgeant des liens solides entre les communaut\u00e9s scolaires et juridiques pour soutenir la r\u00e9ussite des \u00e9l\u00e8ves. Pat Noble [&hellip;]\" \/>\n<meta property=\"og:url\" content=\"https:\/\/ojen2024.turnbull.co\/fr\/a-propos\/prix-du-roej\/prix-des-educateurs-juridiques-exemplaires-hux-kiteley\/2011-pat-noble\" \/>\n<meta property=\"og:site_name\" content=\"OJEN\" \/>\n<meta property=\"article:publisher\" content=\"https:\/\/www.facebook.com\/pages\/OJEN\/252115501467864\" \/>\n<meta property=\"article:modified_time\" content=\"2016-12-23T20:13:22+00:00\" \/>\n<meta name=\"twitter:card\" content=\"summary_large_image\" \/>\n<meta name=\"twitter:site\" content=\"@OJEN_ROEJ\" \/>\n<meta name=\"twitter:label1\" content=\"Estimation du temps de lecture\" \/>\n\t<meta name=\"twitter:data1\" content=\"1 minute\" \/>\n<script type=\"application\/ld+json\" class=\"yoast-schema-graph\">{\"@context\":\"https:\/\/schema.org\",\"@graph\":[{\"@type\":\"WebPage\",\"@id\":\"https:\/\/ojen2024.turnbull.co\/fr\/a-propos\/prix-du-roej\/prix-des-educateurs-juridiques-exemplaires-hux-kiteley\/2011-pat-noble\",\"url\":\"https:\/\/ojen2024.turnbull.co\/fr\/a-propos\/prix-du-roej\/prix-des-educateurs-juridiques-exemplaires-hux-kiteley\/2011-pat-noble\",\"name\":\"2011 Pat Noble - OJEN\",\"isPartOf\":{\"@id\":\"https:\/\/ojen2024.turnbull.co\/en\/#website\"},\"datePublished\":\"2016-10-05T15:25:47+00:00\",\"dateModified\":\"2016-12-23T20:13:22+00:00\",\"breadcrumb\":{\"@id\":\"https:\/\/ojen2024.turnbull.co\/fr\/a-propos\/prix-du-roej\/prix-des-educateurs-juridiques-exemplaires-hux-kiteley\/2011-pat-noble#breadcrumb\"},\"inLanguage\":\"fr-CA\",\"potentialAction\":[{\"@type\":\"ReadAction\",\"target\":[\"https:\/\/ojen2024.turnbull.co\/fr\/a-propos\/prix-du-roej\/prix-des-educateurs-juridiques-exemplaires-hux-kiteley\/2011-pat-noble\"]}]},{\"@type\":\"BreadcrumbList\",\"@id\":\"https:\/\/ojen2024.turnbull.co\/fr\/a-propos\/prix-du-roej\/prix-des-educateurs-juridiques-exemplaires-hux-kiteley\/2011-pat-noble#breadcrumb\",\"itemListElement\":[{\"@type\":\"ListItem\",\"position\":1,\"name\":\"Home\",\"item\":\"https:\/\/ojen2024.turnbull.co\/fr\"},{\"@type\":\"ListItem\",\"position\":2,\"name\":\"Qui sommes nous?\",\"item\":\"https:\/\/ojen2024.turnbull.co\/fr\/a-propos\"},{\"@type\":\"ListItem\",\"position\":3,\"name\":\"Prix du ROEJ\",\"item\":\"https:\/\/ojen2024.turnbull.co\/fr\/a-propos\/prix-du-roej\"},{\"@type\":\"ListItem\",\"position\":4,\"name\":\"Prix des \u00e9ducateurs juridiques exemplaires Hux-Kiteley\",\"item\":\"https:\/\/ojen2024.turnbull.co\/fr\/a-propos\/prix-du-roej\/prix-des-educateurs-juridiques-exemplaires-hux-kiteley\"},{\"@type\":\"ListItem\",\"position\":5,\"name\":\"2011 Pat Noble\"}]},{\"@type\":\"WebSite\",\"@id\":\"https:\/\/ojen2024.turnbull.co\/en\/#website\",\"url\":\"https:\/\/ojen2024.turnbull.co\/en\/\",\"name\":\"OJEN\",\"description\":\"\",\"potentialAction\":[{\"@type\":\"SearchAction\",\"target\":{\"@type\":\"EntryPoint\",\"urlTemplate\":\"https:\/\/ojen2024.turnbull.co\/en\/?s={search_term_string}\"},\"query-input\":{\"@type\":\"PropertyValueSpecification\",\"valueRequired\":true,\"valueName\":\"search_term_string\"}}],\"inLanguage\":\"fr-CA\"}]}<\/script>\n<!-- \/ Yoast SEO plugin. -->","yoast_head_json":{"title":"2011 Pat Noble - OJEN","robots":{"index":"noindex","follow":"follow","max-snippet":"max-snippet:-1","max-image-preview":"max-image-preview:large","max-video-preview":"max-video-preview:-1"},"og_locale":"fr_CA","og_type":"article","og_title":"2011 Pat Noble - OJEN","og_description":"&nbsp;Pat Noble, \u00e9ducatrice au Peel District School Board, a re\u00e7u le premier Prix des \u00e9ducateurs juridiques exemplaires Hux-Kiteley du ROEJ. Mme&nbsp;Noble s\u2019est illustr\u00e9e comme pionni\u00e8re de la promotion de l\u2019\u00e9ducation juridique dans la r\u00e9gion de Peel en forgeant des liens solides entre les communaut\u00e9s scolaires et juridiques pour soutenir la r\u00e9ussite des \u00e9l\u00e8ves. Pat Noble [&hellip;]","og_url":"https:\/\/ojen2024.turnbull.co\/fr\/a-propos\/prix-du-roej\/prix-des-educateurs-juridiques-exemplaires-hux-kiteley\/2011-pat-noble","og_site_name":"OJEN","article_publisher":"https:\/\/www.facebook.com\/pages\/OJEN\/252115501467864","article_modified_time":"2016-12-23T20:13:22+00:00","twitter_card":"summary_large_image","twitter_site":"@OJEN_ROEJ","twitter_misc":{"Estimation du temps de lecture":"1 minute"},"schema":{"@context":"https:\/\/schema.org","@graph":[{"@type":"WebPage","@id":"https:\/\/ojen2024.turnbull.co\/fr\/a-propos\/prix-du-roej\/prix-des-educateurs-juridiques-exemplaires-hux-kiteley\/2011-pat-noble","url":"https:\/\/ojen2024.turnbull.co\/fr\/a-propos\/prix-du-roej\/prix-des-educateurs-juridiques-exemplaires-hux-kiteley\/2011-pat-noble","name":"2011 Pat Noble - OJEN","isPartOf":{"@id":"https:\/\/ojen2024.turnbull.co\/en\/#website"},"datePublished":"2016-10-05T15:25:47+00:00","dateModified":"2016-12-23T20:13:22+00:00","breadcrumb":{"@id":"https:\/\/ojen2024.turnbull.co\/fr\/a-propos\/prix-du-roej\/prix-des-educateurs-juridiques-exemplaires-hux-kiteley\/2011-pat-noble#breadcrumb"},"inLanguage":"fr-CA","potentialAction":[{"@type":"ReadAction","target":["https:\/\/ojen2024.turnbull.co\/fr\/a-propos\/prix-du-roej\/prix-des-educateurs-juridiques-exemplaires-hux-kiteley\/2011-pat-noble"]}]},{"@type":"BreadcrumbList","@id":"https:\/\/ojen2024.turnbull.co\/fr\/a-propos\/prix-du-roej\/prix-des-educateurs-juridiques-exemplaires-hux-kiteley\/2011-pat-noble#breadcrumb","itemListElement":[{"@type":"ListItem","position":1,"name":"Home","item":"https:\/\/ojen2024.turnbull.co\/fr"},{"@type":"ListItem","position":2,"name":"Qui sommes nous?","item":"https:\/\/ojen2024.turnbull.co\/fr\/a-propos"},{"@type":"ListItem","position":3,"name":"Prix du ROEJ","item":"https:\/\/ojen2024.turnbull.co\/fr\/a-propos\/prix-du-roej"},{"@type":"ListItem","position":4,"name":"Prix des \u00e9ducateurs juridiques exemplaires Hux-Kiteley","item":"https:\/\/ojen2024.turnbull.co\/fr\/a-propos\/prix-du-roej\/prix-des-educateurs-juridiques-exemplaires-hux-kiteley"},{"@type":"ListItem","position":5,"name":"2011 Pat Noble"}]},{"@type":"WebSite","@id":"https:\/\/ojen2024.turnbull.co\/en\/#website","url":"https:\/\/ojen2024.turnbull.co\/en\/","name":"OJEN","description":"","potentialAction":[{"@type":"SearchAction","target":{"@type":"EntryPoint","urlTemplate":"https:\/\/ojen2024.turnbull.co\/en\/?s={search_term_string}"},"query-input":{"@type":"PropertyValueSpecification","valueRequired":true,"valueName":"search_term_string"}}],"inLanguage":"fr-CA"}]}},"_links":{"self":[{"href":"https:\/\/ojen2024.turnbull.co\/fr\/wp-json\/wp\/v2\/pages\/8175"}],"collection":[{"href":"https:\/\/ojen2024.turnbull.co\/fr\/wp-json\/wp\/v2\/pages"}],"about":[{"href":"https:\/\/ojen2024.turnbull.co\/fr\/wp-json\/wp\/v2\/types\/page"}],"author":[{"embeddable":true,"href":"https:\/\/ojen2024.turnbull.co\/fr\/wp-json\/wp\/v2\/users\/4"}],"replies":[{"embeddable":true,"href":"https:\/\/ojen2024.turnbull.co\/fr\/wp-json\/wp\/v2\/comments?post=8175"}],"version-history":[{"count":0,"href":"https:\/\/ojen2024.turnbull.co\/fr\/wp-json\/wp\/v2\/pages\/8175\/revisions"}],"up":[{"embeddable":true,"href":"https:\/\/ojen2024.turnbull.co\/fr\/wp-json\/wp\/v2\/pages\/7992"}],"wp:attachment":[{"href":"https:\/\/ojen2024.turnbull.co\/fr\/wp-json\/wp\/v2\/media?parent=8175"}],"curies":[{"name":"wp","href":"https:\/\/api.w.org\/{rel}","templated":true}]}}