{"id":8178,"date":"2016-10-05T15:26:12","date_gmt":"2016-10-05T15:26:12","guid":{"rendered":"http:\/\/ojen.ca\/fr\/a-propos\/prix-du-roej\/prix-des-educateurs-juridiques-exemplaires-hux-kiteley\/2012-norm-innocente"},"modified":"2016-12-23T12:40:03","modified_gmt":"2016-12-23T17:40:03","slug":"2012-norm-innocente","status":"publish","type":"page","link":"https:\/\/ojen2024.turnbull.co\/fr\/a-propos\/prix-du-roej\/prix-des-educateurs-juridiques-exemplaires-hux-kiteley\/2012-norm-innocente","title":{"rendered":"2012 Norm Innocente"},"content":{"rendered":"<p><a href=\"\/wp-content\/uploads\/2016\/10\/HK-2012-Allan-Hux-Norm-Innocente-Justice-Fran-Kiteley.jpg\"><img decoding=\"async\" class=\"lft\" src=\"\/wp-content\/uploads\/2016\/10\/HK-2012-Allan-Hux-Norm-Innocente-Justice-Fran-Kiteley-300x296.jpg\" alt=\"hk-2012-allan-hux-norm-innocente-justice-fran-kiteley\"><\/a>Norm&nbsp;Innocente est un \u00e9ducateur du Windsor\u2011Essex Catholic District School Board qui vient r\u00e9cemment de prendre sa retraite. M.&nbsp;Innocente a \u00e9t\u00e9 choisi pour cette reconnaissance afin de souligner sa contribution en tant qu\u2019enseignant du cours de droit au secondaire tout au long de sa carri\u00e8re remarquable, laquelle s\u2019est \u00e9chelonn\u00e9e sur non moins de 37&nbsp;ans.<\/p>\n<p>Norm Innocente a \u00e9t\u00e9 enseignant au sein du Windsor-Essex Catholic District School Board pendant 37&nbsp;ans, dont 34&nbsp;ans en tant que professeur de droit. Cherchant constamment \u00e0 innover dans son style d\u2019enseignement, il a utilis\u00e9 un grand \u00e9ventail de ressources p\u00e9dagogiques. Il a pr\u00e9sent\u00e9 \u00e0 ses \u00e9tudiants des invit\u00e9s provenant de toutes les sph\u00e8res de la communaut\u00e9 juridique. Que ce soient des juges, des avocats ou des personnes reconnues coupables de crimes, M.&nbsp;Innocente s\u2019est fait un point d\u2019honneur d\u2019accueillir dans sa salle de classe des personnes pouvant offrir des perspectives diff\u00e9rentes et une exp\u00e9rience de premi\u00e8re main afin de donner vie \u00e0 ses cours de droit. Au cours de sa carri\u00e8re, il a accueilli plus de 200&nbsp;invit\u00e9s dans sa salle de classe.<\/p>\n<p>Il a non seulement continuellement cherch\u00e9 \u00e0 se perfectionner sur le plan professionnel, mais a \u00e9galement fait preuve d\u2019une grande g\u00e9n\u00e9rosit\u00e9 envers ses coll\u00e8gues. Il a jou\u00e9 le r\u00f4le de mentor aupr\u00e8s de huit nouveaux enseignants du cours de droit dans la r\u00e9gion de Windsor-Essex, partageant sa grande exp\u00e9rience cumul\u00e9e au fil de ses nombreuses ann\u00e9es dans le domaine.<\/p>\n","protected":false},"excerpt":{"rendered":"<p>Norm&nbsp;Innocente est un \u00e9ducateur du Windsor\u2011Essex Catholic District School Board qui vient r\u00e9cemment de prendre sa retraite. M.&nbsp;Innocente a \u00e9t\u00e9 choisi pour cette reconnaissance afin de souligner sa contribution en tant qu\u2019enseignant du cours de droit au secondaire tout au long de sa carri\u00e8re remarquable, laquelle s\u2019est \u00e9chelonn\u00e9e sur non moins de 37&nbsp;ans. Norm Innocente [&hellip;]<\/p>\n","protected":false},"author":4,"featured_media":0,"parent":7992,"menu_order":0,"comment_status":"closed","ping_status":"closed","template":"","meta":{"_acf_changed":false,"_eb_attr":"","inline_featured_image":false,"ub_ctt_via":"","footnotes":""},"class_list":["post-8178","page","type-page","status-publish","hentry"],"acf":[],"featured_image_src":null,"yoast_head":"<!-- This site is optimized with the Yoast SEO plugin v25.3 - https:\/\/yoast.com\/wordpress\/plugins\/seo\/ -->\n<title>2012 Norm Innocente - OJEN<\/title>\n<meta name=\"robots\" content=\"noindex, follow, max-snippet:-1, max-image-preview:large, max-video-preview:-1\" \/>\n<meta property=\"og:locale\" content=\"fr_CA\" \/>\n<meta property=\"og:type\" content=\"article\" \/>\n<meta property=\"og:title\" content=\"2012 Norm Innocente - OJEN\" \/>\n<meta property=\"og:description\" content=\"Norm&nbsp;Innocente est un \u00e9ducateur du Windsor\u2011Essex Catholic District School Board qui vient r\u00e9cemment de prendre sa retraite. M.&nbsp;Innocente a \u00e9t\u00e9 choisi pour cette reconnaissance afin de souligner sa contribution en tant qu\u2019enseignant du cours de droit au secondaire tout au long de sa carri\u00e8re remarquable, laquelle s\u2019est \u00e9chelonn\u00e9e sur non moins de 37&nbsp;ans. Norm Innocente [&hellip;]\" \/>\n<meta property=\"og:url\" content=\"https:\/\/ojen2024.turnbull.co\/fr\/a-propos\/prix-du-roej\/prix-des-educateurs-juridiques-exemplaires-hux-kiteley\/2012-norm-innocente\" \/>\n<meta property=\"og:site_name\" content=\"OJEN\" \/>\n<meta property=\"article:publisher\" content=\"https:\/\/www.facebook.com\/pages\/OJEN\/252115501467864\" \/>\n<meta property=\"article:modified_time\" content=\"2016-12-23T17:40:03+00:00\" \/>\n<meta name=\"twitter:card\" content=\"summary_large_image\" \/>\n<meta name=\"twitter:site\" content=\"@OJEN_ROEJ\" \/>\n<meta name=\"twitter:label1\" content=\"Estimation du temps de lecture\" \/>\n\t<meta name=\"twitter:data1\" content=\"1 minute\" \/>\n<script type=\"application\/ld+json\" class=\"yoast-schema-graph\">{\"@context\":\"https:\/\/schema.org\",\"@graph\":[{\"@type\":\"WebPage\",\"@id\":\"https:\/\/ojen2024.turnbull.co\/fr\/a-propos\/prix-du-roej\/prix-des-educateurs-juridiques-exemplaires-hux-kiteley\/2012-norm-innocente\",\"url\":\"https:\/\/ojen2024.turnbull.co\/fr\/a-propos\/prix-du-roej\/prix-des-educateurs-juridiques-exemplaires-hux-kiteley\/2012-norm-innocente\",\"name\":\"2012 Norm Innocente - OJEN\",\"isPartOf\":{\"@id\":\"https:\/\/ojen2024.turnbull.co\/en\/#website\"},\"datePublished\":\"2016-10-05T15:26:12+00:00\",\"dateModified\":\"2016-12-23T17:40:03+00:00\",\"breadcrumb\":{\"@id\":\"https:\/\/ojen2024.turnbull.co\/fr\/a-propos\/prix-du-roej\/prix-des-educateurs-juridiques-exemplaires-hux-kiteley\/2012-norm-innocente#breadcrumb\"},\"inLanguage\":\"fr-CA\",\"potentialAction\":[{\"@type\":\"ReadAction\",\"target\":[\"https:\/\/ojen2024.turnbull.co\/fr\/a-propos\/prix-du-roej\/prix-des-educateurs-juridiques-exemplaires-hux-kiteley\/2012-norm-innocente\"]}]},{\"@type\":\"BreadcrumbList\",\"@id\":\"https:\/\/ojen2024.turnbull.co\/fr\/a-propos\/prix-du-roej\/prix-des-educateurs-juridiques-exemplaires-hux-kiteley\/2012-norm-innocente#breadcrumb\",\"itemListElement\":[{\"@type\":\"ListItem\",\"position\":1,\"name\":\"Home\",\"item\":\"https:\/\/ojen2024.turnbull.co\/fr\"},{\"@type\":\"ListItem\",\"position\":2,\"name\":\"Qui sommes nous?\",\"item\":\"https:\/\/ojen2024.turnbull.co\/fr\/a-propos\"},{\"@type\":\"ListItem\",\"position\":3,\"name\":\"Prix du ROEJ\",\"item\":\"https:\/\/ojen2024.turnbull.co\/fr\/a-propos\/prix-du-roej\"},{\"@type\":\"ListItem\",\"position\":4,\"name\":\"Prix des \u00e9ducateurs juridiques exemplaires Hux-Kiteley\",\"item\":\"https:\/\/ojen2024.turnbull.co\/fr\/a-propos\/prix-du-roej\/prix-des-educateurs-juridiques-exemplaires-hux-kiteley\"},{\"@type\":\"ListItem\",\"position\":5,\"name\":\"2012 Norm Innocente\"}]},{\"@type\":\"WebSite\",\"@id\":\"https:\/\/ojen2024.turnbull.co\/en\/#website\",\"url\":\"https:\/\/ojen2024.turnbull.co\/en\/\",\"name\":\"OJEN\",\"description\":\"\",\"potentialAction\":[{\"@type\":\"SearchAction\",\"target\":{\"@type\":\"EntryPoint\",\"urlTemplate\":\"https:\/\/ojen2024.turnbull.co\/en\/?s={search_term_string}\"},\"query-input\":{\"@type\":\"PropertyValueSpecification\",\"valueRequired\":true,\"valueName\":\"search_term_string\"}}],\"inLanguage\":\"fr-CA\"}]}<\/script>\n<!-- \/ Yoast SEO plugin. -->","yoast_head_json":{"title":"2012 Norm Innocente - OJEN","robots":{"index":"noindex","follow":"follow","max-snippet":"max-snippet:-1","max-image-preview":"max-image-preview:large","max-video-preview":"max-video-preview:-1"},"og_locale":"fr_CA","og_type":"article","og_title":"2012 Norm Innocente - OJEN","og_description":"Norm&nbsp;Innocente est un \u00e9ducateur du Windsor\u2011Essex Catholic District School Board qui vient r\u00e9cemment de prendre sa retraite. M.&nbsp;Innocente a \u00e9t\u00e9 choisi pour cette reconnaissance afin de souligner sa contribution en tant qu\u2019enseignant du cours de droit au secondaire tout au long de sa carri\u00e8re remarquable, laquelle s\u2019est \u00e9chelonn\u00e9e sur non moins de 37&nbsp;ans. Norm Innocente [&hellip;]","og_url":"https:\/\/ojen2024.turnbull.co\/fr\/a-propos\/prix-du-roej\/prix-des-educateurs-juridiques-exemplaires-hux-kiteley\/2012-norm-innocente","og_site_name":"OJEN","article_publisher":"https:\/\/www.facebook.com\/pages\/OJEN\/252115501467864","article_modified_time":"2016-12-23T17:40:03+00:00","twitter_card":"summary_large_image","twitter_site":"@OJEN_ROEJ","twitter_misc":{"Estimation du temps de lecture":"1 minute"},"schema":{"@context":"https:\/\/schema.org","@graph":[{"@type":"WebPage","@id":"https:\/\/ojen2024.turnbull.co\/fr\/a-propos\/prix-du-roej\/prix-des-educateurs-juridiques-exemplaires-hux-kiteley\/2012-norm-innocente","url":"https:\/\/ojen2024.turnbull.co\/fr\/a-propos\/prix-du-roej\/prix-des-educateurs-juridiques-exemplaires-hux-kiteley\/2012-norm-innocente","name":"2012 Norm Innocente - OJEN","isPartOf":{"@id":"https:\/\/ojen2024.turnbull.co\/en\/#website"},"datePublished":"2016-10-05T15:26:12+00:00","dateModified":"2016-12-23T17:40:03+00:00","breadcrumb":{"@id":"https:\/\/ojen2024.turnbull.co\/fr\/a-propos\/prix-du-roej\/prix-des-educateurs-juridiques-exemplaires-hux-kiteley\/2012-norm-innocente#breadcrumb"},"inLanguage":"fr-CA","potentialAction":[{"@type":"ReadAction","target":["https:\/\/ojen2024.turnbull.co\/fr\/a-propos\/prix-du-roej\/prix-des-educateurs-juridiques-exemplaires-hux-kiteley\/2012-norm-innocente"]}]},{"@type":"BreadcrumbList","@id":"https:\/\/ojen2024.turnbull.co\/fr\/a-propos\/prix-du-roej\/prix-des-educateurs-juridiques-exemplaires-hux-kiteley\/2012-norm-innocente#breadcrumb","itemListElement":[{"@type":"ListItem","position":1,"name":"Home","item":"https:\/\/ojen2024.turnbull.co\/fr"},{"@type":"ListItem","position":2,"name":"Qui sommes nous?","item":"https:\/\/ojen2024.turnbull.co\/fr\/a-propos"},{"@type":"ListItem","position":3,"name":"Prix du ROEJ","item":"https:\/\/ojen2024.turnbull.co\/fr\/a-propos\/prix-du-roej"},{"@type":"ListItem","position":4,"name":"Prix des \u00e9ducateurs juridiques exemplaires Hux-Kiteley","item":"https:\/\/ojen2024.turnbull.co\/fr\/a-propos\/prix-du-roej\/prix-des-educateurs-juridiques-exemplaires-hux-kiteley"},{"@type":"ListItem","position":5,"name":"2012 Norm Innocente"}]},{"@type":"WebSite","@id":"https:\/\/ojen2024.turnbull.co\/en\/#website","url":"https:\/\/ojen2024.turnbull.co\/en\/","name":"OJEN","description":"","potentialAction":[{"@type":"SearchAction","target":{"@type":"EntryPoint","urlTemplate":"https:\/\/ojen2024.turnbull.co\/en\/?s={search_term_string}"},"query-input":{"@type":"PropertyValueSpecification","valueRequired":true,"valueName":"search_term_string"}}],"inLanguage":"fr-CA"}]}},"_links":{"self":[{"href":"https:\/\/ojen2024.turnbull.co\/fr\/wp-json\/wp\/v2\/pages\/8178"}],"collection":[{"href":"https:\/\/ojen2024.turnbull.co\/fr\/wp-json\/wp\/v2\/pages"}],"about":[{"href":"https:\/\/ojen2024.turnbull.co\/fr\/wp-json\/wp\/v2\/types\/page"}],"author":[{"embeddable":true,"href":"https:\/\/ojen2024.turnbull.co\/fr\/wp-json\/wp\/v2\/users\/4"}],"replies":[{"embeddable":true,"href":"https:\/\/ojen2024.turnbull.co\/fr\/wp-json\/wp\/v2\/comments?post=8178"}],"version-history":[{"count":0,"href":"https:\/\/ojen2024.turnbull.co\/fr\/wp-json\/wp\/v2\/pages\/8178\/revisions"}],"up":[{"embeddable":true,"href":"https:\/\/ojen2024.turnbull.co\/fr\/wp-json\/wp\/v2\/pages\/7992"}],"wp:attachment":[{"href":"https:\/\/ojen2024.turnbull.co\/fr\/wp-json\/wp\/v2\/media?parent=8178"}],"curies":[{"name":"wp","href":"https:\/\/api.w.org\/{rel}","templated":true}]}}