{"id":8181,"date":"2016-10-05T15:26:34","date_gmt":"2016-10-05T15:26:34","guid":{"rendered":"http:\/\/ojen.ca\/fr\/a-propos\/prix-du-roej\/prix-des-educateurs-juridiques-exemplaires-hux-kiteley\/2013-shari-blasutti"},"modified":"2016-12-23T12:40:52","modified_gmt":"2016-12-23T17:40:52","slug":"2013-shari-blasutti","status":"publish","type":"page","link":"https:\/\/ojen2024.turnbull.co\/fr\/a-propos\/prix-du-roej\/prix-des-educateurs-juridiques-exemplaires-hux-kiteley\/2013-shari-blasutti","title":{"rendered":"2013 Shari Blasutti"},"content":{"rendered":"<p><a href=\"\/wp-content\/uploads\/2016\/10\/HK-2013-Shari-Blasutti.jpg\"><img decoding=\"async\" class=\"lft\" src=\"\/wp-content\/uploads\/2016\/10\/HK-2013-Shari-Blasutti-300x245.jpg\" alt=\"hk-2013-shari-blasutti\"><\/a>M<sup>me<\/sup>&nbsp;Shari Blasutti est une \u00e9ducatrice du Rainbow District School Board \u00e0 Sudbury. M<sup>me<\/sup>&nbsp;Blasutti a \u00e9t\u00e9 reconnue pour ses contributions innovatrices \u00e0 l\u2019enseignement du droit au secondaire au cours d\u2019une p\u00e9riode de pr\u00e8s de 20 ans.<\/p>\n<p>Shari Blasutti enseigne aux \u00e9l\u00e8ves de 11<sup>e<\/sup> ann\u00e9e et de 12<sup>e<\/sup> ann\u00e9e de la Lockerby Composite High School \u00e0 Sudbury. Lorsque le Comit\u00e9 du ROEJ de Sudbury a lanc\u00e9 son programme de proc\u00e8s simul\u00e9s en&nbsp;2003, elle a \u00e9t\u00e9 la premi\u00e8re enseignante \u00e0 y participer. Avec le Comit\u00e9, elle dirige l\u2019organisation du tournoi annuel depuis ce temps. Ses \u00e9l\u00e8ves y ont particip\u00e9 chaque ann\u00e9e, se sont continuellement rendus en finale et ont gagn\u00e9 plus de tournois que toute autre \u00e9quipe de la r\u00e9gion. Un grand nombre de ses \u00e9l\u00e8ves ont remport\u00e9 des prix individuels en d\u00e9fense des droits et des int\u00e9r\u00eats. Shari n\u2019enseigne pas seulement les valeurs d\u00e9mocratiques qui sous\u2011tendent le processus judiciaire, elle met \u00e9galement l\u2019accent sur la coll\u00e9gialit\u00e9 et la civilit\u00e9 qui caract\u00e9risent les relations de travail entre les membres du Barreau de Sudbury.<\/p>\n<p>Shari est \u00e9galement g\u00e9n\u00e9reuse avec les autres enseignants de la ville, partageant avec eux ses documents p\u00e9dagogiques. Elle a aid\u00e9 bon nombre de nouveaux enseignants du cours de droit \u00e0 ma\u00eetriser le curriculum, leur a pr\u00e9sent\u00e9 le programme de proc\u00e8s simul\u00e9s et a collabor\u00e9 avec des coll\u00e8gues afin de mettre au point une matrice d\u2019\u00e9valuation pour les proc\u00e8s simul\u00e9s.<\/p>\n","protected":false},"excerpt":{"rendered":"<p>Mme&nbsp;Shari Blasutti est une \u00e9ducatrice du Rainbow District School Board \u00e0 Sudbury. Mme&nbsp;Blasutti a \u00e9t\u00e9 reconnue pour ses contributions innovatrices \u00e0 l\u2019enseignement du droit au secondaire au cours d\u2019une p\u00e9riode de pr\u00e8s de 20 ans. Shari Blasutti enseigne aux \u00e9l\u00e8ves de 11e ann\u00e9e et de 12e ann\u00e9e de la Lockerby Composite High School \u00e0 Sudbury. [&hellip;]<\/p>\n","protected":false},"author":4,"featured_media":0,"parent":7992,"menu_order":0,"comment_status":"closed","ping_status":"closed","template":"","meta":{"_acf_changed":false,"_eb_attr":"","inline_featured_image":false,"ub_ctt_via":"","footnotes":""},"class_list":["post-8181","page","type-page","status-publish","hentry"],"acf":[],"featured_image_src":null,"yoast_head":"<!-- This site is optimized with the Yoast SEO plugin v25.3 - https:\/\/yoast.com\/wordpress\/plugins\/seo\/ -->\n<title>2013 Shari Blasutti - OJEN<\/title>\n<meta name=\"robots\" content=\"noindex, follow, max-snippet:-1, max-image-preview:large, max-video-preview:-1\" \/>\n<meta property=\"og:locale\" content=\"fr_CA\" \/>\n<meta property=\"og:type\" content=\"article\" \/>\n<meta property=\"og:title\" content=\"2013 Shari Blasutti - OJEN\" \/>\n<meta property=\"og:description\" content=\"Mme&nbsp;Shari Blasutti est une \u00e9ducatrice du Rainbow District School Board \u00e0 Sudbury. Mme&nbsp;Blasutti a \u00e9t\u00e9 reconnue pour ses contributions innovatrices \u00e0 l\u2019enseignement du droit au secondaire au cours d\u2019une p\u00e9riode de pr\u00e8s de 20 ans. Shari Blasutti enseigne aux \u00e9l\u00e8ves de 11e ann\u00e9e et de 12e ann\u00e9e de la Lockerby Composite High School \u00e0 Sudbury. [&hellip;]\" \/>\n<meta property=\"og:url\" content=\"https:\/\/ojen2024.turnbull.co\/fr\/a-propos\/prix-du-roej\/prix-des-educateurs-juridiques-exemplaires-hux-kiteley\/2013-shari-blasutti\" \/>\n<meta property=\"og:site_name\" content=\"OJEN\" \/>\n<meta property=\"article:publisher\" content=\"https:\/\/www.facebook.com\/pages\/OJEN\/252115501467864\" \/>\n<meta property=\"article:modified_time\" content=\"2016-12-23T17:40:52+00:00\" \/>\n<meta name=\"twitter:card\" content=\"summary_large_image\" \/>\n<meta name=\"twitter:site\" content=\"@OJEN_ROEJ\" \/>\n<meta name=\"twitter:label1\" content=\"Estimation du temps de lecture\" \/>\n\t<meta name=\"twitter:data1\" content=\"1 minute\" \/>\n<script type=\"application\/ld+json\" class=\"yoast-schema-graph\">{\"@context\":\"https:\/\/schema.org\",\"@graph\":[{\"@type\":\"WebPage\",\"@id\":\"https:\/\/ojen2024.turnbull.co\/fr\/a-propos\/prix-du-roej\/prix-des-educateurs-juridiques-exemplaires-hux-kiteley\/2013-shari-blasutti\",\"url\":\"https:\/\/ojen2024.turnbull.co\/fr\/a-propos\/prix-du-roej\/prix-des-educateurs-juridiques-exemplaires-hux-kiteley\/2013-shari-blasutti\",\"name\":\"2013 Shari Blasutti - OJEN\",\"isPartOf\":{\"@id\":\"https:\/\/ojen2024.turnbull.co\/en\/#website\"},\"datePublished\":\"2016-10-05T15:26:34+00:00\",\"dateModified\":\"2016-12-23T17:40:52+00:00\",\"breadcrumb\":{\"@id\":\"https:\/\/ojen2024.turnbull.co\/fr\/a-propos\/prix-du-roej\/prix-des-educateurs-juridiques-exemplaires-hux-kiteley\/2013-shari-blasutti#breadcrumb\"},\"inLanguage\":\"fr-CA\",\"potentialAction\":[{\"@type\":\"ReadAction\",\"target\":[\"https:\/\/ojen2024.turnbull.co\/fr\/a-propos\/prix-du-roej\/prix-des-educateurs-juridiques-exemplaires-hux-kiteley\/2013-shari-blasutti\"]}]},{\"@type\":\"BreadcrumbList\",\"@id\":\"https:\/\/ojen2024.turnbull.co\/fr\/a-propos\/prix-du-roej\/prix-des-educateurs-juridiques-exemplaires-hux-kiteley\/2013-shari-blasutti#breadcrumb\",\"itemListElement\":[{\"@type\":\"ListItem\",\"position\":1,\"name\":\"Home\",\"item\":\"https:\/\/ojen2024.turnbull.co\/fr\"},{\"@type\":\"ListItem\",\"position\":2,\"name\":\"Qui sommes nous?\",\"item\":\"https:\/\/ojen2024.turnbull.co\/fr\/a-propos\"},{\"@type\":\"ListItem\",\"position\":3,\"name\":\"Prix du ROEJ\",\"item\":\"https:\/\/ojen2024.turnbull.co\/fr\/a-propos\/prix-du-roej\"},{\"@type\":\"ListItem\",\"position\":4,\"name\":\"Prix des \u00e9ducateurs juridiques exemplaires Hux-Kiteley\",\"item\":\"https:\/\/ojen2024.turnbull.co\/fr\/a-propos\/prix-du-roej\/prix-des-educateurs-juridiques-exemplaires-hux-kiteley\"},{\"@type\":\"ListItem\",\"position\":5,\"name\":\"2013 Shari Blasutti\"}]},{\"@type\":\"WebSite\",\"@id\":\"https:\/\/ojen2024.turnbull.co\/en\/#website\",\"url\":\"https:\/\/ojen2024.turnbull.co\/en\/\",\"name\":\"OJEN\",\"description\":\"\",\"potentialAction\":[{\"@type\":\"SearchAction\",\"target\":{\"@type\":\"EntryPoint\",\"urlTemplate\":\"https:\/\/ojen2024.turnbull.co\/en\/?s={search_term_string}\"},\"query-input\":{\"@type\":\"PropertyValueSpecification\",\"valueRequired\":true,\"valueName\":\"search_term_string\"}}],\"inLanguage\":\"fr-CA\"}]}<\/script>\n<!-- \/ Yoast SEO plugin. -->","yoast_head_json":{"title":"2013 Shari Blasutti - OJEN","robots":{"index":"noindex","follow":"follow","max-snippet":"max-snippet:-1","max-image-preview":"max-image-preview:large","max-video-preview":"max-video-preview:-1"},"og_locale":"fr_CA","og_type":"article","og_title":"2013 Shari Blasutti - OJEN","og_description":"Mme&nbsp;Shari Blasutti est une \u00e9ducatrice du Rainbow District School Board \u00e0 Sudbury. Mme&nbsp;Blasutti a \u00e9t\u00e9 reconnue pour ses contributions innovatrices \u00e0 l\u2019enseignement du droit au secondaire au cours d\u2019une p\u00e9riode de pr\u00e8s de 20 ans. Shari Blasutti enseigne aux \u00e9l\u00e8ves de 11e ann\u00e9e et de 12e ann\u00e9e de la Lockerby Composite High School \u00e0 Sudbury. [&hellip;]","og_url":"https:\/\/ojen2024.turnbull.co\/fr\/a-propos\/prix-du-roej\/prix-des-educateurs-juridiques-exemplaires-hux-kiteley\/2013-shari-blasutti","og_site_name":"OJEN","article_publisher":"https:\/\/www.facebook.com\/pages\/OJEN\/252115501467864","article_modified_time":"2016-12-23T17:40:52+00:00","twitter_card":"summary_large_image","twitter_site":"@OJEN_ROEJ","twitter_misc":{"Estimation du temps de lecture":"1 minute"},"schema":{"@context":"https:\/\/schema.org","@graph":[{"@type":"WebPage","@id":"https:\/\/ojen2024.turnbull.co\/fr\/a-propos\/prix-du-roej\/prix-des-educateurs-juridiques-exemplaires-hux-kiteley\/2013-shari-blasutti","url":"https:\/\/ojen2024.turnbull.co\/fr\/a-propos\/prix-du-roej\/prix-des-educateurs-juridiques-exemplaires-hux-kiteley\/2013-shari-blasutti","name":"2013 Shari Blasutti - OJEN","isPartOf":{"@id":"https:\/\/ojen2024.turnbull.co\/en\/#website"},"datePublished":"2016-10-05T15:26:34+00:00","dateModified":"2016-12-23T17:40:52+00:00","breadcrumb":{"@id":"https:\/\/ojen2024.turnbull.co\/fr\/a-propos\/prix-du-roej\/prix-des-educateurs-juridiques-exemplaires-hux-kiteley\/2013-shari-blasutti#breadcrumb"},"inLanguage":"fr-CA","potentialAction":[{"@type":"ReadAction","target":["https:\/\/ojen2024.turnbull.co\/fr\/a-propos\/prix-du-roej\/prix-des-educateurs-juridiques-exemplaires-hux-kiteley\/2013-shari-blasutti"]}]},{"@type":"BreadcrumbList","@id":"https:\/\/ojen2024.turnbull.co\/fr\/a-propos\/prix-du-roej\/prix-des-educateurs-juridiques-exemplaires-hux-kiteley\/2013-shari-blasutti#breadcrumb","itemListElement":[{"@type":"ListItem","position":1,"name":"Home","item":"https:\/\/ojen2024.turnbull.co\/fr"},{"@type":"ListItem","position":2,"name":"Qui sommes nous?","item":"https:\/\/ojen2024.turnbull.co\/fr\/a-propos"},{"@type":"ListItem","position":3,"name":"Prix du ROEJ","item":"https:\/\/ojen2024.turnbull.co\/fr\/a-propos\/prix-du-roej"},{"@type":"ListItem","position":4,"name":"Prix des \u00e9ducateurs juridiques exemplaires Hux-Kiteley","item":"https:\/\/ojen2024.turnbull.co\/fr\/a-propos\/prix-du-roej\/prix-des-educateurs-juridiques-exemplaires-hux-kiteley"},{"@type":"ListItem","position":5,"name":"2013 Shari Blasutti"}]},{"@type":"WebSite","@id":"https:\/\/ojen2024.turnbull.co\/en\/#website","url":"https:\/\/ojen2024.turnbull.co\/en\/","name":"OJEN","description":"","potentialAction":[{"@type":"SearchAction","target":{"@type":"EntryPoint","urlTemplate":"https:\/\/ojen2024.turnbull.co\/en\/?s={search_term_string}"},"query-input":{"@type":"PropertyValueSpecification","valueRequired":true,"valueName":"search_term_string"}}],"inLanguage":"fr-CA"}]}},"_links":{"self":[{"href":"https:\/\/ojen2024.turnbull.co\/fr\/wp-json\/wp\/v2\/pages\/8181"}],"collection":[{"href":"https:\/\/ojen2024.turnbull.co\/fr\/wp-json\/wp\/v2\/pages"}],"about":[{"href":"https:\/\/ojen2024.turnbull.co\/fr\/wp-json\/wp\/v2\/types\/page"}],"author":[{"embeddable":true,"href":"https:\/\/ojen2024.turnbull.co\/fr\/wp-json\/wp\/v2\/users\/4"}],"replies":[{"embeddable":true,"href":"https:\/\/ojen2024.turnbull.co\/fr\/wp-json\/wp\/v2\/comments?post=8181"}],"version-history":[{"count":0,"href":"https:\/\/ojen2024.turnbull.co\/fr\/wp-json\/wp\/v2\/pages\/8181\/revisions"}],"up":[{"embeddable":true,"href":"https:\/\/ojen2024.turnbull.co\/fr\/wp-json\/wp\/v2\/pages\/7992"}],"wp:attachment":[{"href":"https:\/\/ojen2024.turnbull.co\/fr\/wp-json\/wp\/v2\/media?parent=8181"}],"curies":[{"name":"wp","href":"https:\/\/api.w.org\/{rel}","templated":true}]}}