{"id":8184,"date":"2016-10-05T15:26:53","date_gmt":"2016-10-05T15:26:53","guid":{"rendered":"http:\/\/ojen.ca\/fr\/a-propos\/prix-du-roej\/prix-des-educateurs-juridiques-exemplaires-hux-kiteley\/2014-kris-kozell"},"modified":"2016-12-23T12:41:41","modified_gmt":"2016-12-23T17:41:41","slug":"2014-kris-kozell","status":"publish","type":"page","link":"https:\/\/ojen2024.turnbull.co\/fr\/a-propos\/prix-du-roej\/prix-des-educateurs-juridiques-exemplaires-hux-kiteley\/2014-kris-kozell","title":{"rendered":"2014 Kris Kozell"},"content":{"rendered":"<p><a href=\"\/wp-content\/uploads\/2016\/10\/HK-2014-Kris-Kozzel.jpg\"><img decoding=\"async\" class=\"lft\" src=\"\/wp-content\/uploads\/2016\/10\/HK-2014-Kris-Kozzel-300x283.jpg\" alt=\"hk-2014-kris-kozzel\"><\/a>&nbsp;Kris a enseign\u00e9 au Monarch Park Collegiate Institute jusqu\u2019\u00e0 ce qu\u2019elle prenne sa retraite l\u2019ann\u00e9e derni\u00e8re. M<sup>me<\/sup>&nbsp;Kozell, \u00e9ducatrice passionn\u00e9e et innovatrice, a r\u00e9guli\u00e8rement particip\u00e9 \u00e0 des proc\u00e8s simul\u00e9s, comme les tournois de proc\u00e8s simul\u00e9s \u00e0 Toronto, organis\u00e9 des visites dans les palais de justice de Toronto et des visites d\u2019avocats pour parler \u00e0 ses \u00e9l\u00e8ves dans le cadre du programme Adoptez une \u00e9cole, et particip\u00e9 au premier programme LAWS pendant deux&nbsp;ans.<\/p>\n<p>\u00c0 plusieurs reprises, M<sup>me<\/sup>&nbsp;Kozell a pass\u00e9 en revue les nouvelles ressources du ROEJ pour s\u2019assurer qu\u2019elles sont harmonis\u00e9es au curriculum. Elle fait \u00e9galement partie des enseignants consult\u00e9s par le ROEJ lorsqu\u2019il pr\u00e9pare des observations pour le minist\u00e8re de l\u2019\u00c9ducation en vue d\u2019am\u00e9liorer le curriculum relatif aux cours de droit.<\/p>\n<p>Elle a \u00e9t\u00e9 reconnue pour sa contribution \u00e0 l\u2019avancement des programmes d\u2019\u00e9ducation juridique dans la r\u00e9gion de Toronto \u00e0 titre de membre du Comit\u00e9 r\u00e9gional du ROEJ \u00e0 Toronto pendant neuf ans, p\u00e9riode pendant laquelle elle a particip\u00e9 activement \u00e0 la planification du tournoi de proc\u00e8s simul\u00e9s \u00e0 Toronto, du Symposium au cours de la Journ\u00e9e du droit et de l\u2019Institut estival de droit de Toronto.<\/p>\n","protected":false},"excerpt":{"rendered":"<p>&nbsp;Kris a enseign\u00e9 au Monarch Park Collegiate Institute jusqu\u2019\u00e0 ce qu\u2019elle prenne sa retraite l\u2019ann\u00e9e derni\u00e8re. Mme&nbsp;Kozell, \u00e9ducatrice passionn\u00e9e et innovatrice, a r\u00e9guli\u00e8rement particip\u00e9 \u00e0 des proc\u00e8s simul\u00e9s, comme les tournois de proc\u00e8s simul\u00e9s \u00e0 Toronto, organis\u00e9 des visites dans les palais de justice de Toronto et des visites d\u2019avocats pour parler \u00e0 ses \u00e9l\u00e8ves [&hellip;]<\/p>\n","protected":false},"author":4,"featured_media":0,"parent":7992,"menu_order":0,"comment_status":"closed","ping_status":"closed","template":"","meta":{"_acf_changed":false,"_eb_attr":"","inline_featured_image":false,"ub_ctt_via":"","footnotes":""},"class_list":["post-8184","page","type-page","status-publish","hentry"],"acf":[],"featured_image_src":null,"yoast_head":"<!-- This site is optimized with the Yoast SEO plugin v25.3 - https:\/\/yoast.com\/wordpress\/plugins\/seo\/ -->\n<title>2014 Kris Kozell - OJEN<\/title>\n<meta name=\"robots\" content=\"noindex, follow, max-snippet:-1, max-image-preview:large, max-video-preview:-1\" \/>\n<meta property=\"og:locale\" content=\"fr_CA\" \/>\n<meta property=\"og:type\" content=\"article\" \/>\n<meta property=\"og:title\" content=\"2014 Kris Kozell - OJEN\" \/>\n<meta property=\"og:description\" content=\"&nbsp;Kris a enseign\u00e9 au Monarch Park Collegiate Institute jusqu\u2019\u00e0 ce qu\u2019elle prenne sa retraite l\u2019ann\u00e9e derni\u00e8re. Mme&nbsp;Kozell, \u00e9ducatrice passionn\u00e9e et innovatrice, a r\u00e9guli\u00e8rement particip\u00e9 \u00e0 des proc\u00e8s simul\u00e9s, comme les tournois de proc\u00e8s simul\u00e9s \u00e0 Toronto, organis\u00e9 des visites dans les palais de justice de Toronto et des visites d\u2019avocats pour parler \u00e0 ses \u00e9l\u00e8ves [&hellip;]\" \/>\n<meta property=\"og:url\" content=\"https:\/\/ojen2024.turnbull.co\/fr\/a-propos\/prix-du-roej\/prix-des-educateurs-juridiques-exemplaires-hux-kiteley\/2014-kris-kozell\" \/>\n<meta property=\"og:site_name\" content=\"OJEN\" \/>\n<meta property=\"article:publisher\" content=\"https:\/\/www.facebook.com\/pages\/OJEN\/252115501467864\" \/>\n<meta property=\"article:modified_time\" content=\"2016-12-23T17:41:41+00:00\" \/>\n<meta name=\"twitter:card\" content=\"summary_large_image\" \/>\n<meta name=\"twitter:site\" content=\"@OJEN_ROEJ\" \/>\n<meta name=\"twitter:label1\" content=\"Estimation du temps de lecture\" \/>\n\t<meta name=\"twitter:data1\" content=\"1 minute\" \/>\n<script type=\"application\/ld+json\" class=\"yoast-schema-graph\">{\"@context\":\"https:\/\/schema.org\",\"@graph\":[{\"@type\":\"WebPage\",\"@id\":\"https:\/\/ojen2024.turnbull.co\/fr\/a-propos\/prix-du-roej\/prix-des-educateurs-juridiques-exemplaires-hux-kiteley\/2014-kris-kozell\",\"url\":\"https:\/\/ojen2024.turnbull.co\/fr\/a-propos\/prix-du-roej\/prix-des-educateurs-juridiques-exemplaires-hux-kiteley\/2014-kris-kozell\",\"name\":\"2014 Kris Kozell - OJEN\",\"isPartOf\":{\"@id\":\"https:\/\/ojen2024.turnbull.co\/en\/#website\"},\"datePublished\":\"2016-10-05T15:26:53+00:00\",\"dateModified\":\"2016-12-23T17:41:41+00:00\",\"breadcrumb\":{\"@id\":\"https:\/\/ojen2024.turnbull.co\/fr\/a-propos\/prix-du-roej\/prix-des-educateurs-juridiques-exemplaires-hux-kiteley\/2014-kris-kozell#breadcrumb\"},\"inLanguage\":\"fr-CA\",\"potentialAction\":[{\"@type\":\"ReadAction\",\"target\":[\"https:\/\/ojen2024.turnbull.co\/fr\/a-propos\/prix-du-roej\/prix-des-educateurs-juridiques-exemplaires-hux-kiteley\/2014-kris-kozell\"]}]},{\"@type\":\"BreadcrumbList\",\"@id\":\"https:\/\/ojen2024.turnbull.co\/fr\/a-propos\/prix-du-roej\/prix-des-educateurs-juridiques-exemplaires-hux-kiteley\/2014-kris-kozell#breadcrumb\",\"itemListElement\":[{\"@type\":\"ListItem\",\"position\":1,\"name\":\"Home\",\"item\":\"https:\/\/ojen2024.turnbull.co\/fr\"},{\"@type\":\"ListItem\",\"position\":2,\"name\":\"Qui sommes nous?\",\"item\":\"https:\/\/ojen2024.turnbull.co\/fr\/a-propos\"},{\"@type\":\"ListItem\",\"position\":3,\"name\":\"Prix du ROEJ\",\"item\":\"https:\/\/ojen2024.turnbull.co\/fr\/a-propos\/prix-du-roej\"},{\"@type\":\"ListItem\",\"position\":4,\"name\":\"Prix des \u00e9ducateurs juridiques exemplaires Hux-Kiteley\",\"item\":\"https:\/\/ojen2024.turnbull.co\/fr\/a-propos\/prix-du-roej\/prix-des-educateurs-juridiques-exemplaires-hux-kiteley\"},{\"@type\":\"ListItem\",\"position\":5,\"name\":\"2014 Kris Kozell\"}]},{\"@type\":\"WebSite\",\"@id\":\"https:\/\/ojen2024.turnbull.co\/en\/#website\",\"url\":\"https:\/\/ojen2024.turnbull.co\/en\/\",\"name\":\"OJEN\",\"description\":\"\",\"potentialAction\":[{\"@type\":\"SearchAction\",\"target\":{\"@type\":\"EntryPoint\",\"urlTemplate\":\"https:\/\/ojen2024.turnbull.co\/en\/?s={search_term_string}\"},\"query-input\":{\"@type\":\"PropertyValueSpecification\",\"valueRequired\":true,\"valueName\":\"search_term_string\"}}],\"inLanguage\":\"fr-CA\"}]}<\/script>\n<!-- \/ Yoast SEO plugin. -->","yoast_head_json":{"title":"2014 Kris Kozell - OJEN","robots":{"index":"noindex","follow":"follow","max-snippet":"max-snippet:-1","max-image-preview":"max-image-preview:large","max-video-preview":"max-video-preview:-1"},"og_locale":"fr_CA","og_type":"article","og_title":"2014 Kris Kozell - OJEN","og_description":"&nbsp;Kris a enseign\u00e9 au Monarch Park Collegiate Institute jusqu\u2019\u00e0 ce qu\u2019elle prenne sa retraite l\u2019ann\u00e9e derni\u00e8re. Mme&nbsp;Kozell, \u00e9ducatrice passionn\u00e9e et innovatrice, a r\u00e9guli\u00e8rement particip\u00e9 \u00e0 des proc\u00e8s simul\u00e9s, comme les tournois de proc\u00e8s simul\u00e9s \u00e0 Toronto, organis\u00e9 des visites dans les palais de justice de Toronto et des visites d\u2019avocats pour parler \u00e0 ses \u00e9l\u00e8ves [&hellip;]","og_url":"https:\/\/ojen2024.turnbull.co\/fr\/a-propos\/prix-du-roej\/prix-des-educateurs-juridiques-exemplaires-hux-kiteley\/2014-kris-kozell","og_site_name":"OJEN","article_publisher":"https:\/\/www.facebook.com\/pages\/OJEN\/252115501467864","article_modified_time":"2016-12-23T17:41:41+00:00","twitter_card":"summary_large_image","twitter_site":"@OJEN_ROEJ","twitter_misc":{"Estimation du temps de lecture":"1 minute"},"schema":{"@context":"https:\/\/schema.org","@graph":[{"@type":"WebPage","@id":"https:\/\/ojen2024.turnbull.co\/fr\/a-propos\/prix-du-roej\/prix-des-educateurs-juridiques-exemplaires-hux-kiteley\/2014-kris-kozell","url":"https:\/\/ojen2024.turnbull.co\/fr\/a-propos\/prix-du-roej\/prix-des-educateurs-juridiques-exemplaires-hux-kiteley\/2014-kris-kozell","name":"2014 Kris Kozell - OJEN","isPartOf":{"@id":"https:\/\/ojen2024.turnbull.co\/en\/#website"},"datePublished":"2016-10-05T15:26:53+00:00","dateModified":"2016-12-23T17:41:41+00:00","breadcrumb":{"@id":"https:\/\/ojen2024.turnbull.co\/fr\/a-propos\/prix-du-roej\/prix-des-educateurs-juridiques-exemplaires-hux-kiteley\/2014-kris-kozell#breadcrumb"},"inLanguage":"fr-CA","potentialAction":[{"@type":"ReadAction","target":["https:\/\/ojen2024.turnbull.co\/fr\/a-propos\/prix-du-roej\/prix-des-educateurs-juridiques-exemplaires-hux-kiteley\/2014-kris-kozell"]}]},{"@type":"BreadcrumbList","@id":"https:\/\/ojen2024.turnbull.co\/fr\/a-propos\/prix-du-roej\/prix-des-educateurs-juridiques-exemplaires-hux-kiteley\/2014-kris-kozell#breadcrumb","itemListElement":[{"@type":"ListItem","position":1,"name":"Home","item":"https:\/\/ojen2024.turnbull.co\/fr"},{"@type":"ListItem","position":2,"name":"Qui sommes nous?","item":"https:\/\/ojen2024.turnbull.co\/fr\/a-propos"},{"@type":"ListItem","position":3,"name":"Prix du ROEJ","item":"https:\/\/ojen2024.turnbull.co\/fr\/a-propos\/prix-du-roej"},{"@type":"ListItem","position":4,"name":"Prix des \u00e9ducateurs juridiques exemplaires Hux-Kiteley","item":"https:\/\/ojen2024.turnbull.co\/fr\/a-propos\/prix-du-roej\/prix-des-educateurs-juridiques-exemplaires-hux-kiteley"},{"@type":"ListItem","position":5,"name":"2014 Kris Kozell"}]},{"@type":"WebSite","@id":"https:\/\/ojen2024.turnbull.co\/en\/#website","url":"https:\/\/ojen2024.turnbull.co\/en\/","name":"OJEN","description":"","potentialAction":[{"@type":"SearchAction","target":{"@type":"EntryPoint","urlTemplate":"https:\/\/ojen2024.turnbull.co\/en\/?s={search_term_string}"},"query-input":{"@type":"PropertyValueSpecification","valueRequired":true,"valueName":"search_term_string"}}],"inLanguage":"fr-CA"}]}},"_links":{"self":[{"href":"https:\/\/ojen2024.turnbull.co\/fr\/wp-json\/wp\/v2\/pages\/8184"}],"collection":[{"href":"https:\/\/ojen2024.turnbull.co\/fr\/wp-json\/wp\/v2\/pages"}],"about":[{"href":"https:\/\/ojen2024.turnbull.co\/fr\/wp-json\/wp\/v2\/types\/page"}],"author":[{"embeddable":true,"href":"https:\/\/ojen2024.turnbull.co\/fr\/wp-json\/wp\/v2\/users\/4"}],"replies":[{"embeddable":true,"href":"https:\/\/ojen2024.turnbull.co\/fr\/wp-json\/wp\/v2\/comments?post=8184"}],"version-history":[{"count":0,"href":"https:\/\/ojen2024.turnbull.co\/fr\/wp-json\/wp\/v2\/pages\/8184\/revisions"}],"up":[{"embeddable":true,"href":"https:\/\/ojen2024.turnbull.co\/fr\/wp-json\/wp\/v2\/pages\/7992"}],"wp:attachment":[{"href":"https:\/\/ojen2024.turnbull.co\/fr\/wp-json\/wp\/v2\/media?parent=8184"}],"curies":[{"name":"wp","href":"https:\/\/api.w.org\/{rel}","templated":true}]}}