{"id":8190,"date":"2016-10-05T15:27:39","date_gmt":"2016-10-05T15:27:39","guid":{"rendered":"http:\/\/ojen.ca\/fr\/a-propos\/prix-du-roej\/prix-des-educateurs-juridiques-exemplaires-hux-kiteley\/2016-danielle-mclaughlin"},"modified":"2016-12-23T15:33:58","modified_gmt":"2016-12-23T20:33:58","slug":"2016-danielle-mclaughlin","status":"publish","type":"page","link":"https:\/\/ojen2024.turnbull.co\/fr\/a-propos\/prix-du-roej\/prix-des-educateurs-juridiques-exemplaires-hux-kiteley\/2016-danielle-mclaughlin","title":{"rendered":"2016 Danielle McLaughlin"},"content":{"rendered":"<p>Le Prix des \u00e9ducateurs juridiques exemplaires Hux-Kiteley de 2016 a \u00e9t\u00e9 remis \u00e0 Danielle McLaughlin. \u00c0 titre de directrice de l\u2019\u00e9ducation au sein de la Fondation canadienne pour l\u2019\u00e9ducation en mati\u00e8re de libert\u00e9s civiles (FCELC), M<sup>me<\/sup>&nbsp;McLaughlin s\u2019est consacr\u00e9e \u00e0 l\u2019avancement de l\u2019\u00e9ducation juridique en \u00e9laborant et en offrant des programmes et des ressources destin\u00e9s aux \u00e9l\u00e8ves et aux enseignants qui les poussent \u00e0 r\u00e9fl\u00e9chir de fa\u00e7on critique aux droits et libert\u00e9s et \u00e0 l\u2019enseignement de ces derniers. Elle a pris sa retraite plus t\u00f4t cette ann\u00e9e apr\u00e8s 27 ans au sein de l\u2019Association canadienne des libert\u00e9s civiles (ACLC) et de la FCELC.<\/p>\n<p>Danielle a mis au point ce qui est maintenant consid\u00e9r\u00e9 comme le style particulier de la FCELC pour l\u2019enseignement de la pens\u00e9e critique en mati\u00e8re de justice sociale \u2013 soit de poser des questions qui n\u2019ont pas de r\u00e9ponse facile et d\u2019encourager les participants \u00e0 \u00e9viter le consensus afin qu\u2019ils puissent explorer plusieurs points de vue sur un enjeu controvers\u00e9.&nbsp;Le programme, initialement offert dans quelques \u00e9coles locales seulement, est maintenant offert dans plus de 300 salles de classe (pr\u00e8s de 10&nbsp;000 \u00e9l\u00e8ves) chaque ann\u00e9e scolaire, et ce, d\u2019un bout \u00e0 l\u2019autre de la province.&nbsp;Danielle a \u00e9galement co-cr\u00e9\u00e9 une s\u00e9rie d\u2019histoires pour enfants qui aident les plus jeunes membres de notre soci\u00e9t\u00e9 \u00e0 comprendre comment trouver un \u00e9quilibre entre les droits et libert\u00e9s dans un pays d\u00e9mocratique.<\/p>\n<p>M<sup>me<\/sup>&nbsp;McLaughlin a eu un impact inestimable sur les enseignants, les \u00e9l\u00e8ves et le grand public gr\u00e2ce \u00e0 ses efforts de promotion du dialogue entre citoyens. &nbsp;&nbsp;<\/p>\n","protected":false},"excerpt":{"rendered":"<p>Le Prix des \u00e9ducateurs juridiques exemplaires Hux-Kiteley de 2016 a \u00e9t\u00e9 remis \u00e0 Danielle McLaughlin. \u00c0 titre de directrice de l\u2019\u00e9ducation au sein de la Fondation canadienne pour l\u2019\u00e9ducation en mati\u00e8re de libert\u00e9s civiles (FCELC), Mme&nbsp;McLaughlin s\u2019est consacr\u00e9e \u00e0 l\u2019avancement de l\u2019\u00e9ducation juridique en \u00e9laborant et en offrant des programmes et des ressources destin\u00e9s aux [&hellip;]<\/p>\n","protected":false},"author":4,"featured_media":0,"parent":7992,"menu_order":0,"comment_status":"closed","ping_status":"closed","template":"","meta":{"_acf_changed":false,"_eb_attr":"","inline_featured_image":false,"ub_ctt_via":"","footnotes":""},"class_list":["post-8190","page","type-page","status-publish","hentry"],"acf":[],"featured_image_src":null,"yoast_head":"<!-- This site is optimized with the Yoast SEO plugin v25.3 - https:\/\/yoast.com\/wordpress\/plugins\/seo\/ -->\n<title>2016 Danielle McLaughlin - OJEN<\/title>\n<meta name=\"robots\" content=\"noindex, follow, max-snippet:-1, max-image-preview:large, max-video-preview:-1\" \/>\n<meta property=\"og:locale\" content=\"fr_CA\" \/>\n<meta property=\"og:type\" content=\"article\" \/>\n<meta property=\"og:title\" content=\"2016 Danielle McLaughlin - OJEN\" \/>\n<meta property=\"og:description\" content=\"Le Prix des \u00e9ducateurs juridiques exemplaires Hux-Kiteley de 2016 a \u00e9t\u00e9 remis \u00e0 Danielle McLaughlin. \u00c0 titre de directrice de l\u2019\u00e9ducation au sein de la Fondation canadienne pour l\u2019\u00e9ducation en mati\u00e8re de libert\u00e9s civiles (FCELC), Mme&nbsp;McLaughlin s\u2019est consacr\u00e9e \u00e0 l\u2019avancement de l\u2019\u00e9ducation juridique en \u00e9laborant et en offrant des programmes et des ressources destin\u00e9s aux [&hellip;]\" \/>\n<meta property=\"og:url\" content=\"https:\/\/ojen2024.turnbull.co\/fr\/a-propos\/prix-du-roej\/prix-des-educateurs-juridiques-exemplaires-hux-kiteley\/2016-danielle-mclaughlin\" \/>\n<meta property=\"og:site_name\" content=\"OJEN\" \/>\n<meta property=\"article:publisher\" content=\"https:\/\/www.facebook.com\/pages\/OJEN\/252115501467864\" \/>\n<meta property=\"article:modified_time\" content=\"2016-12-23T20:33:58+00:00\" \/>\n<meta name=\"twitter:card\" content=\"summary_large_image\" \/>\n<meta name=\"twitter:site\" content=\"@OJEN_ROEJ\" \/>\n<meta name=\"twitter:label1\" content=\"Estimation du temps de lecture\" \/>\n\t<meta name=\"twitter:data1\" content=\"1 minute\" \/>\n<script type=\"application\/ld+json\" class=\"yoast-schema-graph\">{\"@context\":\"https:\/\/schema.org\",\"@graph\":[{\"@type\":\"WebPage\",\"@id\":\"https:\/\/ojen2024.turnbull.co\/fr\/a-propos\/prix-du-roej\/prix-des-educateurs-juridiques-exemplaires-hux-kiteley\/2016-danielle-mclaughlin\",\"url\":\"https:\/\/ojen2024.turnbull.co\/fr\/a-propos\/prix-du-roej\/prix-des-educateurs-juridiques-exemplaires-hux-kiteley\/2016-danielle-mclaughlin\",\"name\":\"2016 Danielle McLaughlin - OJEN\",\"isPartOf\":{\"@id\":\"https:\/\/ojen2024.turnbull.co\/en\/#website\"},\"datePublished\":\"2016-10-05T15:27:39+00:00\",\"dateModified\":\"2016-12-23T20:33:58+00:00\",\"breadcrumb\":{\"@id\":\"https:\/\/ojen2024.turnbull.co\/fr\/a-propos\/prix-du-roej\/prix-des-educateurs-juridiques-exemplaires-hux-kiteley\/2016-danielle-mclaughlin#breadcrumb\"},\"inLanguage\":\"fr-CA\",\"potentialAction\":[{\"@type\":\"ReadAction\",\"target\":[\"https:\/\/ojen2024.turnbull.co\/fr\/a-propos\/prix-du-roej\/prix-des-educateurs-juridiques-exemplaires-hux-kiteley\/2016-danielle-mclaughlin\"]}]},{\"@type\":\"BreadcrumbList\",\"@id\":\"https:\/\/ojen2024.turnbull.co\/fr\/a-propos\/prix-du-roej\/prix-des-educateurs-juridiques-exemplaires-hux-kiteley\/2016-danielle-mclaughlin#breadcrumb\",\"itemListElement\":[{\"@type\":\"ListItem\",\"position\":1,\"name\":\"Home\",\"item\":\"https:\/\/ojen2024.turnbull.co\/fr\"},{\"@type\":\"ListItem\",\"position\":2,\"name\":\"Qui sommes nous?\",\"item\":\"https:\/\/ojen2024.turnbull.co\/fr\/a-propos\"},{\"@type\":\"ListItem\",\"position\":3,\"name\":\"Prix du ROEJ\",\"item\":\"https:\/\/ojen2024.turnbull.co\/fr\/a-propos\/prix-du-roej\"},{\"@type\":\"ListItem\",\"position\":4,\"name\":\"Prix des \u00e9ducateurs juridiques exemplaires Hux-Kiteley\",\"item\":\"https:\/\/ojen2024.turnbull.co\/fr\/a-propos\/prix-du-roej\/prix-des-educateurs-juridiques-exemplaires-hux-kiteley\"},{\"@type\":\"ListItem\",\"position\":5,\"name\":\"2016 Danielle McLaughlin\"}]},{\"@type\":\"WebSite\",\"@id\":\"https:\/\/ojen2024.turnbull.co\/en\/#website\",\"url\":\"https:\/\/ojen2024.turnbull.co\/en\/\",\"name\":\"OJEN\",\"description\":\"\",\"potentialAction\":[{\"@type\":\"SearchAction\",\"target\":{\"@type\":\"EntryPoint\",\"urlTemplate\":\"https:\/\/ojen2024.turnbull.co\/en\/?s={search_term_string}\"},\"query-input\":{\"@type\":\"PropertyValueSpecification\",\"valueRequired\":true,\"valueName\":\"search_term_string\"}}],\"inLanguage\":\"fr-CA\"}]}<\/script>\n<!-- \/ Yoast SEO plugin. -->","yoast_head_json":{"title":"2016 Danielle McLaughlin - OJEN","robots":{"index":"noindex","follow":"follow","max-snippet":"max-snippet:-1","max-image-preview":"max-image-preview:large","max-video-preview":"max-video-preview:-1"},"og_locale":"fr_CA","og_type":"article","og_title":"2016 Danielle McLaughlin - OJEN","og_description":"Le Prix des \u00e9ducateurs juridiques exemplaires Hux-Kiteley de 2016 a \u00e9t\u00e9 remis \u00e0 Danielle McLaughlin. \u00c0 titre de directrice de l\u2019\u00e9ducation au sein de la Fondation canadienne pour l\u2019\u00e9ducation en mati\u00e8re de libert\u00e9s civiles (FCELC), Mme&nbsp;McLaughlin s\u2019est consacr\u00e9e \u00e0 l\u2019avancement de l\u2019\u00e9ducation juridique en \u00e9laborant et en offrant des programmes et des ressources destin\u00e9s aux [&hellip;]","og_url":"https:\/\/ojen2024.turnbull.co\/fr\/a-propos\/prix-du-roej\/prix-des-educateurs-juridiques-exemplaires-hux-kiteley\/2016-danielle-mclaughlin","og_site_name":"OJEN","article_publisher":"https:\/\/www.facebook.com\/pages\/OJEN\/252115501467864","article_modified_time":"2016-12-23T20:33:58+00:00","twitter_card":"summary_large_image","twitter_site":"@OJEN_ROEJ","twitter_misc":{"Estimation du temps de lecture":"1 minute"},"schema":{"@context":"https:\/\/schema.org","@graph":[{"@type":"WebPage","@id":"https:\/\/ojen2024.turnbull.co\/fr\/a-propos\/prix-du-roej\/prix-des-educateurs-juridiques-exemplaires-hux-kiteley\/2016-danielle-mclaughlin","url":"https:\/\/ojen2024.turnbull.co\/fr\/a-propos\/prix-du-roej\/prix-des-educateurs-juridiques-exemplaires-hux-kiteley\/2016-danielle-mclaughlin","name":"2016 Danielle McLaughlin - OJEN","isPartOf":{"@id":"https:\/\/ojen2024.turnbull.co\/en\/#website"},"datePublished":"2016-10-05T15:27:39+00:00","dateModified":"2016-12-23T20:33:58+00:00","breadcrumb":{"@id":"https:\/\/ojen2024.turnbull.co\/fr\/a-propos\/prix-du-roej\/prix-des-educateurs-juridiques-exemplaires-hux-kiteley\/2016-danielle-mclaughlin#breadcrumb"},"inLanguage":"fr-CA","potentialAction":[{"@type":"ReadAction","target":["https:\/\/ojen2024.turnbull.co\/fr\/a-propos\/prix-du-roej\/prix-des-educateurs-juridiques-exemplaires-hux-kiteley\/2016-danielle-mclaughlin"]}]},{"@type":"BreadcrumbList","@id":"https:\/\/ojen2024.turnbull.co\/fr\/a-propos\/prix-du-roej\/prix-des-educateurs-juridiques-exemplaires-hux-kiteley\/2016-danielle-mclaughlin#breadcrumb","itemListElement":[{"@type":"ListItem","position":1,"name":"Home","item":"https:\/\/ojen2024.turnbull.co\/fr"},{"@type":"ListItem","position":2,"name":"Qui sommes nous?","item":"https:\/\/ojen2024.turnbull.co\/fr\/a-propos"},{"@type":"ListItem","position":3,"name":"Prix du ROEJ","item":"https:\/\/ojen2024.turnbull.co\/fr\/a-propos\/prix-du-roej"},{"@type":"ListItem","position":4,"name":"Prix des \u00e9ducateurs juridiques exemplaires Hux-Kiteley","item":"https:\/\/ojen2024.turnbull.co\/fr\/a-propos\/prix-du-roej\/prix-des-educateurs-juridiques-exemplaires-hux-kiteley"},{"@type":"ListItem","position":5,"name":"2016 Danielle McLaughlin"}]},{"@type":"WebSite","@id":"https:\/\/ojen2024.turnbull.co\/en\/#website","url":"https:\/\/ojen2024.turnbull.co\/en\/","name":"OJEN","description":"","potentialAction":[{"@type":"SearchAction","target":{"@type":"EntryPoint","urlTemplate":"https:\/\/ojen2024.turnbull.co\/en\/?s={search_term_string}"},"query-input":{"@type":"PropertyValueSpecification","valueRequired":true,"valueName":"search_term_string"}}],"inLanguage":"fr-CA"}]}},"_links":{"self":[{"href":"https:\/\/ojen2024.turnbull.co\/fr\/wp-json\/wp\/v2\/pages\/8190"}],"collection":[{"href":"https:\/\/ojen2024.turnbull.co\/fr\/wp-json\/wp\/v2\/pages"}],"about":[{"href":"https:\/\/ojen2024.turnbull.co\/fr\/wp-json\/wp\/v2\/types\/page"}],"author":[{"embeddable":true,"href":"https:\/\/ojen2024.turnbull.co\/fr\/wp-json\/wp\/v2\/users\/4"}],"replies":[{"embeddable":true,"href":"https:\/\/ojen2024.turnbull.co\/fr\/wp-json\/wp\/v2\/comments?post=8190"}],"version-history":[{"count":0,"href":"https:\/\/ojen2024.turnbull.co\/fr\/wp-json\/wp\/v2\/pages\/8190\/revisions"}],"up":[{"embeddable":true,"href":"https:\/\/ojen2024.turnbull.co\/fr\/wp-json\/wp\/v2\/pages\/7992"}],"wp:attachment":[{"href":"https:\/\/ojen2024.turnbull.co\/fr\/wp-json\/wp\/v2\/media?parent=8190"}],"curies":[{"name":"wp","href":"https:\/\/api.w.org\/{rel}","templated":true}]}}