{"id":8196,"date":"2016-10-05T15:14:42","date_gmt":"2016-10-05T15:14:42","guid":{"rendered":"http:\/\/ojen.ca\/fr\/a-propos\/prix-du-roej\/prix-des-juges-en-chef-du-roej\/2006-2"},"modified":"2016-12-23T15:38:34","modified_gmt":"2016-12-23T20:38:34","slug":"2006-2","status":"publish","type":"page","link":"https:\/\/ojen2024.turnbull.co\/fr\/a-propos\/prix-du-roej\/prix-des-juges-en-chef-du-roej\/2006-2","title":{"rendered":"2006"},"content":{"rendered":"<p><a href=\"\/wp-content\/uploads\/2016\/10\/CJA-2006-Paul-Regan-and-Chiefs.jpg\"><img decoding=\"async\" class=\"lft\" src=\"\/wp-content\/uploads\/2016\/10\/CJA-2006-Paul-Regan-and-Chiefs-300x200.jpg\" alt=\"cja-2006-paul-regan-and-chiefs\"><\/a>&nbsp;Le prix des juges en chef du R\u00e9seau ontarien d&rsquo;\u00e9ducation juridique pour 2006 a \u00e9t\u00e9 remis \u00e0 M. Paul Regan, directeur adjoint \u00e0 la retraite dans le conseil scolaire de district du comt\u00e9 de Simcoe, lors d&rsquo;une r\u00e9ception sp\u00e9ciale pour la Journ\u00e9e du droit le 5 avril 2006.<\/p>\n<p>M. Regan a forg\u00e9 des liens solides entre les \u00e9ducateurs et la communaut\u00e9 juridique locale, et a travaill\u00e9 sans rel\u00e2che pour \u00e9laborer des tournois annuels r\u00e9gionaux de proc\u00e8s simul\u00e9s entre les conseils scolaires pour les \u00e9l\u00e8ves. Au cours de sa carri\u00e8re d&rsquo;enseignant, l&rsquo;enthousiasme de M. Regan pour l&rsquo;\u00e9ducation juridique bas\u00e9e sur la communaut\u00e9 et la facilitation de liens entre les \u00e9l\u00e8ves et le secteur de la justice a eu un impact tr\u00e8s positif sur des centaines d&rsquo;\u00e9l\u00e8ves.<\/p>\n","protected":false},"excerpt":{"rendered":"<p>&nbsp;Le prix des juges en chef du R\u00e9seau ontarien d&rsquo;\u00e9ducation juridique pour 2006 a \u00e9t\u00e9 remis \u00e0 M. Paul Regan, directeur adjoint \u00e0 la retraite dans le conseil scolaire de district du comt\u00e9 de Simcoe, lors d&rsquo;une r\u00e9ception sp\u00e9ciale pour la Journ\u00e9e du droit le 5 avril 2006. M. Regan a forg\u00e9 des liens solides [&hellip;]<\/p>\n","protected":false},"author":4,"featured_media":0,"parent":7987,"menu_order":0,"comment_status":"closed","ping_status":"closed","template":"","meta":{"_acf_changed":false,"_eb_attr":"","inline_featured_image":false,"ub_ctt_via":"","footnotes":""},"class_list":["post-8196","page","type-page","status-publish","hentry"],"acf":[],"featured_image_src":null,"yoast_head":"<!-- This site is optimized with the Yoast SEO plugin v25.3 - https:\/\/yoast.com\/wordpress\/plugins\/seo\/ -->\n<title>2006 - OJEN<\/title>\n<meta name=\"robots\" content=\"noindex, follow, max-snippet:-1, max-image-preview:large, max-video-preview:-1\" \/>\n<meta property=\"og:locale\" content=\"fr_CA\" \/>\n<meta property=\"og:type\" content=\"article\" \/>\n<meta property=\"og:title\" content=\"2006 - OJEN\" \/>\n<meta property=\"og:description\" content=\"&nbsp;Le prix des juges en chef du R\u00e9seau ontarien d&rsquo;\u00e9ducation juridique pour 2006 a \u00e9t\u00e9 remis \u00e0 M. Paul Regan, directeur adjoint \u00e0 la retraite dans le conseil scolaire de district du comt\u00e9 de Simcoe, lors d&rsquo;une r\u00e9ception sp\u00e9ciale pour la Journ\u00e9e du droit le 5 avril 2006. M. Regan a forg\u00e9 des liens solides [&hellip;]\" \/>\n<meta property=\"og:url\" content=\"https:\/\/ojen2024.turnbull.co\/fr\/a-propos\/prix-du-roej\/prix-des-juges-en-chef-du-roej\/2006-2\" \/>\n<meta property=\"og:site_name\" content=\"OJEN\" \/>\n<meta property=\"article:publisher\" content=\"https:\/\/www.facebook.com\/pages\/OJEN\/252115501467864\" \/>\n<meta property=\"article:modified_time\" content=\"2016-12-23T20:38:34+00:00\" \/>\n<meta name=\"twitter:card\" content=\"summary_large_image\" \/>\n<meta name=\"twitter:site\" content=\"@OJEN_ROEJ\" \/>\n<meta name=\"twitter:label1\" content=\"Estimation du temps de lecture\" \/>\n\t<meta name=\"twitter:data1\" content=\"1 minute\" \/>\n<script type=\"application\/ld+json\" class=\"yoast-schema-graph\">{\"@context\":\"https:\/\/schema.org\",\"@graph\":[{\"@type\":\"WebPage\",\"@id\":\"https:\/\/ojen2024.turnbull.co\/fr\/a-propos\/prix-du-roej\/prix-des-juges-en-chef-du-roej\/2006-2\",\"url\":\"https:\/\/ojen2024.turnbull.co\/fr\/a-propos\/prix-du-roej\/prix-des-juges-en-chef-du-roej\/2006-2\",\"name\":\"2006 - OJEN\",\"isPartOf\":{\"@id\":\"https:\/\/ojen2024.turnbull.co\/en\/#website\"},\"datePublished\":\"2016-10-05T15:14:42+00:00\",\"dateModified\":\"2016-12-23T20:38:34+00:00\",\"breadcrumb\":{\"@id\":\"https:\/\/ojen2024.turnbull.co\/fr\/a-propos\/prix-du-roej\/prix-des-juges-en-chef-du-roej\/2006-2#breadcrumb\"},\"inLanguage\":\"fr-CA\",\"potentialAction\":[{\"@type\":\"ReadAction\",\"target\":[\"https:\/\/ojen2024.turnbull.co\/fr\/a-propos\/prix-du-roej\/prix-des-juges-en-chef-du-roej\/2006-2\"]}]},{\"@type\":\"BreadcrumbList\",\"@id\":\"https:\/\/ojen2024.turnbull.co\/fr\/a-propos\/prix-du-roej\/prix-des-juges-en-chef-du-roej\/2006-2#breadcrumb\",\"itemListElement\":[{\"@type\":\"ListItem\",\"position\":1,\"name\":\"Home\",\"item\":\"https:\/\/ojen2024.turnbull.co\/fr\"},{\"@type\":\"ListItem\",\"position\":2,\"name\":\"Qui sommes nous?\",\"item\":\"https:\/\/ojen2024.turnbull.co\/fr\/a-propos\"},{\"@type\":\"ListItem\",\"position\":3,\"name\":\"Prix du ROEJ\",\"item\":\"https:\/\/ojen2024.turnbull.co\/fr\/a-propos\/prix-du-roej\"},{\"@type\":\"ListItem\",\"position\":4,\"name\":\"Prix des juges en chef du ROEJ\",\"item\":\"https:\/\/ojen2024.turnbull.co\/fr\/a-propos\/prix-du-roej\/prix-des-juges-en-chef-du-roej\"},{\"@type\":\"ListItem\",\"position\":5,\"name\":\"2006\"}]},{\"@type\":\"WebSite\",\"@id\":\"https:\/\/ojen2024.turnbull.co\/en\/#website\",\"url\":\"https:\/\/ojen2024.turnbull.co\/en\/\",\"name\":\"OJEN\",\"description\":\"\",\"potentialAction\":[{\"@type\":\"SearchAction\",\"target\":{\"@type\":\"EntryPoint\",\"urlTemplate\":\"https:\/\/ojen2024.turnbull.co\/en\/?s={search_term_string}\"},\"query-input\":{\"@type\":\"PropertyValueSpecification\",\"valueRequired\":true,\"valueName\":\"search_term_string\"}}],\"inLanguage\":\"fr-CA\"}]}<\/script>\n<!-- \/ Yoast SEO plugin. -->","yoast_head_json":{"title":"2006 - OJEN","robots":{"index":"noindex","follow":"follow","max-snippet":"max-snippet:-1","max-image-preview":"max-image-preview:large","max-video-preview":"max-video-preview:-1"},"og_locale":"fr_CA","og_type":"article","og_title":"2006 - OJEN","og_description":"&nbsp;Le prix des juges en chef du R\u00e9seau ontarien d&rsquo;\u00e9ducation juridique pour 2006 a \u00e9t\u00e9 remis \u00e0 M. Paul Regan, directeur adjoint \u00e0 la retraite dans le conseil scolaire de district du comt\u00e9 de Simcoe, lors d&rsquo;une r\u00e9ception sp\u00e9ciale pour la Journ\u00e9e du droit le 5 avril 2006. M. Regan a forg\u00e9 des liens solides [&hellip;]","og_url":"https:\/\/ojen2024.turnbull.co\/fr\/a-propos\/prix-du-roej\/prix-des-juges-en-chef-du-roej\/2006-2","og_site_name":"OJEN","article_publisher":"https:\/\/www.facebook.com\/pages\/OJEN\/252115501467864","article_modified_time":"2016-12-23T20:38:34+00:00","twitter_card":"summary_large_image","twitter_site":"@OJEN_ROEJ","twitter_misc":{"Estimation du temps de lecture":"1 minute"},"schema":{"@context":"https:\/\/schema.org","@graph":[{"@type":"WebPage","@id":"https:\/\/ojen2024.turnbull.co\/fr\/a-propos\/prix-du-roej\/prix-des-juges-en-chef-du-roej\/2006-2","url":"https:\/\/ojen2024.turnbull.co\/fr\/a-propos\/prix-du-roej\/prix-des-juges-en-chef-du-roej\/2006-2","name":"2006 - OJEN","isPartOf":{"@id":"https:\/\/ojen2024.turnbull.co\/en\/#website"},"datePublished":"2016-10-05T15:14:42+00:00","dateModified":"2016-12-23T20:38:34+00:00","breadcrumb":{"@id":"https:\/\/ojen2024.turnbull.co\/fr\/a-propos\/prix-du-roej\/prix-des-juges-en-chef-du-roej\/2006-2#breadcrumb"},"inLanguage":"fr-CA","potentialAction":[{"@type":"ReadAction","target":["https:\/\/ojen2024.turnbull.co\/fr\/a-propos\/prix-du-roej\/prix-des-juges-en-chef-du-roej\/2006-2"]}]},{"@type":"BreadcrumbList","@id":"https:\/\/ojen2024.turnbull.co\/fr\/a-propos\/prix-du-roej\/prix-des-juges-en-chef-du-roej\/2006-2#breadcrumb","itemListElement":[{"@type":"ListItem","position":1,"name":"Home","item":"https:\/\/ojen2024.turnbull.co\/fr"},{"@type":"ListItem","position":2,"name":"Qui sommes nous?","item":"https:\/\/ojen2024.turnbull.co\/fr\/a-propos"},{"@type":"ListItem","position":3,"name":"Prix du ROEJ","item":"https:\/\/ojen2024.turnbull.co\/fr\/a-propos\/prix-du-roej"},{"@type":"ListItem","position":4,"name":"Prix des juges en chef du ROEJ","item":"https:\/\/ojen2024.turnbull.co\/fr\/a-propos\/prix-du-roej\/prix-des-juges-en-chef-du-roej"},{"@type":"ListItem","position":5,"name":"2006"}]},{"@type":"WebSite","@id":"https:\/\/ojen2024.turnbull.co\/en\/#website","url":"https:\/\/ojen2024.turnbull.co\/en\/","name":"OJEN","description":"","potentialAction":[{"@type":"SearchAction","target":{"@type":"EntryPoint","urlTemplate":"https:\/\/ojen2024.turnbull.co\/en\/?s={search_term_string}"},"query-input":{"@type":"PropertyValueSpecification","valueRequired":true,"valueName":"search_term_string"}}],"inLanguage":"fr-CA"}]}},"_links":{"self":[{"href":"https:\/\/ojen2024.turnbull.co\/fr\/wp-json\/wp\/v2\/pages\/8196"}],"collection":[{"href":"https:\/\/ojen2024.turnbull.co\/fr\/wp-json\/wp\/v2\/pages"}],"about":[{"href":"https:\/\/ojen2024.turnbull.co\/fr\/wp-json\/wp\/v2\/types\/page"}],"author":[{"embeddable":true,"href":"https:\/\/ojen2024.turnbull.co\/fr\/wp-json\/wp\/v2\/users\/4"}],"replies":[{"embeddable":true,"href":"https:\/\/ojen2024.turnbull.co\/fr\/wp-json\/wp\/v2\/comments?post=8196"}],"version-history":[{"count":0,"href":"https:\/\/ojen2024.turnbull.co\/fr\/wp-json\/wp\/v2\/pages\/8196\/revisions"}],"up":[{"embeddable":true,"href":"https:\/\/ojen2024.turnbull.co\/fr\/wp-json\/wp\/v2\/pages\/7987"}],"wp:attachment":[{"href":"https:\/\/ojen2024.turnbull.co\/fr\/wp-json\/wp\/v2\/media?parent=8196"}],"curies":[{"name":"wp","href":"https:\/\/api.w.org\/{rel}","templated":true}]}}