{"id":8205,"date":"2016-10-05T15:13:24","date_gmt":"2016-10-05T15:13:24","guid":{"rendered":"http:\/\/ojen.ca\/fr\/a-propos\/prix-du-roej\/prix-des-juges-en-chef-du-roej\/2009-2"},"modified":"2016-12-23T15:44:59","modified_gmt":"2016-12-23T20:44:59","slug":"2009-2","status":"publish","type":"page","link":"https:\/\/ojen2024.turnbull.co\/fr\/a-propos\/prix-du-roej\/prix-des-juges-en-chef-du-roej\/2009-2","title":{"rendered":"2009"},"content":{"rendered":"<p><a href=\"\/wp-content\/uploads\/2016\/10\/CJA-2009-Jo-Thornton-Chiefs.jpg\"><img decoding=\"async\" class=\"lft\" src=\"\/wp-content\/uploads\/2016\/10\/CJA-2009-Jo-Thornton-Chiefs-300x262.jpg\" alt=\"cja-2009-jo-thornton-chiefs\"><\/a>&nbsp;Jo Thornton, un professeur de droit et chef de d\u00e9partement \u00e0 l\u2019\u00e9cole secondaire Mayfield dans le conseil scolaire de Peel est le 5e r\u00e9cipiendaire du prix du juge en chef.<\/p>\n<p>Les habilet\u00e9s d\u2019enseignante de Mme Thornton, son influence positive sur ses \u00e9tudiants en plus de sens de l\u2019innovation et de son engagement \u00e0 promouvoir l\u2019\u00e9ducation juridique en fait une r\u00e9cipiendaire de choix pour ce prix.&nbsp; Ses classes de droit sont expos\u00e9es \u00e0 une vaste gamme de conf\u00e9renciers et participent \u00e0 des conf\u00e9rences sp\u00e9ciales, \u00e0 des sorties \u00e9ducatives et \u00e0 des proc\u00e8s simul\u00e9s.&nbsp; Ses activit\u00e9s parascolaires comprennent l\u2019entra\u00eenement d\u2019une \u00e9quipe scolaire de proc\u00e8s simul\u00e9 et d\u2019agir comme d\u2019enseignante guide de laPeel Wide Mock Trial Organization.&nbsp; Elle a co\u00e9crit un livre intitul\u00e9&nbsp;<em>Speaking with a Purpose: a Practical Guide to Oral Advocacy<\/em>, &nbsp;beaucoup utilis\u00e9 comme manuel pour les \u00e9tudiants qui se pr\u00e9parent \u00e0 un proc\u00e8s simul\u00e9 ou \u00e0 un autre genre d\u2019art oratoire.<\/p>\n","protected":false},"excerpt":{"rendered":"<p>&nbsp;Jo Thornton, un professeur de droit et chef de d\u00e9partement \u00e0 l\u2019\u00e9cole secondaire Mayfield dans le conseil scolaire de Peel est le 5e r\u00e9cipiendaire du prix du juge en chef. Les habilet\u00e9s d\u2019enseignante de Mme Thornton, son influence positive sur ses \u00e9tudiants en plus de sens de l\u2019innovation et de son engagement \u00e0 promouvoir l\u2019\u00e9ducation [&hellip;]<\/p>\n","protected":false},"author":4,"featured_media":0,"parent":7987,"menu_order":0,"comment_status":"closed","ping_status":"closed","template":"","meta":{"_acf_changed":false,"_eb_attr":"","inline_featured_image":false,"ub_ctt_via":"","footnotes":""},"class_list":["post-8205","page","type-page","status-publish","hentry"],"acf":[],"featured_image_src":null,"yoast_head":"<!-- This site is optimized with the Yoast SEO plugin v25.3 - https:\/\/yoast.com\/wordpress\/plugins\/seo\/ -->\n<title>2009 - OJEN<\/title>\n<meta name=\"robots\" content=\"noindex, follow, max-snippet:-1, max-image-preview:large, max-video-preview:-1\" \/>\n<meta property=\"og:locale\" content=\"fr_CA\" \/>\n<meta property=\"og:type\" content=\"article\" \/>\n<meta property=\"og:title\" content=\"2009 - OJEN\" \/>\n<meta property=\"og:description\" content=\"&nbsp;Jo Thornton, un professeur de droit et chef de d\u00e9partement \u00e0 l\u2019\u00e9cole secondaire Mayfield dans le conseil scolaire de Peel est le 5e r\u00e9cipiendaire du prix du juge en chef. Les habilet\u00e9s d\u2019enseignante de Mme Thornton, son influence positive sur ses \u00e9tudiants en plus de sens de l\u2019innovation et de son engagement \u00e0 promouvoir l\u2019\u00e9ducation [&hellip;]\" \/>\n<meta property=\"og:url\" content=\"https:\/\/ojen2024.turnbull.co\/fr\/a-propos\/prix-du-roej\/prix-des-juges-en-chef-du-roej\/2009-2\" \/>\n<meta property=\"og:site_name\" content=\"OJEN\" \/>\n<meta property=\"article:publisher\" content=\"https:\/\/www.facebook.com\/pages\/OJEN\/252115501467864\" \/>\n<meta property=\"article:modified_time\" content=\"2016-12-23T20:44:59+00:00\" \/>\n<meta name=\"twitter:card\" content=\"summary_large_image\" \/>\n<meta name=\"twitter:site\" content=\"@OJEN_ROEJ\" \/>\n<meta name=\"twitter:label1\" content=\"Estimation du temps de lecture\" \/>\n\t<meta name=\"twitter:data1\" content=\"1 minute\" \/>\n<script type=\"application\/ld+json\" class=\"yoast-schema-graph\">{\"@context\":\"https:\/\/schema.org\",\"@graph\":[{\"@type\":\"WebPage\",\"@id\":\"https:\/\/ojen2024.turnbull.co\/fr\/a-propos\/prix-du-roej\/prix-des-juges-en-chef-du-roej\/2009-2\",\"url\":\"https:\/\/ojen2024.turnbull.co\/fr\/a-propos\/prix-du-roej\/prix-des-juges-en-chef-du-roej\/2009-2\",\"name\":\"2009 - OJEN\",\"isPartOf\":{\"@id\":\"https:\/\/ojen2024.turnbull.co\/en\/#website\"},\"datePublished\":\"2016-10-05T15:13:24+00:00\",\"dateModified\":\"2016-12-23T20:44:59+00:00\",\"breadcrumb\":{\"@id\":\"https:\/\/ojen2024.turnbull.co\/fr\/a-propos\/prix-du-roej\/prix-des-juges-en-chef-du-roej\/2009-2#breadcrumb\"},\"inLanguage\":\"fr-CA\",\"potentialAction\":[{\"@type\":\"ReadAction\",\"target\":[\"https:\/\/ojen2024.turnbull.co\/fr\/a-propos\/prix-du-roej\/prix-des-juges-en-chef-du-roej\/2009-2\"]}]},{\"@type\":\"BreadcrumbList\",\"@id\":\"https:\/\/ojen2024.turnbull.co\/fr\/a-propos\/prix-du-roej\/prix-des-juges-en-chef-du-roej\/2009-2#breadcrumb\",\"itemListElement\":[{\"@type\":\"ListItem\",\"position\":1,\"name\":\"Home\",\"item\":\"https:\/\/ojen2024.turnbull.co\/fr\"},{\"@type\":\"ListItem\",\"position\":2,\"name\":\"Qui sommes nous?\",\"item\":\"https:\/\/ojen2024.turnbull.co\/fr\/a-propos\"},{\"@type\":\"ListItem\",\"position\":3,\"name\":\"Prix du ROEJ\",\"item\":\"https:\/\/ojen2024.turnbull.co\/fr\/a-propos\/prix-du-roej\"},{\"@type\":\"ListItem\",\"position\":4,\"name\":\"Prix des juges en chef du ROEJ\",\"item\":\"https:\/\/ojen2024.turnbull.co\/fr\/a-propos\/prix-du-roej\/prix-des-juges-en-chef-du-roej\"},{\"@type\":\"ListItem\",\"position\":5,\"name\":\"2009\"}]},{\"@type\":\"WebSite\",\"@id\":\"https:\/\/ojen2024.turnbull.co\/en\/#website\",\"url\":\"https:\/\/ojen2024.turnbull.co\/en\/\",\"name\":\"OJEN\",\"description\":\"\",\"potentialAction\":[{\"@type\":\"SearchAction\",\"target\":{\"@type\":\"EntryPoint\",\"urlTemplate\":\"https:\/\/ojen2024.turnbull.co\/en\/?s={search_term_string}\"},\"query-input\":{\"@type\":\"PropertyValueSpecification\",\"valueRequired\":true,\"valueName\":\"search_term_string\"}}],\"inLanguage\":\"fr-CA\"}]}<\/script>\n<!-- \/ Yoast SEO plugin. -->","yoast_head_json":{"title":"2009 - OJEN","robots":{"index":"noindex","follow":"follow","max-snippet":"max-snippet:-1","max-image-preview":"max-image-preview:large","max-video-preview":"max-video-preview:-1"},"og_locale":"fr_CA","og_type":"article","og_title":"2009 - OJEN","og_description":"&nbsp;Jo Thornton, un professeur de droit et chef de d\u00e9partement \u00e0 l\u2019\u00e9cole secondaire Mayfield dans le conseil scolaire de Peel est le 5e r\u00e9cipiendaire du prix du juge en chef. Les habilet\u00e9s d\u2019enseignante de Mme Thornton, son influence positive sur ses \u00e9tudiants en plus de sens de l\u2019innovation et de son engagement \u00e0 promouvoir l\u2019\u00e9ducation [&hellip;]","og_url":"https:\/\/ojen2024.turnbull.co\/fr\/a-propos\/prix-du-roej\/prix-des-juges-en-chef-du-roej\/2009-2","og_site_name":"OJEN","article_publisher":"https:\/\/www.facebook.com\/pages\/OJEN\/252115501467864","article_modified_time":"2016-12-23T20:44:59+00:00","twitter_card":"summary_large_image","twitter_site":"@OJEN_ROEJ","twitter_misc":{"Estimation du temps de lecture":"1 minute"},"schema":{"@context":"https:\/\/schema.org","@graph":[{"@type":"WebPage","@id":"https:\/\/ojen2024.turnbull.co\/fr\/a-propos\/prix-du-roej\/prix-des-juges-en-chef-du-roej\/2009-2","url":"https:\/\/ojen2024.turnbull.co\/fr\/a-propos\/prix-du-roej\/prix-des-juges-en-chef-du-roej\/2009-2","name":"2009 - OJEN","isPartOf":{"@id":"https:\/\/ojen2024.turnbull.co\/en\/#website"},"datePublished":"2016-10-05T15:13:24+00:00","dateModified":"2016-12-23T20:44:59+00:00","breadcrumb":{"@id":"https:\/\/ojen2024.turnbull.co\/fr\/a-propos\/prix-du-roej\/prix-des-juges-en-chef-du-roej\/2009-2#breadcrumb"},"inLanguage":"fr-CA","potentialAction":[{"@type":"ReadAction","target":["https:\/\/ojen2024.turnbull.co\/fr\/a-propos\/prix-du-roej\/prix-des-juges-en-chef-du-roej\/2009-2"]}]},{"@type":"BreadcrumbList","@id":"https:\/\/ojen2024.turnbull.co\/fr\/a-propos\/prix-du-roej\/prix-des-juges-en-chef-du-roej\/2009-2#breadcrumb","itemListElement":[{"@type":"ListItem","position":1,"name":"Home","item":"https:\/\/ojen2024.turnbull.co\/fr"},{"@type":"ListItem","position":2,"name":"Qui sommes nous?","item":"https:\/\/ojen2024.turnbull.co\/fr\/a-propos"},{"@type":"ListItem","position":3,"name":"Prix du ROEJ","item":"https:\/\/ojen2024.turnbull.co\/fr\/a-propos\/prix-du-roej"},{"@type":"ListItem","position":4,"name":"Prix des juges en chef du ROEJ","item":"https:\/\/ojen2024.turnbull.co\/fr\/a-propos\/prix-du-roej\/prix-des-juges-en-chef-du-roej"},{"@type":"ListItem","position":5,"name":"2009"}]},{"@type":"WebSite","@id":"https:\/\/ojen2024.turnbull.co\/en\/#website","url":"https:\/\/ojen2024.turnbull.co\/en\/","name":"OJEN","description":"","potentialAction":[{"@type":"SearchAction","target":{"@type":"EntryPoint","urlTemplate":"https:\/\/ojen2024.turnbull.co\/en\/?s={search_term_string}"},"query-input":{"@type":"PropertyValueSpecification","valueRequired":true,"valueName":"search_term_string"}}],"inLanguage":"fr-CA"}]}},"_links":{"self":[{"href":"https:\/\/ojen2024.turnbull.co\/fr\/wp-json\/wp\/v2\/pages\/8205"}],"collection":[{"href":"https:\/\/ojen2024.turnbull.co\/fr\/wp-json\/wp\/v2\/pages"}],"about":[{"href":"https:\/\/ojen2024.turnbull.co\/fr\/wp-json\/wp\/v2\/types\/page"}],"author":[{"embeddable":true,"href":"https:\/\/ojen2024.turnbull.co\/fr\/wp-json\/wp\/v2\/users\/4"}],"replies":[{"embeddable":true,"href":"https:\/\/ojen2024.turnbull.co\/fr\/wp-json\/wp\/v2\/comments?post=8205"}],"version-history":[{"count":0,"href":"https:\/\/ojen2024.turnbull.co\/fr\/wp-json\/wp\/v2\/pages\/8205\/revisions"}],"up":[{"embeddable":true,"href":"https:\/\/ojen2024.turnbull.co\/fr\/wp-json\/wp\/v2\/pages\/7987"}],"wp:attachment":[{"href":"https:\/\/ojen2024.turnbull.co\/fr\/wp-json\/wp\/v2\/media?parent=8205"}],"curies":[{"name":"wp","href":"https:\/\/api.w.org\/{rel}","templated":true}]}}