{"id":8211,"date":"2016-10-05T15:12:26","date_gmt":"2016-10-05T15:12:26","guid":{"rendered":"http:\/\/ojen.ca\/fr\/a-propos\/prix-du-roej\/prix-des-juges-en-chef-du-roej\/2011-2"},"modified":"2016-12-23T15:47:50","modified_gmt":"2016-12-23T20:47:50","slug":"2011-2","status":"publish","type":"page","link":"https:\/\/ojen2024.turnbull.co\/fr\/a-propos\/prix-du-roej\/prix-des-juges-en-chef-du-roej\/2011-2","title":{"rendered":"2011"},"content":{"rendered":"<h2>La juge&nbsp;Patricia Hennessy<\/h2>\n<p>La juge Patricia Hennessy est une ardente d\u00e9fenseure de la cause de l&rsquo;\u00e9ducation juridique. Son important travail pro bono dans la collectivit\u00e9 a contribu\u00e9 de fa\u00e7on importante \u00e0 la r\u00e9gion du Nord-Est. Entre autres, elle pr\u00e9side le Comit\u00e9 de la r\u00e9gion du Nord-Est du ROEJ depuis sa mise sur pied en 2002. En cette qualit\u00e9, elle a d\u00e9ploy\u00e9 des efforts consid\u00e9rables pour sensibiliser les autres juges, les avocats et le personnel des tribunaux \u00e0 l&rsquo;\u00e9ducation juridique afin de permettre aux \u00e9l\u00e8ves de la r\u00e9gion du Nord-Est d\u2019avoir acc\u00e8s \u00e0 de premi\u00e8res interactions positives et significatives avec le syst\u00e8me judiciaire. Elle a mis sur pied de nombreux programmes d&rsquo;\u00e9ducation juridique innovateurs \u00e0 Sudbury et sur l&rsquo;\u00eele Manitoulin, notamment un tournoi de proc\u00e8s simul\u00e9s \u00e0 Sudbury qui conna\u00eet beaucoup de succ\u00e8s et, sur l&rsquo;\u00eele Manitoulin, des programmes d&rsquo;\u00e9ducation juridique adapt\u00e9s aux besoins. Elle a \u00e9galement pris des mesures pour rem\u00e9dier \u00e0 la faible participation des \u00e9coles francophones \u2013 Sudbury est l&rsquo;un des deux seuls endroits en Ontario o\u00f9 l\u2019on a tenu des tournois de proc\u00e8s simul\u00e9 compl\u00e8tement bilingues pour les \u00e9l\u00e8ves du secondaire.<\/p>\n","protected":false},"excerpt":{"rendered":"<p>La juge&nbsp;Patricia Hennessy La juge Patricia Hennessy est une ardente d\u00e9fenseure de la cause de l&rsquo;\u00e9ducation juridique. Son important travail pro bono dans la collectivit\u00e9 a contribu\u00e9 de fa\u00e7on importante \u00e0 la r\u00e9gion du Nord-Est. Entre autres, elle pr\u00e9side le Comit\u00e9 de la r\u00e9gion du Nord-Est du ROEJ depuis sa mise sur pied en 2002. [&hellip;]<\/p>\n","protected":false},"author":4,"featured_media":0,"parent":7987,"menu_order":0,"comment_status":"closed","ping_status":"closed","template":"","meta":{"_acf_changed":false,"_eb_attr":"","inline_featured_image":false,"ub_ctt_via":"","footnotes":""},"class_list":["post-8211","page","type-page","status-publish","hentry"],"acf":[],"featured_image_src":null,"yoast_head":"<!-- This site is optimized with the Yoast SEO plugin v25.3 - https:\/\/yoast.com\/wordpress\/plugins\/seo\/ -->\n<title>2011 - OJEN<\/title>\n<meta name=\"robots\" content=\"noindex, follow, max-snippet:-1, max-image-preview:large, max-video-preview:-1\" \/>\n<meta property=\"og:locale\" content=\"fr_CA\" \/>\n<meta property=\"og:type\" content=\"article\" \/>\n<meta property=\"og:title\" content=\"2011 - OJEN\" \/>\n<meta property=\"og:description\" content=\"La juge&nbsp;Patricia Hennessy La juge Patricia Hennessy est une ardente d\u00e9fenseure de la cause de l&rsquo;\u00e9ducation juridique. Son important travail pro bono dans la collectivit\u00e9 a contribu\u00e9 de fa\u00e7on importante \u00e0 la r\u00e9gion du Nord-Est. Entre autres, elle pr\u00e9side le Comit\u00e9 de la r\u00e9gion du Nord-Est du ROEJ depuis sa mise sur pied en 2002. [&hellip;]\" \/>\n<meta property=\"og:url\" content=\"https:\/\/ojen2024.turnbull.co\/fr\/a-propos\/prix-du-roej\/prix-des-juges-en-chef-du-roej\/2011-2\" \/>\n<meta property=\"og:site_name\" content=\"OJEN\" \/>\n<meta property=\"article:publisher\" content=\"https:\/\/www.facebook.com\/pages\/OJEN\/252115501467864\" \/>\n<meta property=\"article:modified_time\" content=\"2016-12-23T20:47:50+00:00\" \/>\n<meta name=\"twitter:card\" content=\"summary_large_image\" \/>\n<meta name=\"twitter:site\" content=\"@OJEN_ROEJ\" \/>\n<meta name=\"twitter:label1\" content=\"Estimation du temps de lecture\" \/>\n\t<meta name=\"twitter:data1\" content=\"1 minute\" \/>\n<script type=\"application\/ld+json\" class=\"yoast-schema-graph\">{\"@context\":\"https:\/\/schema.org\",\"@graph\":[{\"@type\":\"WebPage\",\"@id\":\"https:\/\/ojen2024.turnbull.co\/fr\/a-propos\/prix-du-roej\/prix-des-juges-en-chef-du-roej\/2011-2\",\"url\":\"https:\/\/ojen2024.turnbull.co\/fr\/a-propos\/prix-du-roej\/prix-des-juges-en-chef-du-roej\/2011-2\",\"name\":\"2011 - OJEN\",\"isPartOf\":{\"@id\":\"https:\/\/ojen2024.turnbull.co\/en\/#website\"},\"datePublished\":\"2016-10-05T15:12:26+00:00\",\"dateModified\":\"2016-12-23T20:47:50+00:00\",\"breadcrumb\":{\"@id\":\"https:\/\/ojen2024.turnbull.co\/fr\/a-propos\/prix-du-roej\/prix-des-juges-en-chef-du-roej\/2011-2#breadcrumb\"},\"inLanguage\":\"fr-CA\",\"potentialAction\":[{\"@type\":\"ReadAction\",\"target\":[\"https:\/\/ojen2024.turnbull.co\/fr\/a-propos\/prix-du-roej\/prix-des-juges-en-chef-du-roej\/2011-2\"]}]},{\"@type\":\"BreadcrumbList\",\"@id\":\"https:\/\/ojen2024.turnbull.co\/fr\/a-propos\/prix-du-roej\/prix-des-juges-en-chef-du-roej\/2011-2#breadcrumb\",\"itemListElement\":[{\"@type\":\"ListItem\",\"position\":1,\"name\":\"Home\",\"item\":\"https:\/\/ojen2024.turnbull.co\/fr\"},{\"@type\":\"ListItem\",\"position\":2,\"name\":\"Qui sommes nous?\",\"item\":\"https:\/\/ojen2024.turnbull.co\/fr\/a-propos\"},{\"@type\":\"ListItem\",\"position\":3,\"name\":\"Prix du ROEJ\",\"item\":\"https:\/\/ojen2024.turnbull.co\/fr\/a-propos\/prix-du-roej\"},{\"@type\":\"ListItem\",\"position\":4,\"name\":\"Prix des juges en chef du ROEJ\",\"item\":\"https:\/\/ojen2024.turnbull.co\/fr\/a-propos\/prix-du-roej\/prix-des-juges-en-chef-du-roej\"},{\"@type\":\"ListItem\",\"position\":5,\"name\":\"2011\"}]},{\"@type\":\"WebSite\",\"@id\":\"https:\/\/ojen2024.turnbull.co\/en\/#website\",\"url\":\"https:\/\/ojen2024.turnbull.co\/en\/\",\"name\":\"OJEN\",\"description\":\"\",\"potentialAction\":[{\"@type\":\"SearchAction\",\"target\":{\"@type\":\"EntryPoint\",\"urlTemplate\":\"https:\/\/ojen2024.turnbull.co\/en\/?s={search_term_string}\"},\"query-input\":{\"@type\":\"PropertyValueSpecification\",\"valueRequired\":true,\"valueName\":\"search_term_string\"}}],\"inLanguage\":\"fr-CA\"}]}<\/script>\n<!-- \/ Yoast SEO plugin. -->","yoast_head_json":{"title":"2011 - OJEN","robots":{"index":"noindex","follow":"follow","max-snippet":"max-snippet:-1","max-image-preview":"max-image-preview:large","max-video-preview":"max-video-preview:-1"},"og_locale":"fr_CA","og_type":"article","og_title":"2011 - OJEN","og_description":"La juge&nbsp;Patricia Hennessy La juge Patricia Hennessy est une ardente d\u00e9fenseure de la cause de l&rsquo;\u00e9ducation juridique. Son important travail pro bono dans la collectivit\u00e9 a contribu\u00e9 de fa\u00e7on importante \u00e0 la r\u00e9gion du Nord-Est. Entre autres, elle pr\u00e9side le Comit\u00e9 de la r\u00e9gion du Nord-Est du ROEJ depuis sa mise sur pied en 2002. [&hellip;]","og_url":"https:\/\/ojen2024.turnbull.co\/fr\/a-propos\/prix-du-roej\/prix-des-juges-en-chef-du-roej\/2011-2","og_site_name":"OJEN","article_publisher":"https:\/\/www.facebook.com\/pages\/OJEN\/252115501467864","article_modified_time":"2016-12-23T20:47:50+00:00","twitter_card":"summary_large_image","twitter_site":"@OJEN_ROEJ","twitter_misc":{"Estimation du temps de lecture":"1 minute"},"schema":{"@context":"https:\/\/schema.org","@graph":[{"@type":"WebPage","@id":"https:\/\/ojen2024.turnbull.co\/fr\/a-propos\/prix-du-roej\/prix-des-juges-en-chef-du-roej\/2011-2","url":"https:\/\/ojen2024.turnbull.co\/fr\/a-propos\/prix-du-roej\/prix-des-juges-en-chef-du-roej\/2011-2","name":"2011 - OJEN","isPartOf":{"@id":"https:\/\/ojen2024.turnbull.co\/en\/#website"},"datePublished":"2016-10-05T15:12:26+00:00","dateModified":"2016-12-23T20:47:50+00:00","breadcrumb":{"@id":"https:\/\/ojen2024.turnbull.co\/fr\/a-propos\/prix-du-roej\/prix-des-juges-en-chef-du-roej\/2011-2#breadcrumb"},"inLanguage":"fr-CA","potentialAction":[{"@type":"ReadAction","target":["https:\/\/ojen2024.turnbull.co\/fr\/a-propos\/prix-du-roej\/prix-des-juges-en-chef-du-roej\/2011-2"]}]},{"@type":"BreadcrumbList","@id":"https:\/\/ojen2024.turnbull.co\/fr\/a-propos\/prix-du-roej\/prix-des-juges-en-chef-du-roej\/2011-2#breadcrumb","itemListElement":[{"@type":"ListItem","position":1,"name":"Home","item":"https:\/\/ojen2024.turnbull.co\/fr"},{"@type":"ListItem","position":2,"name":"Qui sommes nous?","item":"https:\/\/ojen2024.turnbull.co\/fr\/a-propos"},{"@type":"ListItem","position":3,"name":"Prix du ROEJ","item":"https:\/\/ojen2024.turnbull.co\/fr\/a-propos\/prix-du-roej"},{"@type":"ListItem","position":4,"name":"Prix des juges en chef du ROEJ","item":"https:\/\/ojen2024.turnbull.co\/fr\/a-propos\/prix-du-roej\/prix-des-juges-en-chef-du-roej"},{"@type":"ListItem","position":5,"name":"2011"}]},{"@type":"WebSite","@id":"https:\/\/ojen2024.turnbull.co\/en\/#website","url":"https:\/\/ojen2024.turnbull.co\/en\/","name":"OJEN","description":"","potentialAction":[{"@type":"SearchAction","target":{"@type":"EntryPoint","urlTemplate":"https:\/\/ojen2024.turnbull.co\/en\/?s={search_term_string}"},"query-input":{"@type":"PropertyValueSpecification","valueRequired":true,"valueName":"search_term_string"}}],"inLanguage":"fr-CA"}]}},"_links":{"self":[{"href":"https:\/\/ojen2024.turnbull.co\/fr\/wp-json\/wp\/v2\/pages\/8211"}],"collection":[{"href":"https:\/\/ojen2024.turnbull.co\/fr\/wp-json\/wp\/v2\/pages"}],"about":[{"href":"https:\/\/ojen2024.turnbull.co\/fr\/wp-json\/wp\/v2\/types\/page"}],"author":[{"embeddable":true,"href":"https:\/\/ojen2024.turnbull.co\/fr\/wp-json\/wp\/v2\/users\/4"}],"replies":[{"embeddable":true,"href":"https:\/\/ojen2024.turnbull.co\/fr\/wp-json\/wp\/v2\/comments?post=8211"}],"version-history":[{"count":0,"href":"https:\/\/ojen2024.turnbull.co\/fr\/wp-json\/wp\/v2\/pages\/8211\/revisions"}],"up":[{"embeddable":true,"href":"https:\/\/ojen2024.turnbull.co\/fr\/wp-json\/wp\/v2\/pages\/7987"}],"wp:attachment":[{"href":"https:\/\/ojen2024.turnbull.co\/fr\/wp-json\/wp\/v2\/media?parent=8211"}],"curies":[{"name":"wp","href":"https:\/\/api.w.org\/{rel}","templated":true}]}}