{"id":8214,"date":"2016-10-05T15:11:55","date_gmt":"2016-10-05T15:11:55","guid":{"rendered":"http:\/\/ojen.ca\/fr\/a-propos\/prix-du-roej\/prix-des-juges-en-chef-du-roej\/2012-2"},"modified":"2016-12-23T16:05:17","modified_gmt":"2016-12-23T21:05:17","slug":"2012-2","status":"publish","type":"page","link":"https:\/\/ojen2024.turnbull.co\/fr\/a-propos\/prix-du-roej\/prix-des-juges-en-chef-du-roej\/2012-2","title":{"rendered":"2012"},"content":{"rendered":"<p><a href=\"\/wp-content\/uploads\/2016\/10\/CJA-2012-Angelo-Bolotta.jpg\"><img decoding=\"async\" class=\"lft\" src=\"\/wp-content\/uploads\/2016\/10\/CJA-2012-Angelo-Bolotta-292x300.jpg\" alt=\"cja-2012-angelo-bolotta\"><\/a>&nbsp;Angelo Bolotta a si\u00e9g\u00e9 au Conseil d&rsquo;administration du ROEJ pendant 10 ans et a fait partie du R\u00e9seau du ROEJ depuis sa cr\u00e9ation en tant que repr\u00e9sentant de l\u2019Institute of Catholic Educators. Il a jou\u00e9 un r\u00f4le actif sur le plan de la gouvernance et a fourni de nouvelles orientations strat\u00e9giques ainsi que des conseils sur une base quotidienne \u00e0 l&rsquo;\u00e9quipe. &nbsp; \u00c0 titre de directeur d&rsquo;une \u00e9cole secondaire du Toronto Catholic District School Board, Angelo a trouv\u00e9 des fa\u00e7ons innovatrices pour permettre aux enseignants et aux \u00e9l\u00e8ves de son \u00e9cole de participer \u00e0 l&rsquo;\u00e9ducation juridique, en plus de mettre le ROEJ en contact avec des enseignants du syst\u00e8me scolaire catholique d\u2019un bout \u00e0 l\u2019autre de la province. Angelo a \u00e9galement mis son expertise \u00e0 profit pour l&rsquo;\u00e9laboration de nouvelles ressources. En particulier, il a particip\u00e9 \u00e0 l&rsquo;\u00e9laboration d&rsquo;un manuel destin\u00e9 aux enseignants catholiques afin de les aider \u00e0 int\u00e9grer les proc\u00e8s simul\u00e9s \u00e0 leurs classes. Cette ressource les pr\u00e9pare \u00e0 aborder des questions relatives \u00e0 l&rsquo;\u00e9quit\u00e9 et \u00e0 la protection des droits, et \u00e0 arbitrer des discussions sur des sujets controvers\u00e9s, comme les valeurs religieuses dans un syst\u00e8me judiciaire la\u00efque.<\/p>\n","protected":false},"excerpt":{"rendered":"<p>&nbsp;Angelo Bolotta a si\u00e9g\u00e9 au Conseil d&rsquo;administration du ROEJ pendant 10 ans et a fait partie du R\u00e9seau du ROEJ depuis sa cr\u00e9ation en tant que repr\u00e9sentant de l\u2019Institute of Catholic Educators. Il a jou\u00e9 un r\u00f4le actif sur le plan de la gouvernance et a fourni de nouvelles orientations strat\u00e9giques ainsi que des conseils [&hellip;]<\/p>\n","protected":false},"author":4,"featured_media":0,"parent":7987,"menu_order":0,"comment_status":"closed","ping_status":"closed","template":"","meta":{"_acf_changed":false,"_eb_attr":"","inline_featured_image":false,"ub_ctt_via":"","footnotes":""},"class_list":["post-8214","page","type-page","status-publish","hentry"],"acf":[],"featured_image_src":null,"yoast_head":"<!-- This site is optimized with the Yoast SEO plugin v25.3 - https:\/\/yoast.com\/wordpress\/plugins\/seo\/ -->\n<title>2012 - OJEN<\/title>\n<meta name=\"robots\" content=\"noindex, follow, max-snippet:-1, max-image-preview:large, max-video-preview:-1\" \/>\n<meta property=\"og:locale\" content=\"fr_CA\" \/>\n<meta property=\"og:type\" content=\"article\" \/>\n<meta property=\"og:title\" content=\"2012 - OJEN\" \/>\n<meta property=\"og:description\" content=\"&nbsp;Angelo Bolotta a si\u00e9g\u00e9 au Conseil d&rsquo;administration du ROEJ pendant 10 ans et a fait partie du R\u00e9seau du ROEJ depuis sa cr\u00e9ation en tant que repr\u00e9sentant de l\u2019Institute of Catholic Educators. Il a jou\u00e9 un r\u00f4le actif sur le plan de la gouvernance et a fourni de nouvelles orientations strat\u00e9giques ainsi que des conseils [&hellip;]\" \/>\n<meta property=\"og:url\" content=\"https:\/\/ojen2024.turnbull.co\/fr\/a-propos\/prix-du-roej\/prix-des-juges-en-chef-du-roej\/2012-2\" \/>\n<meta property=\"og:site_name\" content=\"OJEN\" \/>\n<meta property=\"article:publisher\" content=\"https:\/\/www.facebook.com\/pages\/OJEN\/252115501467864\" \/>\n<meta property=\"article:modified_time\" content=\"2016-12-23T21:05:17+00:00\" \/>\n<meta name=\"twitter:card\" content=\"summary_large_image\" \/>\n<meta name=\"twitter:site\" content=\"@OJEN_ROEJ\" \/>\n<meta name=\"twitter:label1\" content=\"Estimation du temps de lecture\" \/>\n\t<meta name=\"twitter:data1\" content=\"1 minute\" \/>\n<script type=\"application\/ld+json\" class=\"yoast-schema-graph\">{\"@context\":\"https:\/\/schema.org\",\"@graph\":[{\"@type\":\"WebPage\",\"@id\":\"https:\/\/ojen2024.turnbull.co\/fr\/a-propos\/prix-du-roej\/prix-des-juges-en-chef-du-roej\/2012-2\",\"url\":\"https:\/\/ojen2024.turnbull.co\/fr\/a-propos\/prix-du-roej\/prix-des-juges-en-chef-du-roej\/2012-2\",\"name\":\"2012 - OJEN\",\"isPartOf\":{\"@id\":\"https:\/\/ojen2024.turnbull.co\/en\/#website\"},\"datePublished\":\"2016-10-05T15:11:55+00:00\",\"dateModified\":\"2016-12-23T21:05:17+00:00\",\"breadcrumb\":{\"@id\":\"https:\/\/ojen2024.turnbull.co\/fr\/a-propos\/prix-du-roej\/prix-des-juges-en-chef-du-roej\/2012-2#breadcrumb\"},\"inLanguage\":\"fr-CA\",\"potentialAction\":[{\"@type\":\"ReadAction\",\"target\":[\"https:\/\/ojen2024.turnbull.co\/fr\/a-propos\/prix-du-roej\/prix-des-juges-en-chef-du-roej\/2012-2\"]}]},{\"@type\":\"BreadcrumbList\",\"@id\":\"https:\/\/ojen2024.turnbull.co\/fr\/a-propos\/prix-du-roej\/prix-des-juges-en-chef-du-roej\/2012-2#breadcrumb\",\"itemListElement\":[{\"@type\":\"ListItem\",\"position\":1,\"name\":\"Home\",\"item\":\"https:\/\/ojen2024.turnbull.co\/fr\"},{\"@type\":\"ListItem\",\"position\":2,\"name\":\"Qui sommes nous?\",\"item\":\"https:\/\/ojen2024.turnbull.co\/fr\/a-propos\"},{\"@type\":\"ListItem\",\"position\":3,\"name\":\"Prix du ROEJ\",\"item\":\"https:\/\/ojen2024.turnbull.co\/fr\/a-propos\/prix-du-roej\"},{\"@type\":\"ListItem\",\"position\":4,\"name\":\"Prix des juges en chef du ROEJ\",\"item\":\"https:\/\/ojen2024.turnbull.co\/fr\/a-propos\/prix-du-roej\/prix-des-juges-en-chef-du-roej\"},{\"@type\":\"ListItem\",\"position\":5,\"name\":\"2012\"}]},{\"@type\":\"WebSite\",\"@id\":\"https:\/\/ojen2024.turnbull.co\/en\/#website\",\"url\":\"https:\/\/ojen2024.turnbull.co\/en\/\",\"name\":\"OJEN\",\"description\":\"\",\"potentialAction\":[{\"@type\":\"SearchAction\",\"target\":{\"@type\":\"EntryPoint\",\"urlTemplate\":\"https:\/\/ojen2024.turnbull.co\/en\/?s={search_term_string}\"},\"query-input\":{\"@type\":\"PropertyValueSpecification\",\"valueRequired\":true,\"valueName\":\"search_term_string\"}}],\"inLanguage\":\"fr-CA\"}]}<\/script>\n<!-- \/ Yoast SEO plugin. -->","yoast_head_json":{"title":"2012 - OJEN","robots":{"index":"noindex","follow":"follow","max-snippet":"max-snippet:-1","max-image-preview":"max-image-preview:large","max-video-preview":"max-video-preview:-1"},"og_locale":"fr_CA","og_type":"article","og_title":"2012 - OJEN","og_description":"&nbsp;Angelo Bolotta a si\u00e9g\u00e9 au Conseil d&rsquo;administration du ROEJ pendant 10 ans et a fait partie du R\u00e9seau du ROEJ depuis sa cr\u00e9ation en tant que repr\u00e9sentant de l\u2019Institute of Catholic Educators. Il a jou\u00e9 un r\u00f4le actif sur le plan de la gouvernance et a fourni de nouvelles orientations strat\u00e9giques ainsi que des conseils [&hellip;]","og_url":"https:\/\/ojen2024.turnbull.co\/fr\/a-propos\/prix-du-roej\/prix-des-juges-en-chef-du-roej\/2012-2","og_site_name":"OJEN","article_publisher":"https:\/\/www.facebook.com\/pages\/OJEN\/252115501467864","article_modified_time":"2016-12-23T21:05:17+00:00","twitter_card":"summary_large_image","twitter_site":"@OJEN_ROEJ","twitter_misc":{"Estimation du temps de lecture":"1 minute"},"schema":{"@context":"https:\/\/schema.org","@graph":[{"@type":"WebPage","@id":"https:\/\/ojen2024.turnbull.co\/fr\/a-propos\/prix-du-roej\/prix-des-juges-en-chef-du-roej\/2012-2","url":"https:\/\/ojen2024.turnbull.co\/fr\/a-propos\/prix-du-roej\/prix-des-juges-en-chef-du-roej\/2012-2","name":"2012 - OJEN","isPartOf":{"@id":"https:\/\/ojen2024.turnbull.co\/en\/#website"},"datePublished":"2016-10-05T15:11:55+00:00","dateModified":"2016-12-23T21:05:17+00:00","breadcrumb":{"@id":"https:\/\/ojen2024.turnbull.co\/fr\/a-propos\/prix-du-roej\/prix-des-juges-en-chef-du-roej\/2012-2#breadcrumb"},"inLanguage":"fr-CA","potentialAction":[{"@type":"ReadAction","target":["https:\/\/ojen2024.turnbull.co\/fr\/a-propos\/prix-du-roej\/prix-des-juges-en-chef-du-roej\/2012-2"]}]},{"@type":"BreadcrumbList","@id":"https:\/\/ojen2024.turnbull.co\/fr\/a-propos\/prix-du-roej\/prix-des-juges-en-chef-du-roej\/2012-2#breadcrumb","itemListElement":[{"@type":"ListItem","position":1,"name":"Home","item":"https:\/\/ojen2024.turnbull.co\/fr"},{"@type":"ListItem","position":2,"name":"Qui sommes nous?","item":"https:\/\/ojen2024.turnbull.co\/fr\/a-propos"},{"@type":"ListItem","position":3,"name":"Prix du ROEJ","item":"https:\/\/ojen2024.turnbull.co\/fr\/a-propos\/prix-du-roej"},{"@type":"ListItem","position":4,"name":"Prix des juges en chef du ROEJ","item":"https:\/\/ojen2024.turnbull.co\/fr\/a-propos\/prix-du-roej\/prix-des-juges-en-chef-du-roej"},{"@type":"ListItem","position":5,"name":"2012"}]},{"@type":"WebSite","@id":"https:\/\/ojen2024.turnbull.co\/en\/#website","url":"https:\/\/ojen2024.turnbull.co\/en\/","name":"OJEN","description":"","potentialAction":[{"@type":"SearchAction","target":{"@type":"EntryPoint","urlTemplate":"https:\/\/ojen2024.turnbull.co\/en\/?s={search_term_string}"},"query-input":{"@type":"PropertyValueSpecification","valueRequired":true,"valueName":"search_term_string"}}],"inLanguage":"fr-CA"}]}},"_links":{"self":[{"href":"https:\/\/ojen2024.turnbull.co\/fr\/wp-json\/wp\/v2\/pages\/8214"}],"collection":[{"href":"https:\/\/ojen2024.turnbull.co\/fr\/wp-json\/wp\/v2\/pages"}],"about":[{"href":"https:\/\/ojen2024.turnbull.co\/fr\/wp-json\/wp\/v2\/types\/page"}],"author":[{"embeddable":true,"href":"https:\/\/ojen2024.turnbull.co\/fr\/wp-json\/wp\/v2\/users\/4"}],"replies":[{"embeddable":true,"href":"https:\/\/ojen2024.turnbull.co\/fr\/wp-json\/wp\/v2\/comments?post=8214"}],"version-history":[{"count":0,"href":"https:\/\/ojen2024.turnbull.co\/fr\/wp-json\/wp\/v2\/pages\/8214\/revisions"}],"up":[{"embeddable":true,"href":"https:\/\/ojen2024.turnbull.co\/fr\/wp-json\/wp\/v2\/pages\/7987"}],"wp:attachment":[{"href":"https:\/\/ojen2024.turnbull.co\/fr\/wp-json\/wp\/v2\/media?parent=8214"}],"curies":[{"name":"wp","href":"https:\/\/api.w.org\/{rel}","templated":true}]}}