{"id":8223,"date":"2016-10-05T15:10:38","date_gmt":"2016-10-05T15:10:38","guid":{"rendered":"http:\/\/ojen.ca\/fr\/a-propos\/prix-du-roej\/prix-des-juges-en-chef-du-roej\/2015-2"},"modified":"2016-12-23T16:10:52","modified_gmt":"2016-12-23T21:10:52","slug":"2015-2","status":"publish","type":"page","link":"https:\/\/ojen2024.turnbull.co\/fr\/a-propos\/prix-du-roej\/prix-des-juges-en-chef-du-roej\/2015-2","title":{"rendered":"2015"},"content":{"rendered":"<p><a href=\"\/wp-content\/uploads\/2016\/10\/CJA-2015-Justice-Milanetti-3-CJs.jpg\"><img decoding=\"async\" class=\"lft\" src=\"\/wp-content\/uploads\/2016\/10\/CJA-2015-Justice-Milanetti-3-CJs-300x215.jpg\" alt=\"cja-2015-justice-milanetti-3-cjs\"><\/a>&nbsp;La juge Jane Milanetti de la Cour sup\u00e9rieure \u00e0 Hamilton a \u00e9t\u00e9 reconnue pour sa contribution exceptionnelle \u00e0 la promotion des initiatives d\u2019\u00e9ducation juridique dans la r\u00e9gion de Hamilton.<\/p>\n<p>Depuis sa nomination \u00e0 la magistrature en 2003, la juge Milanetti s\u2019est pos\u00e9e en ardente championne de l\u2019\u00e9ducation juridique. Elle est \u00e0 l\u2019origine de la mise sur pied du Comit\u00e9 du ROEJ \u00e0 Hamilton en 2007, qu\u2019elle pr\u00e9side depuis les neuf derni\u00e8res ann\u00e9es. Ce groupe de b\u00e9n\u00e9voles du secteur de la justice et de l\u2019\u00e9ducation est d\u00e9termin\u00e9 \u00e0 permettre aux \u00e9l\u00e8ves d\u2019en apprendre plus long sur le syst\u00e8me judiciaire. Sous son leadership, deux tournois de proc\u00e8s simul\u00e9s ont lieu chaque ann\u00e9e au palais de justice John Sopinka o\u00f9 elle si\u00e8ge. Malgr\u00e9 son horaire charg\u00e9, elle trouve le temps d\u2019accueillir personnellement les \u00e9l\u00e8ves qui visitent le palais de justice et de jouer un r\u00f4le actif dans les tournois. La candidature de la juge Milanetti a \u00e9t\u00e9 propos\u00e9e par deux enseignants dont les \u00e9l\u00e8ves ont b\u00e9n\u00e9fici\u00e9 de ces programmes d\u2019\u00e9ducation juridique.<\/p>\n","protected":false},"excerpt":{"rendered":"<p>&nbsp;La juge Jane Milanetti de la Cour sup\u00e9rieure \u00e0 Hamilton a \u00e9t\u00e9 reconnue pour sa contribution exceptionnelle \u00e0 la promotion des initiatives d\u2019\u00e9ducation juridique dans la r\u00e9gion de Hamilton. Depuis sa nomination \u00e0 la magistrature en 2003, la juge Milanetti s\u2019est pos\u00e9e en ardente championne de l\u2019\u00e9ducation juridique. Elle est \u00e0 l\u2019origine de la mise [&hellip;]<\/p>\n","protected":false},"author":4,"featured_media":0,"parent":7987,"menu_order":0,"comment_status":"closed","ping_status":"closed","template":"","meta":{"_acf_changed":false,"_eb_attr":"","inline_featured_image":false,"ub_ctt_via":"","footnotes":""},"class_list":["post-8223","page","type-page","status-publish","hentry"],"acf":[],"featured_image_src":null,"yoast_head":"<!-- This site is optimized with the Yoast SEO plugin v25.3 - https:\/\/yoast.com\/wordpress\/plugins\/seo\/ -->\n<title>2015 - OJEN<\/title>\n<meta name=\"robots\" content=\"noindex, follow, max-snippet:-1, max-image-preview:large, max-video-preview:-1\" \/>\n<meta property=\"og:locale\" content=\"fr_CA\" \/>\n<meta property=\"og:type\" content=\"article\" \/>\n<meta property=\"og:title\" content=\"2015 - OJEN\" \/>\n<meta property=\"og:description\" content=\"&nbsp;La juge Jane Milanetti de la Cour sup\u00e9rieure \u00e0 Hamilton a \u00e9t\u00e9 reconnue pour sa contribution exceptionnelle \u00e0 la promotion des initiatives d\u2019\u00e9ducation juridique dans la r\u00e9gion de Hamilton. Depuis sa nomination \u00e0 la magistrature en 2003, la juge Milanetti s\u2019est pos\u00e9e en ardente championne de l\u2019\u00e9ducation juridique. Elle est \u00e0 l\u2019origine de la mise [&hellip;]\" \/>\n<meta property=\"og:url\" content=\"https:\/\/ojen2024.turnbull.co\/fr\/a-propos\/prix-du-roej\/prix-des-juges-en-chef-du-roej\/2015-2\" \/>\n<meta property=\"og:site_name\" content=\"OJEN\" \/>\n<meta property=\"article:publisher\" content=\"https:\/\/www.facebook.com\/pages\/OJEN\/252115501467864\" \/>\n<meta property=\"article:modified_time\" content=\"2016-12-23T21:10:52+00:00\" \/>\n<meta name=\"twitter:card\" content=\"summary_large_image\" \/>\n<meta name=\"twitter:site\" content=\"@OJEN_ROEJ\" \/>\n<meta name=\"twitter:label1\" content=\"Estimation du temps de lecture\" \/>\n\t<meta name=\"twitter:data1\" content=\"1 minute\" \/>\n<script type=\"application\/ld+json\" class=\"yoast-schema-graph\">{\"@context\":\"https:\/\/schema.org\",\"@graph\":[{\"@type\":\"WebPage\",\"@id\":\"https:\/\/ojen2024.turnbull.co\/fr\/a-propos\/prix-du-roej\/prix-des-juges-en-chef-du-roej\/2015-2\",\"url\":\"https:\/\/ojen2024.turnbull.co\/fr\/a-propos\/prix-du-roej\/prix-des-juges-en-chef-du-roej\/2015-2\",\"name\":\"2015 - OJEN\",\"isPartOf\":{\"@id\":\"https:\/\/ojen2024.turnbull.co\/en\/#website\"},\"datePublished\":\"2016-10-05T15:10:38+00:00\",\"dateModified\":\"2016-12-23T21:10:52+00:00\",\"breadcrumb\":{\"@id\":\"https:\/\/ojen2024.turnbull.co\/fr\/a-propos\/prix-du-roej\/prix-des-juges-en-chef-du-roej\/2015-2#breadcrumb\"},\"inLanguage\":\"fr-CA\",\"potentialAction\":[{\"@type\":\"ReadAction\",\"target\":[\"https:\/\/ojen2024.turnbull.co\/fr\/a-propos\/prix-du-roej\/prix-des-juges-en-chef-du-roej\/2015-2\"]}]},{\"@type\":\"BreadcrumbList\",\"@id\":\"https:\/\/ojen2024.turnbull.co\/fr\/a-propos\/prix-du-roej\/prix-des-juges-en-chef-du-roej\/2015-2#breadcrumb\",\"itemListElement\":[{\"@type\":\"ListItem\",\"position\":1,\"name\":\"Home\",\"item\":\"https:\/\/ojen2024.turnbull.co\/fr\"},{\"@type\":\"ListItem\",\"position\":2,\"name\":\"Qui sommes nous?\",\"item\":\"https:\/\/ojen2024.turnbull.co\/fr\/a-propos\"},{\"@type\":\"ListItem\",\"position\":3,\"name\":\"Prix du ROEJ\",\"item\":\"https:\/\/ojen2024.turnbull.co\/fr\/a-propos\/prix-du-roej\"},{\"@type\":\"ListItem\",\"position\":4,\"name\":\"Prix des juges en chef du ROEJ\",\"item\":\"https:\/\/ojen2024.turnbull.co\/fr\/a-propos\/prix-du-roej\/prix-des-juges-en-chef-du-roej\"},{\"@type\":\"ListItem\",\"position\":5,\"name\":\"2015\"}]},{\"@type\":\"WebSite\",\"@id\":\"https:\/\/ojen2024.turnbull.co\/en\/#website\",\"url\":\"https:\/\/ojen2024.turnbull.co\/en\/\",\"name\":\"OJEN\",\"description\":\"\",\"potentialAction\":[{\"@type\":\"SearchAction\",\"target\":{\"@type\":\"EntryPoint\",\"urlTemplate\":\"https:\/\/ojen2024.turnbull.co\/en\/?s={search_term_string}\"},\"query-input\":{\"@type\":\"PropertyValueSpecification\",\"valueRequired\":true,\"valueName\":\"search_term_string\"}}],\"inLanguage\":\"fr-CA\"}]}<\/script>\n<!-- \/ Yoast SEO plugin. -->","yoast_head_json":{"title":"2015 - OJEN","robots":{"index":"noindex","follow":"follow","max-snippet":"max-snippet:-1","max-image-preview":"max-image-preview:large","max-video-preview":"max-video-preview:-1"},"og_locale":"fr_CA","og_type":"article","og_title":"2015 - OJEN","og_description":"&nbsp;La juge Jane Milanetti de la Cour sup\u00e9rieure \u00e0 Hamilton a \u00e9t\u00e9 reconnue pour sa contribution exceptionnelle \u00e0 la promotion des initiatives d\u2019\u00e9ducation juridique dans la r\u00e9gion de Hamilton. Depuis sa nomination \u00e0 la magistrature en 2003, la juge Milanetti s\u2019est pos\u00e9e en ardente championne de l\u2019\u00e9ducation juridique. Elle est \u00e0 l\u2019origine de la mise [&hellip;]","og_url":"https:\/\/ojen2024.turnbull.co\/fr\/a-propos\/prix-du-roej\/prix-des-juges-en-chef-du-roej\/2015-2","og_site_name":"OJEN","article_publisher":"https:\/\/www.facebook.com\/pages\/OJEN\/252115501467864","article_modified_time":"2016-12-23T21:10:52+00:00","twitter_card":"summary_large_image","twitter_site":"@OJEN_ROEJ","twitter_misc":{"Estimation du temps de lecture":"1 minute"},"schema":{"@context":"https:\/\/schema.org","@graph":[{"@type":"WebPage","@id":"https:\/\/ojen2024.turnbull.co\/fr\/a-propos\/prix-du-roej\/prix-des-juges-en-chef-du-roej\/2015-2","url":"https:\/\/ojen2024.turnbull.co\/fr\/a-propos\/prix-du-roej\/prix-des-juges-en-chef-du-roej\/2015-2","name":"2015 - OJEN","isPartOf":{"@id":"https:\/\/ojen2024.turnbull.co\/en\/#website"},"datePublished":"2016-10-05T15:10:38+00:00","dateModified":"2016-12-23T21:10:52+00:00","breadcrumb":{"@id":"https:\/\/ojen2024.turnbull.co\/fr\/a-propos\/prix-du-roej\/prix-des-juges-en-chef-du-roej\/2015-2#breadcrumb"},"inLanguage":"fr-CA","potentialAction":[{"@type":"ReadAction","target":["https:\/\/ojen2024.turnbull.co\/fr\/a-propos\/prix-du-roej\/prix-des-juges-en-chef-du-roej\/2015-2"]}]},{"@type":"BreadcrumbList","@id":"https:\/\/ojen2024.turnbull.co\/fr\/a-propos\/prix-du-roej\/prix-des-juges-en-chef-du-roej\/2015-2#breadcrumb","itemListElement":[{"@type":"ListItem","position":1,"name":"Home","item":"https:\/\/ojen2024.turnbull.co\/fr"},{"@type":"ListItem","position":2,"name":"Qui sommes nous?","item":"https:\/\/ojen2024.turnbull.co\/fr\/a-propos"},{"@type":"ListItem","position":3,"name":"Prix du ROEJ","item":"https:\/\/ojen2024.turnbull.co\/fr\/a-propos\/prix-du-roej"},{"@type":"ListItem","position":4,"name":"Prix des juges en chef du ROEJ","item":"https:\/\/ojen2024.turnbull.co\/fr\/a-propos\/prix-du-roej\/prix-des-juges-en-chef-du-roej"},{"@type":"ListItem","position":5,"name":"2015"}]},{"@type":"WebSite","@id":"https:\/\/ojen2024.turnbull.co\/en\/#website","url":"https:\/\/ojen2024.turnbull.co\/en\/","name":"OJEN","description":"","potentialAction":[{"@type":"SearchAction","target":{"@type":"EntryPoint","urlTemplate":"https:\/\/ojen2024.turnbull.co\/en\/?s={search_term_string}"},"query-input":{"@type":"PropertyValueSpecification","valueRequired":true,"valueName":"search_term_string"}}],"inLanguage":"fr-CA"}]}},"_links":{"self":[{"href":"https:\/\/ojen2024.turnbull.co\/fr\/wp-json\/wp\/v2\/pages\/8223"}],"collection":[{"href":"https:\/\/ojen2024.turnbull.co\/fr\/wp-json\/wp\/v2\/pages"}],"about":[{"href":"https:\/\/ojen2024.turnbull.co\/fr\/wp-json\/wp\/v2\/types\/page"}],"author":[{"embeddable":true,"href":"https:\/\/ojen2024.turnbull.co\/fr\/wp-json\/wp\/v2\/users\/4"}],"replies":[{"embeddable":true,"href":"https:\/\/ojen2024.turnbull.co\/fr\/wp-json\/wp\/v2\/comments?post=8223"}],"version-history":[{"count":0,"href":"https:\/\/ojen2024.turnbull.co\/fr\/wp-json\/wp\/v2\/pages\/8223\/revisions"}],"up":[{"embeddable":true,"href":"https:\/\/ojen2024.turnbull.co\/fr\/wp-json\/wp\/v2\/pages\/7987"}],"wp:attachment":[{"href":"https:\/\/ojen2024.turnbull.co\/fr\/wp-json\/wp\/v2\/media?parent=8223"}],"curies":[{"name":"wp","href":"https:\/\/api.w.org\/{rel}","templated":true}]}}