{"id":8226,"date":"2016-10-05T15:00:52","date_gmt":"2016-10-05T15:00:52","guid":{"rendered":"http:\/\/ojen.ca\/fr\/a-propos\/prix-du-roej\/prix-lennox-du-roej\/association-of-french-speaking-jurists-of-ontario-ajefo"},"modified":"2016-12-23T16:14:34","modified_gmt":"2016-12-23T21:14:34","slug":"association-of-french-speaking-jurists-of-ontario-ajefo","status":"publish","type":"page","link":"https:\/\/ojen2024.turnbull.co\/fr\/a-propos\/prix-du-roej\/prix-lennox-du-roej\/association-of-french-speaking-jurists-of-ontario-ajefo","title":{"rendered":"l&rsquo;Association des juristes d&rsquo;expression fran\u00e7aise de l&rsquo;Ontario (AJEFO)"},"content":{"rendered":"<p><a href=\"\/wp-content\/uploads\/2016\/10\/Lennox-Justice-Brian-Lennox-AJEFO-President-Francois-Baril-ED-Andree-Anne-Martel.jpg\"><img decoding=\"async\" class=\"lft\" src=\"\/wp-content\/uploads\/2016\/10\/Lennox-Justice-Brian-Lennox-AJEFO-President-Francois-Baril-ED-Andree-Anne-Martel-300x245.jpg\" alt=\"lennox-justice-brian-lennox-ajefo-president-francois-baril-ed-andree-anne-martel\"><\/a>&nbsp; Depuis plus de 30 ans, l&rsquo;AJEFO joue un r\u00f4le de premier plan en ce qui concerne la sensibilisation du public au droit \u00e0 des services judiciaires dans les deux langues officielles en Ontario, o\u00f9 l\u2019on d\u00e9nombre plus de 600 000 r\u00e9sidents francophones. Ce prix vise \u00e0 reconnaitre la contribution importante de l\u2019AJEFO \u00e0 l&rsquo;\u00e9ducation juridique \u00e0 travers la province et, plus particuli\u00e8rement, la cr\u00e9ation du site Web innovateur Cliquezjustice.ca. Il s&rsquo;agit d&rsquo;un site unique en son genre d\u00e9velopp\u00e9 sp\u00e9cifiquement pour permettre aux Franco-Ontariens et aux Franco\u2011Ontariennes de mieux comprendre leurs droits et les fa\u00e7ons dont ils peuvent participer au syst\u00e8me de justice. Lanc\u00e9 en 2012, ce site interactif comprend des jeux et des vid\u00e9os, des jeux-questionnaires et des renseignements pour divers groupes d&rsquo;\u00e2ge qui sont adapt\u00e9s aux curriculums du minist\u00e8re de l&rsquo;\u00c9ducation.<\/p>\n","protected":false},"excerpt":{"rendered":"<p>&nbsp; Depuis plus de 30 ans, l&rsquo;AJEFO joue un r\u00f4le de premier plan en ce qui concerne la sensibilisation du public au droit \u00e0 des services judiciaires dans les deux langues officielles en Ontario, o\u00f9 l\u2019on d\u00e9nombre plus de 600 000 r\u00e9sidents francophones. Ce prix vise \u00e0 reconnaitre la contribution importante de l\u2019AJEFO \u00e0 l&rsquo;\u00e9ducation [&hellip;]<\/p>\n","protected":false},"author":4,"featured_media":0,"parent":7990,"menu_order":0,"comment_status":"closed","ping_status":"closed","template":"","meta":{"_acf_changed":false,"_eb_attr":"","inline_featured_image":false,"ub_ctt_via":"","footnotes":""},"class_list":["post-8226","page","type-page","status-publish","hentry"],"acf":[],"featured_image_src":null,"yoast_head":"<!-- This site is optimized with the Yoast SEO plugin v25.3 - https:\/\/yoast.com\/wordpress\/plugins\/seo\/ -->\n<title>l&#039;Association des juristes d&#039;expression fran\u00e7aise de l&#039;Ontario (AJEFO) - OJEN<\/title>\n<meta name=\"robots\" content=\"noindex, follow, max-snippet:-1, max-image-preview:large, max-video-preview:-1\" \/>\n<meta property=\"og:locale\" content=\"fr_CA\" \/>\n<meta property=\"og:type\" content=\"article\" \/>\n<meta property=\"og:title\" content=\"l&#039;Association des juristes d&#039;expression fran\u00e7aise de l&#039;Ontario (AJEFO) - OJEN\" \/>\n<meta property=\"og:description\" content=\"&nbsp; Depuis plus de 30 ans, l&rsquo;AJEFO joue un r\u00f4le de premier plan en ce qui concerne la sensibilisation du public au droit \u00e0 des services judiciaires dans les deux langues officielles en Ontario, o\u00f9 l\u2019on d\u00e9nombre plus de 600 000 r\u00e9sidents francophones. Ce prix vise \u00e0 reconnaitre la contribution importante de l\u2019AJEFO \u00e0 l&rsquo;\u00e9ducation [&hellip;]\" \/>\n<meta property=\"og:url\" content=\"https:\/\/ojen2024.turnbull.co\/fr\/a-propos\/prix-du-roej\/prix-lennox-du-roej\/association-of-french-speaking-jurists-of-ontario-ajefo\" \/>\n<meta property=\"og:site_name\" content=\"OJEN\" \/>\n<meta property=\"article:publisher\" content=\"https:\/\/www.facebook.com\/pages\/OJEN\/252115501467864\" \/>\n<meta property=\"article:modified_time\" content=\"2016-12-23T21:14:34+00:00\" \/>\n<meta name=\"twitter:card\" content=\"summary_large_image\" \/>\n<meta name=\"twitter:site\" content=\"@OJEN_ROEJ\" \/>\n<meta name=\"twitter:label1\" content=\"Estimation du temps de lecture\" \/>\n\t<meta name=\"twitter:data1\" content=\"1 minute\" \/>\n<script type=\"application\/ld+json\" class=\"yoast-schema-graph\">{\"@context\":\"https:\/\/schema.org\",\"@graph\":[{\"@type\":\"WebPage\",\"@id\":\"https:\/\/ojen2024.turnbull.co\/fr\/a-propos\/prix-du-roej\/prix-lennox-du-roej\/association-of-french-speaking-jurists-of-ontario-ajefo\",\"url\":\"https:\/\/ojen2024.turnbull.co\/fr\/a-propos\/prix-du-roej\/prix-lennox-du-roej\/association-of-french-speaking-jurists-of-ontario-ajefo\",\"name\":\"l'Association des juristes d'expression fran\u00e7aise de l'Ontario (AJEFO) - OJEN\",\"isPartOf\":{\"@id\":\"https:\/\/ojen2024.turnbull.co\/en\/#website\"},\"datePublished\":\"2016-10-05T15:00:52+00:00\",\"dateModified\":\"2016-12-23T21:14:34+00:00\",\"breadcrumb\":{\"@id\":\"https:\/\/ojen2024.turnbull.co\/fr\/a-propos\/prix-du-roej\/prix-lennox-du-roej\/association-of-french-speaking-jurists-of-ontario-ajefo#breadcrumb\"},\"inLanguage\":\"fr-CA\",\"potentialAction\":[{\"@type\":\"ReadAction\",\"target\":[\"https:\/\/ojen2024.turnbull.co\/fr\/a-propos\/prix-du-roej\/prix-lennox-du-roej\/association-of-french-speaking-jurists-of-ontario-ajefo\"]}]},{\"@type\":\"BreadcrumbList\",\"@id\":\"https:\/\/ojen2024.turnbull.co\/fr\/a-propos\/prix-du-roej\/prix-lennox-du-roej\/association-of-french-speaking-jurists-of-ontario-ajefo#breadcrumb\",\"itemListElement\":[{\"@type\":\"ListItem\",\"position\":1,\"name\":\"Home\",\"item\":\"https:\/\/ojen2024.turnbull.co\/fr\"},{\"@type\":\"ListItem\",\"position\":2,\"name\":\"Qui sommes nous?\",\"item\":\"https:\/\/ojen2024.turnbull.co\/fr\/a-propos\"},{\"@type\":\"ListItem\",\"position\":3,\"name\":\"Prix du ROEJ\",\"item\":\"https:\/\/ojen2024.turnbull.co\/fr\/a-propos\/prix-du-roej\"},{\"@type\":\"ListItem\",\"position\":4,\"name\":\"Prix Lennox du ROEJ\",\"item\":\"https:\/\/ojen2024.turnbull.co\/fr\/a-propos\/prix-du-roej\/prix-lennox-du-roej\"},{\"@type\":\"ListItem\",\"position\":5,\"name\":\"l&rsquo;Association des juristes d&rsquo;expression fran\u00e7aise de l&rsquo;Ontario (AJEFO)\"}]},{\"@type\":\"WebSite\",\"@id\":\"https:\/\/ojen2024.turnbull.co\/en\/#website\",\"url\":\"https:\/\/ojen2024.turnbull.co\/en\/\",\"name\":\"OJEN\",\"description\":\"\",\"potentialAction\":[{\"@type\":\"SearchAction\",\"target\":{\"@type\":\"EntryPoint\",\"urlTemplate\":\"https:\/\/ojen2024.turnbull.co\/en\/?s={search_term_string}\"},\"query-input\":{\"@type\":\"PropertyValueSpecification\",\"valueRequired\":true,\"valueName\":\"search_term_string\"}}],\"inLanguage\":\"fr-CA\"}]}<\/script>\n<!-- \/ Yoast SEO plugin. -->","yoast_head_json":{"title":"l'Association des juristes d'expression fran\u00e7aise de l'Ontario (AJEFO) - OJEN","robots":{"index":"noindex","follow":"follow","max-snippet":"max-snippet:-1","max-image-preview":"max-image-preview:large","max-video-preview":"max-video-preview:-1"},"og_locale":"fr_CA","og_type":"article","og_title":"l'Association des juristes d'expression fran\u00e7aise de l'Ontario (AJEFO) - OJEN","og_description":"&nbsp; Depuis plus de 30 ans, l&rsquo;AJEFO joue un r\u00f4le de premier plan en ce qui concerne la sensibilisation du public au droit \u00e0 des services judiciaires dans les deux langues officielles en Ontario, o\u00f9 l\u2019on d\u00e9nombre plus de 600 000 r\u00e9sidents francophones. Ce prix vise \u00e0 reconnaitre la contribution importante de l\u2019AJEFO \u00e0 l&rsquo;\u00e9ducation [&hellip;]","og_url":"https:\/\/ojen2024.turnbull.co\/fr\/a-propos\/prix-du-roej\/prix-lennox-du-roej\/association-of-french-speaking-jurists-of-ontario-ajefo","og_site_name":"OJEN","article_publisher":"https:\/\/www.facebook.com\/pages\/OJEN\/252115501467864","article_modified_time":"2016-12-23T21:14:34+00:00","twitter_card":"summary_large_image","twitter_site":"@OJEN_ROEJ","twitter_misc":{"Estimation du temps de lecture":"1 minute"},"schema":{"@context":"https:\/\/schema.org","@graph":[{"@type":"WebPage","@id":"https:\/\/ojen2024.turnbull.co\/fr\/a-propos\/prix-du-roej\/prix-lennox-du-roej\/association-of-french-speaking-jurists-of-ontario-ajefo","url":"https:\/\/ojen2024.turnbull.co\/fr\/a-propos\/prix-du-roej\/prix-lennox-du-roej\/association-of-french-speaking-jurists-of-ontario-ajefo","name":"l'Association des juristes d'expression fran\u00e7aise de l'Ontario (AJEFO) - OJEN","isPartOf":{"@id":"https:\/\/ojen2024.turnbull.co\/en\/#website"},"datePublished":"2016-10-05T15:00:52+00:00","dateModified":"2016-12-23T21:14:34+00:00","breadcrumb":{"@id":"https:\/\/ojen2024.turnbull.co\/fr\/a-propos\/prix-du-roej\/prix-lennox-du-roej\/association-of-french-speaking-jurists-of-ontario-ajefo#breadcrumb"},"inLanguage":"fr-CA","potentialAction":[{"@type":"ReadAction","target":["https:\/\/ojen2024.turnbull.co\/fr\/a-propos\/prix-du-roej\/prix-lennox-du-roej\/association-of-french-speaking-jurists-of-ontario-ajefo"]}]},{"@type":"BreadcrumbList","@id":"https:\/\/ojen2024.turnbull.co\/fr\/a-propos\/prix-du-roej\/prix-lennox-du-roej\/association-of-french-speaking-jurists-of-ontario-ajefo#breadcrumb","itemListElement":[{"@type":"ListItem","position":1,"name":"Home","item":"https:\/\/ojen2024.turnbull.co\/fr"},{"@type":"ListItem","position":2,"name":"Qui sommes nous?","item":"https:\/\/ojen2024.turnbull.co\/fr\/a-propos"},{"@type":"ListItem","position":3,"name":"Prix du ROEJ","item":"https:\/\/ojen2024.turnbull.co\/fr\/a-propos\/prix-du-roej"},{"@type":"ListItem","position":4,"name":"Prix Lennox du ROEJ","item":"https:\/\/ojen2024.turnbull.co\/fr\/a-propos\/prix-du-roej\/prix-lennox-du-roej"},{"@type":"ListItem","position":5,"name":"l&rsquo;Association des juristes d&rsquo;expression fran\u00e7aise de l&rsquo;Ontario (AJEFO)"}]},{"@type":"WebSite","@id":"https:\/\/ojen2024.turnbull.co\/en\/#website","url":"https:\/\/ojen2024.turnbull.co\/en\/","name":"OJEN","description":"","potentialAction":[{"@type":"SearchAction","target":{"@type":"EntryPoint","urlTemplate":"https:\/\/ojen2024.turnbull.co\/en\/?s={search_term_string}"},"query-input":{"@type":"PropertyValueSpecification","valueRequired":true,"valueName":"search_term_string"}}],"inLanguage":"fr-CA"}]}},"_links":{"self":[{"href":"https:\/\/ojen2024.turnbull.co\/fr\/wp-json\/wp\/v2\/pages\/8226"}],"collection":[{"href":"https:\/\/ojen2024.turnbull.co\/fr\/wp-json\/wp\/v2\/pages"}],"about":[{"href":"https:\/\/ojen2024.turnbull.co\/fr\/wp-json\/wp\/v2\/types\/page"}],"author":[{"embeddable":true,"href":"https:\/\/ojen2024.turnbull.co\/fr\/wp-json\/wp\/v2\/users\/4"}],"replies":[{"embeddable":true,"href":"https:\/\/ojen2024.turnbull.co\/fr\/wp-json\/wp\/v2\/comments?post=8226"}],"version-history":[{"count":0,"href":"https:\/\/ojen2024.turnbull.co\/fr\/wp-json\/wp\/v2\/pages\/8226\/revisions"}],"up":[{"embeddable":true,"href":"https:\/\/ojen2024.turnbull.co\/fr\/wp-json\/wp\/v2\/pages\/7990"}],"wp:attachment":[{"href":"https:\/\/ojen2024.turnbull.co\/fr\/wp-json\/wp\/v2\/media?parent=8226"}],"curies":[{"name":"wp","href":"https:\/\/api.w.org\/{rel}","templated":true}]}}