{"id":8229,"date":"2016-10-05T15:00:24","date_gmt":"2016-10-05T15:00:24","guid":{"rendered":"http:\/\/ojen.ca\/fr\/a-propos\/prix-du-roej\/prix-lennox-du-roej\/don-morris"},"modified":"2016-12-23T16:13:09","modified_gmt":"2016-12-23T21:13:09","slug":"don-morris","status":"publish","type":"page","link":"https:\/\/ojen2024.turnbull.co\/fr\/a-propos\/prix-du-roej\/prix-lennox-du-roej\/don-morris","title":{"rendered":"Don Morris"},"content":{"rendered":"<p><a href=\"\/wp-content\/uploads\/2016\/10\/Lennox-Don-Morris-Justice-Dorval.jpg\"><img decoding=\"async\" class=\"lft\" src=\"\/wp-content\/uploads\/2016\/10\/Lennox-Don-Morris-Justice-Dorval-234x300.jpg\" alt=\"lennox-don-morris-justice-dorval\"><\/a>&nbsp;\u00c0 titre d\u2019enseignant du cours de droit \u00e0 l\u2019\u00e9cole secondaire St. Mark \u00e0 Ottawa, Don Morris a personnellement d\u00e9ploy\u00e9 des efforts exceptionnels pour exposer ses \u00e9l\u00e8ves au secteur de la justice en organisant des visites en salle d\u2019audience, en invitant des professionnels du secteur de la justice \u00e0 visiter sa salle de classe et en organisant des proc\u00e8s simul\u00e9s. M.&nbsp;Morris est membre du Comit\u00e9 du ROEJ \u00e0 Ottawa depuis 2005. Son expertise et son exp\u00e9rience en tant qu\u2019enseignant ont jou\u00e9 un r\u00f4le important dans l\u2019adaptation des initiatives d\u2019\u00e9ducation juridique pour s\u2019assurer qu\u2019elles r\u00e9pondent aux besoins des \u00e9l\u00e8ves et des enseignant(e)s de la r\u00e9gion d\u2019Ottawa. Ses commentaires et suggestions d\u00e9montrent sa compr\u00e9hension des valeurs du syst\u00e8me judiciaire et de l\u2019importance du dialogue et de la coop\u00e9ration entre les avocats, les juges et les \u00e9l\u00e8ves. Plus particuli\u00e8rement, il a jou\u00e9 un r\u00f4le cl\u00e9 dans la mise sur pied du tournoi annuel de proc\u00e8s simul\u00e9s \u00e0 Ottawa.&nbsp;<\/p>\n","protected":false},"excerpt":{"rendered":"<p>&nbsp;\u00c0 titre d\u2019enseignant du cours de droit \u00e0 l\u2019\u00e9cole secondaire St. Mark \u00e0 Ottawa, Don Morris a personnellement d\u00e9ploy\u00e9 des efforts exceptionnels pour exposer ses \u00e9l\u00e8ves au secteur de la justice en organisant des visites en salle d\u2019audience, en invitant des professionnels du secteur de la justice \u00e0 visiter sa salle de classe et en [&hellip;]<\/p>\n","protected":false},"author":4,"featured_media":0,"parent":7990,"menu_order":0,"comment_status":"closed","ping_status":"closed","template":"","meta":{"_acf_changed":false,"_eb_attr":"","inline_featured_image":false,"ub_ctt_via":"","footnotes":""},"class_list":["post-8229","page","type-page","status-publish","hentry"],"acf":[],"featured_image_src":null,"yoast_head":"<!-- This site is optimized with the Yoast SEO plugin v25.3 - https:\/\/yoast.com\/wordpress\/plugins\/seo\/ -->\n<title>Don Morris - OJEN<\/title>\n<meta name=\"robots\" content=\"noindex, follow, max-snippet:-1, max-image-preview:large, max-video-preview:-1\" \/>\n<meta property=\"og:locale\" content=\"fr_CA\" \/>\n<meta property=\"og:type\" content=\"article\" \/>\n<meta property=\"og:title\" content=\"Don Morris - OJEN\" \/>\n<meta property=\"og:description\" content=\"&nbsp;\u00c0 titre d\u2019enseignant du cours de droit \u00e0 l\u2019\u00e9cole secondaire St. Mark \u00e0 Ottawa, Don Morris a personnellement d\u00e9ploy\u00e9 des efforts exceptionnels pour exposer ses \u00e9l\u00e8ves au secteur de la justice en organisant des visites en salle d\u2019audience, en invitant des professionnels du secteur de la justice \u00e0 visiter sa salle de classe et en [&hellip;]\" \/>\n<meta property=\"og:url\" content=\"https:\/\/ojen2024.turnbull.co\/fr\/a-propos\/prix-du-roej\/prix-lennox-du-roej\/don-morris\" \/>\n<meta property=\"og:site_name\" content=\"OJEN\" \/>\n<meta property=\"article:publisher\" content=\"https:\/\/www.facebook.com\/pages\/OJEN\/252115501467864\" \/>\n<meta property=\"article:modified_time\" content=\"2016-12-23T21:13:09+00:00\" \/>\n<meta name=\"twitter:card\" content=\"summary_large_image\" \/>\n<meta name=\"twitter:site\" content=\"@OJEN_ROEJ\" \/>\n<meta name=\"twitter:label1\" content=\"Estimation du temps de lecture\" \/>\n\t<meta name=\"twitter:data1\" content=\"1 minute\" \/>\n<script type=\"application\/ld+json\" class=\"yoast-schema-graph\">{\"@context\":\"https:\/\/schema.org\",\"@graph\":[{\"@type\":\"WebPage\",\"@id\":\"https:\/\/ojen2024.turnbull.co\/fr\/a-propos\/prix-du-roej\/prix-lennox-du-roej\/don-morris\",\"url\":\"https:\/\/ojen2024.turnbull.co\/fr\/a-propos\/prix-du-roej\/prix-lennox-du-roej\/don-morris\",\"name\":\"Don Morris - OJEN\",\"isPartOf\":{\"@id\":\"https:\/\/ojen2024.turnbull.co\/en\/#website\"},\"datePublished\":\"2016-10-05T15:00:24+00:00\",\"dateModified\":\"2016-12-23T21:13:09+00:00\",\"breadcrumb\":{\"@id\":\"https:\/\/ojen2024.turnbull.co\/fr\/a-propos\/prix-du-roej\/prix-lennox-du-roej\/don-morris#breadcrumb\"},\"inLanguage\":\"fr-CA\",\"potentialAction\":[{\"@type\":\"ReadAction\",\"target\":[\"https:\/\/ojen2024.turnbull.co\/fr\/a-propos\/prix-du-roej\/prix-lennox-du-roej\/don-morris\"]}]},{\"@type\":\"BreadcrumbList\",\"@id\":\"https:\/\/ojen2024.turnbull.co\/fr\/a-propos\/prix-du-roej\/prix-lennox-du-roej\/don-morris#breadcrumb\",\"itemListElement\":[{\"@type\":\"ListItem\",\"position\":1,\"name\":\"Home\",\"item\":\"https:\/\/ojen2024.turnbull.co\/fr\"},{\"@type\":\"ListItem\",\"position\":2,\"name\":\"Qui sommes nous?\",\"item\":\"https:\/\/ojen2024.turnbull.co\/fr\/a-propos\"},{\"@type\":\"ListItem\",\"position\":3,\"name\":\"Prix du ROEJ\",\"item\":\"https:\/\/ojen2024.turnbull.co\/fr\/a-propos\/prix-du-roej\"},{\"@type\":\"ListItem\",\"position\":4,\"name\":\"Prix Lennox du ROEJ\",\"item\":\"https:\/\/ojen2024.turnbull.co\/fr\/a-propos\/prix-du-roej\/prix-lennox-du-roej\"},{\"@type\":\"ListItem\",\"position\":5,\"name\":\"Don Morris\"}]},{\"@type\":\"WebSite\",\"@id\":\"https:\/\/ojen2024.turnbull.co\/en\/#website\",\"url\":\"https:\/\/ojen2024.turnbull.co\/en\/\",\"name\":\"OJEN\",\"description\":\"\",\"potentialAction\":[{\"@type\":\"SearchAction\",\"target\":{\"@type\":\"EntryPoint\",\"urlTemplate\":\"https:\/\/ojen2024.turnbull.co\/en\/?s={search_term_string}\"},\"query-input\":{\"@type\":\"PropertyValueSpecification\",\"valueRequired\":true,\"valueName\":\"search_term_string\"}}],\"inLanguage\":\"fr-CA\"}]}<\/script>\n<!-- \/ Yoast SEO plugin. -->","yoast_head_json":{"title":"Don Morris - OJEN","robots":{"index":"noindex","follow":"follow","max-snippet":"max-snippet:-1","max-image-preview":"max-image-preview:large","max-video-preview":"max-video-preview:-1"},"og_locale":"fr_CA","og_type":"article","og_title":"Don Morris - OJEN","og_description":"&nbsp;\u00c0 titre d\u2019enseignant du cours de droit \u00e0 l\u2019\u00e9cole secondaire St. Mark \u00e0 Ottawa, Don Morris a personnellement d\u00e9ploy\u00e9 des efforts exceptionnels pour exposer ses \u00e9l\u00e8ves au secteur de la justice en organisant des visites en salle d\u2019audience, en invitant des professionnels du secteur de la justice \u00e0 visiter sa salle de classe et en [&hellip;]","og_url":"https:\/\/ojen2024.turnbull.co\/fr\/a-propos\/prix-du-roej\/prix-lennox-du-roej\/don-morris","og_site_name":"OJEN","article_publisher":"https:\/\/www.facebook.com\/pages\/OJEN\/252115501467864","article_modified_time":"2016-12-23T21:13:09+00:00","twitter_card":"summary_large_image","twitter_site":"@OJEN_ROEJ","twitter_misc":{"Estimation du temps de lecture":"1 minute"},"schema":{"@context":"https:\/\/schema.org","@graph":[{"@type":"WebPage","@id":"https:\/\/ojen2024.turnbull.co\/fr\/a-propos\/prix-du-roej\/prix-lennox-du-roej\/don-morris","url":"https:\/\/ojen2024.turnbull.co\/fr\/a-propos\/prix-du-roej\/prix-lennox-du-roej\/don-morris","name":"Don Morris - OJEN","isPartOf":{"@id":"https:\/\/ojen2024.turnbull.co\/en\/#website"},"datePublished":"2016-10-05T15:00:24+00:00","dateModified":"2016-12-23T21:13:09+00:00","breadcrumb":{"@id":"https:\/\/ojen2024.turnbull.co\/fr\/a-propos\/prix-du-roej\/prix-lennox-du-roej\/don-morris#breadcrumb"},"inLanguage":"fr-CA","potentialAction":[{"@type":"ReadAction","target":["https:\/\/ojen2024.turnbull.co\/fr\/a-propos\/prix-du-roej\/prix-lennox-du-roej\/don-morris"]}]},{"@type":"BreadcrumbList","@id":"https:\/\/ojen2024.turnbull.co\/fr\/a-propos\/prix-du-roej\/prix-lennox-du-roej\/don-morris#breadcrumb","itemListElement":[{"@type":"ListItem","position":1,"name":"Home","item":"https:\/\/ojen2024.turnbull.co\/fr"},{"@type":"ListItem","position":2,"name":"Qui sommes nous?","item":"https:\/\/ojen2024.turnbull.co\/fr\/a-propos"},{"@type":"ListItem","position":3,"name":"Prix du ROEJ","item":"https:\/\/ojen2024.turnbull.co\/fr\/a-propos\/prix-du-roej"},{"@type":"ListItem","position":4,"name":"Prix Lennox du ROEJ","item":"https:\/\/ojen2024.turnbull.co\/fr\/a-propos\/prix-du-roej\/prix-lennox-du-roej"},{"@type":"ListItem","position":5,"name":"Don Morris"}]},{"@type":"WebSite","@id":"https:\/\/ojen2024.turnbull.co\/en\/#website","url":"https:\/\/ojen2024.turnbull.co\/en\/","name":"OJEN","description":"","potentialAction":[{"@type":"SearchAction","target":{"@type":"EntryPoint","urlTemplate":"https:\/\/ojen2024.turnbull.co\/en\/?s={search_term_string}"},"query-input":{"@type":"PropertyValueSpecification","valueRequired":true,"valueName":"search_term_string"}}],"inLanguage":"fr-CA"}]}},"_links":{"self":[{"href":"https:\/\/ojen2024.turnbull.co\/fr\/wp-json\/wp\/v2\/pages\/8229"}],"collection":[{"href":"https:\/\/ojen2024.turnbull.co\/fr\/wp-json\/wp\/v2\/pages"}],"about":[{"href":"https:\/\/ojen2024.turnbull.co\/fr\/wp-json\/wp\/v2\/types\/page"}],"author":[{"embeddable":true,"href":"https:\/\/ojen2024.turnbull.co\/fr\/wp-json\/wp\/v2\/users\/4"}],"replies":[{"embeddable":true,"href":"https:\/\/ojen2024.turnbull.co\/fr\/wp-json\/wp\/v2\/comments?post=8229"}],"version-history":[{"count":0,"href":"https:\/\/ojen2024.turnbull.co\/fr\/wp-json\/wp\/v2\/pages\/8229\/revisions"}],"up":[{"embeddable":true,"href":"https:\/\/ojen2024.turnbull.co\/fr\/wp-json\/wp\/v2\/pages\/7990"}],"wp:attachment":[{"href":"https:\/\/ojen2024.turnbull.co\/fr\/wp-json\/wp\/v2\/media?parent=8229"}],"curies":[{"name":"wp","href":"https:\/\/api.w.org\/{rel}","templated":true}]}}