{"id":8232,"date":"2016-10-05T15:00:00","date_gmt":"2016-10-05T15:00:00","guid":{"rendered":"http:\/\/ojen.ca\/fr\/a-propos\/prix-du-roej\/prix-lennox-du-roej\/susheel-gupta"},"modified":"2016-12-23T16:16:14","modified_gmt":"2016-12-23T21:16:14","slug":"susheel-gupta","status":"publish","type":"page","link":"https:\/\/ojen2024.turnbull.co\/fr\/a-propos\/prix-du-roej\/prix-lennox-du-roej\/susheel-gupta","title":{"rendered":"Susheel Gupta"},"content":{"rendered":"<p><a href=\"\/wp-content\/uploads\/2016\/10\/Lennox-Lennox-and-Susheel-Gupta.jpg\"><img decoding=\"async\" class=\"lft\" src=\"\/wp-content\/uploads\/2016\/10\/Lennox-Lennox-and-Susheel-Gupta-236x300.jpg\" alt=\"lennox-lennox-and-susheel-gupta\"><\/a>&nbsp;Susheel Gupta est laur\u00e9at du premier Prix Lennox. Il a \u00e9t\u00e9 choisi pour ce prix en reconnaissance de son leadership en mati\u00e8re de promotion de l\u2019\u00e9ducation dans la r\u00e9gion d\u2019Ottawa. Il est d\u00e9termin\u00e9 \u00e0 procurer aux \u00e9l\u00e8ves une exp\u00e9rience positive du droit, ce qu\u2019il accomplit en participant aux travaux du Comit\u00e9 de la Journ\u00e9e du droit de l\u2019Association du Barreau canadien et au Comit\u00e9 du ROEJ \u00e0 Ottawa. Ses efforts ont permis de s\u2019assurer que les enseignants puissent approfondir leurs connaissances au cours des instituts estivaux de droit du ROEJ. Dans chacun de ces r\u00f4les, M.&nbsp;Gupta a particip\u00e9 activement et de fa\u00e7on r\u00e9guli\u00e8re \u00e0 la planification et \u00e0 l\u2019ex\u00e9cution de ces programmes. Il a fait preuve d\u2019un profond engagement envers les jeunes et s\u2019est toujours assur\u00e9 que leurs int\u00e9r\u00eats soient au c\u0153ur des activit\u00e9s d\u2019\u00e9ducation juridique. Qu\u2019il s\u2019agisse de planifier une activit\u00e9 ou de s\u2019adresser \u00e0 de nouveaux b\u00e9n\u00e9voles ou \u00e0 des \u00e9l\u00e8ves, l\u2019enthousiasme de M.&nbsp;Gupta est contagieux et encourage les gens \u00e0 en apprendre plus long sur le syst\u00e8me judiciaire.&nbsp;<\/p>\n","protected":false},"excerpt":{"rendered":"<p>&nbsp;Susheel Gupta est laur\u00e9at du premier Prix Lennox. Il a \u00e9t\u00e9 choisi pour ce prix en reconnaissance de son leadership en mati\u00e8re de promotion de l\u2019\u00e9ducation dans la r\u00e9gion d\u2019Ottawa. Il est d\u00e9termin\u00e9 \u00e0 procurer aux \u00e9l\u00e8ves une exp\u00e9rience positive du droit, ce qu\u2019il accomplit en participant aux travaux du Comit\u00e9 de la Journ\u00e9e du [&hellip;]<\/p>\n","protected":false},"author":4,"featured_media":0,"parent":7990,"menu_order":0,"comment_status":"closed","ping_status":"closed","template":"","meta":{"_acf_changed":false,"_eb_attr":"","inline_featured_image":false,"ub_ctt_via":"","footnotes":""},"class_list":["post-8232","page","type-page","status-publish","hentry"],"acf":[],"featured_image_src":null,"yoast_head":"<!-- This site is optimized with the Yoast SEO plugin v25.3 - https:\/\/yoast.com\/wordpress\/plugins\/seo\/ -->\n<title>Susheel Gupta - OJEN<\/title>\n<meta name=\"robots\" content=\"noindex, follow, max-snippet:-1, max-image-preview:large, max-video-preview:-1\" \/>\n<meta property=\"og:locale\" content=\"fr_CA\" \/>\n<meta property=\"og:type\" content=\"article\" \/>\n<meta property=\"og:title\" content=\"Susheel Gupta - OJEN\" \/>\n<meta property=\"og:description\" content=\"&nbsp;Susheel Gupta est laur\u00e9at du premier Prix Lennox. Il a \u00e9t\u00e9 choisi pour ce prix en reconnaissance de son leadership en mati\u00e8re de promotion de l\u2019\u00e9ducation dans la r\u00e9gion d\u2019Ottawa. Il est d\u00e9termin\u00e9 \u00e0 procurer aux \u00e9l\u00e8ves une exp\u00e9rience positive du droit, ce qu\u2019il accomplit en participant aux travaux du Comit\u00e9 de la Journ\u00e9e du [&hellip;]\" \/>\n<meta property=\"og:url\" content=\"https:\/\/ojen2024.turnbull.co\/fr\/a-propos\/prix-du-roej\/prix-lennox-du-roej\/susheel-gupta\" \/>\n<meta property=\"og:site_name\" content=\"OJEN\" \/>\n<meta property=\"article:publisher\" content=\"https:\/\/www.facebook.com\/pages\/OJEN\/252115501467864\" \/>\n<meta property=\"article:modified_time\" content=\"2016-12-23T21:16:14+00:00\" \/>\n<meta name=\"twitter:card\" content=\"summary_large_image\" \/>\n<meta name=\"twitter:site\" content=\"@OJEN_ROEJ\" \/>\n<meta name=\"twitter:label1\" content=\"Estimation du temps de lecture\" \/>\n\t<meta name=\"twitter:data1\" content=\"1 minute\" \/>\n<script type=\"application\/ld+json\" class=\"yoast-schema-graph\">{\"@context\":\"https:\/\/schema.org\",\"@graph\":[{\"@type\":\"WebPage\",\"@id\":\"https:\/\/ojen2024.turnbull.co\/fr\/a-propos\/prix-du-roej\/prix-lennox-du-roej\/susheel-gupta\",\"url\":\"https:\/\/ojen2024.turnbull.co\/fr\/a-propos\/prix-du-roej\/prix-lennox-du-roej\/susheel-gupta\",\"name\":\"Susheel Gupta - OJEN\",\"isPartOf\":{\"@id\":\"https:\/\/ojen2024.turnbull.co\/en\/#website\"},\"datePublished\":\"2016-10-05T15:00:00+00:00\",\"dateModified\":\"2016-12-23T21:16:14+00:00\",\"breadcrumb\":{\"@id\":\"https:\/\/ojen2024.turnbull.co\/fr\/a-propos\/prix-du-roej\/prix-lennox-du-roej\/susheel-gupta#breadcrumb\"},\"inLanguage\":\"fr-CA\",\"potentialAction\":[{\"@type\":\"ReadAction\",\"target\":[\"https:\/\/ojen2024.turnbull.co\/fr\/a-propos\/prix-du-roej\/prix-lennox-du-roej\/susheel-gupta\"]}]},{\"@type\":\"BreadcrumbList\",\"@id\":\"https:\/\/ojen2024.turnbull.co\/fr\/a-propos\/prix-du-roej\/prix-lennox-du-roej\/susheel-gupta#breadcrumb\",\"itemListElement\":[{\"@type\":\"ListItem\",\"position\":1,\"name\":\"Home\",\"item\":\"https:\/\/ojen2024.turnbull.co\/fr\"},{\"@type\":\"ListItem\",\"position\":2,\"name\":\"Qui sommes nous?\",\"item\":\"https:\/\/ojen2024.turnbull.co\/fr\/a-propos\"},{\"@type\":\"ListItem\",\"position\":3,\"name\":\"Prix du ROEJ\",\"item\":\"https:\/\/ojen2024.turnbull.co\/fr\/a-propos\/prix-du-roej\"},{\"@type\":\"ListItem\",\"position\":4,\"name\":\"Prix Lennox du ROEJ\",\"item\":\"https:\/\/ojen2024.turnbull.co\/fr\/a-propos\/prix-du-roej\/prix-lennox-du-roej\"},{\"@type\":\"ListItem\",\"position\":5,\"name\":\"Susheel Gupta\"}]},{\"@type\":\"WebSite\",\"@id\":\"https:\/\/ojen2024.turnbull.co\/en\/#website\",\"url\":\"https:\/\/ojen2024.turnbull.co\/en\/\",\"name\":\"OJEN\",\"description\":\"\",\"potentialAction\":[{\"@type\":\"SearchAction\",\"target\":{\"@type\":\"EntryPoint\",\"urlTemplate\":\"https:\/\/ojen2024.turnbull.co\/en\/?s={search_term_string}\"},\"query-input\":{\"@type\":\"PropertyValueSpecification\",\"valueRequired\":true,\"valueName\":\"search_term_string\"}}],\"inLanguage\":\"fr-CA\"}]}<\/script>\n<!-- \/ Yoast SEO plugin. -->","yoast_head_json":{"title":"Susheel Gupta - OJEN","robots":{"index":"noindex","follow":"follow","max-snippet":"max-snippet:-1","max-image-preview":"max-image-preview:large","max-video-preview":"max-video-preview:-1"},"og_locale":"fr_CA","og_type":"article","og_title":"Susheel Gupta - OJEN","og_description":"&nbsp;Susheel Gupta est laur\u00e9at du premier Prix Lennox. Il a \u00e9t\u00e9 choisi pour ce prix en reconnaissance de son leadership en mati\u00e8re de promotion de l\u2019\u00e9ducation dans la r\u00e9gion d\u2019Ottawa. Il est d\u00e9termin\u00e9 \u00e0 procurer aux \u00e9l\u00e8ves une exp\u00e9rience positive du droit, ce qu\u2019il accomplit en participant aux travaux du Comit\u00e9 de la Journ\u00e9e du [&hellip;]","og_url":"https:\/\/ojen2024.turnbull.co\/fr\/a-propos\/prix-du-roej\/prix-lennox-du-roej\/susheel-gupta","og_site_name":"OJEN","article_publisher":"https:\/\/www.facebook.com\/pages\/OJEN\/252115501467864","article_modified_time":"2016-12-23T21:16:14+00:00","twitter_card":"summary_large_image","twitter_site":"@OJEN_ROEJ","twitter_misc":{"Estimation du temps de lecture":"1 minute"},"schema":{"@context":"https:\/\/schema.org","@graph":[{"@type":"WebPage","@id":"https:\/\/ojen2024.turnbull.co\/fr\/a-propos\/prix-du-roej\/prix-lennox-du-roej\/susheel-gupta","url":"https:\/\/ojen2024.turnbull.co\/fr\/a-propos\/prix-du-roej\/prix-lennox-du-roej\/susheel-gupta","name":"Susheel Gupta - OJEN","isPartOf":{"@id":"https:\/\/ojen2024.turnbull.co\/en\/#website"},"datePublished":"2016-10-05T15:00:00+00:00","dateModified":"2016-12-23T21:16:14+00:00","breadcrumb":{"@id":"https:\/\/ojen2024.turnbull.co\/fr\/a-propos\/prix-du-roej\/prix-lennox-du-roej\/susheel-gupta#breadcrumb"},"inLanguage":"fr-CA","potentialAction":[{"@type":"ReadAction","target":["https:\/\/ojen2024.turnbull.co\/fr\/a-propos\/prix-du-roej\/prix-lennox-du-roej\/susheel-gupta"]}]},{"@type":"BreadcrumbList","@id":"https:\/\/ojen2024.turnbull.co\/fr\/a-propos\/prix-du-roej\/prix-lennox-du-roej\/susheel-gupta#breadcrumb","itemListElement":[{"@type":"ListItem","position":1,"name":"Home","item":"https:\/\/ojen2024.turnbull.co\/fr"},{"@type":"ListItem","position":2,"name":"Qui sommes nous?","item":"https:\/\/ojen2024.turnbull.co\/fr\/a-propos"},{"@type":"ListItem","position":3,"name":"Prix du ROEJ","item":"https:\/\/ojen2024.turnbull.co\/fr\/a-propos\/prix-du-roej"},{"@type":"ListItem","position":4,"name":"Prix Lennox du ROEJ","item":"https:\/\/ojen2024.turnbull.co\/fr\/a-propos\/prix-du-roej\/prix-lennox-du-roej"},{"@type":"ListItem","position":5,"name":"Susheel Gupta"}]},{"@type":"WebSite","@id":"https:\/\/ojen2024.turnbull.co\/en\/#website","url":"https:\/\/ojen2024.turnbull.co\/en\/","name":"OJEN","description":"","potentialAction":[{"@type":"SearchAction","target":{"@type":"EntryPoint","urlTemplate":"https:\/\/ojen2024.turnbull.co\/en\/?s={search_term_string}"},"query-input":{"@type":"PropertyValueSpecification","valueRequired":true,"valueName":"search_term_string"}}],"inLanguage":"fr-CA"}]}},"_links":{"self":[{"href":"https:\/\/ojen2024.turnbull.co\/fr\/wp-json\/wp\/v2\/pages\/8232"}],"collection":[{"href":"https:\/\/ojen2024.turnbull.co\/fr\/wp-json\/wp\/v2\/pages"}],"about":[{"href":"https:\/\/ojen2024.turnbull.co\/fr\/wp-json\/wp\/v2\/types\/page"}],"author":[{"embeddable":true,"href":"https:\/\/ojen2024.turnbull.co\/fr\/wp-json\/wp\/v2\/users\/4"}],"replies":[{"embeddable":true,"href":"https:\/\/ojen2024.turnbull.co\/fr\/wp-json\/wp\/v2\/comments?post=8232"}],"version-history":[{"count":0,"href":"https:\/\/ojen2024.turnbull.co\/fr\/wp-json\/wp\/v2\/pages\/8232\/revisions"}],"up":[{"embeddable":true,"href":"https:\/\/ojen2024.turnbull.co\/fr\/wp-json\/wp\/v2\/pages\/7990"}],"wp:attachment":[{"href":"https:\/\/ojen2024.turnbull.co\/fr\/wp-json\/wp\/v2\/media?parent=8232"}],"curies":[{"name":"wp","href":"https:\/\/api.w.org\/{rel}","templated":true}]}}