{"id":8245,"date":"2016-08-29T20:26:16","date_gmt":"2016-08-29T20:26:16","guid":{"rendered":"http:\/\/ojen.ca\/fr\/contribuer-au-travail-du-roej\/nominate-award"},"modified":"2021-05-03T18:06:42","modified_gmt":"2021-05-03T22:06:42","slug":"nominate-award","status":"publish","type":"page","link":"https:\/\/ojen2024.turnbull.co\/fr\/contribuer-au-travail-du-roej\/nominate-award","title":{"rendered":"Nominez une personne m\u00e9ritante \u00e0 un de nos Prix!"},"content":{"rendered":"<p>Chaque jour, des Ontarien.e.s m\u00e9ritant.e.s aident le public \u00e0 mieux comprendre notre syst\u00e8me juridique. Le ROEJ a cr\u00e9\u00e9 une s\u00e9rie de prix qui r\u00e9compensent chaque ann\u00e9e les efforts de quatre personnes particuli\u00e8rement m\u00e9ritantes:<\/p>\n<ul>\n<li>Le <a href=\"https:\/\/ojen2024.turnbull.co\/fr\/a-propos\/prix-du-roej\/prix-des-juges-en-chef-du-roej\">Prix des juges en chef du ROEJ<\/a>&nbsp;(g\u00e9n\u00e9raliste)<\/li>\n<li>Le <a href=\"https:\/\/ojen2024.turnbull.co\/fr\/a-propos\/prix-du-roej\/prix-lennox-du-roej\">Prix Lennox du ROEJ<\/a> (pour la R\u00e9gion Est)<\/li>\n<li>Le <a href=\"https:\/\/ojen2024.turnbull.co\/fr\/a-propos\/prix-du-roej\/prix-des-educateurs-juridiques-exemplaires-hux-kiteley\">Prix des \u00e9ducateurs juridiques exemplaires Hux-Kiteley<\/a>&nbsp;&nbsp;(pour les enseignant.e.s)&nbsp;<\/li>\n<li>Le&nbsp;<strong><a href=\"https:\/\/ojen2024.turnbull.co\/fr\/a-propos\/prix-du-roej\/le-prix-commemoratif-postsecondaire-tate-herbert\">Prix comm\u00e9moratif postsecondaire Tate Herbert<\/a>&nbsp;<\/strong>(pour les \u00e9tudiant.e.s du secondaire)<\/li>\n<\/ul>\n<p>Pour information ou nomination d&rsquo;une personne: <a href=\"mailto:ndemoe@ojen.ca\">ndemoe@ojen.ca<\/a>.<\/p>\n","protected":false},"excerpt":{"rendered":"<p>Chaque jour, des Ontarien.e.s m\u00e9ritant.e.s aident le public \u00e0 mieux comprendre notre syst\u00e8me juridique. Le ROEJ a cr\u00e9\u00e9 une s\u00e9rie de prix qui r\u00e9compensent chaque ann\u00e9e les efforts de quatre personnes particuli\u00e8rement m\u00e9ritantes: Le Prix des juges en chef du ROEJ&nbsp;(g\u00e9n\u00e9raliste) Le Prix Lennox du ROEJ (pour la R\u00e9gion Est) Le Prix des \u00e9ducateurs juridiques [&hellip;]<\/p>\n","protected":false},"author":4,"featured_media":0,"parent":8030,"menu_order":0,"comment_status":"closed","ping_status":"closed","template":"","meta":{"_acf_changed":false,"_eb_attr":"","inline_featured_image":false,"ub_ctt_via":"","footnotes":""},"class_list":["post-8245","page","type-page","status-publish","hentry"],"acf":[],"featured_image_src":null,"yoast_head":"<!-- This site is optimized with the Yoast SEO plugin v25.3 - https:\/\/yoast.com\/wordpress\/plugins\/seo\/ -->\n<title>Nominez une personne m\u00e9ritante \u00e0 un de nos Prix! - OJEN<\/title>\n<meta name=\"robots\" content=\"noindex, follow, max-snippet:-1, max-image-preview:large, max-video-preview:-1\" \/>\n<meta property=\"og:locale\" content=\"fr_CA\" \/>\n<meta property=\"og:type\" content=\"article\" \/>\n<meta property=\"og:title\" content=\"Nominez une personne m\u00e9ritante \u00e0 un de nos Prix! - OJEN\" \/>\n<meta property=\"og:description\" content=\"Chaque jour, des Ontarien.e.s m\u00e9ritant.e.s aident le public \u00e0 mieux comprendre notre syst\u00e8me juridique. Le ROEJ a cr\u00e9\u00e9 une s\u00e9rie de prix qui r\u00e9compensent chaque ann\u00e9e les efforts de quatre personnes particuli\u00e8rement m\u00e9ritantes: Le Prix des juges en chef du ROEJ&nbsp;(g\u00e9n\u00e9raliste) Le Prix Lennox du ROEJ (pour la R\u00e9gion Est) Le Prix des \u00e9ducateurs juridiques [&hellip;]\" \/>\n<meta property=\"og:url\" content=\"https:\/\/ojen2024.turnbull.co\/fr\/contribuer-au-travail-du-roej\/nominate-award\" \/>\n<meta property=\"og:site_name\" content=\"OJEN\" \/>\n<meta property=\"article:publisher\" content=\"https:\/\/www.facebook.com\/pages\/OJEN\/252115501467864\" \/>\n<meta property=\"article:modified_time\" content=\"2021-05-03T22:06:42+00:00\" \/>\n<meta name=\"twitter:card\" content=\"summary_large_image\" \/>\n<meta name=\"twitter:site\" content=\"@OJEN_ROEJ\" \/>\n<meta name=\"twitter:label1\" content=\"Estimation du temps de lecture\" \/>\n\t<meta name=\"twitter:data1\" content=\"1 minute\" \/>\n<script type=\"application\/ld+json\" class=\"yoast-schema-graph\">{\"@context\":\"https:\/\/schema.org\",\"@graph\":[{\"@type\":\"WebPage\",\"@id\":\"https:\/\/ojen2024.turnbull.co\/fr\/contribuer-au-travail-du-roej\/nominate-award\",\"url\":\"https:\/\/ojen2024.turnbull.co\/fr\/contribuer-au-travail-du-roej\/nominate-award\",\"name\":\"Nominez une personne m\u00e9ritante \u00e0 un de nos Prix! - OJEN\",\"isPartOf\":{\"@id\":\"https:\/\/ojen2024.turnbull.co\/en\/#website\"},\"datePublished\":\"2016-08-29T20:26:16+00:00\",\"dateModified\":\"2021-05-03T22:06:42+00:00\",\"breadcrumb\":{\"@id\":\"https:\/\/ojen2024.turnbull.co\/fr\/contribuer-au-travail-du-roej\/nominate-award#breadcrumb\"},\"inLanguage\":\"fr-CA\",\"potentialAction\":[{\"@type\":\"ReadAction\",\"target\":[\"https:\/\/ojen2024.turnbull.co\/fr\/contribuer-au-travail-du-roej\/nominate-award\"]}]},{\"@type\":\"BreadcrumbList\",\"@id\":\"https:\/\/ojen2024.turnbull.co\/fr\/contribuer-au-travail-du-roej\/nominate-award#breadcrumb\",\"itemListElement\":[{\"@type\":\"ListItem\",\"position\":1,\"name\":\"Home\",\"item\":\"https:\/\/ojen2024.turnbull.co\/fr\"},{\"@type\":\"ListItem\",\"position\":2,\"name\":\"Comment s\u2019impliquer\",\"item\":\"https:\/\/ojen2024.turnbull.co\/fr\/contribuer-au-travail-du-roej\"},{\"@type\":\"ListItem\",\"position\":3,\"name\":\"Nominez une personne m\u00e9ritante \u00e0 un de nos Prix!\"}]},{\"@type\":\"WebSite\",\"@id\":\"https:\/\/ojen2024.turnbull.co\/en\/#website\",\"url\":\"https:\/\/ojen2024.turnbull.co\/en\/\",\"name\":\"OJEN\",\"description\":\"\",\"potentialAction\":[{\"@type\":\"SearchAction\",\"target\":{\"@type\":\"EntryPoint\",\"urlTemplate\":\"https:\/\/ojen2024.turnbull.co\/en\/?s={search_term_string}\"},\"query-input\":{\"@type\":\"PropertyValueSpecification\",\"valueRequired\":true,\"valueName\":\"search_term_string\"}}],\"inLanguage\":\"fr-CA\"}]}<\/script>\n<!-- \/ Yoast SEO plugin. -->","yoast_head_json":{"title":"Nominez une personne m\u00e9ritante \u00e0 un de nos Prix! - OJEN","robots":{"index":"noindex","follow":"follow","max-snippet":"max-snippet:-1","max-image-preview":"max-image-preview:large","max-video-preview":"max-video-preview:-1"},"og_locale":"fr_CA","og_type":"article","og_title":"Nominez une personne m\u00e9ritante \u00e0 un de nos Prix! - OJEN","og_description":"Chaque jour, des Ontarien.e.s m\u00e9ritant.e.s aident le public \u00e0 mieux comprendre notre syst\u00e8me juridique. Le ROEJ a cr\u00e9\u00e9 une s\u00e9rie de prix qui r\u00e9compensent chaque ann\u00e9e les efforts de quatre personnes particuli\u00e8rement m\u00e9ritantes: Le Prix des juges en chef du ROEJ&nbsp;(g\u00e9n\u00e9raliste) Le Prix Lennox du ROEJ (pour la R\u00e9gion Est) Le Prix des \u00e9ducateurs juridiques [&hellip;]","og_url":"https:\/\/ojen2024.turnbull.co\/fr\/contribuer-au-travail-du-roej\/nominate-award","og_site_name":"OJEN","article_publisher":"https:\/\/www.facebook.com\/pages\/OJEN\/252115501467864","article_modified_time":"2021-05-03T22:06:42+00:00","twitter_card":"summary_large_image","twitter_site":"@OJEN_ROEJ","twitter_misc":{"Estimation du temps de lecture":"1 minute"},"schema":{"@context":"https:\/\/schema.org","@graph":[{"@type":"WebPage","@id":"https:\/\/ojen2024.turnbull.co\/fr\/contribuer-au-travail-du-roej\/nominate-award","url":"https:\/\/ojen2024.turnbull.co\/fr\/contribuer-au-travail-du-roej\/nominate-award","name":"Nominez une personne m\u00e9ritante \u00e0 un de nos Prix! - OJEN","isPartOf":{"@id":"https:\/\/ojen2024.turnbull.co\/en\/#website"},"datePublished":"2016-08-29T20:26:16+00:00","dateModified":"2021-05-03T22:06:42+00:00","breadcrumb":{"@id":"https:\/\/ojen2024.turnbull.co\/fr\/contribuer-au-travail-du-roej\/nominate-award#breadcrumb"},"inLanguage":"fr-CA","potentialAction":[{"@type":"ReadAction","target":["https:\/\/ojen2024.turnbull.co\/fr\/contribuer-au-travail-du-roej\/nominate-award"]}]},{"@type":"BreadcrumbList","@id":"https:\/\/ojen2024.turnbull.co\/fr\/contribuer-au-travail-du-roej\/nominate-award#breadcrumb","itemListElement":[{"@type":"ListItem","position":1,"name":"Home","item":"https:\/\/ojen2024.turnbull.co\/fr"},{"@type":"ListItem","position":2,"name":"Comment s\u2019impliquer","item":"https:\/\/ojen2024.turnbull.co\/fr\/contribuer-au-travail-du-roej"},{"@type":"ListItem","position":3,"name":"Nominez une personne m\u00e9ritante \u00e0 un de nos Prix!"}]},{"@type":"WebSite","@id":"https:\/\/ojen2024.turnbull.co\/en\/#website","url":"https:\/\/ojen2024.turnbull.co\/en\/","name":"OJEN","description":"","potentialAction":[{"@type":"SearchAction","target":{"@type":"EntryPoint","urlTemplate":"https:\/\/ojen2024.turnbull.co\/en\/?s={search_term_string}"},"query-input":{"@type":"PropertyValueSpecification","valueRequired":true,"valueName":"search_term_string"}}],"inLanguage":"fr-CA"}]}},"_links":{"self":[{"href":"https:\/\/ojen2024.turnbull.co\/fr\/wp-json\/wp\/v2\/pages\/8245"}],"collection":[{"href":"https:\/\/ojen2024.turnbull.co\/fr\/wp-json\/wp\/v2\/pages"}],"about":[{"href":"https:\/\/ojen2024.turnbull.co\/fr\/wp-json\/wp\/v2\/types\/page"}],"author":[{"embeddable":true,"href":"https:\/\/ojen2024.turnbull.co\/fr\/wp-json\/wp\/v2\/users\/4"}],"replies":[{"embeddable":true,"href":"https:\/\/ojen2024.turnbull.co\/fr\/wp-json\/wp\/v2\/comments?post=8245"}],"version-history":[{"count":0,"href":"https:\/\/ojen2024.turnbull.co\/fr\/wp-json\/wp\/v2\/pages\/8245\/revisions"}],"up":[{"embeddable":true,"href":"https:\/\/ojen2024.turnbull.co\/fr\/wp-json\/wp\/v2\/pages\/8030"}],"wp:attachment":[{"href":"https:\/\/ojen2024.turnbull.co\/fr\/wp-json\/wp\/v2\/media?parent=8245"}],"curies":[{"name":"wp","href":"https:\/\/api.w.org\/{rel}","templated":true}]}}