{"id":8296,"date":"2016-07-15T18:03:25","date_gmt":"2016-07-15T23:03:25","guid":{"rendered":"http:\/\/ojen.ca\/fr\/notre-travail\/le-roej-dans-les-salles-de-classe\/courthouses"},"modified":"2025-07-29T11:50:44","modified_gmt":"2025-07-29T15:50:44","slug":"courthouses","status":"publish","type":"page","link":"https:\/\/ojen2024.turnbull.co\/fr\/le-roej-dans-les-salles-de-classe\/courthouses","title":{"rendered":"Visite d&rsquo;un palais de justice"},"content":{"rendered":"<p>Le ROEJ peut vous aider \u00e0 organiser une sortie de classe pour observer un vrai tribunal en action\u2009!<\/p>\n<p>Chaque ann\u00e9e, des milliers d&rsquo;\u00e9l\u00e8ves enrichissent leur apprentissage en visitant des palais de justice pour\u00a0:<\/p>\n<ul>\n<li>observer le d\u00e9roulement de vraies affaires devant le tribunal\u2009;<\/li>\n<li>voir de premi\u00e8re main la diversit\u00e9 des r\u00f4les au sein du syst\u00e8me judiciaire\u2009;<\/li>\n<li>rencontrer des professionnels du secteur de la justice et interagir avec eux.<\/li>\n<\/ul>\n<p>Utilisez la carte ci-dessus pour trouver le palais de justice que vous souhaitez visiter, puis cliquez sur le lien correspondant et remplissez le formulaire qui vous sera propos\u00e9 pour r\u00e9server votre visite.<\/p>\n","protected":false},"excerpt":{"rendered":"<p>Le ROEJ peut vous aider \u00e0 organiser une sortie de classe pour observer un vrai tribunal en action\u2009! Chaque ann\u00e9e, des milliers d&rsquo;\u00e9l\u00e8ves enrichissent leur apprentissage en visitant des palais de justice pour\u00a0: observer le d\u00e9roulement de vraies affaires devant le tribunal\u2009; voir de premi\u00e8re main la diversit\u00e9 des r\u00f4les au sein du syst\u00e8me judiciaire\u2009; [&hellip;]<\/p>\n","protected":false},"author":5,"featured_media":0,"parent":7947,"menu_order":0,"comment_status":"closed","ping_status":"closed","template":"template-courthouse.php","meta":{"_acf_changed":false,"_eb_attr":"","inline_featured_image":false,"ub_ctt_via":"","footnotes":""},"class_list":["post-8296","page","type-page","status-publish","hentry"],"acf":[],"featured_image_src":null,"yoast_head":"<!-- This site is optimized with the Yoast SEO plugin v25.3 - https:\/\/yoast.com\/wordpress\/plugins\/seo\/ -->\n<title>Visite d&#039;un palais de justice - OJEN<\/title>\n<meta name=\"robots\" content=\"noindex, follow, max-snippet:-1, max-image-preview:large, max-video-preview:-1\" \/>\n<meta property=\"og:locale\" content=\"fr_CA\" \/>\n<meta property=\"og:type\" content=\"article\" \/>\n<meta property=\"og:title\" content=\"Visite d&#039;un palais de justice - OJEN\" \/>\n<meta property=\"og:description\" content=\"Le ROEJ peut vous aider \u00e0 organiser une sortie de classe pour observer un vrai tribunal en action\u2009! Chaque ann\u00e9e, des milliers d&rsquo;\u00e9l\u00e8ves enrichissent leur apprentissage en visitant des palais de justice pour\u00a0: observer le d\u00e9roulement de vraies affaires devant le tribunal\u2009; voir de premi\u00e8re main la diversit\u00e9 des r\u00f4les au sein du syst\u00e8me judiciaire\u2009; [&hellip;]\" \/>\n<meta property=\"og:url\" content=\"https:\/\/ojen2024.turnbull.co\/fr\/le-roej-dans-les-salles-de-classe\/courthouses\" \/>\n<meta property=\"og:site_name\" content=\"OJEN\" \/>\n<meta property=\"article:publisher\" content=\"https:\/\/www.facebook.com\/pages\/OJEN\/252115501467864\" \/>\n<meta property=\"article:modified_time\" content=\"2025-07-29T15:50:44+00:00\" \/>\n<meta name=\"twitter:card\" content=\"summary_large_image\" \/>\n<meta name=\"twitter:site\" content=\"@OJEN_ROEJ\" \/>\n<meta name=\"twitter:label1\" content=\"Estimation du temps de lecture\" \/>\n\t<meta name=\"twitter:data1\" content=\"1 minute\" \/>\n<script type=\"application\/ld+json\" class=\"yoast-schema-graph\">{\"@context\":\"https:\/\/schema.org\",\"@graph\":[{\"@type\":\"WebPage\",\"@id\":\"https:\/\/ojen2024.turnbull.co\/fr\/le-roej-dans-les-salles-de-classe\/courthouses\",\"url\":\"https:\/\/ojen2024.turnbull.co\/fr\/le-roej-dans-les-salles-de-classe\/courthouses\",\"name\":\"Visite d'un palais de justice - OJEN\",\"isPartOf\":{\"@id\":\"https:\/\/ojen2024.turnbull.co\/en\/#website\"},\"datePublished\":\"2016-07-15T23:03:25+00:00\",\"dateModified\":\"2025-07-29T15:50:44+00:00\",\"breadcrumb\":{\"@id\":\"https:\/\/ojen2024.turnbull.co\/fr\/le-roej-dans-les-salles-de-classe\/courthouses#breadcrumb\"},\"inLanguage\":\"fr-CA\",\"potentialAction\":[{\"@type\":\"ReadAction\",\"target\":[\"https:\/\/ojen2024.turnbull.co\/fr\/le-roej-dans-les-salles-de-classe\/courthouses\"]}]},{\"@type\":\"BreadcrumbList\",\"@id\":\"https:\/\/ojen2024.turnbull.co\/fr\/le-roej-dans-les-salles-de-classe\/courthouses#breadcrumb\",\"itemListElement\":[{\"@type\":\"ListItem\",\"position\":1,\"name\":\"Home\",\"item\":\"https:\/\/ojen2024.turnbull.co\/fr\"},{\"@type\":\"ListItem\",\"position\":2,\"name\":\"Pour les \u00e9coles\",\"item\":\"https:\/\/ojen2024.turnbull.co\/fr\/le-roej-dans-les-salles-de-classe\"},{\"@type\":\"ListItem\",\"position\":3,\"name\":\"Visite d&#8217;un palais de justice\"}]},{\"@type\":\"WebSite\",\"@id\":\"https:\/\/ojen2024.turnbull.co\/en\/#website\",\"url\":\"https:\/\/ojen2024.turnbull.co\/en\/\",\"name\":\"OJEN\",\"description\":\"\",\"potentialAction\":[{\"@type\":\"SearchAction\",\"target\":{\"@type\":\"EntryPoint\",\"urlTemplate\":\"https:\/\/ojen2024.turnbull.co\/en\/?s={search_term_string}\"},\"query-input\":{\"@type\":\"PropertyValueSpecification\",\"valueRequired\":true,\"valueName\":\"search_term_string\"}}],\"inLanguage\":\"fr-CA\"}]}<\/script>\n<!-- \/ Yoast SEO plugin. -->","yoast_head_json":{"title":"Visite d'un palais de justice - OJEN","robots":{"index":"noindex","follow":"follow","max-snippet":"max-snippet:-1","max-image-preview":"max-image-preview:large","max-video-preview":"max-video-preview:-1"},"og_locale":"fr_CA","og_type":"article","og_title":"Visite d'un palais de justice - OJEN","og_description":"Le ROEJ peut vous aider \u00e0 organiser une sortie de classe pour observer un vrai tribunal en action\u2009! Chaque ann\u00e9e, des milliers d&rsquo;\u00e9l\u00e8ves enrichissent leur apprentissage en visitant des palais de justice pour\u00a0: observer le d\u00e9roulement de vraies affaires devant le tribunal\u2009; voir de premi\u00e8re main la diversit\u00e9 des r\u00f4les au sein du syst\u00e8me judiciaire\u2009; [&hellip;]","og_url":"https:\/\/ojen2024.turnbull.co\/fr\/le-roej-dans-les-salles-de-classe\/courthouses","og_site_name":"OJEN","article_publisher":"https:\/\/www.facebook.com\/pages\/OJEN\/252115501467864","article_modified_time":"2025-07-29T15:50:44+00:00","twitter_card":"summary_large_image","twitter_site":"@OJEN_ROEJ","twitter_misc":{"Estimation du temps de lecture":"1 minute"},"schema":{"@context":"https:\/\/schema.org","@graph":[{"@type":"WebPage","@id":"https:\/\/ojen2024.turnbull.co\/fr\/le-roej-dans-les-salles-de-classe\/courthouses","url":"https:\/\/ojen2024.turnbull.co\/fr\/le-roej-dans-les-salles-de-classe\/courthouses","name":"Visite d'un palais de justice - OJEN","isPartOf":{"@id":"https:\/\/ojen2024.turnbull.co\/en\/#website"},"datePublished":"2016-07-15T23:03:25+00:00","dateModified":"2025-07-29T15:50:44+00:00","breadcrumb":{"@id":"https:\/\/ojen2024.turnbull.co\/fr\/le-roej-dans-les-salles-de-classe\/courthouses#breadcrumb"},"inLanguage":"fr-CA","potentialAction":[{"@type":"ReadAction","target":["https:\/\/ojen2024.turnbull.co\/fr\/le-roej-dans-les-salles-de-classe\/courthouses"]}]},{"@type":"BreadcrumbList","@id":"https:\/\/ojen2024.turnbull.co\/fr\/le-roej-dans-les-salles-de-classe\/courthouses#breadcrumb","itemListElement":[{"@type":"ListItem","position":1,"name":"Home","item":"https:\/\/ojen2024.turnbull.co\/fr"},{"@type":"ListItem","position":2,"name":"Pour les \u00e9coles","item":"https:\/\/ojen2024.turnbull.co\/fr\/le-roej-dans-les-salles-de-classe"},{"@type":"ListItem","position":3,"name":"Visite d&#8217;un palais de justice"}]},{"@type":"WebSite","@id":"https:\/\/ojen2024.turnbull.co\/en\/#website","url":"https:\/\/ojen2024.turnbull.co\/en\/","name":"OJEN","description":"","potentialAction":[{"@type":"SearchAction","target":{"@type":"EntryPoint","urlTemplate":"https:\/\/ojen2024.turnbull.co\/en\/?s={search_term_string}"},"query-input":{"@type":"PropertyValueSpecification","valueRequired":true,"valueName":"search_term_string"}}],"inLanguage":"fr-CA"}]}},"_links":{"self":[{"href":"https:\/\/ojen2024.turnbull.co\/fr\/wp-json\/wp\/v2\/pages\/8296"}],"collection":[{"href":"https:\/\/ojen2024.turnbull.co\/fr\/wp-json\/wp\/v2\/pages"}],"about":[{"href":"https:\/\/ojen2024.turnbull.co\/fr\/wp-json\/wp\/v2\/types\/page"}],"author":[{"embeddable":true,"href":"https:\/\/ojen2024.turnbull.co\/fr\/wp-json\/wp\/v2\/users\/5"}],"replies":[{"embeddable":true,"href":"https:\/\/ojen2024.turnbull.co\/fr\/wp-json\/wp\/v2\/comments?post=8296"}],"version-history":[{"count":0,"href":"https:\/\/ojen2024.turnbull.co\/fr\/wp-json\/wp\/v2\/pages\/8296\/revisions"}],"up":[{"embeddable":true,"href":"https:\/\/ojen2024.turnbull.co\/fr\/wp-json\/wp\/v2\/pages\/7947"}],"wp:attachment":[{"href":"https:\/\/ojen2024.turnbull.co\/fr\/wp-json\/wp\/v2\/media?parent=8296"}],"curies":[{"name":"wp","href":"https:\/\/api.w.org\/{rel}","templated":true}]}}