{"id":8360,"date":"2016-06-12T19:39:44","date_gmt":"2016-06-12T19:39:44","guid":{"rendered":"http:\/\/ojen.ca\/fr\/notre-travail\/le-roej-dans-les-salles-de-classe\/form"},"modified":"2025-07-25T10:00:52","modified_gmt":"2025-07-25T14:00:52","slug":"form","status":"publish","type":"page","link":"https:\/\/ojen2024.turnbull.co\/fr\/le-roej-dans-les-salles-de-classe\/form","title":{"rendered":"Juriste en salle de classe"},"content":{"rendered":"<p>L&rsquo;\u00e9ducation juridique, ce n&rsquo;est pas seulement l&rsquo;apprentissage des lois en vigueur, c&rsquo;est \u00e9galement l\u2019acquisition de comp\u00e9tences qui permettent de voir comment se d\u00e9compose une situation de la vie quotidienne lorsqu&rsquo;elle est soumise \u00e0 un \u00e9clairage juridique. Ces comp\u00e9tences, les professionnels de la justice les ont acquises lors de l&rsquo;exercice de leur profession bien plus que sur les bancs de l&rsquo;\u00e9cole. C&rsquo;est pourquoi nous pensons qu&rsquo;il est essentiel que les jeunes puissent rencontrer ces professionnels, \u00e9couter leurs t\u00e9moignages et leurs poser toutes les questions qu&rsquo;ils souhaitent.<\/p>\n<p>Gr\u00e2ce au programme\u00a0<strong>Juriste en salle de classe<\/strong>, des avocats viennent dans les \u00e9coles parler directement aux \u00e9l\u00e8ves pendant leurs classes de droit, de sciences sociales, d&rsquo;\u00e9ducation civique ou toute autre mati\u00e8re qui s&rsquo;int\u00e9resse de pr\u00e8s ou de loin \u00e0 notre syst\u00e8me juridique. Nous comptons sur notre r\u00e9seau de plus de 1000 juristes b\u00e9n\u00e9voles pour mener \u00e0 bien ce programme dans toute la province. Quel que soit le sujet que vous souhaitez aborder avec vos \u00e9l\u00e8ves, il est probable que nous saurons trouver la personne id\u00e9ale pour venir partager son exp\u00e9rience.<\/p>\n<p>Veuillez noter qu&rsquo;en raison de la pand\u00e9mie de Covid 19 les visites en personne des avocats sont temporairement remplac\u00e9es par des t\u00e9l\u00e9conf\u00e9rences. Si vous souhaitez n\u00e9anmoins recevoir la visite d&rsquo;un avocat en personne, pri\u00e8re de le faire savoir dans le formulaire d&rsquo;inscription ci-dessous.<\/p>\n<p><span style=\"color: #ff6600;\">Pour information, pri\u00e8re de contacter <a href=\"https:\/\/ojen2024.turnbull.co\/fr\/team\/thomas-gallezot\" target=\"_blank\" rel=\"noopener noreferrer\">Thomas Gallezot<\/a>.<\/span><\/p>\n<p>Pour r\u00e9server un conf\u00e9rencier, pri\u00e8re de remplir le formulaire ci-dessous. Il faut en moyenne de 3 \u00e0 4 semaines pour trouver un volontaire. Nous vous invitons donc \u00e0 envoyer votre demande au moins un mois \u00e0 l\u2019avance pour nous permettre de trouver la personne la mieux appropri\u00e9e pour parler \u00e0 votre classe. Merci \u00e9galement de ne pas oublier de pr\u00e9ciser \u00e0 quelle heure votre classe a lieu ainsi que le sujet que vous souhaitez aborder.<\/p>\n","protected":false},"excerpt":{"rendered":"<p>L&rsquo;\u00e9ducation juridique, ce n&rsquo;est pas seulement l&rsquo;apprentissage des lois en vigueur, c&rsquo;est \u00e9galement l\u2019acquisition de comp\u00e9tences qui permettent de voir comment se d\u00e9compose une situation de la vie quotidienne lorsqu&rsquo;elle est soumise \u00e0 un \u00e9clairage juridique. Ces comp\u00e9tences, les professionnels de la justice les ont acquises lors de l&rsquo;exercice de leur profession bien plus que [&hellip;]<\/p>\n","protected":false},"author":5,"featured_media":0,"parent":7947,"menu_order":0,"comment_status":"closed","ping_status":"closed","template":"","meta":{"_acf_changed":false,"_eb_attr":"","inline_featured_image":false,"ub_ctt_via":"","footnotes":""},"class_list":["post-8360","page","type-page","status-publish","hentry"],"acf":[],"featured_image_src":null,"yoast_head":"<!-- This site is optimized with the Yoast SEO plugin v25.3 - https:\/\/yoast.com\/wordpress\/plugins\/seo\/ -->\n<title>Juriste en salle de classe - OJEN<\/title>\n<meta name=\"robots\" content=\"noindex, follow, max-snippet:-1, max-image-preview:large, max-video-preview:-1\" \/>\n<meta property=\"og:locale\" content=\"fr_CA\" \/>\n<meta property=\"og:type\" content=\"article\" \/>\n<meta property=\"og:title\" content=\"Juriste en salle de classe - OJEN\" \/>\n<meta property=\"og:description\" content=\"L&rsquo;\u00e9ducation juridique, ce n&rsquo;est pas seulement l&rsquo;apprentissage des lois en vigueur, c&rsquo;est \u00e9galement l\u2019acquisition de comp\u00e9tences qui permettent de voir comment se d\u00e9compose une situation de la vie quotidienne lorsqu&rsquo;elle est soumise \u00e0 un \u00e9clairage juridique. Ces comp\u00e9tences, les professionnels de la justice les ont acquises lors de l&rsquo;exercice de leur profession bien plus que [&hellip;]\" \/>\n<meta property=\"og:url\" content=\"https:\/\/ojen2024.turnbull.co\/fr\/le-roej-dans-les-salles-de-classe\/form\" \/>\n<meta property=\"og:site_name\" content=\"OJEN\" \/>\n<meta property=\"article:publisher\" content=\"https:\/\/www.facebook.com\/pages\/OJEN\/252115501467864\" \/>\n<meta property=\"article:modified_time\" content=\"2025-07-25T14:00:52+00:00\" \/>\n<meta name=\"twitter:card\" content=\"summary_large_image\" \/>\n<meta name=\"twitter:site\" content=\"@OJEN_ROEJ\" \/>\n<meta name=\"twitter:label1\" content=\"Estimation du temps de lecture\" \/>\n\t<meta name=\"twitter:data1\" content=\"2 minutes\" \/>\n<script type=\"application\/ld+json\" class=\"yoast-schema-graph\">{\"@context\":\"https:\/\/schema.org\",\"@graph\":[{\"@type\":\"WebPage\",\"@id\":\"https:\/\/ojen2024.turnbull.co\/fr\/le-roej-dans-les-salles-de-classe\/form\",\"url\":\"https:\/\/ojen2024.turnbull.co\/fr\/le-roej-dans-les-salles-de-classe\/form\",\"name\":\"Juriste en salle de classe - OJEN\",\"isPartOf\":{\"@id\":\"https:\/\/ojen2024.turnbull.co\/en\/#website\"},\"datePublished\":\"2016-06-12T19:39:44+00:00\",\"dateModified\":\"2025-07-25T14:00:52+00:00\",\"breadcrumb\":{\"@id\":\"https:\/\/ojen2024.turnbull.co\/fr\/le-roej-dans-les-salles-de-classe\/form#breadcrumb\"},\"inLanguage\":\"fr-CA\",\"potentialAction\":[{\"@type\":\"ReadAction\",\"target\":[\"https:\/\/ojen2024.turnbull.co\/fr\/le-roej-dans-les-salles-de-classe\/form\"]}]},{\"@type\":\"BreadcrumbList\",\"@id\":\"https:\/\/ojen2024.turnbull.co\/fr\/le-roej-dans-les-salles-de-classe\/form#breadcrumb\",\"itemListElement\":[{\"@type\":\"ListItem\",\"position\":1,\"name\":\"Home\",\"item\":\"https:\/\/ojen2024.turnbull.co\/fr\"},{\"@type\":\"ListItem\",\"position\":2,\"name\":\"Pour les \u00e9coles\",\"item\":\"https:\/\/ojen2024.turnbull.co\/fr\/le-roej-dans-les-salles-de-classe\"},{\"@type\":\"ListItem\",\"position\":3,\"name\":\"Juriste en salle de classe\"}]},{\"@type\":\"WebSite\",\"@id\":\"https:\/\/ojen2024.turnbull.co\/en\/#website\",\"url\":\"https:\/\/ojen2024.turnbull.co\/en\/\",\"name\":\"OJEN\",\"description\":\"\",\"potentialAction\":[{\"@type\":\"SearchAction\",\"target\":{\"@type\":\"EntryPoint\",\"urlTemplate\":\"https:\/\/ojen2024.turnbull.co\/en\/?s={search_term_string}\"},\"query-input\":{\"@type\":\"PropertyValueSpecification\",\"valueRequired\":true,\"valueName\":\"search_term_string\"}}],\"inLanguage\":\"fr-CA\"}]}<\/script>\n<!-- \/ Yoast SEO plugin. -->","yoast_head_json":{"title":"Juriste en salle de classe - OJEN","robots":{"index":"noindex","follow":"follow","max-snippet":"max-snippet:-1","max-image-preview":"max-image-preview:large","max-video-preview":"max-video-preview:-1"},"og_locale":"fr_CA","og_type":"article","og_title":"Juriste en salle de classe - OJEN","og_description":"L&rsquo;\u00e9ducation juridique, ce n&rsquo;est pas seulement l&rsquo;apprentissage des lois en vigueur, c&rsquo;est \u00e9galement l\u2019acquisition de comp\u00e9tences qui permettent de voir comment se d\u00e9compose une situation de la vie quotidienne lorsqu&rsquo;elle est soumise \u00e0 un \u00e9clairage juridique. Ces comp\u00e9tences, les professionnels de la justice les ont acquises lors de l&rsquo;exercice de leur profession bien plus que [&hellip;]","og_url":"https:\/\/ojen2024.turnbull.co\/fr\/le-roej-dans-les-salles-de-classe\/form","og_site_name":"OJEN","article_publisher":"https:\/\/www.facebook.com\/pages\/OJEN\/252115501467864","article_modified_time":"2025-07-25T14:00:52+00:00","twitter_card":"summary_large_image","twitter_site":"@OJEN_ROEJ","twitter_misc":{"Estimation du temps de lecture":"2 minutes"},"schema":{"@context":"https:\/\/schema.org","@graph":[{"@type":"WebPage","@id":"https:\/\/ojen2024.turnbull.co\/fr\/le-roej-dans-les-salles-de-classe\/form","url":"https:\/\/ojen2024.turnbull.co\/fr\/le-roej-dans-les-salles-de-classe\/form","name":"Juriste en salle de classe - OJEN","isPartOf":{"@id":"https:\/\/ojen2024.turnbull.co\/en\/#website"},"datePublished":"2016-06-12T19:39:44+00:00","dateModified":"2025-07-25T14:00:52+00:00","breadcrumb":{"@id":"https:\/\/ojen2024.turnbull.co\/fr\/le-roej-dans-les-salles-de-classe\/form#breadcrumb"},"inLanguage":"fr-CA","potentialAction":[{"@type":"ReadAction","target":["https:\/\/ojen2024.turnbull.co\/fr\/le-roej-dans-les-salles-de-classe\/form"]}]},{"@type":"BreadcrumbList","@id":"https:\/\/ojen2024.turnbull.co\/fr\/le-roej-dans-les-salles-de-classe\/form#breadcrumb","itemListElement":[{"@type":"ListItem","position":1,"name":"Home","item":"https:\/\/ojen2024.turnbull.co\/fr"},{"@type":"ListItem","position":2,"name":"Pour les \u00e9coles","item":"https:\/\/ojen2024.turnbull.co\/fr\/le-roej-dans-les-salles-de-classe"},{"@type":"ListItem","position":3,"name":"Juriste en salle de classe"}]},{"@type":"WebSite","@id":"https:\/\/ojen2024.turnbull.co\/en\/#website","url":"https:\/\/ojen2024.turnbull.co\/en\/","name":"OJEN","description":"","potentialAction":[{"@type":"SearchAction","target":{"@type":"EntryPoint","urlTemplate":"https:\/\/ojen2024.turnbull.co\/en\/?s={search_term_string}"},"query-input":{"@type":"PropertyValueSpecification","valueRequired":true,"valueName":"search_term_string"}}],"inLanguage":"fr-CA"}]}},"_links":{"self":[{"href":"https:\/\/ojen2024.turnbull.co\/fr\/wp-json\/wp\/v2\/pages\/8360"}],"collection":[{"href":"https:\/\/ojen2024.turnbull.co\/fr\/wp-json\/wp\/v2\/pages"}],"about":[{"href":"https:\/\/ojen2024.turnbull.co\/fr\/wp-json\/wp\/v2\/types\/page"}],"author":[{"embeddable":true,"href":"https:\/\/ojen2024.turnbull.co\/fr\/wp-json\/wp\/v2\/users\/5"}],"replies":[{"embeddable":true,"href":"https:\/\/ojen2024.turnbull.co\/fr\/wp-json\/wp\/v2\/comments?post=8360"}],"version-history":[{"count":0,"href":"https:\/\/ojen2024.turnbull.co\/fr\/wp-json\/wp\/v2\/pages\/8360\/revisions"}],"up":[{"embeddable":true,"href":"https:\/\/ojen2024.turnbull.co\/fr\/wp-json\/wp\/v2\/pages\/7947"}],"wp:attachment":[{"href":"https:\/\/ojen2024.turnbull.co\/fr\/wp-json\/wp\/v2\/media?parent=8360"}],"curies":[{"name":"wp","href":"https:\/\/api.w.org\/{rel}","templated":true}]}}