{"id":8369,"date":"2016-10-10T06:14:09","date_gmt":"2016-10-10T06:14:09","guid":{"rendered":"http:\/\/ojen.ca\/fr\/subscribe"},"modified":"2021-06-30T21:54:06","modified_gmt":"2021-07-01T01:54:06","slug":"subscribe","status":"publish","type":"page","link":"https:\/\/ojen2024.turnbull.co\/fr\/subscribe","title":{"rendered":"Inscrivez-vous pour recevoir des nouvelles et des mises \u00e0 jour par courriel"},"content":{"rendered":"<p>En fournissant mon adresse de courriel, je consens \u00e0 recevoir des communications du R\u00e9seau ontarien d\u2019\u00e9ducation juridique (ROEJ) au sujet de ses activit\u00e9s, services, programmes, \u00e9v\u00e9nements et autres sujets qui pourraient m&rsquo;int\u00e9resser.<\/p>\n<p>Je comprends que je peux r\u00e9voquer mon consentement \u00e0 tout moment.<\/p>\n[civicrm component=\u00a0\u00bbprofile\u00a0\u00bb gid=\u00a0\u00bb44&Prime; mode=\u00a0\u00bbcreate\u00a0\u00bb hijack=\u00a0\u00bb0&Prime;]\n","protected":false},"excerpt":{"rendered":"<p>En fournissant mon adresse de courriel, je consens \u00e0 recevoir des communications du R\u00e9seau ontarien d\u2019\u00e9ducation juridique (ROEJ) au sujet de ses activit\u00e9s, services, programmes, \u00e9v\u00e9nements et autres sujets qui pourraient m&rsquo;int\u00e9resser. Je comprends que je peux r\u00e9voquer mon consentement \u00e0 tout moment. [civicrm component=\u00a0\u00bbprofile\u00a0\u00bb gid=\u00a0\u00bb44&Prime; mode=\u00a0\u00bbcreate\u00a0\u00bb hijack=\u00a0\u00bb0&Prime;]<\/p>\n","protected":false},"author":2,"featured_media":0,"parent":0,"menu_order":0,"comment_status":"closed","ping_status":"closed","template":"","meta":{"_acf_changed":false,"_eb_attr":"","inline_featured_image":false,"ub_ctt_via":"","footnotes":""},"class_list":["post-8369","page","type-page","status-publish","hentry"],"acf":[],"featured_image_src":null,"yoast_head":"<!-- This site is optimized with the Yoast SEO plugin v25.3 - https:\/\/yoast.com\/wordpress\/plugins\/seo\/ -->\n<title>Inscrivez-vous pour recevoir des nouvelles et des mises \u00e0 jour par courriel - OJEN<\/title>\n<meta name=\"robots\" content=\"noindex, follow, max-snippet:-1, max-image-preview:large, max-video-preview:-1\" \/>\n<meta property=\"og:locale\" content=\"fr_CA\" \/>\n<meta property=\"og:type\" content=\"article\" \/>\n<meta property=\"og:title\" content=\"Inscrivez-vous pour recevoir des nouvelles et des mises \u00e0 jour par courriel - OJEN\" \/>\n<meta property=\"og:description\" content=\"En fournissant mon adresse de courriel, je consens \u00e0 recevoir des communications du R\u00e9seau ontarien d\u2019\u00e9ducation juridique (ROEJ) au sujet de ses activit\u00e9s, services, programmes, \u00e9v\u00e9nements et autres sujets qui pourraient m&rsquo;int\u00e9resser. Je comprends que je peux r\u00e9voquer mon consentement \u00e0 tout moment. [civicrm component=\u00a0\u00bbprofile\u00a0\u00bb gid=\u00a0\u00bb44&Prime; mode=\u00a0\u00bbcreate\u00a0\u00bb hijack=\u00a0\u00bb0&Prime;]\" \/>\n<meta property=\"og:url\" content=\"https:\/\/ojen2024.turnbull.co\/fr\/subscribe\" \/>\n<meta property=\"og:site_name\" content=\"OJEN\" \/>\n<meta property=\"article:publisher\" content=\"https:\/\/www.facebook.com\/pages\/OJEN\/252115501467864\" \/>\n<meta property=\"article:modified_time\" content=\"2021-07-01T01:54:06+00:00\" \/>\n<meta name=\"twitter:card\" content=\"summary_large_image\" \/>\n<meta name=\"twitter:site\" content=\"@OJEN_ROEJ\" \/>\n<meta name=\"twitter:label1\" content=\"Estimation du temps de lecture\" \/>\n\t<meta name=\"twitter:data1\" content=\"1 minute\" \/>\n<script type=\"application\/ld+json\" class=\"yoast-schema-graph\">{\"@context\":\"https:\/\/schema.org\",\"@graph\":[{\"@type\":\"WebPage\",\"@id\":\"https:\/\/ojen2024.turnbull.co\/fr\/subscribe\",\"url\":\"https:\/\/ojen2024.turnbull.co\/fr\/subscribe\",\"name\":\"Inscrivez-vous pour recevoir des nouvelles et des mises \u00e0 jour par courriel - OJEN\",\"isPartOf\":{\"@id\":\"https:\/\/ojen2024.turnbull.co\/en\/#website\"},\"datePublished\":\"2016-10-10T06:14:09+00:00\",\"dateModified\":\"2021-07-01T01:54:06+00:00\",\"breadcrumb\":{\"@id\":\"https:\/\/ojen2024.turnbull.co\/fr\/subscribe#breadcrumb\"},\"inLanguage\":\"fr-CA\",\"potentialAction\":[{\"@type\":\"ReadAction\",\"target\":[\"https:\/\/ojen2024.turnbull.co\/fr\/subscribe\"]}]},{\"@type\":\"BreadcrumbList\",\"@id\":\"https:\/\/ojen2024.turnbull.co\/fr\/subscribe#breadcrumb\",\"itemListElement\":[{\"@type\":\"ListItem\",\"position\":1,\"name\":\"Home\",\"item\":\"https:\/\/ojen2024.turnbull.co\/fr\"},{\"@type\":\"ListItem\",\"position\":2,\"name\":\"Inscrivez-vous pour recevoir des nouvelles et des mises \u00e0 jour par courriel\"}]},{\"@type\":\"WebSite\",\"@id\":\"https:\/\/ojen2024.turnbull.co\/en\/#website\",\"url\":\"https:\/\/ojen2024.turnbull.co\/en\/\",\"name\":\"OJEN\",\"description\":\"\",\"potentialAction\":[{\"@type\":\"SearchAction\",\"target\":{\"@type\":\"EntryPoint\",\"urlTemplate\":\"https:\/\/ojen2024.turnbull.co\/en\/?s={search_term_string}\"},\"query-input\":{\"@type\":\"PropertyValueSpecification\",\"valueRequired\":true,\"valueName\":\"search_term_string\"}}],\"inLanguage\":\"fr-CA\"}]}<\/script>\n<!-- \/ Yoast SEO plugin. -->","yoast_head_json":{"title":"Inscrivez-vous pour recevoir des nouvelles et des mises \u00e0 jour par courriel - OJEN","robots":{"index":"noindex","follow":"follow","max-snippet":"max-snippet:-1","max-image-preview":"max-image-preview:large","max-video-preview":"max-video-preview:-1"},"og_locale":"fr_CA","og_type":"article","og_title":"Inscrivez-vous pour recevoir des nouvelles et des mises \u00e0 jour par courriel - OJEN","og_description":"En fournissant mon adresse de courriel, je consens \u00e0 recevoir des communications du R\u00e9seau ontarien d\u2019\u00e9ducation juridique (ROEJ) au sujet de ses activit\u00e9s, services, programmes, \u00e9v\u00e9nements et autres sujets qui pourraient m&rsquo;int\u00e9resser. Je comprends que je peux r\u00e9voquer mon consentement \u00e0 tout moment. [civicrm component=\u00a0\u00bbprofile\u00a0\u00bb gid=\u00a0\u00bb44&Prime; mode=\u00a0\u00bbcreate\u00a0\u00bb hijack=\u00a0\u00bb0&Prime;]","og_url":"https:\/\/ojen2024.turnbull.co\/fr\/subscribe","og_site_name":"OJEN","article_publisher":"https:\/\/www.facebook.com\/pages\/OJEN\/252115501467864","article_modified_time":"2021-07-01T01:54:06+00:00","twitter_card":"summary_large_image","twitter_site":"@OJEN_ROEJ","twitter_misc":{"Estimation du temps de lecture":"1 minute"},"schema":{"@context":"https:\/\/schema.org","@graph":[{"@type":"WebPage","@id":"https:\/\/ojen2024.turnbull.co\/fr\/subscribe","url":"https:\/\/ojen2024.turnbull.co\/fr\/subscribe","name":"Inscrivez-vous pour recevoir des nouvelles et des mises \u00e0 jour par courriel - OJEN","isPartOf":{"@id":"https:\/\/ojen2024.turnbull.co\/en\/#website"},"datePublished":"2016-10-10T06:14:09+00:00","dateModified":"2021-07-01T01:54:06+00:00","breadcrumb":{"@id":"https:\/\/ojen2024.turnbull.co\/fr\/subscribe#breadcrumb"},"inLanguage":"fr-CA","potentialAction":[{"@type":"ReadAction","target":["https:\/\/ojen2024.turnbull.co\/fr\/subscribe"]}]},{"@type":"BreadcrumbList","@id":"https:\/\/ojen2024.turnbull.co\/fr\/subscribe#breadcrumb","itemListElement":[{"@type":"ListItem","position":1,"name":"Home","item":"https:\/\/ojen2024.turnbull.co\/fr"},{"@type":"ListItem","position":2,"name":"Inscrivez-vous pour recevoir des nouvelles et des mises \u00e0 jour par courriel"}]},{"@type":"WebSite","@id":"https:\/\/ojen2024.turnbull.co\/en\/#website","url":"https:\/\/ojen2024.turnbull.co\/en\/","name":"OJEN","description":"","potentialAction":[{"@type":"SearchAction","target":{"@type":"EntryPoint","urlTemplate":"https:\/\/ojen2024.turnbull.co\/en\/?s={search_term_string}"},"query-input":{"@type":"PropertyValueSpecification","valueRequired":true,"valueName":"search_term_string"}}],"inLanguage":"fr-CA"}]}},"_links":{"self":[{"href":"https:\/\/ojen2024.turnbull.co\/fr\/wp-json\/wp\/v2\/pages\/8369"}],"collection":[{"href":"https:\/\/ojen2024.turnbull.co\/fr\/wp-json\/wp\/v2\/pages"}],"about":[{"href":"https:\/\/ojen2024.turnbull.co\/fr\/wp-json\/wp\/v2\/types\/page"}],"author":[{"embeddable":true,"href":"https:\/\/ojen2024.turnbull.co\/fr\/wp-json\/wp\/v2\/users\/2"}],"replies":[{"embeddable":true,"href":"https:\/\/ojen2024.turnbull.co\/fr\/wp-json\/wp\/v2\/comments?post=8369"}],"version-history":[{"count":0,"href":"https:\/\/ojen2024.turnbull.co\/fr\/wp-json\/wp\/v2\/pages\/8369\/revisions"}],"wp:attachment":[{"href":"https:\/\/ojen2024.turnbull.co\/fr\/wp-json\/wp\/v2\/media?parent=8369"}],"curies":[{"name":"wp","href":"https:\/\/api.w.org\/{rel}","templated":true}]}}