{"id":8373,"date":"2016-10-07T09:39:01","date_gmt":"2016-10-07T09:39:01","guid":{"rendered":"http:\/\/ojen.ca\/fr\/oocmt\/about-oocmt"},"modified":"2025-07-29T19:25:59","modified_gmt":"2025-07-29T23:25:59","slug":"a-propos-des-pscar","status":"publish","type":"page","link":"https:\/\/ojen2024.turnbull.co\/fr\/pscar\/a-propos-des-pscar","title":{"rendered":"\u00c0 propos des PSCAR"},"content":{"rendered":"<p class=\"column-box__text\">Le programme de Proc\u00e8s simul\u00e9s comp\u00e9titifs ABO-ROEJ (PSCAR) est un partenariat entre l\u2019Association du Barreau de l\u2019Ontario (ABO), le R\u00e9seau ontarien d\u2019\u00e9ducation juridique (ROEJ) et la Fondation de l\u2019ABO. La plupart des tournois de proc\u00e8s simul\u00e9s de la province font partie du PSCAR. Cela signifie qu\u2019ils utilisent le sc\u00e9nario de cas et le r\u00e8glement officiel du PSCAR, et que les \u00e9quipes gagnantes de ces tournois peuvent passer aux comp\u00e9titions organis\u00e9es par l\u2019ABO et le ROEJ \u00e0 des \u00e9chelons sup\u00e9rieurs.<\/p>\n","protected":false},"excerpt":{"rendered":"<p>Le programme de Proc\u00e8s simul\u00e9s comp\u00e9titifs ABO-ROEJ (PSCAR) est un partenariat entre l\u2019Association du Barreau de l\u2019Ontario (ABO), le R\u00e9seau ontarien d\u2019\u00e9ducation juridique (ROEJ) et la Fondation de l\u2019ABO. La plupart des tournois de proc\u00e8s simul\u00e9s de la province font partie du PSCAR. Cela signifie qu\u2019ils utilisent le sc\u00e9nario de cas et le r\u00e8glement officiel [&hellip;]<\/p>\n","protected":false},"author":4,"featured_media":0,"parent":30817,"menu_order":0,"comment_status":"closed","ping_status":"closed","template":"template-oocmt-default.php","meta":{"_acf_changed":false,"_eb_attr":"","inline_featured_image":false,"ub_ctt_via":"","footnotes":""},"class_list":["post-8373","page","type-page","status-publish","hentry"],"acf":[],"featured_image_src":null,"yoast_head":"<!-- This site is optimized with the Yoast SEO plugin v25.3 - https:\/\/yoast.com\/wordpress\/plugins\/seo\/ -->\n<title>\u00c0 propos des PSCAR - OJEN<\/title>\n<meta name=\"robots\" content=\"noindex, follow, max-snippet:-1, max-image-preview:large, max-video-preview:-1\" \/>\n<meta property=\"og:locale\" content=\"fr_CA\" \/>\n<meta property=\"og:type\" content=\"article\" \/>\n<meta property=\"og:title\" content=\"\u00c0 propos des PSCAR - OJEN\" \/>\n<meta property=\"og:description\" content=\"Le programme de Proc\u00e8s simul\u00e9s comp\u00e9titifs ABO-ROEJ (PSCAR) est un partenariat entre l\u2019Association du Barreau de l\u2019Ontario (ABO), le R\u00e9seau ontarien d\u2019\u00e9ducation juridique (ROEJ) et la Fondation de l\u2019ABO. La plupart des tournois de proc\u00e8s simul\u00e9s de la province font partie du PSCAR. Cela signifie qu\u2019ils utilisent le sc\u00e9nario de cas et le r\u00e8glement officiel [&hellip;]\" \/>\n<meta property=\"og:url\" content=\"https:\/\/ojen2024.turnbull.co\/fr\/pscar\/a-propos-des-pscar\" \/>\n<meta property=\"og:site_name\" content=\"OJEN\" \/>\n<meta property=\"article:publisher\" content=\"https:\/\/www.facebook.com\/pages\/OJEN\/252115501467864\" \/>\n<meta property=\"article:modified_time\" content=\"2025-07-29T23:25:59+00:00\" \/>\n<meta name=\"twitter:card\" content=\"summary_large_image\" \/>\n<meta name=\"twitter:site\" content=\"@OJEN_ROEJ\" \/>\n<meta name=\"twitter:label1\" content=\"Estimation du temps de lecture\" \/>\n\t<meta name=\"twitter:data1\" content=\"1 minute\" \/>\n<script type=\"application\/ld+json\" class=\"yoast-schema-graph\">{\"@context\":\"https:\/\/schema.org\",\"@graph\":[{\"@type\":\"WebPage\",\"@id\":\"https:\/\/ojen2024.turnbull.co\/fr\/pscar\/a-propos-des-pscar\",\"url\":\"https:\/\/ojen2024.turnbull.co\/fr\/pscar\/a-propos-des-pscar\",\"name\":\"\u00c0 propos des PSCAR - OJEN\",\"isPartOf\":{\"@id\":\"https:\/\/ojen2024.turnbull.co\/en\/#website\"},\"datePublished\":\"2016-10-07T09:39:01+00:00\",\"dateModified\":\"2025-07-29T23:25:59+00:00\",\"breadcrumb\":{\"@id\":\"https:\/\/ojen2024.turnbull.co\/fr\/pscar\/a-propos-des-pscar#breadcrumb\"},\"inLanguage\":\"fr-CA\",\"potentialAction\":[{\"@type\":\"ReadAction\",\"target\":[\"https:\/\/ojen2024.turnbull.co\/fr\/pscar\/a-propos-des-pscar\"]}]},{\"@type\":\"BreadcrumbList\",\"@id\":\"https:\/\/ojen2024.turnbull.co\/fr\/pscar\/a-propos-des-pscar#breadcrumb\",\"itemListElement\":[{\"@type\":\"ListItem\",\"position\":1,\"name\":\"Home\",\"item\":\"https:\/\/ojen2024.turnbull.co\/fr\"},{\"@type\":\"ListItem\",\"position\":2,\"name\":\"Proc\u00e8s simul\u00e9s comp\u00e9titifs ABO\u2011ROEJ pour \u00e9l\u00e8ves du secondaire\",\"item\":\"https:\/\/ojen2024.turnbull.co\/fr\/pscar\"},{\"@type\":\"ListItem\",\"position\":3,\"name\":\"\u00c0 propos des PSCAR\"}]},{\"@type\":\"WebSite\",\"@id\":\"https:\/\/ojen2024.turnbull.co\/en\/#website\",\"url\":\"https:\/\/ojen2024.turnbull.co\/en\/\",\"name\":\"OJEN\",\"description\":\"\",\"potentialAction\":[{\"@type\":\"SearchAction\",\"target\":{\"@type\":\"EntryPoint\",\"urlTemplate\":\"https:\/\/ojen2024.turnbull.co\/en\/?s={search_term_string}\"},\"query-input\":{\"@type\":\"PropertyValueSpecification\",\"valueRequired\":true,\"valueName\":\"search_term_string\"}}],\"inLanguage\":\"fr-CA\"}]}<\/script>\n<!-- \/ Yoast SEO plugin. -->","yoast_head_json":{"title":"\u00c0 propos des PSCAR - OJEN","robots":{"index":"noindex","follow":"follow","max-snippet":"max-snippet:-1","max-image-preview":"max-image-preview:large","max-video-preview":"max-video-preview:-1"},"og_locale":"fr_CA","og_type":"article","og_title":"\u00c0 propos des PSCAR - OJEN","og_description":"Le programme de Proc\u00e8s simul\u00e9s comp\u00e9titifs ABO-ROEJ (PSCAR) est un partenariat entre l\u2019Association du Barreau de l\u2019Ontario (ABO), le R\u00e9seau ontarien d\u2019\u00e9ducation juridique (ROEJ) et la Fondation de l\u2019ABO. La plupart des tournois de proc\u00e8s simul\u00e9s de la province font partie du PSCAR. Cela signifie qu\u2019ils utilisent le sc\u00e9nario de cas et le r\u00e8glement officiel [&hellip;]","og_url":"https:\/\/ojen2024.turnbull.co\/fr\/pscar\/a-propos-des-pscar","og_site_name":"OJEN","article_publisher":"https:\/\/www.facebook.com\/pages\/OJEN\/252115501467864","article_modified_time":"2025-07-29T23:25:59+00:00","twitter_card":"summary_large_image","twitter_site":"@OJEN_ROEJ","twitter_misc":{"Estimation du temps de lecture":"1 minute"},"schema":{"@context":"https:\/\/schema.org","@graph":[{"@type":"WebPage","@id":"https:\/\/ojen2024.turnbull.co\/fr\/pscar\/a-propos-des-pscar","url":"https:\/\/ojen2024.turnbull.co\/fr\/pscar\/a-propos-des-pscar","name":"\u00c0 propos des PSCAR - OJEN","isPartOf":{"@id":"https:\/\/ojen2024.turnbull.co\/en\/#website"},"datePublished":"2016-10-07T09:39:01+00:00","dateModified":"2025-07-29T23:25:59+00:00","breadcrumb":{"@id":"https:\/\/ojen2024.turnbull.co\/fr\/pscar\/a-propos-des-pscar#breadcrumb"},"inLanguage":"fr-CA","potentialAction":[{"@type":"ReadAction","target":["https:\/\/ojen2024.turnbull.co\/fr\/pscar\/a-propos-des-pscar"]}]},{"@type":"BreadcrumbList","@id":"https:\/\/ojen2024.turnbull.co\/fr\/pscar\/a-propos-des-pscar#breadcrumb","itemListElement":[{"@type":"ListItem","position":1,"name":"Home","item":"https:\/\/ojen2024.turnbull.co\/fr"},{"@type":"ListItem","position":2,"name":"Proc\u00e8s simul\u00e9s comp\u00e9titifs ABO\u2011ROEJ pour \u00e9l\u00e8ves du secondaire","item":"https:\/\/ojen2024.turnbull.co\/fr\/pscar"},{"@type":"ListItem","position":3,"name":"\u00c0 propos des PSCAR"}]},{"@type":"WebSite","@id":"https:\/\/ojen2024.turnbull.co\/en\/#website","url":"https:\/\/ojen2024.turnbull.co\/en\/","name":"OJEN","description":"","potentialAction":[{"@type":"SearchAction","target":{"@type":"EntryPoint","urlTemplate":"https:\/\/ojen2024.turnbull.co\/en\/?s={search_term_string}"},"query-input":{"@type":"PropertyValueSpecification","valueRequired":true,"valueName":"search_term_string"}}],"inLanguage":"fr-CA"}]}},"_links":{"self":[{"href":"https:\/\/ojen2024.turnbull.co\/fr\/wp-json\/wp\/v2\/pages\/8373"}],"collection":[{"href":"https:\/\/ojen2024.turnbull.co\/fr\/wp-json\/wp\/v2\/pages"}],"about":[{"href":"https:\/\/ojen2024.turnbull.co\/fr\/wp-json\/wp\/v2\/types\/page"}],"author":[{"embeddable":true,"href":"https:\/\/ojen2024.turnbull.co\/fr\/wp-json\/wp\/v2\/users\/4"}],"replies":[{"embeddable":true,"href":"https:\/\/ojen2024.turnbull.co\/fr\/wp-json\/wp\/v2\/comments?post=8373"}],"version-history":[{"count":0,"href":"https:\/\/ojen2024.turnbull.co\/fr\/wp-json\/wp\/v2\/pages\/8373\/revisions"}],"up":[{"embeddable":true,"href":"https:\/\/ojen2024.turnbull.co\/fr\/wp-json\/wp\/v2\/pages\/30817"}],"wp:attachment":[{"href":"https:\/\/ojen2024.turnbull.co\/fr\/wp-json\/wp\/v2\/media?parent=8373"}],"curies":[{"name":"wp","href":"https:\/\/api.w.org\/{rel}","templated":true}]}}