{"id":8377,"date":"2016-10-07T09:41:51","date_gmt":"2016-10-07T09:41:51","guid":{"rendered":"http:\/\/ojen.ca\/fr\/oocmt\/about-oocmt\/history-and-background"},"modified":"2025-07-28T10:04:29","modified_gmt":"2025-07-28T14:04:29","slug":"historique-et-contexte","status":"publish","type":"page","link":"https:\/\/ojen2024.turnbull.co\/fr\/pscar\/a-propos-des-pscar\/historique-et-contexte","title":{"rendered":"Historique et contexte"},"content":{"rendered":"<p>En 2014, l\u2019Association du Barreau de l\u2019Ontario (ABO) et le R\u00e9seau ontarien d\u2019\u00e9ducation juridique (ROEJ) ont uni leurs forces afin d\u2019am\u00e9liorer le programme provincial de proc\u00e8s simul\u00e9s.<\/p>\n<p>L\u2019ABO offre un programme de proc\u00e8s simul\u00e9s dans les \u00e9coles secondaires de l\u2019Ontario depuis le d\u00e9but des ann\u00e9es 1980.<br \/>\nDepuis sa fondation en 2002, le ROEJ t\u00e2che d\u2019\u00e9largir la port\u00e9e les programmes locaux de proc\u00e8s simul\u00e9s en soutenant l\u2019administration et le d\u00e9veloppement des programmes, et en fournissant une aide financi\u00e8re aux programmes gr\u00e2ce au Fonds de proc\u00e8s simul\u00e9s ROEJ\/FDO (Fondation du droit de l\u2019Ontario) depuis 2008.<\/p>\n<p>Les principales vis\u00e9es et activit\u00e9s du programme de Proc\u00e8s simul\u00e9s comp\u00e9titifs ABO ROEJ (PSCAR) sont les suivantes :<\/p>\n<ol>\n<li>Soutenir les tournois de proc\u00e8s simul\u00e9s, nouveaux et existants, en fournissant des ressources et des conseils, et en pr\u00eatant main-forte pour l\u2019organisation des tournois.<\/li>\n<li>Pr\u00e9parer le sc\u00e9nario de tournoi annuel et ajuster le guide du tournoi et le r\u00e8glement officiel provincial, au besoin.<\/li>\n<li>\u00c9laborer des ressources pour aider les \u00e9l\u00e8ves et les enseignants \u00e0 se pr\u00e9parer aux tournois.<\/li>\n<li>Coordonner les championnats des \u00e9chelons sup\u00e9rieurs dans toute la province.<\/li>\n<li>\u00c9tendre les programmes de proc\u00e8s simul\u00e9s aux r\u00e9gions moins bien desservies de la province.<\/li>\n<\/ol>\n<p>Le PSCAR n\u2019est pas qu\u2019un tournoi de proc\u00e8s simul\u00e9s. Il s\u2019agit plut\u00f4t d\u2019un r\u00e9seau de tournois \u00e0 l\u2019\u00e9chelle de la province qui suivent le m\u00eame format de base, le m\u00eame r\u00e8glement officiel et le sc\u00e9nario de cas officiel publi\u00e9 chaque ann\u00e9e.<\/p>\n<p>Les \u00e9coles qui souhaitent inscrire une \u00e9quipe au PSCAR peuvent s\u2019inscrire au tournoi de leur r\u00e9gion sur le pr\u00e9sent site.<\/p>\n<p>Pour l\u2019ann\u00e9e scolaire 2017-2018, 175 \u00e9coles secondaires et environ 1 600 \u00e9l\u00e8ves d\u2019un bout \u00e0 l\u2019autre de la province ont particip\u00e9 \u00e0 des tournois de PSCAR.<\/p>\n","protected":false},"excerpt":{"rendered":"<p>En 2014, l\u2019Association du Barreau de l\u2019Ontario (ABO) et le R\u00e9seau ontarien d\u2019\u00e9ducation juridique (ROEJ) ont uni leurs forces afin d\u2019am\u00e9liorer le programme provincial de proc\u00e8s simul\u00e9s. L\u2019ABO offre un programme de proc\u00e8s simul\u00e9s dans les \u00e9coles secondaires de l\u2019Ontario depuis le d\u00e9but des ann\u00e9es 1980. Depuis sa fondation en 2002, le ROEJ t\u00e2che d\u2019\u00e9largir [&hellip;]<\/p>\n","protected":false},"author":4,"featured_media":17222,"parent":8373,"menu_order":0,"comment_status":"closed","ping_status":"closed","template":"template-oocmt-default.php","meta":{"_acf_changed":false,"_eb_attr":"","inline_featured_image":false,"ub_ctt_via":"","footnotes":""},"class_list":["post-8377","page","type-page","status-publish","has-post-thumbnail","hentry"],"acf":[],"featured_image_src":"https:\/\/ojen2024.turnbull.co\/wp-content\/uploads\/2019\/09\/court-railing-hero-image-3.png","yoast_head":"<!-- This site is optimized with the Yoast SEO plugin v25.3 - https:\/\/yoast.com\/wordpress\/plugins\/seo\/ -->\n<title>Historique et contexte - OJEN<\/title>\n<meta name=\"robots\" content=\"noindex, follow, max-snippet:-1, max-image-preview:large, max-video-preview:-1\" \/>\n<meta property=\"og:locale\" content=\"fr_CA\" \/>\n<meta property=\"og:type\" content=\"article\" \/>\n<meta property=\"og:title\" content=\"Historique et contexte - OJEN\" \/>\n<meta property=\"og:description\" content=\"En 2014, l\u2019Association du Barreau de l\u2019Ontario (ABO) et le R\u00e9seau ontarien d\u2019\u00e9ducation juridique (ROEJ) ont uni leurs forces afin d\u2019am\u00e9liorer le programme provincial de proc\u00e8s simul\u00e9s. L\u2019ABO offre un programme de proc\u00e8s simul\u00e9s dans les \u00e9coles secondaires de l\u2019Ontario depuis le d\u00e9but des ann\u00e9es 1980. Depuis sa fondation en 2002, le ROEJ t\u00e2che d\u2019\u00e9largir [&hellip;]\" \/>\n<meta property=\"og:url\" content=\"https:\/\/ojen2024.turnbull.co\/fr\/pscar\/a-propos-des-pscar\/historique-et-contexte\" \/>\n<meta property=\"og:site_name\" content=\"OJEN\" \/>\n<meta property=\"article:publisher\" content=\"https:\/\/www.facebook.com\/pages\/OJEN\/252115501467864\" \/>\n<meta property=\"article:modified_time\" content=\"2025-07-28T14:04:29+00:00\" \/>\n<meta property=\"og:image\" content=\"https:\/\/ojen2024.turnbull.co\/wp-content\/uploads\/2019\/09\/court-railing-hero-image-3.png\" \/>\n\t<meta property=\"og:image:width\" content=\"2133\" \/>\n\t<meta property=\"og:image:height\" content=\"775\" \/>\n\t<meta property=\"og:image:type\" content=\"image\/png\" \/>\n<meta name=\"twitter:card\" content=\"summary_large_image\" \/>\n<meta name=\"twitter:site\" content=\"@OJEN_ROEJ\" \/>\n<meta name=\"twitter:label1\" content=\"Estimation du temps de lecture\" \/>\n\t<meta name=\"twitter:data1\" content=\"2 minutes\" \/>\n<script type=\"application\/ld+json\" class=\"yoast-schema-graph\">{\"@context\":\"https:\/\/schema.org\",\"@graph\":[{\"@type\":\"WebPage\",\"@id\":\"https:\/\/ojen2024.turnbull.co\/fr\/pscar\/a-propos-des-pscar\/historique-et-contexte\",\"url\":\"https:\/\/ojen2024.turnbull.co\/fr\/pscar\/a-propos-des-pscar\/historique-et-contexte\",\"name\":\"Historique et contexte - OJEN\",\"isPartOf\":{\"@id\":\"https:\/\/ojen2024.turnbull.co\/en\/#website\"},\"primaryImageOfPage\":{\"@id\":\"https:\/\/ojen2024.turnbull.co\/fr\/pscar\/a-propos-des-pscar\/historique-et-contexte#primaryimage\"},\"image\":{\"@id\":\"https:\/\/ojen2024.turnbull.co\/fr\/pscar\/a-propos-des-pscar\/historique-et-contexte#primaryimage\"},\"thumbnailUrl\":\"https:\/\/ojen2024.turnbull.co\/wp-content\/uploads\/2019\/09\/court-railing-hero-image-3.png\",\"datePublished\":\"2016-10-07T09:41:51+00:00\",\"dateModified\":\"2025-07-28T14:04:29+00:00\",\"breadcrumb\":{\"@id\":\"https:\/\/ojen2024.turnbull.co\/fr\/pscar\/a-propos-des-pscar\/historique-et-contexte#breadcrumb\"},\"inLanguage\":\"fr-CA\",\"potentialAction\":[{\"@type\":\"ReadAction\",\"target\":[\"https:\/\/ojen2024.turnbull.co\/fr\/pscar\/a-propos-des-pscar\/historique-et-contexte\"]}]},{\"@type\":\"ImageObject\",\"inLanguage\":\"fr-CA\",\"@id\":\"https:\/\/ojen2024.turnbull.co\/fr\/pscar\/a-propos-des-pscar\/historique-et-contexte#primaryimage\",\"url\":\"https:\/\/ojen2024.turnbull.co\/wp-content\/uploads\/2019\/09\/court-railing-hero-image-3.png\",\"contentUrl\":\"https:\/\/ojen2024.turnbull.co\/wp-content\/uploads\/2019\/09\/court-railing-hero-image-3.png\",\"width\":2133,\"height\":775},{\"@type\":\"BreadcrumbList\",\"@id\":\"https:\/\/ojen2024.turnbull.co\/fr\/pscar\/a-propos-des-pscar\/historique-et-contexte#breadcrumb\",\"itemListElement\":[{\"@type\":\"ListItem\",\"position\":1,\"name\":\"Home\",\"item\":\"https:\/\/ojen2024.turnbull.co\/fr\"},{\"@type\":\"ListItem\",\"position\":2,\"name\":\"Proc\u00e8s simul\u00e9s comp\u00e9titifs ABO\u2011ROEJ pour \u00e9l\u00e8ves du secondaire\",\"item\":\"https:\/\/ojen2024.turnbull.co\/fr\/pscar\"},{\"@type\":\"ListItem\",\"position\":3,\"name\":\"\u00c0 propos des PSCAR\",\"item\":\"https:\/\/ojen2024.turnbull.co\/fr\/pscar\/a-propos-des-pscar\"},{\"@type\":\"ListItem\",\"position\":4,\"name\":\"Historique et contexte\"}]},{\"@type\":\"WebSite\",\"@id\":\"https:\/\/ojen2024.turnbull.co\/en\/#website\",\"url\":\"https:\/\/ojen2024.turnbull.co\/en\/\",\"name\":\"OJEN\",\"description\":\"\",\"potentialAction\":[{\"@type\":\"SearchAction\",\"target\":{\"@type\":\"EntryPoint\",\"urlTemplate\":\"https:\/\/ojen2024.turnbull.co\/en\/?s={search_term_string}\"},\"query-input\":{\"@type\":\"PropertyValueSpecification\",\"valueRequired\":true,\"valueName\":\"search_term_string\"}}],\"inLanguage\":\"fr-CA\"}]}<\/script>\n<!-- \/ Yoast SEO plugin. -->","yoast_head_json":{"title":"Historique et contexte - OJEN","robots":{"index":"noindex","follow":"follow","max-snippet":"max-snippet:-1","max-image-preview":"max-image-preview:large","max-video-preview":"max-video-preview:-1"},"og_locale":"fr_CA","og_type":"article","og_title":"Historique et contexte - OJEN","og_description":"En 2014, l\u2019Association du Barreau de l\u2019Ontario (ABO) et le R\u00e9seau ontarien d\u2019\u00e9ducation juridique (ROEJ) ont uni leurs forces afin d\u2019am\u00e9liorer le programme provincial de proc\u00e8s simul\u00e9s. L\u2019ABO offre un programme de proc\u00e8s simul\u00e9s dans les \u00e9coles secondaires de l\u2019Ontario depuis le d\u00e9but des ann\u00e9es 1980. Depuis sa fondation en 2002, le ROEJ t\u00e2che d\u2019\u00e9largir [&hellip;]","og_url":"https:\/\/ojen2024.turnbull.co\/fr\/pscar\/a-propos-des-pscar\/historique-et-contexte","og_site_name":"OJEN","article_publisher":"https:\/\/www.facebook.com\/pages\/OJEN\/252115501467864","article_modified_time":"2025-07-28T14:04:29+00:00","og_image":[{"width":2133,"height":775,"url":"https:\/\/ojen2024.turnbull.co\/wp-content\/uploads\/2019\/09\/court-railing-hero-image-3.png","type":"image\/png"}],"twitter_card":"summary_large_image","twitter_site":"@OJEN_ROEJ","twitter_misc":{"Estimation du temps de lecture":"2 minutes"},"schema":{"@context":"https:\/\/schema.org","@graph":[{"@type":"WebPage","@id":"https:\/\/ojen2024.turnbull.co\/fr\/pscar\/a-propos-des-pscar\/historique-et-contexte","url":"https:\/\/ojen2024.turnbull.co\/fr\/pscar\/a-propos-des-pscar\/historique-et-contexte","name":"Historique et contexte - OJEN","isPartOf":{"@id":"https:\/\/ojen2024.turnbull.co\/en\/#website"},"primaryImageOfPage":{"@id":"https:\/\/ojen2024.turnbull.co\/fr\/pscar\/a-propos-des-pscar\/historique-et-contexte#primaryimage"},"image":{"@id":"https:\/\/ojen2024.turnbull.co\/fr\/pscar\/a-propos-des-pscar\/historique-et-contexte#primaryimage"},"thumbnailUrl":"https:\/\/ojen2024.turnbull.co\/wp-content\/uploads\/2019\/09\/court-railing-hero-image-3.png","datePublished":"2016-10-07T09:41:51+00:00","dateModified":"2025-07-28T14:04:29+00:00","breadcrumb":{"@id":"https:\/\/ojen2024.turnbull.co\/fr\/pscar\/a-propos-des-pscar\/historique-et-contexte#breadcrumb"},"inLanguage":"fr-CA","potentialAction":[{"@type":"ReadAction","target":["https:\/\/ojen2024.turnbull.co\/fr\/pscar\/a-propos-des-pscar\/historique-et-contexte"]}]},{"@type":"ImageObject","inLanguage":"fr-CA","@id":"https:\/\/ojen2024.turnbull.co\/fr\/pscar\/a-propos-des-pscar\/historique-et-contexte#primaryimage","url":"https:\/\/ojen2024.turnbull.co\/wp-content\/uploads\/2019\/09\/court-railing-hero-image-3.png","contentUrl":"https:\/\/ojen2024.turnbull.co\/wp-content\/uploads\/2019\/09\/court-railing-hero-image-3.png","width":2133,"height":775},{"@type":"BreadcrumbList","@id":"https:\/\/ojen2024.turnbull.co\/fr\/pscar\/a-propos-des-pscar\/historique-et-contexte#breadcrumb","itemListElement":[{"@type":"ListItem","position":1,"name":"Home","item":"https:\/\/ojen2024.turnbull.co\/fr"},{"@type":"ListItem","position":2,"name":"Proc\u00e8s simul\u00e9s comp\u00e9titifs ABO\u2011ROEJ pour \u00e9l\u00e8ves du secondaire","item":"https:\/\/ojen2024.turnbull.co\/fr\/pscar"},{"@type":"ListItem","position":3,"name":"\u00c0 propos des PSCAR","item":"https:\/\/ojen2024.turnbull.co\/fr\/pscar\/a-propos-des-pscar"},{"@type":"ListItem","position":4,"name":"Historique et contexte"}]},{"@type":"WebSite","@id":"https:\/\/ojen2024.turnbull.co\/en\/#website","url":"https:\/\/ojen2024.turnbull.co\/en\/","name":"OJEN","description":"","potentialAction":[{"@type":"SearchAction","target":{"@type":"EntryPoint","urlTemplate":"https:\/\/ojen2024.turnbull.co\/en\/?s={search_term_string}"},"query-input":{"@type":"PropertyValueSpecification","valueRequired":true,"valueName":"search_term_string"}}],"inLanguage":"fr-CA"}]}},"_links":{"self":[{"href":"https:\/\/ojen2024.turnbull.co\/fr\/wp-json\/wp\/v2\/pages\/8377"}],"collection":[{"href":"https:\/\/ojen2024.turnbull.co\/fr\/wp-json\/wp\/v2\/pages"}],"about":[{"href":"https:\/\/ojen2024.turnbull.co\/fr\/wp-json\/wp\/v2\/types\/page"}],"author":[{"embeddable":true,"href":"https:\/\/ojen2024.turnbull.co\/fr\/wp-json\/wp\/v2\/users\/4"}],"replies":[{"embeddable":true,"href":"https:\/\/ojen2024.turnbull.co\/fr\/wp-json\/wp\/v2\/comments?post=8377"}],"version-history":[{"count":0,"href":"https:\/\/ojen2024.turnbull.co\/fr\/wp-json\/wp\/v2\/pages\/8377\/revisions"}],"up":[{"embeddable":true,"href":"https:\/\/ojen2024.turnbull.co\/fr\/wp-json\/wp\/v2\/pages\/8373"}],"wp:featuredmedia":[{"embeddable":true,"href":"https:\/\/ojen2024.turnbull.co\/fr\/wp-json\/wp\/v2\/media\/17222"}],"wp:attachment":[{"href":"https:\/\/ojen2024.turnbull.co\/fr\/wp-json\/wp\/v2\/media?parent=8377"}],"curies":[{"name":"wp","href":"https:\/\/api.w.org\/{rel}","templated":true}]}}