{"id":8378,"date":"2016-10-07T09:43:53","date_gmt":"2016-10-07T09:43:53","guid":{"rendered":"http:\/\/ojen.ca\/fr\/oocmt\/about-oocmt\/how-it-works"},"modified":"2025-07-28T10:34:36","modified_gmt":"2025-07-28T14:34:36","slug":"comment-ca-fonctionne","status":"publish","type":"page","link":"https:\/\/ojen2024.turnbull.co\/fr\/pscar\/a-propos-des-pscar\/comment-ca-fonctionne","title":{"rendered":"Comment \u00e7a fonctionne"},"content":{"rendered":"<p><strong>Voici ce dont vous aurez besoin pour participer au PSCAR\u00a0:<\/strong><\/p>\n<ul>\n<li><strong>Entre six et huit \u00e9l\u00e8ves du secondaire, toutes ann\u00e9es confondues, pour constituer votre \u00ab\u2009\u00e9quipe principale\u2009\u00bb.<\/strong> Vous pouvez \u00e9galement recruter trois \u00e9l\u00e8ves rempla\u00e7ants qui se pr\u00e9pareront aux c\u00f4t\u00e9s de l\u2019\u00e9quipe principale et remplaceront des membres de l\u2019\u00e9quipe principale au besoin.<\/li>\n<li><strong>Un\u00b7e enseignant\u00b7e ou membre du personnel scolaire.<\/strong> Si vous \u00eates un\u00b7e \u00e9l\u00e8ve et que vous voulez cr\u00e9er une \u00e9quipe, vous devrez trouver un membre du personnel de votre \u00e9cole qui agira comme point de contact pour les organisateurs du tournoi et qui pourra coordonner les visites de l\u2019avocat\u00b7e-mentor\u00b7e, les autorisations de d\u00e9placement pour les tournois, etc.<\/li>\n<li><strong>Consulter la page de votre r\u00e9gion ou localit\u00e9 <\/strong>pour conna\u00eetre la date de votre tournoi local, d\u00e9terminer si les dates fonctionnent pour votre \u00e9quipe, et conna\u00eetre la date limite pour inscrire votre \u00e9quipe.<\/li>\n<li><strong>Consultez les ressources mises \u00e0 votre disposition sur ce site, surtout le Guide du tournoi, <\/strong>afin de savoir si le PSCAR convient \u00e0 votre \u00e9cole, avant de vous inscrire.<\/li>\n<li><strong>D\u00e9terminer comment le programme pourra \u00eatre r\u00e9alis\u00e9 dans votre \u00e9cole. <\/strong>En g\u00e9n\u00e9ral, une seule \u00e9quipe repr\u00e9sentera votre \u00e9cole. Cependant, avant la comp\u00e9tition interscolaire, plusieurs \u00e9l\u00e8ves pourraient participer \u00e0 un tournoi dans votre propre \u00e9cole. Pour s\u00e9lectionner l\u2019\u00e9quipe qui repr\u00e9sentera votre \u00e9cole, vous pourriez organiser un tournoi entre plusieurs \u00e9quipes de l\u2019\u00e9cole, tenir des auditions, opter pour une combinaison des deux, ou proc\u00e9der autrement, selon ce que votre \u00e9cole aura choisi. <strong>L\u2019\u00e9quipe de l\u2019\u00e9cole peut se composer d\u2019\u00e9l\u00e8ves provenant d\u2019une classe donn\u00e9e ou prendre la forme d\u2019une activit\u00e9 purement parascolaire. <\/strong>Peu importe la formule choisie, les \u00e9quipes devront consacrer du temps \u00e0 se pr\u00e9parer et \u00e0 pratiquer apr\u00e8s l\u2019\u00e9cole.<\/li>\n<\/ul>\n<p><strong>Une fois que votre \u00e9quipe est inscrite, vous devez faire ce qui suit\u00a0:<\/strong><\/p>\n<ul>\n<li><strong>Vous pr\u00e9parer \u00e0 jouer les parties de la Couronne et de la d\u00e9fense dans le sc\u00e9nario officiel.<\/strong> Habituellement, vous devrez jouer les deux parties \u00e0 un moment ou autre et, selon la taille de votre \u00e9quipe, tous les membres de l\u2019\u00e9quipe, ou du moins certains d\u2019entre eux, devront jouer des r\u00f4les dans les deux camps.<\/li>\n<li><strong>D\u00e9cidez qui jouera quel r\u00f4le.<\/strong> Dans chaque camp de l\u2019affaire (la Couronne et la d\u00e9fense), il y a des r\u00f4les pour quatre avocats et deux t\u00e9moins. Gardez \u00e0 l\u2019esprit que l\u2019\u00e9quipe principale peut se composer d\u2019un maximum de huit \u00e9l\u00e8ves, et qu\u2019au moins quelques \u00e9l\u00e8ves devront jouer des r\u00f4les dans les deux camps. Vous pouvez pr\u00e9voir que les membres de l\u2019\u00e9quipe joueront uniquement le r\u00f4le d\u2019avocat ou de t\u00e9moin, ou vous pouvez alterner les \u00e9l\u00e8ves qui jouent ces types de r\u00f4les dans le camp de la Couronne et dans le camp de la d\u00e9fense. Vous devrez indiquer qui jouera chaque r\u00f4le plusieurs semaines avant la date du tournoi, mais <strong>il n\u2019est pas n\u00e9cessaire d\u2019avoir<\/strong> <strong>d\u00e9termin\u00e9 qui jouera quel r\u00f4le, ni m\u00eame qui fera partie de l\u2019\u00e9quipe finale, pour inscrire votre \u00e9quipe au tournoi<\/strong>. Inscrivez-vous d\u2019abord \u2014 si vous avez r\u00e9ellement l\u2019intention de constituer une \u00e9quipe \u2014 et d\u00e9terminez ensuite qui fera partie de l\u2019\u00e9quipe et qui jouera quel r\u00f4le.<\/li>\n<li><strong>Votre \u00e9quipe sera jumel\u00e9e \u00e0 un\u00b7e avocat-mentor\u00b7e de votre r\u00e9gion qui vous aidera \u00e0 vous pr\u00e9parer. <\/strong>Votre avocat-mentor (ou vos avocats-mentors \u2014 certains avocats choisissent de travailler en \u00e9quipe afin de se partager la responsabilit\u00e9) vous aidera \u00e0 am\u00e9liorer vos comp\u00e9tences et \u00e0 perfectionner vos arguments, et vous donnera des conseils sur votre strat\u00e9gie. Selon la date du tournoi local, si vous organisez une comp\u00e9tition au sein de votre \u00e9cole afin de s\u00e9lectionner les membres de l\u2019\u00e9quipe scolaire, il se peut que votre avocat\u2011mentor puisse vous aider avec \u00e7a. Sinon, vous pouvez communiquer avec le ROEJ pour demander qu\u2019un avocat vienne pr\u00e9sider votre tournoi scolaire avant que l\u2019\u00e9quipe scolaire soit jumel\u00e9e \u00e0 un avocat-mentor.<\/li>\n<\/ul>\n<p><strong>Ceci n\u2019est qu\u2019un aper\u00e7u des \u00e9l\u00e9ments cl\u00e9s du processus. Assurez-vous de lire attentivement le<\/strong> <a href=\"https:\/\/ojen.ca\/fr\/download\/pscar-guide-du-tournoi-2024\"><strong>Guide du tournoi<\/strong><\/a><strong> et de consulter toutes les autres<\/strong> <a href=\"https:\/\/ojen.ca\/en\/oocmt\/resources\/help-getting-started\"><strong>ressources<\/strong><\/a><strong> publi\u00e9es sur ce site pour pr\u00e9parer votre tournoi.<\/strong><\/p>\n","protected":false},"excerpt":{"rendered":"<p>Voici ce dont vous aurez besoin pour participer au PSCAR\u00a0: Entre six et huit \u00e9l\u00e8ves du secondaire, toutes ann\u00e9es confondues, pour constituer votre \u00ab\u2009\u00e9quipe principale\u2009\u00bb. Vous pouvez \u00e9galement recruter trois \u00e9l\u00e8ves rempla\u00e7ants qui se pr\u00e9pareront aux c\u00f4t\u00e9s de l\u2019\u00e9quipe principale et remplaceront des membres de l\u2019\u00e9quipe principale au besoin. Un\u00b7e enseignant\u00b7e ou membre du personnel [&hellip;]<\/p>\n","protected":false},"author":4,"featured_media":17222,"parent":8373,"menu_order":0,"comment_status":"closed","ping_status":"closed","template":"template-oocmt-default.php","meta":{"_acf_changed":false,"_eb_attr":"","inline_featured_image":false,"ub_ctt_via":"","footnotes":""},"class_list":["post-8378","page","type-page","status-publish","has-post-thumbnail","hentry"],"acf":[],"featured_image_src":"https:\/\/ojen2024.turnbull.co\/wp-content\/uploads\/2019\/09\/court-railing-hero-image-3.png","yoast_head":"<!-- This site is optimized with the Yoast SEO plugin v25.3 - https:\/\/yoast.com\/wordpress\/plugins\/seo\/ -->\n<title>Comment \u00e7a fonctionne - OJEN<\/title>\n<meta name=\"robots\" content=\"noindex, follow, max-snippet:-1, max-image-preview:large, max-video-preview:-1\" \/>\n<meta property=\"og:locale\" content=\"fr_CA\" \/>\n<meta property=\"og:type\" content=\"article\" \/>\n<meta property=\"og:title\" content=\"Comment \u00e7a fonctionne - OJEN\" \/>\n<meta property=\"og:description\" content=\"Voici ce dont vous aurez besoin pour participer au PSCAR\u00a0: Entre six et huit \u00e9l\u00e8ves du secondaire, toutes ann\u00e9es confondues, pour constituer votre \u00ab\u2009\u00e9quipe principale\u2009\u00bb. Vous pouvez \u00e9galement recruter trois \u00e9l\u00e8ves rempla\u00e7ants qui se pr\u00e9pareront aux c\u00f4t\u00e9s de l\u2019\u00e9quipe principale et remplaceront des membres de l\u2019\u00e9quipe principale au besoin. Un\u00b7e enseignant\u00b7e ou membre du personnel [&hellip;]\" \/>\n<meta property=\"og:url\" content=\"https:\/\/ojen2024.turnbull.co\/fr\/pscar\/a-propos-des-pscar\/comment-ca-fonctionne\" \/>\n<meta property=\"og:site_name\" content=\"OJEN\" \/>\n<meta property=\"article:publisher\" content=\"https:\/\/www.facebook.com\/pages\/OJEN\/252115501467864\" \/>\n<meta property=\"article:modified_time\" content=\"2025-07-28T14:34:36+00:00\" \/>\n<meta property=\"og:image\" content=\"https:\/\/ojen2024.turnbull.co\/wp-content\/uploads\/2019\/09\/court-railing-hero-image-3.png\" \/>\n\t<meta property=\"og:image:width\" content=\"2133\" \/>\n\t<meta property=\"og:image:height\" content=\"775\" \/>\n\t<meta property=\"og:image:type\" content=\"image\/png\" \/>\n<meta name=\"twitter:card\" content=\"summary_large_image\" \/>\n<meta name=\"twitter:site\" content=\"@OJEN_ROEJ\" \/>\n<meta name=\"twitter:label1\" content=\"Estimation du temps de lecture\" \/>\n\t<meta name=\"twitter:data1\" content=\"4 minutes\" \/>\n<script type=\"application\/ld+json\" class=\"yoast-schema-graph\">{\"@context\":\"https:\/\/schema.org\",\"@graph\":[{\"@type\":\"WebPage\",\"@id\":\"https:\/\/ojen2024.turnbull.co\/fr\/pscar\/a-propos-des-pscar\/comment-ca-fonctionne\",\"url\":\"https:\/\/ojen2024.turnbull.co\/fr\/pscar\/a-propos-des-pscar\/comment-ca-fonctionne\",\"name\":\"Comment \u00e7a fonctionne - OJEN\",\"isPartOf\":{\"@id\":\"https:\/\/ojen2024.turnbull.co\/en\/#website\"},\"primaryImageOfPage\":{\"@id\":\"https:\/\/ojen2024.turnbull.co\/fr\/pscar\/a-propos-des-pscar\/comment-ca-fonctionne#primaryimage\"},\"image\":{\"@id\":\"https:\/\/ojen2024.turnbull.co\/fr\/pscar\/a-propos-des-pscar\/comment-ca-fonctionne#primaryimage\"},\"thumbnailUrl\":\"https:\/\/ojen2024.turnbull.co\/wp-content\/uploads\/2019\/09\/court-railing-hero-image-3.png\",\"datePublished\":\"2016-10-07T09:43:53+00:00\",\"dateModified\":\"2025-07-28T14:34:36+00:00\",\"breadcrumb\":{\"@id\":\"https:\/\/ojen2024.turnbull.co\/fr\/pscar\/a-propos-des-pscar\/comment-ca-fonctionne#breadcrumb\"},\"inLanguage\":\"fr-CA\",\"potentialAction\":[{\"@type\":\"ReadAction\",\"target\":[\"https:\/\/ojen2024.turnbull.co\/fr\/pscar\/a-propos-des-pscar\/comment-ca-fonctionne\"]}]},{\"@type\":\"ImageObject\",\"inLanguage\":\"fr-CA\",\"@id\":\"https:\/\/ojen2024.turnbull.co\/fr\/pscar\/a-propos-des-pscar\/comment-ca-fonctionne#primaryimage\",\"url\":\"https:\/\/ojen2024.turnbull.co\/wp-content\/uploads\/2019\/09\/court-railing-hero-image-3.png\",\"contentUrl\":\"https:\/\/ojen2024.turnbull.co\/wp-content\/uploads\/2019\/09\/court-railing-hero-image-3.png\",\"width\":2133,\"height\":775},{\"@type\":\"BreadcrumbList\",\"@id\":\"https:\/\/ojen2024.turnbull.co\/fr\/pscar\/a-propos-des-pscar\/comment-ca-fonctionne#breadcrumb\",\"itemListElement\":[{\"@type\":\"ListItem\",\"position\":1,\"name\":\"Home\",\"item\":\"https:\/\/ojen2024.turnbull.co\/fr\"},{\"@type\":\"ListItem\",\"position\":2,\"name\":\"Proc\u00e8s simul\u00e9s comp\u00e9titifs ABO\u2011ROEJ pour \u00e9l\u00e8ves du secondaire\",\"item\":\"https:\/\/ojen2024.turnbull.co\/fr\/pscar\"},{\"@type\":\"ListItem\",\"position\":3,\"name\":\"\u00c0 propos des PSCAR\",\"item\":\"https:\/\/ojen2024.turnbull.co\/fr\/pscar\/a-propos-des-pscar\"},{\"@type\":\"ListItem\",\"position\":4,\"name\":\"Comment \u00e7a fonctionne\"}]},{\"@type\":\"WebSite\",\"@id\":\"https:\/\/ojen2024.turnbull.co\/en\/#website\",\"url\":\"https:\/\/ojen2024.turnbull.co\/en\/\",\"name\":\"OJEN\",\"description\":\"\",\"potentialAction\":[{\"@type\":\"SearchAction\",\"target\":{\"@type\":\"EntryPoint\",\"urlTemplate\":\"https:\/\/ojen2024.turnbull.co\/en\/?s={search_term_string}\"},\"query-input\":{\"@type\":\"PropertyValueSpecification\",\"valueRequired\":true,\"valueName\":\"search_term_string\"}}],\"inLanguage\":\"fr-CA\"}]}<\/script>\n<!-- \/ Yoast SEO plugin. -->","yoast_head_json":{"title":"Comment \u00e7a fonctionne - OJEN","robots":{"index":"noindex","follow":"follow","max-snippet":"max-snippet:-1","max-image-preview":"max-image-preview:large","max-video-preview":"max-video-preview:-1"},"og_locale":"fr_CA","og_type":"article","og_title":"Comment \u00e7a fonctionne - OJEN","og_description":"Voici ce dont vous aurez besoin pour participer au PSCAR\u00a0: Entre six et huit \u00e9l\u00e8ves du secondaire, toutes ann\u00e9es confondues, pour constituer votre \u00ab\u2009\u00e9quipe principale\u2009\u00bb. Vous pouvez \u00e9galement recruter trois \u00e9l\u00e8ves rempla\u00e7ants qui se pr\u00e9pareront aux c\u00f4t\u00e9s de l\u2019\u00e9quipe principale et remplaceront des membres de l\u2019\u00e9quipe principale au besoin. Un\u00b7e enseignant\u00b7e ou membre du personnel [&hellip;]","og_url":"https:\/\/ojen2024.turnbull.co\/fr\/pscar\/a-propos-des-pscar\/comment-ca-fonctionne","og_site_name":"OJEN","article_publisher":"https:\/\/www.facebook.com\/pages\/OJEN\/252115501467864","article_modified_time":"2025-07-28T14:34:36+00:00","og_image":[{"width":2133,"height":775,"url":"https:\/\/ojen2024.turnbull.co\/wp-content\/uploads\/2019\/09\/court-railing-hero-image-3.png","type":"image\/png"}],"twitter_card":"summary_large_image","twitter_site":"@OJEN_ROEJ","twitter_misc":{"Estimation du temps de lecture":"4 minutes"},"schema":{"@context":"https:\/\/schema.org","@graph":[{"@type":"WebPage","@id":"https:\/\/ojen2024.turnbull.co\/fr\/pscar\/a-propos-des-pscar\/comment-ca-fonctionne","url":"https:\/\/ojen2024.turnbull.co\/fr\/pscar\/a-propos-des-pscar\/comment-ca-fonctionne","name":"Comment \u00e7a fonctionne - OJEN","isPartOf":{"@id":"https:\/\/ojen2024.turnbull.co\/en\/#website"},"primaryImageOfPage":{"@id":"https:\/\/ojen2024.turnbull.co\/fr\/pscar\/a-propos-des-pscar\/comment-ca-fonctionne#primaryimage"},"image":{"@id":"https:\/\/ojen2024.turnbull.co\/fr\/pscar\/a-propos-des-pscar\/comment-ca-fonctionne#primaryimage"},"thumbnailUrl":"https:\/\/ojen2024.turnbull.co\/wp-content\/uploads\/2019\/09\/court-railing-hero-image-3.png","datePublished":"2016-10-07T09:43:53+00:00","dateModified":"2025-07-28T14:34:36+00:00","breadcrumb":{"@id":"https:\/\/ojen2024.turnbull.co\/fr\/pscar\/a-propos-des-pscar\/comment-ca-fonctionne#breadcrumb"},"inLanguage":"fr-CA","potentialAction":[{"@type":"ReadAction","target":["https:\/\/ojen2024.turnbull.co\/fr\/pscar\/a-propos-des-pscar\/comment-ca-fonctionne"]}]},{"@type":"ImageObject","inLanguage":"fr-CA","@id":"https:\/\/ojen2024.turnbull.co\/fr\/pscar\/a-propos-des-pscar\/comment-ca-fonctionne#primaryimage","url":"https:\/\/ojen2024.turnbull.co\/wp-content\/uploads\/2019\/09\/court-railing-hero-image-3.png","contentUrl":"https:\/\/ojen2024.turnbull.co\/wp-content\/uploads\/2019\/09\/court-railing-hero-image-3.png","width":2133,"height":775},{"@type":"BreadcrumbList","@id":"https:\/\/ojen2024.turnbull.co\/fr\/pscar\/a-propos-des-pscar\/comment-ca-fonctionne#breadcrumb","itemListElement":[{"@type":"ListItem","position":1,"name":"Home","item":"https:\/\/ojen2024.turnbull.co\/fr"},{"@type":"ListItem","position":2,"name":"Proc\u00e8s simul\u00e9s comp\u00e9titifs ABO\u2011ROEJ pour \u00e9l\u00e8ves du secondaire","item":"https:\/\/ojen2024.turnbull.co\/fr\/pscar"},{"@type":"ListItem","position":3,"name":"\u00c0 propos des PSCAR","item":"https:\/\/ojen2024.turnbull.co\/fr\/pscar\/a-propos-des-pscar"},{"@type":"ListItem","position":4,"name":"Comment \u00e7a fonctionne"}]},{"@type":"WebSite","@id":"https:\/\/ojen2024.turnbull.co\/en\/#website","url":"https:\/\/ojen2024.turnbull.co\/en\/","name":"OJEN","description":"","potentialAction":[{"@type":"SearchAction","target":{"@type":"EntryPoint","urlTemplate":"https:\/\/ojen2024.turnbull.co\/en\/?s={search_term_string}"},"query-input":{"@type":"PropertyValueSpecification","valueRequired":true,"valueName":"search_term_string"}}],"inLanguage":"fr-CA"}]}},"_links":{"self":[{"href":"https:\/\/ojen2024.turnbull.co\/fr\/wp-json\/wp\/v2\/pages\/8378"}],"collection":[{"href":"https:\/\/ojen2024.turnbull.co\/fr\/wp-json\/wp\/v2\/pages"}],"about":[{"href":"https:\/\/ojen2024.turnbull.co\/fr\/wp-json\/wp\/v2\/types\/page"}],"author":[{"embeddable":true,"href":"https:\/\/ojen2024.turnbull.co\/fr\/wp-json\/wp\/v2\/users\/4"}],"replies":[{"embeddable":true,"href":"https:\/\/ojen2024.turnbull.co\/fr\/wp-json\/wp\/v2\/comments?post=8378"}],"version-history":[{"count":0,"href":"https:\/\/ojen2024.turnbull.co\/fr\/wp-json\/wp\/v2\/pages\/8378\/revisions"}],"up":[{"embeddable":true,"href":"https:\/\/ojen2024.turnbull.co\/fr\/wp-json\/wp\/v2\/pages\/8373"}],"wp:featuredmedia":[{"embeddable":true,"href":"https:\/\/ojen2024.turnbull.co\/fr\/wp-json\/wp\/v2\/media\/17222"}],"wp:attachment":[{"href":"https:\/\/ojen2024.turnbull.co\/fr\/wp-json\/wp\/v2\/media?parent=8378"}],"curies":[{"name":"wp","href":"https:\/\/api.w.org\/{rel}","templated":true}]}}