{"id":8381,"date":"2016-10-07T12:35:53","date_gmt":"2016-10-07T12:35:53","guid":{"rendered":"http:\/\/ojen.ca\/fr\/oocmt\/get-involved\/volunteer"},"modified":"2025-07-29T20:05:50","modified_gmt":"2025-07-30T00:05:50","slug":"se-porter-benevole","status":"publish","type":"page","link":"https:\/\/ojen2024.turnbull.co\/fr\/pscar\/se-porter-benevole","title":{"rendered":"B\u00e9n\u00e9voles"},"content":{"rendered":"<p>Si vous \u00eates avocat\u00b7e, vous pouvez vous porter volontaire pour <strong>encadrer une \u00e9quipe <\/strong>ou <strong>agir<\/strong> comme <strong>juge lors d\u2019un proc\u00e8s simul\u00e9. <\/strong>Selon la disponibilit\u00e9 des avocats et l\u2019exp\u00e9rience de certains \u00e9tudiants en droit ou stagiaires en droit, il arrive que des \u00e9tudiants jouent le r\u00f4le de mentors ou de juges. De plus, toute personne peut se porter volontaire pour aider avec d\u2019autres t\u00e2ches, notamment en participant \u00e0 l\u2019organisation d\u2019un proc\u00e8s simul\u00e9. Vous pouvez voir les dates des tournois locaux en cliquant sur l\u2019onglet \u00ab\u2009R\u00e9gions\u2009\u00bb ci-dessus.<\/p>\n<p>Il y a plusieurs fa\u00e7ons de participer comme b\u00e9n\u00e9vole\u00a0:<\/p>\n<p><strong><u>Mentor\u00b7e pour l\u2019\u00e9quipe de proc\u00e8s simul\u00e9<\/u><\/strong><\/p>\n<p>En tant que mentor\u00b7e, vous devrez rencontrer une \u00e9quipe d\u2019\u00e9l\u00e8ves \u00e0 leur \u00e9cole pour les aider \u00e0 se pr\u00e9parer et \u00e0 peaufiner leur cause avant le tournoi. Vous devrez pr\u00e9voir au moins quatre rencontres d\u2019une heure. Les rencontres seront planifi\u00e9es avec l\u2019enseignant\u00b7e et auront g\u00e9n\u00e9ralement lieu apr\u00e8s l\u2019\u00e9cole (apr\u00e8s 15\u00a0h). Avant de vous jumeler \u00e0 une \u00e9quipe, nous nous assurerons que vous pourrez les rencontrer \u00e0 l\u2019heure souhait\u00e9e. Vous devrez \u00eatre disponible pour rencontrer l\u2019\u00e9quipe au plus tard \u00e0 16\u00a0h. Si vous ne pouvez jamais quitter le travail avant 17\u00a0h, il ne vous sera pas possible d\u2019encadrer une \u00e9quipe.<\/p>\n<p>Vous pouvez \u00e9galement vous porter volontaire comme co-mentor\u00b7e et partager cette t\u00e2che avec un\u00b7e coll\u00e8gue ou avec un autre volontaire recrut\u00e9 par les organisateurs.<\/p>\n<p>En r\u00e8gle g\u00e9n\u00e9rale, les mentor\u00b7es sont des avocat\u00b7es qui ont une certaine exp\u00e9rience en salle d\u2019audience, peu importe le domaine du droit.<\/p>\n<p>Pour en savoir plus, voir <a href=\"https:\/\/ojen.ca\/fr\/download\/conseils-pour-dencadrement-2025\/\">Conseils pour les avocats-mentors du PSCAR<\/a>.<\/p>\n<p><strong><u>Juge de proc\u00e8s simul\u00e9<\/u><\/strong><\/p>\n<p>En tant que juge de proc\u00e8s simul\u00e9, vous pr\u00e9siderez le proc\u00e8s et \u00e9valuerez la performance des \u00e9quipes qui s\u2019affronteront lors des proc\u00e8s simul\u00e9s. Avant l\u2019\u00e9v\u00e9nement, vous recevrez le sc\u00e9nario de cas et le guide du juge afin de vous familiariser avec les r\u00e8gles et votre r\u00f4le. En g\u00e9n\u00e9ral, vous si\u00e9gerez avec un\u00b7e ou deux autres avocat\u00b7es, et l\u2019un\u00b7e de ces avocats pratiquera g\u00e9n\u00e9ralement le droit criminel.<\/p>\n<p>Il n\u2019est pas n\u00e9cessaire d\u2019\u00eatre un\u00b7e avocat\u00b7e plaidant\u00b7e pour jouer le r\u00f4le de juge, \u00e0 condition que vous soyez \u00e0 l\u2019aise d\u2019\u00e9valuer la performance des \u00e9l\u00e8ves.<\/p>\n<p>Pour en savoir plus, voir <a href=\"https:\/\/ojen.ca\/fr\/download\/pscar-guide-du-juge-2025\/\">Guide \u00e0 l\u2019intention des juges du PSCAR<\/a>.<\/p>\n<p><strong><u>Soutenir l\u2019organisation d\u2019un tournoi de proc\u00e8s simul\u00e9s<\/u><\/strong><\/p>\n<p>Dans certaines r\u00e9gions, nous pourrions \u00e9galement avoir besoin d\u2019aide pour organiser l\u2019\u00e9v\u00e9nement\u00a0: communiquer avec le personnel du palais de justice, obtenir des commandites, logistique g\u00e9n\u00e9rale, etc.<\/p>\n<p><strong><u>Nous joindre<\/u><\/strong><\/p>\n<p>Veuillez envoyer vos questions \u00e0 oocmt@ojen.ca.<\/p>\n","protected":false},"excerpt":{"rendered":"<p>Si vous \u00eates avocat\u00b7e, vous pouvez vous porter volontaire pour encadrer une \u00e9quipe ou agir comme juge lors d\u2019un proc\u00e8s simul\u00e9. Selon la disponibilit\u00e9 des avocats et l\u2019exp\u00e9rience de certains \u00e9tudiants en droit ou stagiaires en droit, il arrive que des \u00e9tudiants jouent le r\u00f4le de mentors ou de juges. De plus, toute personne peut [&hellip;]<\/p>\n","protected":false},"author":4,"featured_media":17273,"parent":30817,"menu_order":0,"comment_status":"closed","ping_status":"closed","template":"template-oocmt-default.php","meta":{"_acf_changed":false,"_eb_attr":"","inline_featured_image":false,"ub_ctt_via":"","footnotes":""},"class_list":["post-8381","page","type-page","status-publish","has-post-thumbnail","hentry"],"acf":[],"featured_image_src":"https:\/\/ojen2024.turnbull.co\/wp-content\/uploads\/2018\/06\/Court-benches-stock-picture-2.jpg","yoast_head":"<!-- This site is optimized with the Yoast SEO plugin v25.3 - https:\/\/yoast.com\/wordpress\/plugins\/seo\/ -->\n<title>B\u00e9n\u00e9voles - OJEN<\/title>\n<meta name=\"robots\" content=\"noindex, follow, max-snippet:-1, max-image-preview:large, max-video-preview:-1\" \/>\n<meta property=\"og:locale\" content=\"fr_CA\" \/>\n<meta property=\"og:type\" content=\"article\" \/>\n<meta property=\"og:title\" content=\"B\u00e9n\u00e9voles - OJEN\" \/>\n<meta property=\"og:description\" content=\"Si vous \u00eates avocat\u00b7e, vous pouvez vous porter volontaire pour encadrer une \u00e9quipe ou agir comme juge lors d\u2019un proc\u00e8s simul\u00e9. Selon la disponibilit\u00e9 des avocats et l\u2019exp\u00e9rience de certains \u00e9tudiants en droit ou stagiaires en droit, il arrive que des \u00e9tudiants jouent le r\u00f4le de mentors ou de juges. De plus, toute personne peut [&hellip;]\" \/>\n<meta property=\"og:url\" content=\"https:\/\/ojen2024.turnbull.co\/fr\/pscar\/se-porter-benevole\" \/>\n<meta property=\"og:site_name\" content=\"OJEN\" \/>\n<meta property=\"article:publisher\" content=\"https:\/\/www.facebook.com\/pages\/OJEN\/252115501467864\" \/>\n<meta property=\"article:modified_time\" content=\"2025-07-30T00:05:50+00:00\" \/>\n<meta property=\"og:image\" content=\"https:\/\/ojen2024.turnbull.co\/wp-content\/uploads\/2018\/06\/Court-benches-stock-picture-2.jpg\" \/>\n\t<meta property=\"og:image:width\" content=\"1600\" \/>\n\t<meta property=\"og:image:height\" content=\"580\" \/>\n\t<meta property=\"og:image:type\" content=\"image\/jpeg\" \/>\n<meta name=\"twitter:card\" content=\"summary_large_image\" \/>\n<meta name=\"twitter:site\" content=\"@OJEN_ROEJ\" \/>\n<meta name=\"twitter:label1\" content=\"Estimation du temps de lecture\" \/>\n\t<meta name=\"twitter:data1\" content=\"2 minutes\" \/>\n<script type=\"application\/ld+json\" class=\"yoast-schema-graph\">{\"@context\":\"https:\/\/schema.org\",\"@graph\":[{\"@type\":\"WebPage\",\"@id\":\"https:\/\/ojen2024.turnbull.co\/fr\/pscar\/se-porter-benevole\",\"url\":\"https:\/\/ojen2024.turnbull.co\/fr\/pscar\/se-porter-benevole\",\"name\":\"B\u00e9n\u00e9voles - OJEN\",\"isPartOf\":{\"@id\":\"https:\/\/ojen2024.turnbull.co\/en\/#website\"},\"primaryImageOfPage\":{\"@id\":\"https:\/\/ojen2024.turnbull.co\/fr\/pscar\/se-porter-benevole#primaryimage\"},\"image\":{\"@id\":\"https:\/\/ojen2024.turnbull.co\/fr\/pscar\/se-porter-benevole#primaryimage\"},\"thumbnailUrl\":\"https:\/\/ojen2024.turnbull.co\/wp-content\/uploads\/2018\/06\/Court-benches-stock-picture-2.jpg\",\"datePublished\":\"2016-10-07T12:35:53+00:00\",\"dateModified\":\"2025-07-30T00:05:50+00:00\",\"breadcrumb\":{\"@id\":\"https:\/\/ojen2024.turnbull.co\/fr\/pscar\/se-porter-benevole#breadcrumb\"},\"inLanguage\":\"fr-CA\",\"potentialAction\":[{\"@type\":\"ReadAction\",\"target\":[\"https:\/\/ojen2024.turnbull.co\/fr\/pscar\/se-porter-benevole\"]}]},{\"@type\":\"ImageObject\",\"inLanguage\":\"fr-CA\",\"@id\":\"https:\/\/ojen2024.turnbull.co\/fr\/pscar\/se-porter-benevole#primaryimage\",\"url\":\"https:\/\/ojen2024.turnbull.co\/wp-content\/uploads\/2018\/06\/Court-benches-stock-picture-2.jpg\",\"contentUrl\":\"https:\/\/ojen2024.turnbull.co\/wp-content\/uploads\/2018\/06\/Court-benches-stock-picture-2.jpg\",\"width\":1600,\"height\":580},{\"@type\":\"BreadcrumbList\",\"@id\":\"https:\/\/ojen2024.turnbull.co\/fr\/pscar\/se-porter-benevole#breadcrumb\",\"itemListElement\":[{\"@type\":\"ListItem\",\"position\":1,\"name\":\"Home\",\"item\":\"https:\/\/ojen2024.turnbull.co\/fr\"},{\"@type\":\"ListItem\",\"position\":2,\"name\":\"Proc\u00e8s simul\u00e9s comp\u00e9titifs ABO\u2011ROEJ pour \u00e9l\u00e8ves du secondaire\",\"item\":\"https:\/\/ojen2024.turnbull.co\/fr\/pscar\"},{\"@type\":\"ListItem\",\"position\":3,\"name\":\"B\u00e9n\u00e9voles\"}]},{\"@type\":\"WebSite\",\"@id\":\"https:\/\/ojen2024.turnbull.co\/en\/#website\",\"url\":\"https:\/\/ojen2024.turnbull.co\/en\/\",\"name\":\"OJEN\",\"description\":\"\",\"potentialAction\":[{\"@type\":\"SearchAction\",\"target\":{\"@type\":\"EntryPoint\",\"urlTemplate\":\"https:\/\/ojen2024.turnbull.co\/en\/?s={search_term_string}\"},\"query-input\":{\"@type\":\"PropertyValueSpecification\",\"valueRequired\":true,\"valueName\":\"search_term_string\"}}],\"inLanguage\":\"fr-CA\"}]}<\/script>\n<!-- \/ Yoast SEO plugin. -->","yoast_head_json":{"title":"B\u00e9n\u00e9voles - OJEN","robots":{"index":"noindex","follow":"follow","max-snippet":"max-snippet:-1","max-image-preview":"max-image-preview:large","max-video-preview":"max-video-preview:-1"},"og_locale":"fr_CA","og_type":"article","og_title":"B\u00e9n\u00e9voles - OJEN","og_description":"Si vous \u00eates avocat\u00b7e, vous pouvez vous porter volontaire pour encadrer une \u00e9quipe ou agir comme juge lors d\u2019un proc\u00e8s simul\u00e9. Selon la disponibilit\u00e9 des avocats et l\u2019exp\u00e9rience de certains \u00e9tudiants en droit ou stagiaires en droit, il arrive que des \u00e9tudiants jouent le r\u00f4le de mentors ou de juges. De plus, toute personne peut [&hellip;]","og_url":"https:\/\/ojen2024.turnbull.co\/fr\/pscar\/se-porter-benevole","og_site_name":"OJEN","article_publisher":"https:\/\/www.facebook.com\/pages\/OJEN\/252115501467864","article_modified_time":"2025-07-30T00:05:50+00:00","og_image":[{"width":1600,"height":580,"url":"https:\/\/ojen2024.turnbull.co\/wp-content\/uploads\/2018\/06\/Court-benches-stock-picture-2.jpg","type":"image\/jpeg"}],"twitter_card":"summary_large_image","twitter_site":"@OJEN_ROEJ","twitter_misc":{"Estimation du temps de lecture":"2 minutes"},"schema":{"@context":"https:\/\/schema.org","@graph":[{"@type":"WebPage","@id":"https:\/\/ojen2024.turnbull.co\/fr\/pscar\/se-porter-benevole","url":"https:\/\/ojen2024.turnbull.co\/fr\/pscar\/se-porter-benevole","name":"B\u00e9n\u00e9voles - OJEN","isPartOf":{"@id":"https:\/\/ojen2024.turnbull.co\/en\/#website"},"primaryImageOfPage":{"@id":"https:\/\/ojen2024.turnbull.co\/fr\/pscar\/se-porter-benevole#primaryimage"},"image":{"@id":"https:\/\/ojen2024.turnbull.co\/fr\/pscar\/se-porter-benevole#primaryimage"},"thumbnailUrl":"https:\/\/ojen2024.turnbull.co\/wp-content\/uploads\/2018\/06\/Court-benches-stock-picture-2.jpg","datePublished":"2016-10-07T12:35:53+00:00","dateModified":"2025-07-30T00:05:50+00:00","breadcrumb":{"@id":"https:\/\/ojen2024.turnbull.co\/fr\/pscar\/se-porter-benevole#breadcrumb"},"inLanguage":"fr-CA","potentialAction":[{"@type":"ReadAction","target":["https:\/\/ojen2024.turnbull.co\/fr\/pscar\/se-porter-benevole"]}]},{"@type":"ImageObject","inLanguage":"fr-CA","@id":"https:\/\/ojen2024.turnbull.co\/fr\/pscar\/se-porter-benevole#primaryimage","url":"https:\/\/ojen2024.turnbull.co\/wp-content\/uploads\/2018\/06\/Court-benches-stock-picture-2.jpg","contentUrl":"https:\/\/ojen2024.turnbull.co\/wp-content\/uploads\/2018\/06\/Court-benches-stock-picture-2.jpg","width":1600,"height":580},{"@type":"BreadcrumbList","@id":"https:\/\/ojen2024.turnbull.co\/fr\/pscar\/se-porter-benevole#breadcrumb","itemListElement":[{"@type":"ListItem","position":1,"name":"Home","item":"https:\/\/ojen2024.turnbull.co\/fr"},{"@type":"ListItem","position":2,"name":"Proc\u00e8s simul\u00e9s comp\u00e9titifs ABO\u2011ROEJ pour \u00e9l\u00e8ves du secondaire","item":"https:\/\/ojen2024.turnbull.co\/fr\/pscar"},{"@type":"ListItem","position":3,"name":"B\u00e9n\u00e9voles"}]},{"@type":"WebSite","@id":"https:\/\/ojen2024.turnbull.co\/en\/#website","url":"https:\/\/ojen2024.turnbull.co\/en\/","name":"OJEN","description":"","potentialAction":[{"@type":"SearchAction","target":{"@type":"EntryPoint","urlTemplate":"https:\/\/ojen2024.turnbull.co\/en\/?s={search_term_string}"},"query-input":{"@type":"PropertyValueSpecification","valueRequired":true,"valueName":"search_term_string"}}],"inLanguage":"fr-CA"}]}},"_links":{"self":[{"href":"https:\/\/ojen2024.turnbull.co\/fr\/wp-json\/wp\/v2\/pages\/8381"}],"collection":[{"href":"https:\/\/ojen2024.turnbull.co\/fr\/wp-json\/wp\/v2\/pages"}],"about":[{"href":"https:\/\/ojen2024.turnbull.co\/fr\/wp-json\/wp\/v2\/types\/page"}],"author":[{"embeddable":true,"href":"https:\/\/ojen2024.turnbull.co\/fr\/wp-json\/wp\/v2\/users\/4"}],"replies":[{"embeddable":true,"href":"https:\/\/ojen2024.turnbull.co\/fr\/wp-json\/wp\/v2\/comments?post=8381"}],"version-history":[{"count":0,"href":"https:\/\/ojen2024.turnbull.co\/fr\/wp-json\/wp\/v2\/pages\/8381\/revisions"}],"up":[{"embeddable":true,"href":"https:\/\/ojen2024.turnbull.co\/fr\/wp-json\/wp\/v2\/pages\/30817"}],"wp:featuredmedia":[{"embeddable":true,"href":"https:\/\/ojen2024.turnbull.co\/fr\/wp-json\/wp\/v2\/media\/17273"}],"wp:attachment":[{"href":"https:\/\/ojen2024.turnbull.co\/fr\/wp-json\/wp\/v2\/media?parent=8381"}],"curies":[{"name":"wp","href":"https:\/\/api.w.org\/{rel}","templated":true}]}}