{"id":8382,"date":"2016-06-18T19:29:40","date_gmt":"2016-06-18T19:29:40","guid":{"rendered":"http:\/\/ojen.ca\/fr\/oocmt\/photos"},"modified":"2025-07-29T19:14:19","modified_gmt":"2025-07-29T23:14:19","slug":"photos","status":"publish","type":"page","link":"https:\/\/ojen2024.turnbull.co\/fr\/pscar\/photos","title":{"rendered":"D\u00e9fi photo du PSCAR"},"content":{"rendered":"<h2><strong>Le d\u00e9fi<\/strong><\/h2>\n<p>Soumettez une photo de votre \u00e9quipe que nous publierons sur nos m\u00e9dias sociaux! Il n\u2019y a pas de th\u00e8me en particulier, mais la plupart des photos qui nous ont \u00e9t\u00e9 soumises dans le pass\u00e9 \u00e9taient soit des photos de type \u00ab\u2009cabinet d\u2019avocats s\u00e9rieux comme on voit \u00e0 la t\u00e9l\u00e9\u2009\u00bb, soit des photos repr\u00e9sentant la sc\u00e8ne de crime de l\u2019affaire faisant l\u2019objet du proc\u00e8s. Laissez libre cours \u00e0 votre imagination!<\/p>\n<p>Votre photo sera publi\u00e9e sur notre page <a href=\"https:\/\/www.instagram.com\/ojen_roej\/\">Instagram<\/a> et possiblement sur nos pages <a href=\"https:\/\/twitter.com\/OJEN_ROEJ\">Twitter<\/a>, <a href=\"https:\/\/www.linkedin.com\/company\/ontario-justice-education-network\/\">LinkedIn<\/a> et <a href=\"https:\/\/www.facebook.com\/OJENROEJ\">Facebook<\/a>. Assurez-vous donc de soumettre vos formulaires d\u2019autorisation \u00e0 la publication d\u2019images avant de soumettre votre photo ou en m\u00eame temps. Nous vous invitons \u00e0 visiter nos pages sur les m\u00e9dias sociaux pour voir toutes les photos qui nous ont \u00e9t\u00e9 envoy\u00e9es.<\/p>\n<h2><strong>Comment soumettre votre photo<\/strong><\/h2>\n<p>Les \u00e9quipes peuvent envoyer leurs photos \u00e0 OOCMT@ojen.ca.<\/p>\n<p>N\u2019oubliez pas d\u2019indiquer le nom de votre \u00e9cole!<\/p>\n<p><strong>Date limite\u00a0: <\/strong>La veille de votre tournoi afin que votre photo soit prise en compte pour le d\u00e9fi. Les photos soumises le jour m\u00eame pourraient \u00eatre accept\u00e9es, selon les circonstances.<\/p>\n","protected":false},"excerpt":{"rendered":"<p>Le d\u00e9fi Soumettez une photo de votre \u00e9quipe que nous publierons sur nos m\u00e9dias sociaux! Il n\u2019y a pas de th\u00e8me en particulier, mais la plupart des photos qui nous ont \u00e9t\u00e9 soumises dans le pass\u00e9 \u00e9taient soit des photos de type \u00ab\u2009cabinet d\u2019avocats s\u00e9rieux comme on voit \u00e0 la t\u00e9l\u00e9\u2009\u00bb, soit des photos repr\u00e9sentant [&hellip;]<\/p>\n","protected":false},"author":5,"featured_media":17273,"parent":30817,"menu_order":0,"comment_status":"closed","ping_status":"closed","template":"template-oocmt-default.php","meta":{"_acf_changed":false,"_eb_attr":"","inline_featured_image":false,"ub_ctt_via":"","footnotes":""},"class_list":["post-8382","page","type-page","status-publish","has-post-thumbnail","hentry"],"acf":[],"featured_image_src":"https:\/\/ojen2024.turnbull.co\/wp-content\/uploads\/2018\/06\/Court-benches-stock-picture-2.jpg","yoast_head":"<!-- This site is optimized with the Yoast SEO plugin v25.3 - https:\/\/yoast.com\/wordpress\/plugins\/seo\/ -->\n<title>D\u00e9fi photo du PSCAR - OJEN<\/title>\n<meta name=\"robots\" content=\"noindex, follow, max-snippet:-1, max-image-preview:large, max-video-preview:-1\" \/>\n<meta property=\"og:locale\" content=\"fr_CA\" \/>\n<meta property=\"og:type\" content=\"article\" \/>\n<meta property=\"og:title\" content=\"D\u00e9fi photo du PSCAR - OJEN\" \/>\n<meta property=\"og:description\" content=\"Le d\u00e9fi Soumettez une photo de votre \u00e9quipe que nous publierons sur nos m\u00e9dias sociaux! Il n\u2019y a pas de th\u00e8me en particulier, mais la plupart des photos qui nous ont \u00e9t\u00e9 soumises dans le pass\u00e9 \u00e9taient soit des photos de type \u00ab\u2009cabinet d\u2019avocats s\u00e9rieux comme on voit \u00e0 la t\u00e9l\u00e9\u2009\u00bb, soit des photos repr\u00e9sentant [&hellip;]\" \/>\n<meta property=\"og:url\" content=\"https:\/\/ojen2024.turnbull.co\/fr\/pscar\/photos\" \/>\n<meta property=\"og:site_name\" content=\"OJEN\" \/>\n<meta property=\"article:publisher\" content=\"https:\/\/www.facebook.com\/pages\/OJEN\/252115501467864\" \/>\n<meta property=\"article:modified_time\" content=\"2025-07-29T23:14:19+00:00\" \/>\n<meta property=\"og:image\" content=\"https:\/\/ojen2024.turnbull.co\/wp-content\/uploads\/2018\/06\/Court-benches-stock-picture-2.jpg\" \/>\n\t<meta property=\"og:image:width\" content=\"1600\" \/>\n\t<meta property=\"og:image:height\" content=\"580\" \/>\n\t<meta property=\"og:image:type\" content=\"image\/jpeg\" \/>\n<meta name=\"twitter:card\" content=\"summary_large_image\" \/>\n<meta name=\"twitter:site\" content=\"@OJEN_ROEJ\" \/>\n<meta name=\"twitter:label1\" content=\"Estimation du temps de lecture\" \/>\n\t<meta name=\"twitter:data1\" content=\"1 minute\" \/>\n<script type=\"application\/ld+json\" class=\"yoast-schema-graph\">{\"@context\":\"https:\/\/schema.org\",\"@graph\":[{\"@type\":\"WebPage\",\"@id\":\"https:\/\/ojen2024.turnbull.co\/fr\/pscar\/photos\",\"url\":\"https:\/\/ojen2024.turnbull.co\/fr\/pscar\/photos\",\"name\":\"D\u00e9fi photo du PSCAR - OJEN\",\"isPartOf\":{\"@id\":\"https:\/\/ojen2024.turnbull.co\/en\/#website\"},\"primaryImageOfPage\":{\"@id\":\"https:\/\/ojen2024.turnbull.co\/fr\/pscar\/photos#primaryimage\"},\"image\":{\"@id\":\"https:\/\/ojen2024.turnbull.co\/fr\/pscar\/photos#primaryimage\"},\"thumbnailUrl\":\"https:\/\/ojen2024.turnbull.co\/wp-content\/uploads\/2018\/06\/Court-benches-stock-picture-2.jpg\",\"datePublished\":\"2016-06-18T19:29:40+00:00\",\"dateModified\":\"2025-07-29T23:14:19+00:00\",\"breadcrumb\":{\"@id\":\"https:\/\/ojen2024.turnbull.co\/fr\/pscar\/photos#breadcrumb\"},\"inLanguage\":\"fr-CA\",\"potentialAction\":[{\"@type\":\"ReadAction\",\"target\":[\"https:\/\/ojen2024.turnbull.co\/fr\/pscar\/photos\"]}]},{\"@type\":\"ImageObject\",\"inLanguage\":\"fr-CA\",\"@id\":\"https:\/\/ojen2024.turnbull.co\/fr\/pscar\/photos#primaryimage\",\"url\":\"https:\/\/ojen2024.turnbull.co\/wp-content\/uploads\/2018\/06\/Court-benches-stock-picture-2.jpg\",\"contentUrl\":\"https:\/\/ojen2024.turnbull.co\/wp-content\/uploads\/2018\/06\/Court-benches-stock-picture-2.jpg\",\"width\":1600,\"height\":580},{\"@type\":\"BreadcrumbList\",\"@id\":\"https:\/\/ojen2024.turnbull.co\/fr\/pscar\/photos#breadcrumb\",\"itemListElement\":[{\"@type\":\"ListItem\",\"position\":1,\"name\":\"Home\",\"item\":\"https:\/\/ojen2024.turnbull.co\/fr\"},{\"@type\":\"ListItem\",\"position\":2,\"name\":\"Proc\u00e8s simul\u00e9s comp\u00e9titifs ABO\u2011ROEJ pour \u00e9l\u00e8ves du secondaire\",\"item\":\"https:\/\/ojen2024.turnbull.co\/fr\/pscar\"},{\"@type\":\"ListItem\",\"position\":3,\"name\":\"D\u00e9fi photo du PSCAR\"}]},{\"@type\":\"WebSite\",\"@id\":\"https:\/\/ojen2024.turnbull.co\/en\/#website\",\"url\":\"https:\/\/ojen2024.turnbull.co\/en\/\",\"name\":\"OJEN\",\"description\":\"\",\"potentialAction\":[{\"@type\":\"SearchAction\",\"target\":{\"@type\":\"EntryPoint\",\"urlTemplate\":\"https:\/\/ojen2024.turnbull.co\/en\/?s={search_term_string}\"},\"query-input\":{\"@type\":\"PropertyValueSpecification\",\"valueRequired\":true,\"valueName\":\"search_term_string\"}}],\"inLanguage\":\"fr-CA\"}]}<\/script>\n<!-- \/ Yoast SEO plugin. -->","yoast_head_json":{"title":"D\u00e9fi photo du PSCAR - OJEN","robots":{"index":"noindex","follow":"follow","max-snippet":"max-snippet:-1","max-image-preview":"max-image-preview:large","max-video-preview":"max-video-preview:-1"},"og_locale":"fr_CA","og_type":"article","og_title":"D\u00e9fi photo du PSCAR - OJEN","og_description":"Le d\u00e9fi Soumettez une photo de votre \u00e9quipe que nous publierons sur nos m\u00e9dias sociaux! Il n\u2019y a pas de th\u00e8me en particulier, mais la plupart des photos qui nous ont \u00e9t\u00e9 soumises dans le pass\u00e9 \u00e9taient soit des photos de type \u00ab\u2009cabinet d\u2019avocats s\u00e9rieux comme on voit \u00e0 la t\u00e9l\u00e9\u2009\u00bb, soit des photos repr\u00e9sentant [&hellip;]","og_url":"https:\/\/ojen2024.turnbull.co\/fr\/pscar\/photos","og_site_name":"OJEN","article_publisher":"https:\/\/www.facebook.com\/pages\/OJEN\/252115501467864","article_modified_time":"2025-07-29T23:14:19+00:00","og_image":[{"width":1600,"height":580,"url":"https:\/\/ojen2024.turnbull.co\/wp-content\/uploads\/2018\/06\/Court-benches-stock-picture-2.jpg","type":"image\/jpeg"}],"twitter_card":"summary_large_image","twitter_site":"@OJEN_ROEJ","twitter_misc":{"Estimation du temps de lecture":"1 minute"},"schema":{"@context":"https:\/\/schema.org","@graph":[{"@type":"WebPage","@id":"https:\/\/ojen2024.turnbull.co\/fr\/pscar\/photos","url":"https:\/\/ojen2024.turnbull.co\/fr\/pscar\/photos","name":"D\u00e9fi photo du PSCAR - OJEN","isPartOf":{"@id":"https:\/\/ojen2024.turnbull.co\/en\/#website"},"primaryImageOfPage":{"@id":"https:\/\/ojen2024.turnbull.co\/fr\/pscar\/photos#primaryimage"},"image":{"@id":"https:\/\/ojen2024.turnbull.co\/fr\/pscar\/photos#primaryimage"},"thumbnailUrl":"https:\/\/ojen2024.turnbull.co\/wp-content\/uploads\/2018\/06\/Court-benches-stock-picture-2.jpg","datePublished":"2016-06-18T19:29:40+00:00","dateModified":"2025-07-29T23:14:19+00:00","breadcrumb":{"@id":"https:\/\/ojen2024.turnbull.co\/fr\/pscar\/photos#breadcrumb"},"inLanguage":"fr-CA","potentialAction":[{"@type":"ReadAction","target":["https:\/\/ojen2024.turnbull.co\/fr\/pscar\/photos"]}]},{"@type":"ImageObject","inLanguage":"fr-CA","@id":"https:\/\/ojen2024.turnbull.co\/fr\/pscar\/photos#primaryimage","url":"https:\/\/ojen2024.turnbull.co\/wp-content\/uploads\/2018\/06\/Court-benches-stock-picture-2.jpg","contentUrl":"https:\/\/ojen2024.turnbull.co\/wp-content\/uploads\/2018\/06\/Court-benches-stock-picture-2.jpg","width":1600,"height":580},{"@type":"BreadcrumbList","@id":"https:\/\/ojen2024.turnbull.co\/fr\/pscar\/photos#breadcrumb","itemListElement":[{"@type":"ListItem","position":1,"name":"Home","item":"https:\/\/ojen2024.turnbull.co\/fr"},{"@type":"ListItem","position":2,"name":"Proc\u00e8s simul\u00e9s comp\u00e9titifs ABO\u2011ROEJ pour \u00e9l\u00e8ves du secondaire","item":"https:\/\/ojen2024.turnbull.co\/fr\/pscar"},{"@type":"ListItem","position":3,"name":"D\u00e9fi photo du PSCAR"}]},{"@type":"WebSite","@id":"https:\/\/ojen2024.turnbull.co\/en\/#website","url":"https:\/\/ojen2024.turnbull.co\/en\/","name":"OJEN","description":"","potentialAction":[{"@type":"SearchAction","target":{"@type":"EntryPoint","urlTemplate":"https:\/\/ojen2024.turnbull.co\/en\/?s={search_term_string}"},"query-input":{"@type":"PropertyValueSpecification","valueRequired":true,"valueName":"search_term_string"}}],"inLanguage":"fr-CA"}]}},"_links":{"self":[{"href":"https:\/\/ojen2024.turnbull.co\/fr\/wp-json\/wp\/v2\/pages\/8382"}],"collection":[{"href":"https:\/\/ojen2024.turnbull.co\/fr\/wp-json\/wp\/v2\/pages"}],"about":[{"href":"https:\/\/ojen2024.turnbull.co\/fr\/wp-json\/wp\/v2\/types\/page"}],"author":[{"embeddable":true,"href":"https:\/\/ojen2024.turnbull.co\/fr\/wp-json\/wp\/v2\/users\/5"}],"replies":[{"embeddable":true,"href":"https:\/\/ojen2024.turnbull.co\/fr\/wp-json\/wp\/v2\/comments?post=8382"}],"version-history":[{"count":0,"href":"https:\/\/ojen2024.turnbull.co\/fr\/wp-json\/wp\/v2\/pages\/8382\/revisions"}],"up":[{"embeddable":true,"href":"https:\/\/ojen2024.turnbull.co\/fr\/wp-json\/wp\/v2\/pages\/30817"}],"wp:featuredmedia":[{"embeddable":true,"href":"https:\/\/ojen2024.turnbull.co\/fr\/wp-json\/wp\/v2\/media\/17273"}],"wp:attachment":[{"href":"https:\/\/ojen2024.turnbull.co\/fr\/wp-json\/wp\/v2\/media?parent=8382"}],"curies":[{"name":"wp","href":"https:\/\/api.w.org\/{rel}","templated":true}]}}