{"id":8391,"date":"2016-12-12T16:29:24","date_gmt":"2016-12-12T21:29:24","guid":{"rendered":"http:\/\/ojen.ca\/fr\/oocmt\/regions\/centraleast\/tricounties"},"modified":"2025-07-28T15:04:42","modified_gmt":"2025-07-28T19:04:42","slug":"coupe-des-juges-des-trois-comtes","status":"publish","type":"page","link":"https:\/\/ojen2024.turnbull.co\/fr\/pscar\/tournois-locaux-par-region\/centre-ontario-grand-toronto-golden-horseshoe\/coupe-des-juges-des-trois-comtes","title":{"rendered":"Coupe des juges des trois comt\u00e9s (Peterborough, Northumberland, Kawartha Lakes, Haliburton et Muskoka)"},"content":{"rendered":"<p>La Tri-County Judges&rsquo; Cup (Coupe des juges des trois comt\u00e9s) a \u00e9t\u00e9 cr\u00e9\u00e9e en 2017. Les tribunaux de l\u2019Ontario utilisent le terme \u00ab\u2009Tri-County\u2009\u00bb pour d\u00e9signer la zone qui englobe les comt\u00e9s de Northumberland, de Peterborough et de Haliburton, ainsi que la ville de Kawartha Lakes. Le terme \u00ab\u2009Tri\u2009\u00bb fait r\u00e9f\u00e9rence aux trois tribunaux de la r\u00e9gion : Peterborough, Lindsay et Cobourg. L\u2019\u00e9v\u00e9nement est \u00e9galement ouvert \u00e0 toutes les \u00e9coles secondaires des r\u00e9gions susmentionn\u00e9es, ainsi qu\u2019\u00e0 celles du district de Muskoka.<\/p>\n","protected":false},"excerpt":{"rendered":"<p>La Tri-County Judges&rsquo; Cup (Coupe des juges des trois comt\u00e9s) a \u00e9t\u00e9 cr\u00e9\u00e9e en 2017. Les tribunaux de l\u2019Ontario utilisent le terme \u00ab\u2009Tri-County\u2009\u00bb pour d\u00e9signer la zone qui englobe les comt\u00e9s de Northumberland, de Peterborough et de Haliburton, ainsi que la ville de Kawartha Lakes. Le terme \u00ab\u2009Tri\u2009\u00bb fait r\u00e9f\u00e9rence aux trois tribunaux de la [&hellip;]<\/p>\n","protected":false},"author":8,"featured_media":17239,"parent":31186,"menu_order":0,"comment_status":"closed","ping_status":"closed","template":"template-oocmt-default.php","meta":{"_acf_changed":false,"_eb_attr":"","inline_featured_image":false,"ub_ctt_via":"","footnotes":""},"class_list":["post-8391","page","type-page","status-publish","has-post-thumbnail","hentry"],"acf":[],"featured_image_src":"https:\/\/ojen2024.turnbull.co\/wp-content\/uploads\/2019\/05\/Court-benches-stock-picture.png","yoast_head":"<!-- This site is optimized with the Yoast SEO plugin v25.3 - https:\/\/yoast.com\/wordpress\/plugins\/seo\/ -->\n<title>Coupe des juges des trois comt\u00e9s (Peterborough, Northumberland, Kawartha Lakes, Haliburton et Muskoka) - OJEN<\/title>\n<meta name=\"description\" content=\"La Tri-County Judges&#039; Cup (Coupe des juges des trois comt\u00e9s) a \u00e9t\u00e9 cr\u00e9\u00e9e en 2017.\" \/>\n<meta name=\"robots\" content=\"noindex, follow, max-snippet:-1, max-image-preview:large, max-video-preview:-1\" \/>\n<meta property=\"og:locale\" content=\"fr_CA\" \/>\n<meta property=\"og:type\" content=\"article\" \/>\n<meta property=\"og:title\" content=\"Coupe des juges des trois comt\u00e9s (Peterborough, Northumberland, Kawartha Lakes, Haliburton et Muskoka) - OJEN\" \/>\n<meta property=\"og:description\" content=\"La Tri-County Judges&#039; Cup (Coupe des juges des trois comt\u00e9s) a \u00e9t\u00e9 cr\u00e9\u00e9e en 2017.\" \/>\n<meta property=\"og:url\" content=\"https:\/\/ojen2024.turnbull.co\/fr\/pscar\/tournois-locaux-par-region\/centre-ontario-grand-toronto-golden-horseshoe\/coupe-des-juges-des-trois-comtes\" \/>\n<meta property=\"og:site_name\" content=\"OJEN\" \/>\n<meta property=\"article:publisher\" content=\"https:\/\/www.facebook.com\/pages\/OJEN\/252115501467864\" \/>\n<meta property=\"article:modified_time\" content=\"2025-07-28T19:04:42+00:00\" \/>\n<meta property=\"og:image\" content=\"https:\/\/ojen2024.turnbull.co\/wp-content\/uploads\/2019\/05\/Court-benches-stock-picture.png\" \/>\n\t<meta property=\"og:image:width\" content=\"1600\" \/>\n\t<meta property=\"og:image:height\" content=\"580\" \/>\n\t<meta property=\"og:image:type\" content=\"image\/png\" \/>\n<meta name=\"twitter:card\" content=\"summary_large_image\" \/>\n<meta name=\"twitter:site\" content=\"@OJEN_ROEJ\" \/>\n<meta name=\"twitter:label1\" content=\"Estimation du temps de lecture\" \/>\n\t<meta name=\"twitter:data1\" content=\"1 minute\" \/>\n<script type=\"application\/ld+json\" class=\"yoast-schema-graph\">{\"@context\":\"https:\/\/schema.org\",\"@graph\":[{\"@type\":\"WebPage\",\"@id\":\"https:\/\/ojen2024.turnbull.co\/fr\/pscar\/tournois-locaux-par-region\/centre-ontario-grand-toronto-golden-horseshoe\/coupe-des-juges-des-trois-comtes\",\"url\":\"https:\/\/ojen2024.turnbull.co\/fr\/pscar\/tournois-locaux-par-region\/centre-ontario-grand-toronto-golden-horseshoe\/coupe-des-juges-des-trois-comtes\",\"name\":\"Coupe des juges des trois comt\u00e9s (Peterborough, Northumberland, Kawartha Lakes, Haliburton et Muskoka) - OJEN\",\"isPartOf\":{\"@id\":\"https:\/\/ojen2024.turnbull.co\/en\/#website\"},\"primaryImageOfPage\":{\"@id\":\"https:\/\/ojen2024.turnbull.co\/fr\/pscar\/tournois-locaux-par-region\/centre-ontario-grand-toronto-golden-horseshoe\/coupe-des-juges-des-trois-comtes#primaryimage\"},\"image\":{\"@id\":\"https:\/\/ojen2024.turnbull.co\/fr\/pscar\/tournois-locaux-par-region\/centre-ontario-grand-toronto-golden-horseshoe\/coupe-des-juges-des-trois-comtes#primaryimage\"},\"thumbnailUrl\":\"https:\/\/ojen2024.turnbull.co\/wp-content\/uploads\/2019\/05\/Court-benches-stock-picture.png\",\"datePublished\":\"2016-12-12T21:29:24+00:00\",\"dateModified\":\"2025-07-28T19:04:42+00:00\",\"description\":\"La Tri-County Judges' Cup (Coupe des juges des trois comt\u00e9s) a \u00e9t\u00e9 cr\u00e9\u00e9e en 2017.\",\"breadcrumb\":{\"@id\":\"https:\/\/ojen2024.turnbull.co\/fr\/pscar\/tournois-locaux-par-region\/centre-ontario-grand-toronto-golden-horseshoe\/coupe-des-juges-des-trois-comtes#breadcrumb\"},\"inLanguage\":\"fr-CA\",\"potentialAction\":[{\"@type\":\"ReadAction\",\"target\":[\"https:\/\/ojen2024.turnbull.co\/fr\/pscar\/tournois-locaux-par-region\/centre-ontario-grand-toronto-golden-horseshoe\/coupe-des-juges-des-trois-comtes\"]}]},{\"@type\":\"ImageObject\",\"inLanguage\":\"fr-CA\",\"@id\":\"https:\/\/ojen2024.turnbull.co\/fr\/pscar\/tournois-locaux-par-region\/centre-ontario-grand-toronto-golden-horseshoe\/coupe-des-juges-des-trois-comtes#primaryimage\",\"url\":\"https:\/\/ojen2024.turnbull.co\/wp-content\/uploads\/2019\/05\/Court-benches-stock-picture.png\",\"contentUrl\":\"https:\/\/ojen2024.turnbull.co\/wp-content\/uploads\/2019\/05\/Court-benches-stock-picture.png\",\"width\":1600,\"height\":580},{\"@type\":\"BreadcrumbList\",\"@id\":\"https:\/\/ojen2024.turnbull.co\/fr\/pscar\/tournois-locaux-par-region\/centre-ontario-grand-toronto-golden-horseshoe\/coupe-des-juges-des-trois-comtes#breadcrumb\",\"itemListElement\":[{\"@type\":\"ListItem\",\"position\":1,\"name\":\"Home\",\"item\":\"https:\/\/ojen2024.turnbull.co\/fr\"},{\"@type\":\"ListItem\",\"position\":2,\"name\":\"Proc\u00e8s simul\u00e9s comp\u00e9titifs ABO\u2011ROEJ pour \u00e9l\u00e8ves du secondaire\",\"item\":\"https:\/\/ojen2024.turnbull.co\/fr\/pscar\"},{\"@type\":\"ListItem\",\"position\":3,\"name\":\"Tournois locaux dans chaque r\u00e9gion\",\"item\":\"https:\/\/ojen2024.turnbull.co\/fr\/pscar\/tournois-locaux-par-region\"},{\"@type\":\"ListItem\",\"position\":4,\"name\":\"Centre de l\u2019Ontario, Grand Toronto et Golden Horseshoe\",\"item\":\"https:\/\/ojen2024.turnbull.co\/fr\/pscar\/tournois-locaux-par-region\/centre-ontario-grand-toronto-golden-horseshoe\"},{\"@type\":\"ListItem\",\"position\":5,\"name\":\"Coupe des juges des trois comt\u00e9s (Peterborough, Northumberland, Kawartha Lakes, Haliburton et Muskoka)\"}]},{\"@type\":\"WebSite\",\"@id\":\"https:\/\/ojen2024.turnbull.co\/en\/#website\",\"url\":\"https:\/\/ojen2024.turnbull.co\/en\/\",\"name\":\"OJEN\",\"description\":\"\",\"potentialAction\":[{\"@type\":\"SearchAction\",\"target\":{\"@type\":\"EntryPoint\",\"urlTemplate\":\"https:\/\/ojen2024.turnbull.co\/en\/?s={search_term_string}\"},\"query-input\":{\"@type\":\"PropertyValueSpecification\",\"valueRequired\":true,\"valueName\":\"search_term_string\"}}],\"inLanguage\":\"fr-CA\"}]}<\/script>\n<!-- \/ Yoast SEO plugin. -->","yoast_head_json":{"title":"Coupe des juges des trois comt\u00e9s (Peterborough, Northumberland, Kawartha Lakes, Haliburton et Muskoka) - OJEN","description":"La Tri-County Judges' Cup (Coupe des juges des trois comt\u00e9s) a \u00e9t\u00e9 cr\u00e9\u00e9e en 2017.","robots":{"index":"noindex","follow":"follow","max-snippet":"max-snippet:-1","max-image-preview":"max-image-preview:large","max-video-preview":"max-video-preview:-1"},"og_locale":"fr_CA","og_type":"article","og_title":"Coupe des juges des trois comt\u00e9s (Peterborough, Northumberland, Kawartha Lakes, Haliburton et Muskoka) - OJEN","og_description":"La Tri-County Judges' Cup (Coupe des juges des trois comt\u00e9s) a \u00e9t\u00e9 cr\u00e9\u00e9e en 2017.","og_url":"https:\/\/ojen2024.turnbull.co\/fr\/pscar\/tournois-locaux-par-region\/centre-ontario-grand-toronto-golden-horseshoe\/coupe-des-juges-des-trois-comtes","og_site_name":"OJEN","article_publisher":"https:\/\/www.facebook.com\/pages\/OJEN\/252115501467864","article_modified_time":"2025-07-28T19:04:42+00:00","og_image":[{"width":1600,"height":580,"url":"https:\/\/ojen2024.turnbull.co\/wp-content\/uploads\/2019\/05\/Court-benches-stock-picture.png","type":"image\/png"}],"twitter_card":"summary_large_image","twitter_site":"@OJEN_ROEJ","twitter_misc":{"Estimation du temps de lecture":"1 minute"},"schema":{"@context":"https:\/\/schema.org","@graph":[{"@type":"WebPage","@id":"https:\/\/ojen2024.turnbull.co\/fr\/pscar\/tournois-locaux-par-region\/centre-ontario-grand-toronto-golden-horseshoe\/coupe-des-juges-des-trois-comtes","url":"https:\/\/ojen2024.turnbull.co\/fr\/pscar\/tournois-locaux-par-region\/centre-ontario-grand-toronto-golden-horseshoe\/coupe-des-juges-des-trois-comtes","name":"Coupe des juges des trois comt\u00e9s (Peterborough, Northumberland, Kawartha Lakes, Haliburton et Muskoka) - OJEN","isPartOf":{"@id":"https:\/\/ojen2024.turnbull.co\/en\/#website"},"primaryImageOfPage":{"@id":"https:\/\/ojen2024.turnbull.co\/fr\/pscar\/tournois-locaux-par-region\/centre-ontario-grand-toronto-golden-horseshoe\/coupe-des-juges-des-trois-comtes#primaryimage"},"image":{"@id":"https:\/\/ojen2024.turnbull.co\/fr\/pscar\/tournois-locaux-par-region\/centre-ontario-grand-toronto-golden-horseshoe\/coupe-des-juges-des-trois-comtes#primaryimage"},"thumbnailUrl":"https:\/\/ojen2024.turnbull.co\/wp-content\/uploads\/2019\/05\/Court-benches-stock-picture.png","datePublished":"2016-12-12T21:29:24+00:00","dateModified":"2025-07-28T19:04:42+00:00","description":"La Tri-County Judges' Cup (Coupe des juges des trois comt\u00e9s) a \u00e9t\u00e9 cr\u00e9\u00e9e en 2017.","breadcrumb":{"@id":"https:\/\/ojen2024.turnbull.co\/fr\/pscar\/tournois-locaux-par-region\/centre-ontario-grand-toronto-golden-horseshoe\/coupe-des-juges-des-trois-comtes#breadcrumb"},"inLanguage":"fr-CA","potentialAction":[{"@type":"ReadAction","target":["https:\/\/ojen2024.turnbull.co\/fr\/pscar\/tournois-locaux-par-region\/centre-ontario-grand-toronto-golden-horseshoe\/coupe-des-juges-des-trois-comtes"]}]},{"@type":"ImageObject","inLanguage":"fr-CA","@id":"https:\/\/ojen2024.turnbull.co\/fr\/pscar\/tournois-locaux-par-region\/centre-ontario-grand-toronto-golden-horseshoe\/coupe-des-juges-des-trois-comtes#primaryimage","url":"https:\/\/ojen2024.turnbull.co\/wp-content\/uploads\/2019\/05\/Court-benches-stock-picture.png","contentUrl":"https:\/\/ojen2024.turnbull.co\/wp-content\/uploads\/2019\/05\/Court-benches-stock-picture.png","width":1600,"height":580},{"@type":"BreadcrumbList","@id":"https:\/\/ojen2024.turnbull.co\/fr\/pscar\/tournois-locaux-par-region\/centre-ontario-grand-toronto-golden-horseshoe\/coupe-des-juges-des-trois-comtes#breadcrumb","itemListElement":[{"@type":"ListItem","position":1,"name":"Home","item":"https:\/\/ojen2024.turnbull.co\/fr"},{"@type":"ListItem","position":2,"name":"Proc\u00e8s simul\u00e9s comp\u00e9titifs ABO\u2011ROEJ pour \u00e9l\u00e8ves du secondaire","item":"https:\/\/ojen2024.turnbull.co\/fr\/pscar"},{"@type":"ListItem","position":3,"name":"Tournois locaux dans chaque r\u00e9gion","item":"https:\/\/ojen2024.turnbull.co\/fr\/pscar\/tournois-locaux-par-region"},{"@type":"ListItem","position":4,"name":"Centre de l\u2019Ontario, Grand Toronto et Golden Horseshoe","item":"https:\/\/ojen2024.turnbull.co\/fr\/pscar\/tournois-locaux-par-region\/centre-ontario-grand-toronto-golden-horseshoe"},{"@type":"ListItem","position":5,"name":"Coupe des juges des trois comt\u00e9s (Peterborough, Northumberland, Kawartha Lakes, Haliburton et Muskoka)"}]},{"@type":"WebSite","@id":"https:\/\/ojen2024.turnbull.co\/en\/#website","url":"https:\/\/ojen2024.turnbull.co\/en\/","name":"OJEN","description":"","potentialAction":[{"@type":"SearchAction","target":{"@type":"EntryPoint","urlTemplate":"https:\/\/ojen2024.turnbull.co\/en\/?s={search_term_string}"},"query-input":{"@type":"PropertyValueSpecification","valueRequired":true,"valueName":"search_term_string"}}],"inLanguage":"fr-CA"}]}},"_links":{"self":[{"href":"https:\/\/ojen2024.turnbull.co\/fr\/wp-json\/wp\/v2\/pages\/8391"}],"collection":[{"href":"https:\/\/ojen2024.turnbull.co\/fr\/wp-json\/wp\/v2\/pages"}],"about":[{"href":"https:\/\/ojen2024.turnbull.co\/fr\/wp-json\/wp\/v2\/types\/page"}],"author":[{"embeddable":true,"href":"https:\/\/ojen2024.turnbull.co\/fr\/wp-json\/wp\/v2\/users\/8"}],"replies":[{"embeddable":true,"href":"https:\/\/ojen2024.turnbull.co\/fr\/wp-json\/wp\/v2\/comments?post=8391"}],"version-history":[{"count":0,"href":"https:\/\/ojen2024.turnbull.co\/fr\/wp-json\/wp\/v2\/pages\/8391\/revisions"}],"up":[{"embeddable":true,"href":"https:\/\/ojen2024.turnbull.co\/fr\/wp-json\/wp\/v2\/pages\/31186"}],"wp:featuredmedia":[{"embeddable":true,"href":"https:\/\/ojen2024.turnbull.co\/fr\/wp-json\/wp\/v2\/media\/17239"}],"wp:attachment":[{"href":"https:\/\/ojen2024.turnbull.co\/fr\/wp-json\/wp\/v2\/media?parent=8391"}],"curies":[{"name":"wp","href":"https:\/\/api.w.org\/{rel}","templated":true}]}}