{"id":8429,"date":"2016-10-07T11:53:36","date_gmt":"2016-10-07T11:53:36","guid":{"rendered":"http:\/\/ojen.ca\/fr\/oocmt\/resources\/help-getting-started"},"modified":"2025-07-29T19:43:47","modified_gmt":"2025-07-29T23:43:47","slug":"aide-pour-debuter","status":"publish","type":"page","link":"https:\/\/ojen2024.turnbull.co\/fr\/pscar\/ressources\/aide-pour-debuter","title":{"rendered":"Ressources pour vous aider \u00e0 commencer"},"content":{"rendered":"<p><strong>Les ressources qui suivent peuvent vous aider \u00e0 vous pr\u00e9parer :<\/strong><\/p>\n<p><a href=\"https:\/\/ojen2024.turnbull.co\/fr\/ressources\/videos\/proces-simules-etape-par-etape\">1. Vid\u00e9o sur les proc\u00e8s simul\u00e9s, \u00e9tape par \u00e9tape<\/a><br \/>\nCette vid\u00e9o pr\u00e9sente chaque \u00e9tape d\u2019un proc\u00e8s simul\u00e9 et vous montre le d\u00e9roulement du proc\u00e8s simul\u00e9 et ce qu\u2019il faut faire.<\/p>\n<p><a href=\"https:\/\/ojen.ca\/en\/oocmt\/resources\/help-getting-started\/obaojen-competitive-mock-trial-resource-videos\">2. Vid\u00e9os sur les comp\u00e9titions de proc\u00e8s simul\u00e9s<\/a><\/p>\n<p>Cinq vid\u00e9os pour aider les \u00e9quipes et les enseignants \u00e0 comprendre le d\u00e9roulement d\u2019un proc\u00e8s, la fa\u00e7on de s\u2019y pr\u00e9parer et comment tirer le meilleur parti de l\u2019exp\u00e9rience. Vous pouvez \u00e9galement les regarder sur <a href=\"https:\/\/www.youtube.com\/playlist?list=PLExy1V9S_1DwVB0AtWaKyrSDLud20R4O5\">la cha\u00eene YouTube du ROEJ<\/a>.<\/p>\n<p>3. Ressources sur les fondements des proc\u00e8s criminels<\/p>\n<p><a href=\"https:\/\/ojen.ca\/fr\/resource\/defendre-sa-cause-trousse-daudiences-simulees\/\">Introduction aux proc\u00e8s criminels<\/a><\/p>\n<p><a href=\"https:\/\/ojen.ca\/fr\/resource\/en-resume-mens-rea-actus-reus\/\">Document pour les enseignants : Actus Reus et Mens Rea<\/a><\/p>\n<p><a href=\"\/fr\/pscar\/ressources\/aide-pour-debuter\/cas-practique-pour-proces-simules\">4. Autres sc\u00e9narios de proc\u00e8s simul\u00e9s<\/a><\/p>\n<p>Il est recommand\u00e9 de vous exercer en utilisant des faits autres que ceux du sc\u00e9nario de cas officiel de l\u2019ann\u00e9e. Cela vous aidera \u00e0 vous \u00e9loigner de votre sc\u00e9nario, car le fait d\u2019\u00eatre trop coll\u00e9 sur le sc\u00e9nario d\u2019un seul tournoi peut en fait nuire \u00e0 la performance de votre \u00e9quipe. Envisagez plut\u00f4t de vous exercer \u00e0 pr\u00e9senter des expos\u00e9s initiaux et finaux, et \u00e0 interroger des t\u00e9moins, en vous basant sur des faits totalement diff\u00e9rents. Cela peut sembler difficile au d\u00e9but, mais ce n\u2019est que de la pratique. Sortir de votre zone de confort fait partie de l\u2019apprentissage des comp\u00e9tences n\u00e9cessaires pour exceller le jour du tournoi.<\/p>\n","protected":false},"excerpt":{"rendered":"<p>Les ressources qui suivent peuvent vous aider \u00e0 vous pr\u00e9parer : 1. Vid\u00e9o sur les proc\u00e8s simul\u00e9s, \u00e9tape par \u00e9tape Cette vid\u00e9o pr\u00e9sente chaque \u00e9tape d\u2019un proc\u00e8s simul\u00e9 et vous montre le d\u00e9roulement du proc\u00e8s simul\u00e9 et ce qu\u2019il faut faire. 2. Vid\u00e9os sur les comp\u00e9titions de proc\u00e8s simul\u00e9s Cinq vid\u00e9os pour aider les \u00e9quipes [&hellip;]<\/p>\n","protected":false},"author":4,"featured_media":17273,"parent":8426,"menu_order":0,"comment_status":"closed","ping_status":"closed","template":"template-oocmt-default.php","meta":{"_acf_changed":false,"_eb_attr":"","inline_featured_image":false,"ub_ctt_via":"","footnotes":""},"class_list":["post-8429","page","type-page","status-publish","has-post-thumbnail","hentry"],"acf":[],"featured_image_src":"https:\/\/ojen2024.turnbull.co\/wp-content\/uploads\/2018\/06\/Court-benches-stock-picture-2.jpg","yoast_head":"<!-- This site is optimized with the Yoast SEO plugin v25.3 - https:\/\/yoast.com\/wordpress\/plugins\/seo\/ -->\n<title>Ressources pour vous aider \u00e0 commencer - OJEN<\/title>\n<meta name=\"robots\" content=\"noindex, follow, max-snippet:-1, max-image-preview:large, max-video-preview:-1\" \/>\n<meta property=\"og:locale\" content=\"fr_CA\" \/>\n<meta property=\"og:type\" content=\"article\" \/>\n<meta property=\"og:title\" content=\"Ressources pour vous aider \u00e0 commencer - OJEN\" \/>\n<meta property=\"og:description\" content=\"Les ressources qui suivent peuvent vous aider \u00e0 vous pr\u00e9parer : 1. Vid\u00e9o sur les proc\u00e8s simul\u00e9s, \u00e9tape par \u00e9tape Cette vid\u00e9o pr\u00e9sente chaque \u00e9tape d\u2019un proc\u00e8s simul\u00e9 et vous montre le d\u00e9roulement du proc\u00e8s simul\u00e9 et ce qu\u2019il faut faire. 2. Vid\u00e9os sur les comp\u00e9titions de proc\u00e8s simul\u00e9s Cinq vid\u00e9os pour aider les \u00e9quipes [&hellip;]\" \/>\n<meta property=\"og:url\" content=\"https:\/\/ojen2024.turnbull.co\/fr\/pscar\/ressources\/aide-pour-debuter\" \/>\n<meta property=\"og:site_name\" content=\"OJEN\" \/>\n<meta property=\"article:publisher\" content=\"https:\/\/www.facebook.com\/pages\/OJEN\/252115501467864\" \/>\n<meta property=\"article:modified_time\" content=\"2025-07-29T23:43:47+00:00\" \/>\n<meta property=\"og:image\" content=\"https:\/\/ojen2024.turnbull.co\/wp-content\/uploads\/2018\/06\/Court-benches-stock-picture-2.jpg\" \/>\n\t<meta property=\"og:image:width\" content=\"1600\" \/>\n\t<meta property=\"og:image:height\" content=\"580\" \/>\n\t<meta property=\"og:image:type\" content=\"image\/jpeg\" \/>\n<meta name=\"twitter:card\" content=\"summary_large_image\" \/>\n<meta name=\"twitter:site\" content=\"@OJEN_ROEJ\" \/>\n<meta name=\"twitter:label1\" content=\"Estimation du temps de lecture\" \/>\n\t<meta name=\"twitter:data1\" content=\"2 minutes\" \/>\n<script type=\"application\/ld+json\" class=\"yoast-schema-graph\">{\"@context\":\"https:\/\/schema.org\",\"@graph\":[{\"@type\":\"WebPage\",\"@id\":\"https:\/\/ojen2024.turnbull.co\/fr\/pscar\/ressources\/aide-pour-debuter\",\"url\":\"https:\/\/ojen2024.turnbull.co\/fr\/pscar\/ressources\/aide-pour-debuter\",\"name\":\"Ressources pour vous aider \u00e0 commencer - OJEN\",\"isPartOf\":{\"@id\":\"https:\/\/ojen2024.turnbull.co\/en\/#website\"},\"primaryImageOfPage\":{\"@id\":\"https:\/\/ojen2024.turnbull.co\/fr\/pscar\/ressources\/aide-pour-debuter#primaryimage\"},\"image\":{\"@id\":\"https:\/\/ojen2024.turnbull.co\/fr\/pscar\/ressources\/aide-pour-debuter#primaryimage\"},\"thumbnailUrl\":\"https:\/\/ojen2024.turnbull.co\/wp-content\/uploads\/2018\/06\/Court-benches-stock-picture-2.jpg\",\"datePublished\":\"2016-10-07T11:53:36+00:00\",\"dateModified\":\"2025-07-29T23:43:47+00:00\",\"breadcrumb\":{\"@id\":\"https:\/\/ojen2024.turnbull.co\/fr\/pscar\/ressources\/aide-pour-debuter#breadcrumb\"},\"inLanguage\":\"fr-CA\",\"potentialAction\":[{\"@type\":\"ReadAction\",\"target\":[\"https:\/\/ojen2024.turnbull.co\/fr\/pscar\/ressources\/aide-pour-debuter\"]}]},{\"@type\":\"ImageObject\",\"inLanguage\":\"fr-CA\",\"@id\":\"https:\/\/ojen2024.turnbull.co\/fr\/pscar\/ressources\/aide-pour-debuter#primaryimage\",\"url\":\"https:\/\/ojen2024.turnbull.co\/wp-content\/uploads\/2018\/06\/Court-benches-stock-picture-2.jpg\",\"contentUrl\":\"https:\/\/ojen2024.turnbull.co\/wp-content\/uploads\/2018\/06\/Court-benches-stock-picture-2.jpg\",\"width\":1600,\"height\":580},{\"@type\":\"BreadcrumbList\",\"@id\":\"https:\/\/ojen2024.turnbull.co\/fr\/pscar\/ressources\/aide-pour-debuter#breadcrumb\",\"itemListElement\":[{\"@type\":\"ListItem\",\"position\":1,\"name\":\"Home\",\"item\":\"https:\/\/ojen2024.turnbull.co\/fr\"},{\"@type\":\"ListItem\",\"position\":2,\"name\":\"Proc\u00e8s simul\u00e9s comp\u00e9titifs ABO\u2011ROEJ pour \u00e9l\u00e8ves du secondaire\",\"item\":\"https:\/\/ojen2024.turnbull.co\/fr\/pscar\"},{\"@type\":\"ListItem\",\"position\":3,\"name\":\"Documents et ressources pour le tournoi\",\"item\":\"https:\/\/ojen2024.turnbull.co\/fr\/pscar\/ressources\"},{\"@type\":\"ListItem\",\"position\":4,\"name\":\"Ressources pour vous aider \u00e0 commencer\"}]},{\"@type\":\"WebSite\",\"@id\":\"https:\/\/ojen2024.turnbull.co\/en\/#website\",\"url\":\"https:\/\/ojen2024.turnbull.co\/en\/\",\"name\":\"OJEN\",\"description\":\"\",\"potentialAction\":[{\"@type\":\"SearchAction\",\"target\":{\"@type\":\"EntryPoint\",\"urlTemplate\":\"https:\/\/ojen2024.turnbull.co\/en\/?s={search_term_string}\"},\"query-input\":{\"@type\":\"PropertyValueSpecification\",\"valueRequired\":true,\"valueName\":\"search_term_string\"}}],\"inLanguage\":\"fr-CA\"}]}<\/script>\n<!-- \/ Yoast SEO plugin. -->","yoast_head_json":{"title":"Ressources pour vous aider \u00e0 commencer - OJEN","robots":{"index":"noindex","follow":"follow","max-snippet":"max-snippet:-1","max-image-preview":"max-image-preview:large","max-video-preview":"max-video-preview:-1"},"og_locale":"fr_CA","og_type":"article","og_title":"Ressources pour vous aider \u00e0 commencer - OJEN","og_description":"Les ressources qui suivent peuvent vous aider \u00e0 vous pr\u00e9parer : 1. Vid\u00e9o sur les proc\u00e8s simul\u00e9s, \u00e9tape par \u00e9tape Cette vid\u00e9o pr\u00e9sente chaque \u00e9tape d\u2019un proc\u00e8s simul\u00e9 et vous montre le d\u00e9roulement du proc\u00e8s simul\u00e9 et ce qu\u2019il faut faire. 2. Vid\u00e9os sur les comp\u00e9titions de proc\u00e8s simul\u00e9s Cinq vid\u00e9os pour aider les \u00e9quipes [&hellip;]","og_url":"https:\/\/ojen2024.turnbull.co\/fr\/pscar\/ressources\/aide-pour-debuter","og_site_name":"OJEN","article_publisher":"https:\/\/www.facebook.com\/pages\/OJEN\/252115501467864","article_modified_time":"2025-07-29T23:43:47+00:00","og_image":[{"width":1600,"height":580,"url":"https:\/\/ojen2024.turnbull.co\/wp-content\/uploads\/2018\/06\/Court-benches-stock-picture-2.jpg","type":"image\/jpeg"}],"twitter_card":"summary_large_image","twitter_site":"@OJEN_ROEJ","twitter_misc":{"Estimation du temps de lecture":"2 minutes"},"schema":{"@context":"https:\/\/schema.org","@graph":[{"@type":"WebPage","@id":"https:\/\/ojen2024.turnbull.co\/fr\/pscar\/ressources\/aide-pour-debuter","url":"https:\/\/ojen2024.turnbull.co\/fr\/pscar\/ressources\/aide-pour-debuter","name":"Ressources pour vous aider \u00e0 commencer - OJEN","isPartOf":{"@id":"https:\/\/ojen2024.turnbull.co\/en\/#website"},"primaryImageOfPage":{"@id":"https:\/\/ojen2024.turnbull.co\/fr\/pscar\/ressources\/aide-pour-debuter#primaryimage"},"image":{"@id":"https:\/\/ojen2024.turnbull.co\/fr\/pscar\/ressources\/aide-pour-debuter#primaryimage"},"thumbnailUrl":"https:\/\/ojen2024.turnbull.co\/wp-content\/uploads\/2018\/06\/Court-benches-stock-picture-2.jpg","datePublished":"2016-10-07T11:53:36+00:00","dateModified":"2025-07-29T23:43:47+00:00","breadcrumb":{"@id":"https:\/\/ojen2024.turnbull.co\/fr\/pscar\/ressources\/aide-pour-debuter#breadcrumb"},"inLanguage":"fr-CA","potentialAction":[{"@type":"ReadAction","target":["https:\/\/ojen2024.turnbull.co\/fr\/pscar\/ressources\/aide-pour-debuter"]}]},{"@type":"ImageObject","inLanguage":"fr-CA","@id":"https:\/\/ojen2024.turnbull.co\/fr\/pscar\/ressources\/aide-pour-debuter#primaryimage","url":"https:\/\/ojen2024.turnbull.co\/wp-content\/uploads\/2018\/06\/Court-benches-stock-picture-2.jpg","contentUrl":"https:\/\/ojen2024.turnbull.co\/wp-content\/uploads\/2018\/06\/Court-benches-stock-picture-2.jpg","width":1600,"height":580},{"@type":"BreadcrumbList","@id":"https:\/\/ojen2024.turnbull.co\/fr\/pscar\/ressources\/aide-pour-debuter#breadcrumb","itemListElement":[{"@type":"ListItem","position":1,"name":"Home","item":"https:\/\/ojen2024.turnbull.co\/fr"},{"@type":"ListItem","position":2,"name":"Proc\u00e8s simul\u00e9s comp\u00e9titifs ABO\u2011ROEJ pour \u00e9l\u00e8ves du secondaire","item":"https:\/\/ojen2024.turnbull.co\/fr\/pscar"},{"@type":"ListItem","position":3,"name":"Documents et ressources pour le tournoi","item":"https:\/\/ojen2024.turnbull.co\/fr\/pscar\/ressources"},{"@type":"ListItem","position":4,"name":"Ressources pour vous aider \u00e0 commencer"}]},{"@type":"WebSite","@id":"https:\/\/ojen2024.turnbull.co\/en\/#website","url":"https:\/\/ojen2024.turnbull.co\/en\/","name":"OJEN","description":"","potentialAction":[{"@type":"SearchAction","target":{"@type":"EntryPoint","urlTemplate":"https:\/\/ojen2024.turnbull.co\/en\/?s={search_term_string}"},"query-input":{"@type":"PropertyValueSpecification","valueRequired":true,"valueName":"search_term_string"}}],"inLanguage":"fr-CA"}]}},"_links":{"self":[{"href":"https:\/\/ojen2024.turnbull.co\/fr\/wp-json\/wp\/v2\/pages\/8429"}],"collection":[{"href":"https:\/\/ojen2024.turnbull.co\/fr\/wp-json\/wp\/v2\/pages"}],"about":[{"href":"https:\/\/ojen2024.turnbull.co\/fr\/wp-json\/wp\/v2\/types\/page"}],"author":[{"embeddable":true,"href":"https:\/\/ojen2024.turnbull.co\/fr\/wp-json\/wp\/v2\/users\/4"}],"replies":[{"embeddable":true,"href":"https:\/\/ojen2024.turnbull.co\/fr\/wp-json\/wp\/v2\/comments?post=8429"}],"version-history":[{"count":0,"href":"https:\/\/ojen2024.turnbull.co\/fr\/wp-json\/wp\/v2\/pages\/8429\/revisions"}],"up":[{"embeddable":true,"href":"https:\/\/ojen2024.turnbull.co\/fr\/wp-json\/wp\/v2\/pages\/8426"}],"wp:featuredmedia":[{"embeddable":true,"href":"https:\/\/ojen2024.turnbull.co\/fr\/wp-json\/wp\/v2\/media\/17273"}],"wp:attachment":[{"href":"https:\/\/ojen2024.turnbull.co\/fr\/wp-json\/wp\/v2\/media?parent=8429"}],"curies":[{"name":"wp","href":"https:\/\/api.w.org\/{rel}","templated":true}]}}