{"id":8431,"date":"2016-10-07T12:17:22","date_gmt":"2016-10-07T12:17:22","guid":{"rendered":"http:\/\/ojen.ca\/fr\/oocmt\/resources\/help-getting-started\/practice-cases-for-obaojen-competitive-mock-trials"},"modified":"2025-07-29T19:44:36","modified_gmt":"2025-07-29T23:44:36","slug":"cas-practique-pour-proces-simules","status":"publish","type":"page","link":"https:\/\/ojen2024.turnbull.co\/fr\/pscar\/ressources\/aide-pour-debuter\/cas-practique-pour-proces-simules","title":{"rendered":"Sc\u00e9narios de cas pour s\u2019exercer en vue d\u2019un proc\u00e8s simul\u00e9 ABO ROEJ"},"content":{"rendered":"<p>L\u2019un des plus grands d\u00e9fis pour la plupart des \u00e9quipes est de d\u00e9velopper leur capacit\u00e9 d\u2019adaptation et de se pr\u00e9parer \u00e0 improviser lorsque les choses se d\u00e9rouleront autrement que pr\u00e9vu lors du proc\u00e8s. S\u2019entra\u00eener avec des cas autres que le cas officiel du PSCAR peut vous aider \u00e0 d\u00e9velopper vos comp\u00e9tences de plaidoirie et \u00e0 faire face \u00e0 l\u2019inattendu.<\/p>\n<h3><strong>Sc\u00e9narios de cas des ann\u00e9es pr\u00e9c\u00e9dentes<\/strong><\/h3>\n<p>Allez jeter un coup d\u2019\u0153il aux <a href=\"\/fr\/pscar\/ressources\/archives\"><strong>archives du PSCAR<\/strong><\/a>.<\/p>\n<h3><strong>Sc\u00e9narios de proc\u00e8s simul\u00e9s criminels pr\u00e9par\u00e9s par le ROEJ<\/strong><\/h3>\n<ul>\n<li><a href=\"https:\/\/ojen.ca\/wp-content\/uploads\/OJEN-Criminal-Law-Mock-Trial_R%20v-Jones.pdf\"><strong><em>R c Jones<\/em><\/strong><\/a><\/li>\n<li><a href=\"https:\/\/ojen.ca\/wp-content\/uploads\/OJEN_mock_trial_SINGH_0.pdf\"><strong><em>R c Singh<\/em><\/strong><\/a><\/li>\n<li><a href=\"https:\/\/ojen.ca\/wp-content\/uploads\/OJEN_mock_trial_TISI.pdf\"><strong><em>R c Tisi<\/em><\/strong><\/a><\/li>\n<li><a href=\"https:\/\/ojen.ca\/wp-content\/uploads\/OJEN_mock_trial_WAI.pdf\"><strong><em>R c Wai<\/em><\/strong><\/a><\/li>\n<li><a href=\"https:\/\/ojen.ca\/wp-content\/uploads\/OJEN_mock_trial_Wilson_0.pdf\"><strong><em>R c Wilson<\/em><\/strong><\/a><\/li>\n<\/ul>\n<p>&nbsp;<\/p>\n<h3><\/h3>\n","protected":false},"excerpt":{"rendered":"<p>L\u2019un des plus grands d\u00e9fis pour la plupart des \u00e9quipes est de d\u00e9velopper leur capacit\u00e9 d\u2019adaptation et de se pr\u00e9parer \u00e0 improviser lorsque les choses se d\u00e9rouleront autrement que pr\u00e9vu lors du proc\u00e8s. S\u2019entra\u00eener avec des cas autres que le cas officiel du PSCAR peut vous aider \u00e0 d\u00e9velopper vos comp\u00e9tences de plaidoirie et \u00e0 [&hellip;]<\/p>\n","protected":false},"author":4,"featured_media":0,"parent":8429,"menu_order":0,"comment_status":"closed","ping_status":"closed","template":"template-oocmt-default.php","meta":{"_acf_changed":false,"_eb_attr":"","inline_featured_image":false,"ub_ctt_via":"","footnotes":""},"class_list":["post-8431","page","type-page","status-publish","hentry"],"acf":[],"featured_image_src":null,"yoast_head":"<!-- This site is optimized with the Yoast SEO plugin v25.3 - https:\/\/yoast.com\/wordpress\/plugins\/seo\/ -->\n<title>Sc\u00e9narios de cas pour s\u2019exercer en vue d\u2019un proc\u00e8s simul\u00e9 ABO ROEJ - OJEN<\/title>\n<meta name=\"robots\" content=\"noindex, follow, max-snippet:-1, max-image-preview:large, max-video-preview:-1\" \/>\n<meta property=\"og:locale\" content=\"fr_CA\" \/>\n<meta property=\"og:type\" content=\"article\" \/>\n<meta property=\"og:title\" content=\"Sc\u00e9narios de cas pour s\u2019exercer en vue d\u2019un proc\u00e8s simul\u00e9 ABO ROEJ - OJEN\" \/>\n<meta property=\"og:description\" content=\"L\u2019un des plus grands d\u00e9fis pour la plupart des \u00e9quipes est de d\u00e9velopper leur capacit\u00e9 d\u2019adaptation et de se pr\u00e9parer \u00e0 improviser lorsque les choses se d\u00e9rouleront autrement que pr\u00e9vu lors du proc\u00e8s. S\u2019entra\u00eener avec des cas autres que le cas officiel du PSCAR peut vous aider \u00e0 d\u00e9velopper vos comp\u00e9tences de plaidoirie et \u00e0 [&hellip;]\" \/>\n<meta property=\"og:url\" content=\"https:\/\/ojen2024.turnbull.co\/fr\/pscar\/ressources\/aide-pour-debuter\/cas-practique-pour-proces-simules\" \/>\n<meta property=\"og:site_name\" content=\"OJEN\" \/>\n<meta property=\"article:publisher\" content=\"https:\/\/www.facebook.com\/pages\/OJEN\/252115501467864\" \/>\n<meta property=\"article:modified_time\" content=\"2025-07-29T23:44:36+00:00\" \/>\n<meta name=\"twitter:card\" content=\"summary_large_image\" \/>\n<meta name=\"twitter:site\" content=\"@OJEN_ROEJ\" \/>\n<meta name=\"twitter:label1\" content=\"Estimation du temps de lecture\" \/>\n\t<meta name=\"twitter:data1\" content=\"1 minute\" \/>\n<script type=\"application\/ld+json\" class=\"yoast-schema-graph\">{\"@context\":\"https:\/\/schema.org\",\"@graph\":[{\"@type\":\"WebPage\",\"@id\":\"https:\/\/ojen2024.turnbull.co\/fr\/pscar\/ressources\/aide-pour-debuter\/cas-practique-pour-proces-simules\",\"url\":\"https:\/\/ojen2024.turnbull.co\/fr\/pscar\/ressources\/aide-pour-debuter\/cas-practique-pour-proces-simules\",\"name\":\"Sc\u00e9narios de cas pour s\u2019exercer en vue d\u2019un proc\u00e8s simul\u00e9 ABO ROEJ - OJEN\",\"isPartOf\":{\"@id\":\"https:\/\/ojen2024.turnbull.co\/en\/#website\"},\"datePublished\":\"2016-10-07T12:17:22+00:00\",\"dateModified\":\"2025-07-29T23:44:36+00:00\",\"breadcrumb\":{\"@id\":\"https:\/\/ojen2024.turnbull.co\/fr\/pscar\/ressources\/aide-pour-debuter\/cas-practique-pour-proces-simules#breadcrumb\"},\"inLanguage\":\"fr-CA\",\"potentialAction\":[{\"@type\":\"ReadAction\",\"target\":[\"https:\/\/ojen2024.turnbull.co\/fr\/pscar\/ressources\/aide-pour-debuter\/cas-practique-pour-proces-simules\"]}]},{\"@type\":\"BreadcrumbList\",\"@id\":\"https:\/\/ojen2024.turnbull.co\/fr\/pscar\/ressources\/aide-pour-debuter\/cas-practique-pour-proces-simules#breadcrumb\",\"itemListElement\":[{\"@type\":\"ListItem\",\"position\":1,\"name\":\"Home\",\"item\":\"https:\/\/ojen2024.turnbull.co\/fr\"},{\"@type\":\"ListItem\",\"position\":2,\"name\":\"Proc\u00e8s simul\u00e9s comp\u00e9titifs ABO\u2011ROEJ pour \u00e9l\u00e8ves du secondaire\",\"item\":\"https:\/\/ojen2024.turnbull.co\/fr\/pscar\"},{\"@type\":\"ListItem\",\"position\":3,\"name\":\"Documents et ressources pour le tournoi\",\"item\":\"https:\/\/ojen2024.turnbull.co\/fr\/pscar\/ressources\"},{\"@type\":\"ListItem\",\"position\":4,\"name\":\"Ressources pour vous aider \u00e0 commencer\",\"item\":\"https:\/\/ojen2024.turnbull.co\/fr\/pscar\/ressources\/aide-pour-debuter\"},{\"@type\":\"ListItem\",\"position\":5,\"name\":\"Sc\u00e9narios de cas pour s\u2019exercer en vue d\u2019un proc\u00e8s simul\u00e9 ABO ROEJ\"}]},{\"@type\":\"WebSite\",\"@id\":\"https:\/\/ojen2024.turnbull.co\/en\/#website\",\"url\":\"https:\/\/ojen2024.turnbull.co\/en\/\",\"name\":\"OJEN\",\"description\":\"\",\"potentialAction\":[{\"@type\":\"SearchAction\",\"target\":{\"@type\":\"EntryPoint\",\"urlTemplate\":\"https:\/\/ojen2024.turnbull.co\/en\/?s={search_term_string}\"},\"query-input\":{\"@type\":\"PropertyValueSpecification\",\"valueRequired\":true,\"valueName\":\"search_term_string\"}}],\"inLanguage\":\"fr-CA\"}]}<\/script>\n<!-- \/ Yoast SEO plugin. -->","yoast_head_json":{"title":"Sc\u00e9narios de cas pour s\u2019exercer en vue d\u2019un proc\u00e8s simul\u00e9 ABO ROEJ - OJEN","robots":{"index":"noindex","follow":"follow","max-snippet":"max-snippet:-1","max-image-preview":"max-image-preview:large","max-video-preview":"max-video-preview:-1"},"og_locale":"fr_CA","og_type":"article","og_title":"Sc\u00e9narios de cas pour s\u2019exercer en vue d\u2019un proc\u00e8s simul\u00e9 ABO ROEJ - OJEN","og_description":"L\u2019un des plus grands d\u00e9fis pour la plupart des \u00e9quipes est de d\u00e9velopper leur capacit\u00e9 d\u2019adaptation et de se pr\u00e9parer \u00e0 improviser lorsque les choses se d\u00e9rouleront autrement que pr\u00e9vu lors du proc\u00e8s. S\u2019entra\u00eener avec des cas autres que le cas officiel du PSCAR peut vous aider \u00e0 d\u00e9velopper vos comp\u00e9tences de plaidoirie et \u00e0 [&hellip;]","og_url":"https:\/\/ojen2024.turnbull.co\/fr\/pscar\/ressources\/aide-pour-debuter\/cas-practique-pour-proces-simules","og_site_name":"OJEN","article_publisher":"https:\/\/www.facebook.com\/pages\/OJEN\/252115501467864","article_modified_time":"2025-07-29T23:44:36+00:00","twitter_card":"summary_large_image","twitter_site":"@OJEN_ROEJ","twitter_misc":{"Estimation du temps de lecture":"1 minute"},"schema":{"@context":"https:\/\/schema.org","@graph":[{"@type":"WebPage","@id":"https:\/\/ojen2024.turnbull.co\/fr\/pscar\/ressources\/aide-pour-debuter\/cas-practique-pour-proces-simules","url":"https:\/\/ojen2024.turnbull.co\/fr\/pscar\/ressources\/aide-pour-debuter\/cas-practique-pour-proces-simules","name":"Sc\u00e9narios de cas pour s\u2019exercer en vue d\u2019un proc\u00e8s simul\u00e9 ABO ROEJ - OJEN","isPartOf":{"@id":"https:\/\/ojen2024.turnbull.co\/en\/#website"},"datePublished":"2016-10-07T12:17:22+00:00","dateModified":"2025-07-29T23:44:36+00:00","breadcrumb":{"@id":"https:\/\/ojen2024.turnbull.co\/fr\/pscar\/ressources\/aide-pour-debuter\/cas-practique-pour-proces-simules#breadcrumb"},"inLanguage":"fr-CA","potentialAction":[{"@type":"ReadAction","target":["https:\/\/ojen2024.turnbull.co\/fr\/pscar\/ressources\/aide-pour-debuter\/cas-practique-pour-proces-simules"]}]},{"@type":"BreadcrumbList","@id":"https:\/\/ojen2024.turnbull.co\/fr\/pscar\/ressources\/aide-pour-debuter\/cas-practique-pour-proces-simules#breadcrumb","itemListElement":[{"@type":"ListItem","position":1,"name":"Home","item":"https:\/\/ojen2024.turnbull.co\/fr"},{"@type":"ListItem","position":2,"name":"Proc\u00e8s simul\u00e9s comp\u00e9titifs ABO\u2011ROEJ pour \u00e9l\u00e8ves du secondaire","item":"https:\/\/ojen2024.turnbull.co\/fr\/pscar"},{"@type":"ListItem","position":3,"name":"Documents et ressources pour le tournoi","item":"https:\/\/ojen2024.turnbull.co\/fr\/pscar\/ressources"},{"@type":"ListItem","position":4,"name":"Ressources pour vous aider \u00e0 commencer","item":"https:\/\/ojen2024.turnbull.co\/fr\/pscar\/ressources\/aide-pour-debuter"},{"@type":"ListItem","position":5,"name":"Sc\u00e9narios de cas pour s\u2019exercer en vue d\u2019un proc\u00e8s simul\u00e9 ABO ROEJ"}]},{"@type":"WebSite","@id":"https:\/\/ojen2024.turnbull.co\/en\/#website","url":"https:\/\/ojen2024.turnbull.co\/en\/","name":"OJEN","description":"","potentialAction":[{"@type":"SearchAction","target":{"@type":"EntryPoint","urlTemplate":"https:\/\/ojen2024.turnbull.co\/en\/?s={search_term_string}"},"query-input":{"@type":"PropertyValueSpecification","valueRequired":true,"valueName":"search_term_string"}}],"inLanguage":"fr-CA"}]}},"_links":{"self":[{"href":"https:\/\/ojen2024.turnbull.co\/fr\/wp-json\/wp\/v2\/pages\/8431"}],"collection":[{"href":"https:\/\/ojen2024.turnbull.co\/fr\/wp-json\/wp\/v2\/pages"}],"about":[{"href":"https:\/\/ojen2024.turnbull.co\/fr\/wp-json\/wp\/v2\/types\/page"}],"author":[{"embeddable":true,"href":"https:\/\/ojen2024.turnbull.co\/fr\/wp-json\/wp\/v2\/users\/4"}],"replies":[{"embeddable":true,"href":"https:\/\/ojen2024.turnbull.co\/fr\/wp-json\/wp\/v2\/comments?post=8431"}],"version-history":[{"count":0,"href":"https:\/\/ojen2024.turnbull.co\/fr\/wp-json\/wp\/v2\/pages\/8431\/revisions"}],"up":[{"embeddable":true,"href":"https:\/\/ojen2024.turnbull.co\/fr\/wp-json\/wp\/v2\/pages\/8429"}],"wp:attachment":[{"href":"https:\/\/ojen2024.turnbull.co\/fr\/wp-json\/wp\/v2\/media?parent=8431"}],"curies":[{"name":"wp","href":"https:\/\/api.w.org\/{rel}","templated":true}]}}