{"id":8437,"date":"2016-10-27T15:07:21","date_gmt":"2016-10-27T15:07:21","guid":{"rendered":"http:\/\/ojen.ca\/fr\/welcome-to-the-ojen-website-youth-worker"},"modified":"2025-07-25T11:33:25","modified_gmt":"2025-07-25T15:33:25","slug":"intervenantes-des-services-a-la-jeunesse","status":"publish","type":"page","link":"https:\/\/ojen2024.turnbull.co\/fr\/intervenantes-des-services-a-la-jeunesse","title":{"rendered":"Intervenant\u00b7es des services \u00e0 la jeunesse"},"content":{"rendered":"\n<section class=\"wp-block-tco2025-blocks-section-block has-white-bg\"><div class=\"layout__container\">    <div class=\"page-menu-a\">\n      <div class=\"page-menu-a__wrapper\">\n                  <h5 class=\"page-menu-a__heading\">\n            Le ROEJ propose des programmes et des ressources pour :          <\/h5>\n                <div class=\"page-menu-a__buttons\">\n                                    <a\n                href=\"https:\/\/ojen2024.turnbull.co\/fr\/enseignantes-et-enseignants\"\n                class=\"page-menu-a__button\"\n              >\n                les enseignants              <\/a>\n                                                <a\n                href=\"https:\/\/ojen2024.turnbull.co\/fr\/professionnelles-du-droit\"\n                class=\"page-menu-a__button\"\n              >\n                les professionnel\u00b7les du droit              <\/a>\n                                                <a\n                href=\"https:\/\/ojen2024.turnbull.co\/fr\/intervenantes-des-services-a-la-jeunesse\"\n                class=\"page-menu-a__button\"\n              >\n                les conf\u00e9rencier\u00b7\u00e8res des services \u00e0 la jeunesse              <\/a>\n                              <\/div>\n      <\/div>\n    <\/div>\n    \n\n\n<div class=\"wp-block-columns is-layout-flex wp-container-core-columns-is-layout-1 wp-block-columns-is-layout-flex\">\n<div class=\"wp-block-column is-layout-flow wp-block-column-is-layout-flow\"><\/div>\n\n\n\n<div class=\"wp-block-column is-layout-flow wp-block-column-is-layout-flow\" style=\"flex-basis:720px\">\n<h2 class=\"wp-block-heading has-text-align-center\">Intervenant\u00b7es des services \u00e0 la jeunesse<\/h2>\n\n\n\n<p class=\"has-text-align-center\">Le ROEJ s\u2019associe \u00e0 des organismes communautaires et \u00e0 des organisations offrant des services \u00e0 la jeunesse pour proposer des programmes interactifs d\u2019\u00e9ducation juridique adapt\u00e9s \u00e0 leurs besoins juridiques particuliers et aux int\u00e9r\u00eats des jeunes qu\u2019ils servent.<\/p>\n<\/div>\n\n\n\n<div class=\"wp-block-column is-layout-flow wp-block-column-is-layout-flow\"><\/div>\n<\/div>\n\n\n\n<div class=\"wp-block-tco2025-blocks-image-with-text-block column-box\"><div class=\"column-box__part\"><h3 class=\"column-box__heading\">Travaillez avec nous<\/h3><p class=\"column-box__text\">Les initiatives communautaires d\u2019\u00e9ducation juridique du ROEJ sont con\u00e7ues pour r\u00e9pondre sp\u00e9cifiquement aux besoins juridiques des jeunes de 12 \u00e0 29 ans. Le ROEJ propose des programmes et des ateliers stimulants qui renforcent les capacit\u00e9s juridiques des jeunes tout en d\u00e9veloppant leurs connaissances, leurs comp\u00e9tences juridiques essentielles et leurs liens avec la communaut\u00e9. Nous donnons aux jeunes les moyens d\u2019agir afin qu\u2019ils puissent surmonter les d\u00e9fis juridiques qui se pr\u00e9senteront dans leur propre vie et agir comme des acteurs de changement dans leur communaut\u00e9.<\/p><\/div><img decoding=\"async\" class=\"column-box__image\" src=\"https:\/\/ojen2024.turnbull.co\/wp-content\/uploads\/2025\/03\/General-blurb.jpg\" srcset=\"\" sizes=\"\" loading=\"lazy\" alt=\"\"\/><\/div>\n<\/div><\/section>\n\n\n\n<section class=\"wp-block-tco2025-blocks-section-block has-grey-bg\"><div class=\"layout__container\">\n<div class=\"wp-block-tco2025-blocks-column-box-block column-box aligntop\"><div class=\"column-box__part\"><article class=\"big-preview\"><img decoding=\"async\" class=\"big-preview__img\" src=\"https:\/\/ojen2024.turnbull.co\/wp-content\/uploads\/2025\/07\/Legal-Capability.jpg\" loading=\"lazy\" alt=\"\"\/><div class=\"big-preview__wrapper\"><p class=\"big-preview__text\">Les programmes exp\u00e9rientiels du ROEJ fournissent aux jeunes les outils dont ils ont besoin pour prendre en charge les questions juridiques qui se pr\u00e9sentent dans leur vie. <\/p><div class=\"big-preview__links\"><a class=\"icon-link has-no-margin\" href=\"\/fr\/communautaires\/programmes\"><span>Voir les programmes<\/span><span><svg width=\"24\" height=\"8\" viewBox=\"0 0 24 8\" fill=\"none\" xmlns=\"http:\/\/www.w3.org\/2000\/svg\"><path fill-rule=\"evenodd\" clip-rule=\"evenodd\" d=\"M20.7395 0.159095L23.8565 3.61591C24.0478 3.82804 24.0478 4.17196 23.8565 4.38409L20.7395 7.8409C20.5482 8.05303 20.2381 8.05303 20.0468 7.8409C19.8555 7.62878 19.8555 7.28485 20.0468 7.07272L22.3277 4.54319H0V3.45681H22.3277L20.0468 0.927276C19.8555 0.715149 19.8555 0.371223 20.0468 0.159095C20.2381 -0.0530318 20.5482 -0.0530318 20.7395 0.159095Z\" fill=\"#3573B9\"><\/path><\/svg><\/span><\/a><\/div><\/div><\/article><\/div><div class=\"column-box__part\"><div class=\"column-box__preview-list\"><article class=\"preview\"><a class=\"preview__inner\" href=\"\/fr\/ressources\/\"><div><p class=\"preview__text\">La base de donn\u00e9es de ressources gratuites du ROEJ \u2014 qui touche un large \u00e9ventail de sujets juridiques \u2014 offre des informations pratiques sur la tenue de programmes d\u2019\u00e9ducation juridique. Chaque trousse comprend des guides d\u2019animation et des suggestions d\u2019activit\u00e9s d\u2019apprentissage. <\/p><div class=\"icon-link has-large-gap\"><span>Voir les ressources<\/span><span><svg width=\"24\" height=\"8\" viewBox=\"0 0 24 8\" fill=\"none\" xmlns=\"http:\/\/www.w3.org\/2000\/svg\"><path fill-rule=\"evenodd\" clip-rule=\"evenodd\" d=\"M20.7395 0.159095L23.8565 3.61591C24.0478 3.82804 24.0478 4.17196 23.8565 4.38409L20.7395 7.8409C20.5482 8.05303 20.2381 8.05303 20.0468 7.8409C19.8555 7.62878 19.8555 7.28485 20.0468 7.07272L22.3277 4.54319H0V3.45681H22.3277L20.0468 0.927276C19.8555 0.715149 19.8555 0.371223 20.0468 0.159095C20.2381 -0.0530318 20.5482 -0.0530318 20.7395 0.159095Z\" fill=\"#3573B9\"><\/path><\/svg><\/span><\/div><\/div><\/a><\/article><article class=\"preview\"><a class=\"preview__inner\" href=\"\/fr\/formation\/pour-les-travailleurs-communautaires\/\"><div><p class=\"preview__text\">Obtenez des informations juridiques exactes de la part d\u2019avocat\u00b7es, de parajuristes et d\u2019autres professionnel\u00b7les du droit gr\u00e2ce \u00e0 nos formations de perfectionnement professionnel. <\/p><div class=\"icon-link has-large-gap\"><span>En savoir plus<\/span><span><svg width=\"24\" height=\"8\" viewBox=\"0 0 24 8\" fill=\"none\" xmlns=\"http:\/\/www.w3.org\/2000\/svg\"><path fill-rule=\"evenodd\" clip-rule=\"evenodd\" d=\"M20.7395 0.159095L23.8565 3.61591C24.0478 3.82804 24.0478 4.17196 23.8565 4.38409L20.7395 7.8409C20.5482 8.05303 20.2381 8.05303 20.0468 7.8409C19.8555 7.62878 19.8555 7.28485 20.0468 7.07272L22.3277 4.54319H0V3.45681H22.3277L20.0468 0.927276C19.8555 0.715149 19.8555 0.371223 20.0468 0.159095C20.2381 -0.0530318 20.5482 -0.0530318 20.7395 0.159095Z\" fill=\"#3573B9\"><\/path><\/svg><\/span><\/div><\/div><\/a><\/article><\/div><\/div><\/div>\n<\/div><\/section>\n\n\n\n<section class=\"wp-block-tco2025-blocks-section-block has-white-bg\"><div class=\"layout__container\">\n<div id=\"info-box-602380\" class=\"wp-block-tco2025-blocks-info-box-block desc-box\"><div class=\"desc-box__wrapper\"><h4 class=\"desc-box__title\">Contactez-nous<\/h4><div class=\"desc-box__text\"><p>Contactez le personnel du ROEJ pour savoir comment nous pouvons travailler avec vous pour organiser un atelier ou un programme compos\u00e9 de plusieurs s\u00e9ances qui est adapt\u00e9 aux besoins des jeunes de votre communaut\u00e9.<\/p><\/div><a class=\"desc-box__button button button--light\" href=\"\/fr\/a-propos\/contact\/\">Communiquez avec nous<\/a><\/div><style>#info-box-602380 .desc-box__button {}#info-box-602380 .desc-box__button:hover {}<\/style><\/div>\n<\/div><\/section>\n\n\n\n<section class=\"wp-block-tco2025-blocks-section-block has-grey-bg\"><div class=\"layout__container\">\n<div class=\"wp-block-tco2025-blocks-image-with-text-block column-box\"><img decoding=\"async\" class=\"column-box__image\" src=\"https:\/\/ojen2024.turnbull.co\/wp-content\/uploads\/2025\/03\/Training-for-adults-who-work-with-youth.jpg\" srcset=\"\" sizes=\"\" loading=\"lazy\" alt=\"\"\/><div class=\"column-box__part\"><h3 class=\"column-box__heading\">Demander une formation de perfectionnement professionnel<\/h3><p class=\"column-box__text\">Restez au courant des questions juridiques qui touchent les jeunes de votre communaut\u00e9 en participant \u00e0 un atelier de perfectionnement professionnel.<\/p>\n<a class=\"wp-block-tco2025-blocks-button-block button button--primary\" href=\"\/fr\/formation\/pour-les-travailleurs-communautaires\/\"><span>Voir les options de formation<\/span><\/a>\n<\/div><\/div>\n<\/div><\/section>\n\n\n\n<section class=\"wp-block-tco2025-blocks-section-block has-white-bg\"><div class=\"layout__container\">\n<div id=\"info-box-602380\" class=\"wp-block-tco2025-blocks-info-box-block desc-box\"><div class=\"desc-box__wrapper\"><div class=\"desc-box__text\"><p>Restez \u00e0 l\u2019aff\u00fbt des nouveaux programmes et des nouvelles ressources du ROEJ.<\/p><\/div><a class=\"desc-box__button button button--light\" href=\"\/fr\/subscribe\/?reset=1&amp;q=civicrm\/profile\/create\">S\u2019abonner \u00e0 l\u2019infolettre du ROEJ<\/a><\/div><style>#info-box-602380 .desc-box__button {}#info-box-602380 .desc-box__button:hover {}<\/style><\/div>\n<\/div><\/section>\n","protected":false},"excerpt":{"rendered":"","protected":false},"author":4,"featured_media":29522,"parent":0,"menu_order":0,"comment_status":"closed","ping_status":"closed","template":"template-blocks.php","meta":{"_acf_changed":false,"_eb_attr":"","inline_featured_image":false,"ub_ctt_via":"","footnotes":""},"class_list":["post-8437","page","type-page","status-publish","has-post-thumbnail","hentry"],"acf":[],"featured_image_src":"https:\/\/ojen2024.turnbull.co\/wp-content\/uploads\/2025\/03\/youth-workers-hero.jpg","yoast_head":"<!-- This site is optimized with the Yoast SEO plugin v25.3 - https:\/\/yoast.com\/wordpress\/plugins\/seo\/ -->\n<title>Intervenant\u00b7es des services \u00e0 la jeunesse - OJEN<\/title>\n<meta name=\"robots\" content=\"noindex, follow, max-snippet:-1, max-image-preview:large, max-video-preview:-1\" \/>\n<meta property=\"og:locale\" content=\"fr_CA\" \/>\n<meta property=\"og:type\" content=\"article\" \/>\n<meta property=\"og:title\" content=\"Intervenant\u00b7es des services \u00e0 la jeunesse - OJEN\" \/>\n<meta property=\"og:url\" content=\"https:\/\/ojen2024.turnbull.co\/fr\/intervenantes-des-services-a-la-jeunesse\" \/>\n<meta property=\"og:site_name\" content=\"OJEN\" \/>\n<meta property=\"article:publisher\" content=\"https:\/\/www.facebook.com\/pages\/OJEN\/252115501467864\" \/>\n<meta property=\"article:modified_time\" content=\"2025-07-25T15:33:25+00:00\" \/>\n<meta property=\"og:image\" content=\"https:\/\/ojen2024.turnbull.co\/wp-content\/uploads\/2025\/03\/youth-workers-hero.jpg\" \/>\n\t<meta property=\"og:image:width\" content=\"1440\" \/>\n\t<meta property=\"og:image:height\" content=\"400\" \/>\n\t<meta property=\"og:image:type\" content=\"image\/jpeg\" \/>\n<meta name=\"twitter:card\" content=\"summary_large_image\" \/>\n<meta name=\"twitter:site\" content=\"@OJEN_ROEJ\" \/>\n<meta name=\"twitter:label1\" content=\"Estimation du temps de lecture\" \/>\n\t<meta name=\"twitter:data1\" content=\"3 minutes\" \/>\n<script type=\"application\/ld+json\" class=\"yoast-schema-graph\">{\"@context\":\"https:\/\/schema.org\",\"@graph\":[{\"@type\":\"WebPage\",\"@id\":\"https:\/\/ojen2024.turnbull.co\/fr\/intervenantes-des-services-a-la-jeunesse\",\"url\":\"https:\/\/ojen2024.turnbull.co\/fr\/intervenantes-des-services-a-la-jeunesse\",\"name\":\"Intervenant\u00b7es des services \u00e0 la jeunesse - OJEN\",\"isPartOf\":{\"@id\":\"https:\/\/ojen2024.turnbull.co\/en\/#website\"},\"primaryImageOfPage\":{\"@id\":\"https:\/\/ojen2024.turnbull.co\/fr\/intervenantes-des-services-a-la-jeunesse#primaryimage\"},\"image\":{\"@id\":\"https:\/\/ojen2024.turnbull.co\/fr\/intervenantes-des-services-a-la-jeunesse#primaryimage\"},\"thumbnailUrl\":\"https:\/\/ojen2024.turnbull.co\/wp-content\/uploads\/2025\/03\/youth-workers-hero.jpg\",\"datePublished\":\"2016-10-27T15:07:21+00:00\",\"dateModified\":\"2025-07-25T15:33:25+00:00\",\"breadcrumb\":{\"@id\":\"https:\/\/ojen2024.turnbull.co\/fr\/intervenantes-des-services-a-la-jeunesse#breadcrumb\"},\"inLanguage\":\"fr-CA\",\"potentialAction\":[{\"@type\":\"ReadAction\",\"target\":[\"https:\/\/ojen2024.turnbull.co\/fr\/intervenantes-des-services-a-la-jeunesse\"]}]},{\"@type\":\"ImageObject\",\"inLanguage\":\"fr-CA\",\"@id\":\"https:\/\/ojen2024.turnbull.co\/fr\/intervenantes-des-services-a-la-jeunesse#primaryimage\",\"url\":\"https:\/\/ojen2024.turnbull.co\/wp-content\/uploads\/2025\/03\/youth-workers-hero.jpg\",\"contentUrl\":\"https:\/\/ojen2024.turnbull.co\/wp-content\/uploads\/2025\/03\/youth-workers-hero.jpg\",\"width\":1440,\"height\":400},{\"@type\":\"BreadcrumbList\",\"@id\":\"https:\/\/ojen2024.turnbull.co\/fr\/intervenantes-des-services-a-la-jeunesse#breadcrumb\",\"itemListElement\":[{\"@type\":\"ListItem\",\"position\":1,\"name\":\"Home\",\"item\":\"https:\/\/ojen2024.turnbull.co\/fr\"},{\"@type\":\"ListItem\",\"position\":2,\"name\":\"Intervenant\u00b7es des services \u00e0 la jeunesse\"}]},{\"@type\":\"WebSite\",\"@id\":\"https:\/\/ojen2024.turnbull.co\/en\/#website\",\"url\":\"https:\/\/ojen2024.turnbull.co\/en\/\",\"name\":\"OJEN\",\"description\":\"\",\"potentialAction\":[{\"@type\":\"SearchAction\",\"target\":{\"@type\":\"EntryPoint\",\"urlTemplate\":\"https:\/\/ojen2024.turnbull.co\/en\/?s={search_term_string}\"},\"query-input\":{\"@type\":\"PropertyValueSpecification\",\"valueRequired\":true,\"valueName\":\"search_term_string\"}}],\"inLanguage\":\"fr-CA\"}]}<\/script>\n<!-- \/ Yoast SEO plugin. -->","yoast_head_json":{"title":"Intervenant\u00b7es des services \u00e0 la jeunesse - OJEN","robots":{"index":"noindex","follow":"follow","max-snippet":"max-snippet:-1","max-image-preview":"max-image-preview:large","max-video-preview":"max-video-preview:-1"},"og_locale":"fr_CA","og_type":"article","og_title":"Intervenant\u00b7es des services \u00e0 la jeunesse - OJEN","og_url":"https:\/\/ojen2024.turnbull.co\/fr\/intervenantes-des-services-a-la-jeunesse","og_site_name":"OJEN","article_publisher":"https:\/\/www.facebook.com\/pages\/OJEN\/252115501467864","article_modified_time":"2025-07-25T15:33:25+00:00","og_image":[{"width":1440,"height":400,"url":"https:\/\/ojen2024.turnbull.co\/wp-content\/uploads\/2025\/03\/youth-workers-hero.jpg","type":"image\/jpeg"}],"twitter_card":"summary_large_image","twitter_site":"@OJEN_ROEJ","twitter_misc":{"Estimation du temps de lecture":"3 minutes"},"schema":{"@context":"https:\/\/schema.org","@graph":[{"@type":"WebPage","@id":"https:\/\/ojen2024.turnbull.co\/fr\/intervenantes-des-services-a-la-jeunesse","url":"https:\/\/ojen2024.turnbull.co\/fr\/intervenantes-des-services-a-la-jeunesse","name":"Intervenant\u00b7es des services \u00e0 la jeunesse - OJEN","isPartOf":{"@id":"https:\/\/ojen2024.turnbull.co\/en\/#website"},"primaryImageOfPage":{"@id":"https:\/\/ojen2024.turnbull.co\/fr\/intervenantes-des-services-a-la-jeunesse#primaryimage"},"image":{"@id":"https:\/\/ojen2024.turnbull.co\/fr\/intervenantes-des-services-a-la-jeunesse#primaryimage"},"thumbnailUrl":"https:\/\/ojen2024.turnbull.co\/wp-content\/uploads\/2025\/03\/youth-workers-hero.jpg","datePublished":"2016-10-27T15:07:21+00:00","dateModified":"2025-07-25T15:33:25+00:00","breadcrumb":{"@id":"https:\/\/ojen2024.turnbull.co\/fr\/intervenantes-des-services-a-la-jeunesse#breadcrumb"},"inLanguage":"fr-CA","potentialAction":[{"@type":"ReadAction","target":["https:\/\/ojen2024.turnbull.co\/fr\/intervenantes-des-services-a-la-jeunesse"]}]},{"@type":"ImageObject","inLanguage":"fr-CA","@id":"https:\/\/ojen2024.turnbull.co\/fr\/intervenantes-des-services-a-la-jeunesse#primaryimage","url":"https:\/\/ojen2024.turnbull.co\/wp-content\/uploads\/2025\/03\/youth-workers-hero.jpg","contentUrl":"https:\/\/ojen2024.turnbull.co\/wp-content\/uploads\/2025\/03\/youth-workers-hero.jpg","width":1440,"height":400},{"@type":"BreadcrumbList","@id":"https:\/\/ojen2024.turnbull.co\/fr\/intervenantes-des-services-a-la-jeunesse#breadcrumb","itemListElement":[{"@type":"ListItem","position":1,"name":"Home","item":"https:\/\/ojen2024.turnbull.co\/fr"},{"@type":"ListItem","position":2,"name":"Intervenant\u00b7es des services \u00e0 la jeunesse"}]},{"@type":"WebSite","@id":"https:\/\/ojen2024.turnbull.co\/en\/#website","url":"https:\/\/ojen2024.turnbull.co\/en\/","name":"OJEN","description":"","potentialAction":[{"@type":"SearchAction","target":{"@type":"EntryPoint","urlTemplate":"https:\/\/ojen2024.turnbull.co\/en\/?s={search_term_string}"},"query-input":{"@type":"PropertyValueSpecification","valueRequired":true,"valueName":"search_term_string"}}],"inLanguage":"fr-CA"}]}},"_links":{"self":[{"href":"https:\/\/ojen2024.turnbull.co\/fr\/wp-json\/wp\/v2\/pages\/8437"}],"collection":[{"href":"https:\/\/ojen2024.turnbull.co\/fr\/wp-json\/wp\/v2\/pages"}],"about":[{"href":"https:\/\/ojen2024.turnbull.co\/fr\/wp-json\/wp\/v2\/types\/page"}],"author":[{"embeddable":true,"href":"https:\/\/ojen2024.turnbull.co\/fr\/wp-json\/wp\/v2\/users\/4"}],"replies":[{"embeddable":true,"href":"https:\/\/ojen2024.turnbull.co\/fr\/wp-json\/wp\/v2\/comments?post=8437"}],"version-history":[{"count":0,"href":"https:\/\/ojen2024.turnbull.co\/fr\/wp-json\/wp\/v2\/pages\/8437\/revisions"}],"wp:featuredmedia":[{"embeddable":true,"href":"https:\/\/ojen2024.turnbull.co\/fr\/wp-json\/wp\/v2\/media\/29522"}],"wp:attachment":[{"href":"https:\/\/ojen2024.turnbull.co\/fr\/wp-json\/wp\/v2\/media?parent=8437"}],"curies":[{"name":"wp","href":"https:\/\/api.w.org\/{rel}","templated":true}]}}