{"id":8449,"date":"2016-10-27T15:01:28","date_gmt":"2016-10-27T15:01:28","guid":{"rendered":"http:\/\/ojen.ca\/fr\/welcome-to-the-ojen-website-lawyer"},"modified":"2025-07-30T06:20:32","modified_gmt":"2025-07-30T10:20:32","slug":"professionnelles-du-droit","status":"publish","type":"page","link":"https:\/\/ojen2024.turnbull.co\/fr\/professionnelles-du-droit","title":{"rendered":"Professionnel\u00b7les du droit"},"content":{"rendered":"\n<section class=\"wp-block-tco2025-blocks-section-block has-white-bg\"><div class=\"layout__container\">    <div class=\"page-menu-a\">\n      <div class=\"page-menu-a__wrapper\">\n                  <h5 class=\"page-menu-a__heading\">\n            Le ROEJ propose des programmes et des ressources pour :          <\/h5>\n                <div class=\"page-menu-a__buttons\">\n                                    <a\n                href=\"https:\/\/ojen2024.turnbull.co\/fr\/enseignantes-et-enseignants\"\n                class=\"page-menu-a__button\"\n              >\n                les enseignants              <\/a>\n                                                <a\n                href=\"https:\/\/ojen2024.turnbull.co\/fr\/professionnelles-du-droit\"\n                class=\"page-menu-a__button\"\n              >\n                les professionnel\u00b7les du droit              <\/a>\n                                                <a\n                href=\"https:\/\/ojen2024.turnbull.co\/fr\/intervenantes-des-services-a-la-jeunesse\"\n                class=\"page-menu-a__button\"\n              >\n                les conf\u00e9rencier\u00b7\u00e8res des services \u00e0 la jeunesse              <\/a>\n                              <\/div>\n      <\/div>\n    <\/div>\n    \n\n\n<div class=\"wp-block-columns is-layout-flex wp-container-core-columns-is-layout-1 wp-block-columns-is-layout-flex\">\n<div class=\"wp-block-column is-layout-flow wp-block-column-is-layout-flow\"><\/div>\n\n\n\n<div class=\"wp-block-column is-layout-flow wp-block-column-is-layout-flow\" style=\"flex-basis:720px\">\n<h2 class=\"wp-block-heading has-text-align-center\">Professionnel\u00b7les du droit<\/h2>\n\n\n\n<p class=\"has-text-align-center\">Des centaines de b\u00e9n\u00e9voles d\u00e9vou\u00e9s de la communaut\u00e9 juridique donnent g\u00e9n\u00e9reusement de leur temps et de leur expertise pour soutenir nos programmes et nous aider \u00e0 \u00e9laborer des ressources \u00e9ducatives.<\/p>\n<\/div>\n\n\n\n<div class=\"wp-block-column is-layout-flow wp-block-column-is-layout-flow\"><\/div>\n<\/div>\n<\/div><\/section>\n\n\n\n<section class=\"wp-block-tco2025-blocks-section-block has-white-bg\"><div class=\"layout__container\">\n<div class=\"wp-block-tco2025-blocks-image-with-text-block column-box\"><div class=\"column-box__part\"><h3 class=\"column-box__heading\">\u00c0 propos du ROEJ<\/h3><p class=\"column-box__text\">Le ROEJ est un organisme d\u2019\u00e9ducation juridique sans but lucratif qui travaille principalement avec les jeunes. Vous souhaitez en apprendre davantage sur <a href=\"\/fr\/a-propos\/quest-ce-que-le-roej%E2%80%89\/leducation-juridique\">l\u2019\u00e9ducation juridique<\/a>? Voyez pourquoi nous croyons que le d\u00e9veloppement de la <a href=\"\/fr\/a-propos\/quest-ce-que-le-roej%E2%80%89\/la-capacite-juridique\">capabilit\u00e9 juridique<\/a> des jeunes est une excellente strat\u00e9gie pour faire avancer l\u2019acc\u00e8s \u00e0 la justice. Consultez la liste de nos <a href=\"\/fr\/notre-travail\/evenements-annuels-et-programmes\/\">\u00e9v\u00e9nements et programmes annuels<\/a> ou de nos <a href=\"\/fr\/notre-travail\/projets-deducation-juridique\/\">projets d\u2019\u00e9ducation juridique<\/a> pour mieux comprendre ce qu\u2019est l\u2019\u00e9ducation juridique.<\/p><\/div><img decoding=\"async\" class=\"column-box__image\" src=\"https:\/\/ojen2024.turnbull.co\/wp-content\/uploads\/2025\/06\/Person-Speaking.jpg\" srcset=\"\" sizes=\"\" loading=\"lazy\" alt=\"\"\/><\/div>\n<\/div><\/section>\n\n\n\n<section class=\"wp-block-tco2025-blocks-section-block has-grey-bg\"><div class=\"layout__container\">\n<h2 class=\"wp-block-heading has-text-align-center\">Comment s\u2019impliquer<\/h2>\n\n\n\n<figure class=\"wp-block-image size-large\"><img loading=\"lazy\" decoding=\"async\" width=\"1024\" height=\"363\" src=\"https:\/\/ojen2024.turnbull.co\/wp-content\/uploads\/2025\/06\/Volunteer-1024x363.jpg\" alt=\"\" class=\"wp-image-29781\" srcset=\"https:\/\/ojen2024.turnbull.co\/wp-content\/uploads\/2025\/06\/Volunteer-1024x363.jpg 1024w, https:\/\/ojen2024.turnbull.co\/wp-content\/uploads\/2025\/06\/Volunteer-300x106.jpg 300w, https:\/\/ojen2024.turnbull.co\/wp-content\/uploads\/2025\/06\/Volunteer-768x272.jpg 768w, https:\/\/ojen2024.turnbull.co\/wp-content\/uploads\/2025\/06\/Volunteer.jpg 1128w\" sizes=\"(max-width: 1024px) 100vw, 1024px\" \/><\/figure>\n\n\n\n<div class=\"wp-block-columns is-layout-flex wp-container-core-columns-is-layout-2 wp-block-columns-is-layout-flex\">\n<div class=\"wp-block-column is-layout-flow wp-block-column-is-layout-flow\">\n<p>Le soutien de la communaut\u00e9 juridique a jou\u00e9 un r\u00f4le essentiel dans la r\u00e9ussite du ROEJ. Des juges, des avocat\u00b7es, des parajuristes, des membres du personnel des tribunaux, des agent\u00b7es de police, des \u00e9tudiant\u00b7es en droit et d\u2019autres encore nous aident \u00e0 atteindre des milliers de jeunes chaque ann\u00e9e. Nous offrons plusieurs fa\u00e7ons aux personnes qui travaillent dans le secteur de la justice de s\u2019impliquer.<\/p>\n<\/div>\n\n\n\n<div class=\"wp-block-column is-layout-flow wp-block-column-is-layout-flow\">\n<p>Les programmes du ROEJ sont offerts partout en Ontario avec l\u2019aide d\u2019environ 1 200 b\u00e9n\u00e9voles du secteur de la justice, comme des :\u00a0<\/p>\n<ul>\n<li>juges;<\/li>\n<li>juges de paix;<\/li>\n<li>avocats;<\/li>\n<li>parajuristes;<\/li>\n<li>agents de police;<\/li>\n<li>\u00e9tudiants en droit;<\/li>\n<li>membres du personnel des tribunaux et d\u2019autres professionnels du secteur de la justice.<\/li>\n<\/ul>\n<\/div>\n<\/div>\n\n\n\n<div class=\"wp-block-tco2025-blocks-two-column-preview-block about-us\"><div class=\"preview-list has-two-columns\"><article class=\"preview about-us\"><a class=\"preview__inner\" href=\"\/fr\/contribuer-au-travail-du-roej\/creer-ou-se-joindre-a-un-comite-local-du-roej\/\"><div><p class=\"preview__text\">     Les comit\u00e9s locaux du ROEJ dirig\u00e9s par des b\u00e9n\u00e9voles organisent des initiatives locales d\u2019\u00e9ducation juridique et soutiennent les programmes du ROEJ d\u2019un bout \u00e0 l\u2019autre de la province.<\/p><div class=\"icon-link\"><span>D\u00e9couvrez votre comit\u00e9 local<\/span><span><svg width=\"24\" height=\"8\" viewBox=\"0 0 24 8\" fill=\"none\" xmlns=\"http:\/\/www.w3.org\/2000\/svg\"><path fill-rule=\"evenodd\" clip-rule=\"evenodd\" d=\"M20.7395 0.159095L23.8565 3.61591C24.0478 3.82804 24.0478 4.17196 23.8565 4.38409L20.7395 7.8409C20.5482 8.05303 20.2381 8.05303 20.0468 7.8409C19.8555 7.62878 19.8555 7.28485 20.0468 7.07272L22.3277 4.54319H0V3.45681H22.3277L20.0468 0.927276C19.8555 0.715149 19.8555 0.371223 20.0468 0.159095C20.2381 -0.0530318 20.5482 -0.0530318 20.7395 0.159095Z\" fill=\"#3573B9\"><\/path><\/svg><\/span><\/div><\/div><\/a><\/article><article class=\"preview about-us\"><a class=\"preview__inner\" href=\"\/fr\/formation\/pour-les-benevoles-du-secteur-de-la-justice\/\"><div><p class=\"preview__text\">Le ROEJ propose des formations et des ressources en ligne pour les avocat\u00b7es, les parajuristes, les juges et autres professionnel\u00b7les du droit qui souhaitent animer des ateliers d\u2019\u00e9ducation juridique pour diff\u00e9rents publics de jeunes.<\/p><div class=\"icon-link\"><span>Possibilit\u00e9s de formation<\/span><span><svg width=\"24\" height=\"8\" viewBox=\"0 0 24 8\" fill=\"none\" xmlns=\"http:\/\/www.w3.org\/2000\/svg\"><path fill-rule=\"evenodd\" clip-rule=\"evenodd\" d=\"M20.7395 0.159095L23.8565 3.61591C24.0478 3.82804 24.0478 4.17196 23.8565 4.38409L20.7395 7.8409C20.5482 8.05303 20.2381 8.05303 20.0468 7.8409C19.8555 7.62878 19.8555 7.28485 20.0468 7.07272L22.3277 4.54319H0V3.45681H22.3277L20.0468 0.927276C19.8555 0.715149 19.8555 0.371223 20.0468 0.159095C20.2381 -0.0530318 20.5482 -0.0530318 20.7395 0.159095Z\" fill=\"#3573B9\"><\/path><\/svg><\/span><\/div><\/div><\/a><\/article><article class=\"preview about-us\"><a class=\"preview__inner\" href=\"\/fr\/pscar\/se-porter-benevole\"><div><p class=\"preview__text\">Travaillez avec une \u00e9quipe de proc\u00e8s simul\u00e9 dans une \u00e9cole secondaire ou dans un cadre communautaire et aidez-la \u00e0 pr\u00e9parer sa cause et \u00e0 se pr\u00e9parer pour la comp\u00e9tition. <\/p><div class=\"icon-link\"><span>Devenez coach<\/span><span><svg width=\"24\" height=\"8\" viewBox=\"0 0 24 8\" fill=\"none\" xmlns=\"http:\/\/www.w3.org\/2000\/svg\"><path fill-rule=\"evenodd\" clip-rule=\"evenodd\" d=\"M20.7395 0.159095L23.8565 3.61591C24.0478 3.82804 24.0478 4.17196 23.8565 4.38409L20.7395 7.8409C20.5482 8.05303 20.2381 8.05303 20.0468 7.8409C19.8555 7.62878 19.8555 7.28485 20.0468 7.07272L22.3277 4.54319H0V3.45681H22.3277L20.0468 0.927276C19.8555 0.715149 19.8555 0.371223 20.0468 0.159095C20.2381 -0.0530318 20.5482 -0.0530318 20.7395 0.159095Z\" fill=\"#3573B9\"><\/path><\/svg><\/span><\/div><\/div><\/a><\/article><\/div><div class=\"preview-list has-two-columns\"><article class=\"preview about-us\"><a class=\"preview__inner\" href=\"\/fr\/contribuer-au-travail-du-roej\/rediger-reviser-ou-traduire-une-ressource\/\"><div><p class=\"preview__text\">Contribuez \u00e0 la vaste base de donn\u00e9es du ROEJ qui offre des ressources p\u00e9dagogiques fond\u00e9es sur le curriculum. R\u00e9digez une ressource ou r\u00e9visez une ressource existante pour en v\u00e9rifier l\u2019exactitude juridique. <\/p><div class=\"icon-link\"><span>R\u00e9diger, r\u00e9viser ou traduire une ressource<\/span><span><svg width=\"24\" height=\"8\" viewBox=\"0 0 24 8\" fill=\"none\" xmlns=\"http:\/\/www.w3.org\/2000\/svg\"><path fill-rule=\"evenodd\" clip-rule=\"evenodd\" d=\"M20.7395 0.159095L23.8565 3.61591C24.0478 3.82804 24.0478 4.17196 23.8565 4.38409L20.7395 7.8409C20.5482 8.05303 20.2381 8.05303 20.0468 7.8409C19.8555 7.62878 19.8555 7.28485 20.0468 7.07272L22.3277 4.54319H0V3.45681H22.3277L20.0468 0.927276C19.8555 0.715149 19.8555 0.371223 20.0468 0.159095C20.2381 -0.0530318 20.5482 -0.0530318 20.7395 0.159095Z\" fill=\"#3573B9\"><\/path><\/svg><\/span><\/div><\/div><\/a><\/article><article class=\"preview about-us\"><a class=\"preview__inner\" href=\"\/fr\/contribuer-au-travail-du-roej\/faire-don-de-vos-toges-ou-codes-criminels\/\"><div><p class=\"preview__text\">Le ROEJ est heureux d\u2019accepter les robes et rabats d\u2019avocat afin de les pr\u00eater aux jeunes qui participent \u00e0 des proc\u00e8s simul\u00e9s. <\/p><div class=\"icon-link\"><span>Faire don de vos toges<\/span><span><svg width=\"24\" height=\"8\" viewBox=\"0 0 24 8\" fill=\"none\" xmlns=\"http:\/\/www.w3.org\/2000\/svg\"><path fill-rule=\"evenodd\" clip-rule=\"evenodd\" d=\"M20.7395 0.159095L23.8565 3.61591C24.0478 3.82804 24.0478 4.17196 23.8565 4.38409L20.7395 7.8409C20.5482 8.05303 20.2381 8.05303 20.0468 7.8409C19.8555 7.62878 19.8555 7.28485 20.0468 7.07272L22.3277 4.54319H0V3.45681H22.3277L20.0468 0.927276C19.8555 0.715149 19.8555 0.371223 20.0468 0.159095C20.2381 -0.0530318 20.5482 -0.0530318 20.7395 0.159095Z\" fill=\"#3573B9\"><\/path><\/svg><\/span><\/div><\/div><\/a><\/article><article class=\"preview about-us\"><a class=\"preview__inner\" href=\"\/fr\/faire-un-don\/\"><div><p class=\"preview__text\">En tant qu\u2019organisation sans but lucratif, les dons sont tr\u00e8s importants pour nous. Vos dons nous permettent de r\u00e9pondre \u00e0 des demandes d\u2019\u00e9ducation juridique auxquelles nous ne pourrions pas r\u00e9pondre autrement. <\/p><div class=\"icon-link\"><span>Faire un don<\/span><span><svg width=\"24\" height=\"8\" viewBox=\"0 0 24 8\" fill=\"none\" xmlns=\"http:\/\/www.w3.org\/2000\/svg\"><path fill-rule=\"evenodd\" clip-rule=\"evenodd\" d=\"M20.7395 0.159095L23.8565 3.61591C24.0478 3.82804 24.0478 4.17196 23.8565 4.38409L20.7395 7.8409C20.5482 8.05303 20.2381 8.05303 20.0468 7.8409C19.8555 7.62878 19.8555 7.28485 20.0468 7.07272L22.3277 4.54319H0V3.45681H22.3277L20.0468 0.927276C19.8555 0.715149 19.8555 0.371223 20.0468 0.159095C20.2381 -0.0530318 20.5482 -0.0530318 20.7395 0.159095Z\" fill=\"#3573B9\"><\/path><\/svg><\/span><\/div><\/div><\/a><\/article><\/div><\/div>\n<\/div><\/section>\n\n\n\n<section class=\"wp-block-tco2025-blocks-section-block has-white-bg\"><div class=\"layout__container\">\n<div id=\"info-box-683544\" class=\"wp-block-tco2025-blocks-info-box-block desc-box\"><div class=\"desc-box__wrapper\"><h4 class=\"desc-box__title\">Les infolettres du ROEJ :<\/h4><div class=\"desc-box__text\"><p>Restez \u00e0 l\u2019aff\u00fbt des nouvelles et des occasions du ROEJ en vous inscrivant \u00e0 nos infolettres Dialogue ou Nouvelles.<br><\/p><\/div><a class=\"desc-box__button button button--light\" href=\"\/fr\/subscribe\/?reset=1&amp;q=civicrm\/profile\/create\">Inscrivez-vous<\/a><\/div><style>#info-box-683544 .desc-box__button {}#info-box-683544 .desc-box__button:hover {}<\/style><\/div>\n<\/div><\/section>\n","protected":false},"excerpt":{"rendered":"","protected":false},"author":4,"featured_media":30183,"parent":0,"menu_order":0,"comment_status":"closed","ping_status":"closed","template":"template-blocks.php","meta":{"_acf_changed":false,"_eb_attr":"","inline_featured_image":false,"ub_ctt_via":"","footnotes":""},"class_list":["post-8449","page","type-page","status-publish","has-post-thumbnail","hentry"],"acf":[],"featured_image_src":"https:\/\/ojen2024.turnbull.co\/wp-content\/uploads\/2025\/07\/Legal-professionals.jpg","yoast_head":"<!-- This site is optimized with the Yoast SEO plugin v25.3 - https:\/\/yoast.com\/wordpress\/plugins\/seo\/ -->\n<title>Professionnel\u00b7les du droit - OJEN<\/title>\n<meta name=\"robots\" content=\"noindex, follow, max-snippet:-1, max-image-preview:large, max-video-preview:-1\" \/>\n<meta property=\"og:locale\" content=\"fr_CA\" \/>\n<meta property=\"og:type\" content=\"article\" \/>\n<meta property=\"og:title\" content=\"Professionnel\u00b7les du droit - OJEN\" \/>\n<meta property=\"og:url\" content=\"https:\/\/ojen2024.turnbull.co\/fr\/professionnelles-du-droit\" \/>\n<meta property=\"og:site_name\" content=\"OJEN\" \/>\n<meta property=\"article:publisher\" content=\"https:\/\/www.facebook.com\/pages\/OJEN\/252115501467864\" \/>\n<meta property=\"article:modified_time\" content=\"2025-07-30T10:20:32+00:00\" \/>\n<meta property=\"og:image\" content=\"https:\/\/ojen2024.turnbull.co\/wp-content\/uploads\/2025\/07\/Legal-professionals.jpg\" \/>\n\t<meta property=\"og:image:width\" content=\"1440\" \/>\n\t<meta property=\"og:image:height\" content=\"400\" \/>\n\t<meta property=\"og:image:type\" content=\"image\/jpeg\" \/>\n<meta name=\"twitter:card\" content=\"summary_large_image\" \/>\n<meta name=\"twitter:site\" content=\"@OJEN_ROEJ\" \/>\n<meta name=\"twitter:label1\" content=\"Estimation du temps de lecture\" \/>\n\t<meta name=\"twitter:data1\" content=\"3 minutes\" \/>\n<script type=\"application\/ld+json\" class=\"yoast-schema-graph\">{\"@context\":\"https:\/\/schema.org\",\"@graph\":[{\"@type\":\"WebPage\",\"@id\":\"https:\/\/ojen2024.turnbull.co\/fr\/professionnelles-du-droit\",\"url\":\"https:\/\/ojen2024.turnbull.co\/fr\/professionnelles-du-droit\",\"name\":\"Professionnel\u00b7les du droit - OJEN\",\"isPartOf\":{\"@id\":\"https:\/\/ojen2024.turnbull.co\/en\/#website\"},\"primaryImageOfPage\":{\"@id\":\"https:\/\/ojen2024.turnbull.co\/fr\/professionnelles-du-droit#primaryimage\"},\"image\":{\"@id\":\"https:\/\/ojen2024.turnbull.co\/fr\/professionnelles-du-droit#primaryimage\"},\"thumbnailUrl\":\"https:\/\/ojen2024.turnbull.co\/wp-content\/uploads\/2025\/07\/Legal-professionals.jpg\",\"datePublished\":\"2016-10-27T15:01:28+00:00\",\"dateModified\":\"2025-07-30T10:20:32+00:00\",\"breadcrumb\":{\"@id\":\"https:\/\/ojen2024.turnbull.co\/fr\/professionnelles-du-droit#breadcrumb\"},\"inLanguage\":\"fr-CA\",\"potentialAction\":[{\"@type\":\"ReadAction\",\"target\":[\"https:\/\/ojen2024.turnbull.co\/fr\/professionnelles-du-droit\"]}]},{\"@type\":\"ImageObject\",\"inLanguage\":\"fr-CA\",\"@id\":\"https:\/\/ojen2024.turnbull.co\/fr\/professionnelles-du-droit#primaryimage\",\"url\":\"https:\/\/ojen2024.turnbull.co\/wp-content\/uploads\/2025\/07\/Legal-professionals.jpg\",\"contentUrl\":\"https:\/\/ojen2024.turnbull.co\/wp-content\/uploads\/2025\/07\/Legal-professionals.jpg\",\"width\":1440,\"height\":400},{\"@type\":\"BreadcrumbList\",\"@id\":\"https:\/\/ojen2024.turnbull.co\/fr\/professionnelles-du-droit#breadcrumb\",\"itemListElement\":[{\"@type\":\"ListItem\",\"position\":1,\"name\":\"Home\",\"item\":\"https:\/\/ojen2024.turnbull.co\/fr\"},{\"@type\":\"ListItem\",\"position\":2,\"name\":\"Professionnel\u00b7les du droit\"}]},{\"@type\":\"WebSite\",\"@id\":\"https:\/\/ojen2024.turnbull.co\/en\/#website\",\"url\":\"https:\/\/ojen2024.turnbull.co\/en\/\",\"name\":\"OJEN\",\"description\":\"\",\"potentialAction\":[{\"@type\":\"SearchAction\",\"target\":{\"@type\":\"EntryPoint\",\"urlTemplate\":\"https:\/\/ojen2024.turnbull.co\/en\/?s={search_term_string}\"},\"query-input\":{\"@type\":\"PropertyValueSpecification\",\"valueRequired\":true,\"valueName\":\"search_term_string\"}}],\"inLanguage\":\"fr-CA\"}]}<\/script>\n<!-- \/ Yoast SEO plugin. -->","yoast_head_json":{"title":"Professionnel\u00b7les du droit - OJEN","robots":{"index":"noindex","follow":"follow","max-snippet":"max-snippet:-1","max-image-preview":"max-image-preview:large","max-video-preview":"max-video-preview:-1"},"og_locale":"fr_CA","og_type":"article","og_title":"Professionnel\u00b7les du droit - OJEN","og_url":"https:\/\/ojen2024.turnbull.co\/fr\/professionnelles-du-droit","og_site_name":"OJEN","article_publisher":"https:\/\/www.facebook.com\/pages\/OJEN\/252115501467864","article_modified_time":"2025-07-30T10:20:32+00:00","og_image":[{"width":1440,"height":400,"url":"https:\/\/ojen2024.turnbull.co\/wp-content\/uploads\/2025\/07\/Legal-professionals.jpg","type":"image\/jpeg"}],"twitter_card":"summary_large_image","twitter_site":"@OJEN_ROEJ","twitter_misc":{"Estimation du temps de lecture":"3 minutes"},"schema":{"@context":"https:\/\/schema.org","@graph":[{"@type":"WebPage","@id":"https:\/\/ojen2024.turnbull.co\/fr\/professionnelles-du-droit","url":"https:\/\/ojen2024.turnbull.co\/fr\/professionnelles-du-droit","name":"Professionnel\u00b7les du droit - OJEN","isPartOf":{"@id":"https:\/\/ojen2024.turnbull.co\/en\/#website"},"primaryImageOfPage":{"@id":"https:\/\/ojen2024.turnbull.co\/fr\/professionnelles-du-droit#primaryimage"},"image":{"@id":"https:\/\/ojen2024.turnbull.co\/fr\/professionnelles-du-droit#primaryimage"},"thumbnailUrl":"https:\/\/ojen2024.turnbull.co\/wp-content\/uploads\/2025\/07\/Legal-professionals.jpg","datePublished":"2016-10-27T15:01:28+00:00","dateModified":"2025-07-30T10:20:32+00:00","breadcrumb":{"@id":"https:\/\/ojen2024.turnbull.co\/fr\/professionnelles-du-droit#breadcrumb"},"inLanguage":"fr-CA","potentialAction":[{"@type":"ReadAction","target":["https:\/\/ojen2024.turnbull.co\/fr\/professionnelles-du-droit"]}]},{"@type":"ImageObject","inLanguage":"fr-CA","@id":"https:\/\/ojen2024.turnbull.co\/fr\/professionnelles-du-droit#primaryimage","url":"https:\/\/ojen2024.turnbull.co\/wp-content\/uploads\/2025\/07\/Legal-professionals.jpg","contentUrl":"https:\/\/ojen2024.turnbull.co\/wp-content\/uploads\/2025\/07\/Legal-professionals.jpg","width":1440,"height":400},{"@type":"BreadcrumbList","@id":"https:\/\/ojen2024.turnbull.co\/fr\/professionnelles-du-droit#breadcrumb","itemListElement":[{"@type":"ListItem","position":1,"name":"Home","item":"https:\/\/ojen2024.turnbull.co\/fr"},{"@type":"ListItem","position":2,"name":"Professionnel\u00b7les du droit"}]},{"@type":"WebSite","@id":"https:\/\/ojen2024.turnbull.co\/en\/#website","url":"https:\/\/ojen2024.turnbull.co\/en\/","name":"OJEN","description":"","potentialAction":[{"@type":"SearchAction","target":{"@type":"EntryPoint","urlTemplate":"https:\/\/ojen2024.turnbull.co\/en\/?s={search_term_string}"},"query-input":{"@type":"PropertyValueSpecification","valueRequired":true,"valueName":"search_term_string"}}],"inLanguage":"fr-CA"}]}},"_links":{"self":[{"href":"https:\/\/ojen2024.turnbull.co\/fr\/wp-json\/wp\/v2\/pages\/8449"}],"collection":[{"href":"https:\/\/ojen2024.turnbull.co\/fr\/wp-json\/wp\/v2\/pages"}],"about":[{"href":"https:\/\/ojen2024.turnbull.co\/fr\/wp-json\/wp\/v2\/types\/page"}],"author":[{"embeddable":true,"href":"https:\/\/ojen2024.turnbull.co\/fr\/wp-json\/wp\/v2\/users\/4"}],"replies":[{"embeddable":true,"href":"https:\/\/ojen2024.turnbull.co\/fr\/wp-json\/wp\/v2\/comments?post=8449"}],"version-history":[{"count":0,"href":"https:\/\/ojen2024.turnbull.co\/fr\/wp-json\/wp\/v2\/pages\/8449\/revisions"}],"wp:featuredmedia":[{"embeddable":true,"href":"https:\/\/ojen2024.turnbull.co\/fr\/wp-json\/wp\/v2\/media\/30183"}],"wp:attachment":[{"href":"https:\/\/ojen2024.turnbull.co\/fr\/wp-json\/wp\/v2\/media?parent=8449"}],"curies":[{"name":"wp","href":"https:\/\/api.w.org\/{rel}","templated":true}]}}