{"id":91,"date":"2016-06-02T22:00:38","date_gmt":"2016-06-02T22:00:38","guid":{"rendered":"http:\/\/ojen.turnbull.co\/fr\/?page_id=91"},"modified":"2025-07-25T10:03:16","modified_gmt":"2025-07-25T14:03:16","slug":"resources-fr","status":"publish","type":"page","link":"https:\/\/ojen2024.turnbull.co\/fr\/le-roej-dans-les-salles-de-classe\/resources-fr","title":{"rendered":"Documentation p\u00e9dagogique"},"content":{"rendered":"<p>Le ROEJ vous donne libre acc\u00e8s \u00e0 sa collection de plus de 200 documents p\u00e9dagogiques propres \u00e0 \u00eatre utilis\u00e9s en salle de classe, par des organisations communautaires et dans le cadre de programmes d&rsquo;\u00e9ducation juridique. Vous trouverez dans notre collection des documents en anglais et en fran\u00e7ais. Attention, cependant, <strong>cette documentation est con\u00e7ue\u00a0 comme support aux activit\u00e9s \u00e9ducatives et ne doivent pas \u00eatre utilis\u00e9es comme sources de conseils juridiques<\/strong>. Par ailleurs, le ROEJ conserve l&rsquo;int\u00e9gralit\u00e9 des droits d&rsquo;auteur sur l&rsquo;int\u00e9gralit\u00e9 de ces documents, et, en cons\u00e9quence, <strong>ils ne doivent pas \u00eatre modifi\u00e9s sauf autorisation \u00e9crite expresse<\/strong>.<\/p>\n<p>Pour trouver une ressource p\u00e9dagogique parmi notre collection, il vous suffit d&rsquo;utiliser le moteur de recherche ci-dessous.<\/p>\n<p>Par ailleurs, le sous-comit\u00e9 francophone du comit\u00e9 du ROEJ de Toronto a r\u00e9alis\u00e9 un <a href=\"https:\/\/ojen2024.turnbull.co\/fr\/resource\/inventaire-des-ressources-deducation-juridique-pour-les-ecoles-francophones-de-lontario\">inventaire exhaustif des ressources d\u2019\u00e9ducation juridique francophones utilisables en Ontario<\/a>.<\/p>\n<p>&nbsp;<\/p>\n","protected":false},"excerpt":{"rendered":"<p>Le ROEJ vous donne libre acc\u00e8s \u00e0 sa collection de plus de 200 documents p\u00e9dagogiques propres \u00e0 \u00eatre utilis\u00e9s en salle de classe, par des organisations communautaires et dans le cadre de programmes d&rsquo;\u00e9ducation juridique. Vous trouverez dans notre collection des documents en anglais et en fran\u00e7ais. Attention, cependant, cette documentation est con\u00e7ue\u00a0 comme support [&hellip;]<\/p>\n","protected":false},"author":5,"featured_media":0,"parent":7947,"menu_order":0,"comment_status":"closed","ping_status":"closed","template":"template-resources.php","meta":{"_acf_changed":false,"_eb_attr":"","inline_featured_image":false,"ub_ctt_via":"","footnotes":""},"class_list":["post-91","page","type-page","status-publish","hentry"],"acf":[],"featured_image_src":null,"yoast_head":"<!-- This site is optimized with the Yoast SEO plugin v25.3 - https:\/\/yoast.com\/wordpress\/plugins\/seo\/ -->\n<title>Documentation p\u00e9dagogique - OJEN<\/title>\n<meta name=\"robots\" content=\"noindex, follow, max-snippet:-1, max-image-preview:large, max-video-preview:-1\" \/>\n<meta property=\"og:locale\" content=\"fr_CA\" \/>\n<meta property=\"og:type\" content=\"article\" \/>\n<meta property=\"og:title\" content=\"Documentation p\u00e9dagogique - OJEN\" \/>\n<meta property=\"og:description\" content=\"Le ROEJ vous donne libre acc\u00e8s \u00e0 sa collection de plus de 200 documents p\u00e9dagogiques propres \u00e0 \u00eatre utilis\u00e9s en salle de classe, par des organisations communautaires et dans le cadre de programmes d&rsquo;\u00e9ducation juridique. Vous trouverez dans notre collection des documents en anglais et en fran\u00e7ais. Attention, cependant, cette documentation est con\u00e7ue\u00a0 comme support [&hellip;]\" \/>\n<meta property=\"og:url\" content=\"https:\/\/ojen2024.turnbull.co\/fr\/le-roej-dans-les-salles-de-classe\/resources-fr\" \/>\n<meta property=\"og:site_name\" content=\"OJEN\" \/>\n<meta property=\"article:publisher\" content=\"https:\/\/www.facebook.com\/pages\/OJEN\/252115501467864\" \/>\n<meta property=\"article:modified_time\" content=\"2025-07-25T14:03:16+00:00\" \/>\n<meta name=\"twitter:card\" content=\"summary_large_image\" \/>\n<meta name=\"twitter:site\" content=\"@OJEN_ROEJ\" \/>\n<meta name=\"twitter:label1\" content=\"Estimation du temps de lecture\" \/>\n\t<meta name=\"twitter:data1\" content=\"1 minute\" \/>\n<script type=\"application\/ld+json\" class=\"yoast-schema-graph\">{\"@context\":\"https:\/\/schema.org\",\"@graph\":[{\"@type\":\"WebPage\",\"@id\":\"https:\/\/ojen2024.turnbull.co\/fr\/le-roej-dans-les-salles-de-classe\/resources-fr\",\"url\":\"https:\/\/ojen2024.turnbull.co\/fr\/le-roej-dans-les-salles-de-classe\/resources-fr\",\"name\":\"Documentation p\u00e9dagogique - OJEN\",\"isPartOf\":{\"@id\":\"https:\/\/ojen2024.turnbull.co\/en\/#website\"},\"datePublished\":\"2016-06-02T22:00:38+00:00\",\"dateModified\":\"2025-07-25T14:03:16+00:00\",\"breadcrumb\":{\"@id\":\"https:\/\/ojen2024.turnbull.co\/fr\/le-roej-dans-les-salles-de-classe\/resources-fr#breadcrumb\"},\"inLanguage\":\"fr-CA\",\"potentialAction\":[{\"@type\":\"ReadAction\",\"target\":[\"https:\/\/ojen2024.turnbull.co\/fr\/le-roej-dans-les-salles-de-classe\/resources-fr\"]}]},{\"@type\":\"BreadcrumbList\",\"@id\":\"https:\/\/ojen2024.turnbull.co\/fr\/le-roej-dans-les-salles-de-classe\/resources-fr#breadcrumb\",\"itemListElement\":[{\"@type\":\"ListItem\",\"position\":1,\"name\":\"Home\",\"item\":\"https:\/\/ojen2024.turnbull.co\/fr\"},{\"@type\":\"ListItem\",\"position\":2,\"name\":\"Pour les \u00e9coles\",\"item\":\"https:\/\/ojen2024.turnbull.co\/fr\/le-roej-dans-les-salles-de-classe\"},{\"@type\":\"ListItem\",\"position\":3,\"name\":\"Documentation p\u00e9dagogique\"}]},{\"@type\":\"WebSite\",\"@id\":\"https:\/\/ojen2024.turnbull.co\/en\/#website\",\"url\":\"https:\/\/ojen2024.turnbull.co\/en\/\",\"name\":\"OJEN\",\"description\":\"\",\"potentialAction\":[{\"@type\":\"SearchAction\",\"target\":{\"@type\":\"EntryPoint\",\"urlTemplate\":\"https:\/\/ojen2024.turnbull.co\/en\/?s={search_term_string}\"},\"query-input\":{\"@type\":\"PropertyValueSpecification\",\"valueRequired\":true,\"valueName\":\"search_term_string\"}}],\"inLanguage\":\"fr-CA\"}]}<\/script>\n<!-- \/ Yoast SEO plugin. -->","yoast_head_json":{"title":"Documentation p\u00e9dagogique - OJEN","robots":{"index":"noindex","follow":"follow","max-snippet":"max-snippet:-1","max-image-preview":"max-image-preview:large","max-video-preview":"max-video-preview:-1"},"og_locale":"fr_CA","og_type":"article","og_title":"Documentation p\u00e9dagogique - OJEN","og_description":"Le ROEJ vous donne libre acc\u00e8s \u00e0 sa collection de plus de 200 documents p\u00e9dagogiques propres \u00e0 \u00eatre utilis\u00e9s en salle de classe, par des organisations communautaires et dans le cadre de programmes d&rsquo;\u00e9ducation juridique. Vous trouverez dans notre collection des documents en anglais et en fran\u00e7ais. Attention, cependant, cette documentation est con\u00e7ue\u00a0 comme support [&hellip;]","og_url":"https:\/\/ojen2024.turnbull.co\/fr\/le-roej-dans-les-salles-de-classe\/resources-fr","og_site_name":"OJEN","article_publisher":"https:\/\/www.facebook.com\/pages\/OJEN\/252115501467864","article_modified_time":"2025-07-25T14:03:16+00:00","twitter_card":"summary_large_image","twitter_site":"@OJEN_ROEJ","twitter_misc":{"Estimation du temps de lecture":"1 minute"},"schema":{"@context":"https:\/\/schema.org","@graph":[{"@type":"WebPage","@id":"https:\/\/ojen2024.turnbull.co\/fr\/le-roej-dans-les-salles-de-classe\/resources-fr","url":"https:\/\/ojen2024.turnbull.co\/fr\/le-roej-dans-les-salles-de-classe\/resources-fr","name":"Documentation p\u00e9dagogique - OJEN","isPartOf":{"@id":"https:\/\/ojen2024.turnbull.co\/en\/#website"},"datePublished":"2016-06-02T22:00:38+00:00","dateModified":"2025-07-25T14:03:16+00:00","breadcrumb":{"@id":"https:\/\/ojen2024.turnbull.co\/fr\/le-roej-dans-les-salles-de-classe\/resources-fr#breadcrumb"},"inLanguage":"fr-CA","potentialAction":[{"@type":"ReadAction","target":["https:\/\/ojen2024.turnbull.co\/fr\/le-roej-dans-les-salles-de-classe\/resources-fr"]}]},{"@type":"BreadcrumbList","@id":"https:\/\/ojen2024.turnbull.co\/fr\/le-roej-dans-les-salles-de-classe\/resources-fr#breadcrumb","itemListElement":[{"@type":"ListItem","position":1,"name":"Home","item":"https:\/\/ojen2024.turnbull.co\/fr"},{"@type":"ListItem","position":2,"name":"Pour les \u00e9coles","item":"https:\/\/ojen2024.turnbull.co\/fr\/le-roej-dans-les-salles-de-classe"},{"@type":"ListItem","position":3,"name":"Documentation p\u00e9dagogique"}]},{"@type":"WebSite","@id":"https:\/\/ojen2024.turnbull.co\/en\/#website","url":"https:\/\/ojen2024.turnbull.co\/en\/","name":"OJEN","description":"","potentialAction":[{"@type":"SearchAction","target":{"@type":"EntryPoint","urlTemplate":"https:\/\/ojen2024.turnbull.co\/en\/?s={search_term_string}"},"query-input":{"@type":"PropertyValueSpecification","valueRequired":true,"valueName":"search_term_string"}}],"inLanguage":"fr-CA"}]}},"_links":{"self":[{"href":"https:\/\/ojen2024.turnbull.co\/fr\/wp-json\/wp\/v2\/pages\/91"}],"collection":[{"href":"https:\/\/ojen2024.turnbull.co\/fr\/wp-json\/wp\/v2\/pages"}],"about":[{"href":"https:\/\/ojen2024.turnbull.co\/fr\/wp-json\/wp\/v2\/types\/page"}],"author":[{"embeddable":true,"href":"https:\/\/ojen2024.turnbull.co\/fr\/wp-json\/wp\/v2\/users\/5"}],"replies":[{"embeddable":true,"href":"https:\/\/ojen2024.turnbull.co\/fr\/wp-json\/wp\/v2\/comments?post=91"}],"version-history":[{"count":0,"href":"https:\/\/ojen2024.turnbull.co\/fr\/wp-json\/wp\/v2\/pages\/91\/revisions"}],"up":[{"embeddable":true,"href":"https:\/\/ojen2024.turnbull.co\/fr\/wp-json\/wp\/v2\/pages\/7947"}],"wp:attachment":[{"href":"https:\/\/ojen2024.turnbull.co\/fr\/wp-json\/wp\/v2\/media?parent=91"}],"curies":[{"name":"wp","href":"https:\/\/api.w.org\/{rel}","templated":true}]}}